{"id":152728,"date":"2026-03-01T22:20:12","date_gmt":"2026-03-01T21:20:12","guid":{"rendered":"https:\/\/beyondx.se\/product\/slao-lift-ordning-banderoll-m-blixlas-2\/"},"modified":"2026-04-15T06:23:07","modified_gmt":"2026-04-15T04:23:07","slug":"slao-lift-ordning-banderoll-m-blixlas-2","status":"publish","type":"product","link":"https:\/\/beyondx.se\/no\/produkt\/slao-lift-ordning-banderoll-m-blixlas-2\/","title":{"rendered":"SLAO Lift &amp; Ordning banderoll m. blixl\u00e5s"},"content":{"rendered":"<p>L\u00e4gg ihop flera n\u00e4tbanderoller och solpar till sammanh\u00e4ngande n\u00e4t!<br \/>\nDu kan enkelt l\u00e4nka ihop de olika banderollerna med blixtl\u00e5sen likt exempel nedan.<\/p>\n<p><img loading=\"lazy\" decoding=\"async\" width=\"2000\" height=\"563\" class=\"alignnone size-full wp-image-152815\" src=\"https:\/\/beyondx.se\/wp-content\/uploads\/2026\/03\/PPSWE330-SLAO-LIFT-preview-abc-1.jpg\" alt=\"\" srcset=\"https:\/\/beyondx.se\/wp-content\/uploads\/2026\/03\/PPSWE330-SLAO-LIFT-preview-abc-1.jpg 2000w, https:\/\/beyondx.se\/wp-content\/uploads\/2026\/03\/PPSWE330-SLAO-LIFT-preview-abc-1-600x169.webp 600w, https:\/\/beyondx.se\/wp-content\/uploads\/2026\/03\/PPSWE330-SLAO-LIFT-preview-abc-1-1200x338.webp 1200w, https:\/\/beyondx.se\/wp-content\/uploads\/2026\/03\/PPSWE330-SLAO-LIFT-preview-abc-1-768x216.jpg 768w, https:\/\/beyondx.se\/wp-content\/uploads\/2026\/03\/PPSWE330-SLAO-LIFT-preview-abc-1-1536x432.jpg 1536w, https:\/\/beyondx.se\/wp-content\/uploads\/2026\/03\/PPSWE330-SLAO-LIFT-preview-abc-1-400x113.webp 400w, https:\/\/beyondx.se\/wp-content\/uploads\/2026\/03\/PPSWE330-SLAO-LIFT-preview-abc-1-350x99.webp 350w\" sizes=\"auto, (max-width: 2000px) 100vw, 2000px\" \/><\/p>\n","protected":false},"excerpt":{"rendered":"<p><strong>Sl&#228;pp aldrig bygeln framf&#246;r en stolpe<\/strong><br \/>Praktisk n&#228;tbanderoll med blixtl&#229;s i vardera &#228;nda s&#229; den enkelt kan f&#228;stas i v&#229;ra solpar f&#246;r n&#228;t.&#160;<br \/>S&#228;tt s&#246;ml&#246;st in denna i n&#228;ten vid liften eller ensam l&#228;ngst liftsp&#229;ret f&#246;r att p&#229;minna g&#228;sterna d&#228;r detta budskap g&#246;r skilland.&#160;<\/p><p>OBS! Denna banderoll m&#229;ste kompletteras med stolpar.<br \/>F&#246;r en komplett frist&#229;ende banderoll, v&#228;lj till 2st stolpar som tillbeh&#246;r.&#160;<\/p>","protected":false},"featured_media":152726,"template":"","meta":[],"product_cat":[2318,148,174,1268],"product_tag":[],"class_list":["post-152728","product","type-product","status-publish","has-post-thumbnail","hentry","product_cat-slao-budskap","product_cat-skidanlaggning","product_cat-banderoller-beachflaggor","product_cat-banderoller-och-paneler","brands-beyond-x","fpd-variation-needed"],"yoast_head":"<!-- This site is optimized with the Yoast SEO plugin v21.0 - https:\/\/yoast.com\/wordpress\/plugins\/seo\/ -->\n<title>SLAO Lift &amp; Ordning banderoll m. blixl\u00e5s - Beyond-X<\/title>\n<meta name=\"robots\" content=\"index, follow, max-snippet:-1, max-image-preview:large, max-video-preview:-1\" \/>\n<link rel=\"canonical\" href=\"https:\/\/beyondx.se\/no\/produkt\/slao-lift-ordning-banderoll-m-blixlas-2\/\" \/>\n<meta property=\"og:locale\" content=\"nb_NO\" \/>\n<meta property=\"og:type\" content=\"article\" \/>\n<meta property=\"og:title\" content=\"SLAO Lift &amp; Ordning banderoll m. blixl\u00e5s - Beyond-X\" \/>\n<meta property=\"og:description\" content=\"Sl&#228;pp aldrig bygeln framf&#246;r en stolpePraktisk n&#228;tbanderoll med blixtl&#229;s i vardera &#228;nda s&#229; den enkelt kan f&#228;stas i v&#229;ra solpar f&#246;r n&#228;t.&#160;S&#228;tt s&#246;ml&#246;st in denna i n&#228;ten vid liften eller ensam l&#228;ngst liftsp&#229;ret f&#246;r att p&#229;minna g&#228;sterna d&#228;r detta budskap g&#246;r skilland.&#160;OBS! Denna banderoll m&#229;ste kompletteras med stolpar.F&#246;r en komplett frist&#229;ende banderoll, v&#228;lj till 2st stolpar som tillbeh&#246;r.&#160;\" \/>\n<meta property=\"og:url\" content=\"https:\/\/beyondx.se\/no\/produkt\/slao-lift-ordning-banderoll-m-blixlas-2\/\" \/>\n<meta property=\"og:site_name\" content=\"Beyond-X\" \/>\n<meta property=\"article:modified_time\" content=\"2026-04-15T04:23:07+00:00\" \/>\n<meta property=\"og:image\" content=\"https:\/\/beyondx.se\/wp-content\/uploads\/2026\/03\/SLAO-LIFT-B_1.jpg\" \/>\n\t<meta property=\"og:image:width\" content=\"800\" \/>\n\t<meta property=\"og:image:height\" content=\"800\" \/>\n\t<meta property=\"og:image:type\" content=\"image\/jpeg\" \/>\n<meta name=\"twitter:card\" content=\"summary_large_image\" \/>\n<meta name=\"twitter:label1\" content=\"Ansl. lesetid\" \/>\n\t<meta name=\"twitter:data1\" content=\"1 minutt\" \/>\n<script type=\"application\/ld+json\" class=\"yoast-schema-graph\">{\"@context\":\"https:\/\/schema.org\",\"@graph\":[{\"@type\":\"WebPage\",\"@id\":\"https:\/\/beyondx.se\/no\/produkt\/slao-lift-ordning-banderoll-m-blixlas-2\/\",\"url\":\"https:\/\/beyondx.se\/no\/produkt\/slao-lift-ordning-banderoll-m-blixlas-2\/\",\"name\":\"SLAO Lift &amp; Ordning banderoll m. blixl\u00e5s - Beyond-X\",\"isPartOf\":{\"@id\":\"https:\/\/beyondx.se\/no\/#website\"},\"datePublished\":\"2026-03-01T21:20:12+00:00\",\"dateModified\":\"2026-04-15T04:23:07+00:00\",\"breadcrumb\":{\"@id\":\"https:\/\/beyondx.se\/no\/produkt\/slao-lift-ordning-banderoll-m-blixlas-2\/#breadcrumb\"},\"inLanguage\":\"nb-NO\",\"potentialAction\":[{\"@type\":\"ReadAction\",\"target\":[\"https:\/\/beyondx.se\/no\/produkt\/slao-lift-ordning-banderoll-m-blixlas-2\/\"]}]},{\"@type\":\"BreadcrumbList\",\"@id\":\"https:\/\/beyondx.se\/no\/produkt\/slao-lift-ordning-banderoll-m-blixlas-2\/#breadcrumb\",\"itemListElement\":[{\"@type\":\"ListItem\",\"position\":1,\"name\":\"Hem\",\"item\":\"https:\/\/beyondx.se\/no\/\"},{\"@type\":\"ListItem\",\"position\":2,\"name\":\"Butik\",\"item\":\"https:\/\/beyondx.se\/no\/butik\/\"},{\"@type\":\"ListItem\",\"position\":3,\"name\":\"SLAO Lift &amp; Ordning banderoll m. blixl\u00e5s\"}]},{\"@type\":\"WebSite\",\"@id\":\"https:\/\/beyondx.se\/no\/#website\",\"url\":\"https:\/\/beyondx.se\/no\/\",\"name\":\"Beyond-X\",\"description\":\"No Bullshit Ski Wear\",\"publisher\":{\"@id\":\"https:\/\/beyondx.se\/no\/#organization\"},\"potentialAction\":[{\"@type\":\"SearchAction\",\"target\":{\"@type\":\"EntryPoint\",\"urlTemplate\":\"https:\/\/beyondx.se\/no\/?s={search_term_string}\"},\"query-input\":\"required name=search_term_string\"}],\"inLanguage\":\"nb-NO\"},{\"@type\":\"Organization\",\"@id\":\"https:\/\/beyondx.se\/no\/#organization\",\"name\":\"B-stedt of Sweden AB\",\"url\":\"https:\/\/beyondx.se\/no\/\",\"logo\":{\"@type\":\"ImageObject\",\"inLanguage\":\"nb-NO\",\"@id\":\"https:\/\/beyondx.se\/no\/#\/schema\/logo\/image\/\",\"url\":\"https:\/\/beyondx.se\/wp-content\/uploads\/2023\/08\/bx-logo.svg\",\"contentUrl\":\"https:\/\/beyondx.se\/wp-content\/uploads\/2023\/08\/bx-logo.svg\",\"width\":1,\"height\":1,\"caption\":\"B-stedt of Sweden AB\"},\"image\":{\"@id\":\"https:\/\/beyondx.se\/no\/#\/schema\/logo\/image\/\"}}]}<\/script>\n<!-- \/ Yoast SEO plugin. -->","yoast_head_json":{"title":"SLAO Lift &amp; Ordning banderoll m. blixl\u00e5s - Beyond-X","robots":{"index":"index","follow":"follow","max-snippet":"max-snippet:-1","max-image-preview":"max-image-preview:large","max-video-preview":"max-video-preview:-1"},"canonical":"https:\/\/beyondx.se\/no\/produkt\/slao-lift-ordning-banderoll-m-blixlas-2\/","og_locale":"nb_NO","og_type":"article","og_title":"SLAO Lift &amp; Ordning banderoll m. blixl\u00e5s - Beyond-X","og_description":"Sl&#228;pp aldrig bygeln framf&#246;r en stolpePraktisk n&#228;tbanderoll med blixtl&#229;s i vardera &#228;nda s&#229; den enkelt kan f&#228;stas i v&#229;ra solpar f&#246;r n&#228;t.&#160;S&#228;tt s&#246;ml&#246;st in denna i n&#228;ten vid liften eller ensam l&#228;ngst liftsp&#229;ret f&#246;r att p&#229;minna g&#228;sterna d&#228;r detta budskap g&#246;r skilland.&#160;OBS! Denna banderoll m&#229;ste kompletteras med stolpar.F&#246;r en komplett frist&#229;ende banderoll, v&#228;lj till 2st stolpar som tillbeh&#246;r.&#160;","og_url":"https:\/\/beyondx.se\/no\/produkt\/slao-lift-ordning-banderoll-m-blixlas-2\/","og_site_name":"Beyond-X","article_modified_time":"2026-04-15T04:23:07+00:00","og_image":[{"width":800,"height":800,"url":"https:\/\/beyondx.se\/wp-content\/uploads\/2026\/03\/SLAO-LIFT-B_1.jpg","type":"image\/jpeg"}],"twitter_card":"summary_large_image","twitter_misc":{"Ansl. lesetid":"1 minutt"},"schema":{"@context":"https:\/\/schema.org","@graph":[{"@type":"WebPage","@id":"https:\/\/beyondx.se\/no\/produkt\/slao-lift-ordning-banderoll-m-blixlas-2\/","url":"https:\/\/beyondx.se\/no\/produkt\/slao-lift-ordning-banderoll-m-blixlas-2\/","name":"SLAO Lift &amp; Ordning banderoll m. blixl\u00e5s - Beyond-X","isPartOf":{"@id":"https:\/\/beyondx.se\/no\/#website"},"datePublished":"2026-03-01T21:20:12+00:00","dateModified":"2026-04-15T04:23:07+00:00","breadcrumb":{"@id":"https:\/\/beyondx.se\/no\/produkt\/slao-lift-ordning-banderoll-m-blixlas-2\/#breadcrumb"},"inLanguage":"nb-NO","potentialAction":[{"@type":"ReadAction","target":["https:\/\/beyondx.se\/no\/produkt\/slao-lift-ordning-banderoll-m-blixlas-2\/"]}]},{"@type":"BreadcrumbList","@id":"https:\/\/beyondx.se\/no\/produkt\/slao-lift-ordning-banderoll-m-blixlas-2\/#breadcrumb","itemListElement":[{"@type":"ListItem","position":1,"name":"Hem","item":"https:\/\/beyondx.se\/no\/"},{"@type":"ListItem","position":2,"name":"Butik","item":"https:\/\/beyondx.se\/no\/butik\/"},{"@type":"ListItem","position":3,"name":"SLAO Lift &amp; Ordning banderoll m. blixl\u00e5s"}]},{"@type":"WebSite","@id":"https:\/\/beyondx.se\/no\/#website","url":"https:\/\/beyondx.se\/no\/","name":"Beyond-X","description":"No Bullshit Ski Wear","publisher":{"@id":"https:\/\/beyondx.se\/no\/#organization"},"potentialAction":[{"@type":"SearchAction","target":{"@type":"EntryPoint","urlTemplate":"https:\/\/beyondx.se\/no\/?s={search_term_string}"},"query-input":"required name=search_term_string"}],"inLanguage":"nb-NO"},{"@type":"Organization","@id":"https:\/\/beyondx.se\/no\/#organization","name":"B-stedt of Sweden AB","url":"https:\/\/beyondx.se\/no\/","logo":{"@type":"ImageObject","inLanguage":"nb-NO","@id":"https:\/\/beyondx.se\/no\/#\/schema\/logo\/image\/","url":"https:\/\/beyondx.se\/wp-content\/uploads\/2023\/08\/bx-logo.svg","contentUrl":"https:\/\/beyondx.se\/wp-content\/uploads\/2023\/08\/bx-logo.svg","width":1,"height":1,"caption":"B-stedt of Sweden AB"},"image":{"@id":"https:\/\/beyondx.se\/no\/#\/schema\/logo\/image\/"}}]}},"_links":{"self":[{"href":"https:\/\/beyondx.se\/no\/wp-json\/wp\/v2\/product\/152728","targetHints":{"allow":["GET"]}}],"collection":[{"href":"https:\/\/beyondx.se\/no\/wp-json\/wp\/v2\/product"}],"about":[{"href":"https:\/\/beyondx.se\/no\/wp-json\/wp\/v2\/types\/product"}],"wp:featuredmedia":[{"embeddable":true,"href":"https:\/\/beyondx.se\/no\/wp-json\/wp\/v2\/media\/152726"}],"wp:attachment":[{"href":"https:\/\/beyondx.se\/no\/wp-json\/wp\/v2\/media?parent=152728"}],"wp:term":[{"taxonomy":"product_cat","embeddable":true,"href":"https:\/\/beyondx.se\/no\/wp-json\/wp\/v2\/product_cat?post=152728"},{"taxonomy":"product_tag","embeddable":true,"href":"https:\/\/beyondx.se\/no\/wp-json\/wp\/v2\/product_tag?post=152728"}],"curies":[{"name":"wp","href":"https:\/\/api.w.org\/{rel}","templated":true}]}}