{"id":152781,"date":"2026-03-03T14:10:08","date_gmt":"2026-03-03T13:10:08","guid":{"rendered":"https:\/\/beyondx.se\/product\/head-laces-raptor-kore-crux\/"},"modified":"2026-04-25T06:27:04","modified_gmt":"2026-04-25T04:27:04","slug":"head-laces-raptor-kore-crux","status":"publish","type":"product","link":"https:\/\/beyondx.se\/no\/produkt\/head-laces-raptor-kore-crux\/","title":{"rendered":"HEAD LACES RAPTOR-KORE-CRUX"},"content":{"rendered":"<p>Anv\u00e4nds till f\u00f6ljande modeller:<\/p>\n<ul class=\"seasons\">\n<li class=\"season ng-scope\">\n<div class=\"seasonName\"><strong><span class=\"ng-binding\">2026 \/ 27<\/span><\/strong><\/div>\n<ul class=\"materials\">\n<li class=\"material ng-scope\"><span class=\"ng-binding\">604033 &#8211; CRUX PRO<\/span><\/li>\n<li class=\"material ng-scope\"><span class=\"ng-binding\">604035 &#8211; CRUX<\/span><\/li>\n<li class=\"material ng-scope\"><span class=\"ng-binding\">604042 &#8211; CRUX W<\/span><\/li>\n<li class=\"material ng-scope\"><span class=\"ng-binding\">605001 &#8211; RAPTOR M5 RV<\/span><\/li>\n<li class=\"material ng-scope\"><span class=\"ng-binding\">605006 &#8211; RAPTOR WCR 2 RV<\/span><\/li>\n<li class=\"material ng-scope\"><span class=\"ng-binding\">605009 &#8211; RAPTOR WCR 3 RV<\/span><\/li>\n<li class=\"material ng-scope\"><span class=\"ng-binding\">605019 &#8211; RAPTOR WCR 4 RV<\/span><\/li>\n<li class=\"material ng-scope\"><span class=\"ng-binding\">605023 &#8211; RAPTOR WCR 5 SC RV<\/span><\/li>\n<li class=\"material ng-scope\"><span class=\"ng-binding\">605025 &#8211; RAPTOR WCR 6 SC RV<\/span><\/li>\n<li class=\"material ng-scope\"><span class=\"ng-binding\">605505 &#8211; RAPTOR WCR 90 PV<\/span><\/li>\n<li class=\"material ng-scope\"><span class=\"ng-binding\">605506 &#8211; RAPTOR WCR 70 PV<\/span><\/li>\n<li class=\"material ng-scope\"><span class=\"ng-binding\">606310 &#8211; KORE 130 LV GW<\/span><\/li>\n<li class=\"material ng-scope\"><span class=\"ng-binding\">606315 &#8211; KORE 110 MV GW<\/span><\/li>\n<li class=\"material ng-scope\"><span class=\"ng-binding\">606316 &#8211; KORE 95 W MV GW<\/span><\/li>\n<\/ul>\n<\/li>\n<li class=\"season ng-scope\">\n<div class=\"seasonName\"><strong><span class=\"ng-binding\">2025 \/ 26<\/span><\/strong><\/div>\n<ul class=\"materials\">\n<li class=\"material ng-scope\"><span class=\"ng-binding\">604010 &#8211; KORE 130 LV GW<\/span><\/li>\n<li class=\"material ng-scope\"><span class=\"ng-binding\">604011 &#8211; KORE 130 MV GW<\/span><\/li>\n<li class=\"material ng-scope\"><span class=\"ng-binding\">604024 &#8211; KORE 110 MV GW<\/span><\/li>\n<li class=\"material ng-scope\"><span class=\"ng-binding\">604026 &#8211; KORE 95 W MV GW<\/span><\/li>\n<li class=\"material ng-scope\"><span class=\"ng-binding\">604033 &#8211; CRUX PRO<\/span><\/li>\n<li class=\"material ng-scope\"><span class=\"ng-binding\">604035 &#8211; CRUX<\/span><\/li>\n<li class=\"material ng-scope\"><span class=\"ng-binding\">604042 &#8211; CRUX W<\/span><\/li>\n<li class=\"material ng-scope\"><span class=\"ng-binding\">605001 &#8211; RAPTOR M5 RV<\/span><\/li>\n<li class=\"material ng-scope\"><span class=\"ng-binding\">605006 &#8211; RAPTOR WCR 2 RV<\/span><\/li>\n<li class=\"material ng-scope\"><span class=\"ng-binding\">605009 &#8211; RAPTOR WCR 3 RV<\/span><\/li>\n<li class=\"material ng-scope\"><span class=\"ng-binding\">605019 &#8211; RAPTOR WCR 4 RV<\/span><\/li>\n<li class=\"material ng-scope\"><span class=\"ng-binding\">605023 &#8211; RAPTOR WCR 5 SC RV<\/span><\/li>\n<li class=\"material ng-scope\"><span class=\"ng-binding\">605025 &#8211; RAPTOR WCR 6 SC RV<\/span><\/li>\n<li class=\"material ng-scope\"><span class=\"ng-binding\">605505 &#8211; RAPTOR WCR 90 PV<\/span><\/li>\n<li class=\"material ng-scope\"><span class=\"ng-binding\">605506 &#8211; RAPTOR WCR 70 PV<\/span><\/li>\n<\/ul>\n<\/li>\n<li class=\"season ng-scope\">\n<div class=\"seasonName\"><strong><span class=\"ng-binding\">2024 \/ 25<\/span><\/strong><\/div>\n<ul class=\"materials\">\n<li class=\"material ng-scope\"><span class=\"ng-binding\">603013 &#8211; RAPTOR WCR 2<\/span><\/li>\n<li class=\"material ng-scope\"><span class=\"ng-binding\">603016 &#8211; RAPTOR WCR 3<\/span><\/li>\n<li class=\"material ng-scope\"><span class=\"ng-binding\">603019 &#8211; RAPTOR WCR 4<\/span><\/li>\n<li class=\"material ng-scope\"><span class=\"ng-binding\">603020 &#8211; RAPTOR WCR 5 SC<\/span><\/li>\n<li class=\"material ng-scope\"><span class=\"ng-binding\">603022 &#8211; RAPTOR WCR 6 SC<\/span><\/li>\n<li class=\"material ng-scope\"><span class=\"ng-binding\">603051 &#8211; RAPTOR RACING DEPT M5<\/span><\/li>\n<li class=\"material ng-scope\"><span class=\"ng-binding\">603510 &#8211; RAPTOR WCR 90<\/span><\/li>\n<li class=\"material ng-scope\"><span class=\"ng-binding\">603515 &#8211; RAPTOR WCR 70<\/span><\/li>\n<li class=\"material ng-scope\"><span class=\"ng-binding\">604010 &#8211; KORE 130 LV GW<\/span><\/li>\n<li class=\"material ng-scope\"><span class=\"ng-binding\">604011 &#8211; KORE 130 MV GW<\/span><\/li>\n<li class=\"material ng-scope\"><span class=\"ng-binding\">604024 &#8211; KORE 110 MV GW<\/span><\/li>\n<li class=\"material ng-scope\"><span class=\"ng-binding\">604026 &#8211; KORE 95 W MV GW<\/span><\/li>\n<li class=\"material ng-scope\"><span class=\"ng-binding\">604033 &#8211; CRUX PRO<\/span><\/li>\n<li class=\"material ng-scope\"><span class=\"ng-binding\">604035 &#8211; CRUX<\/span><\/li>\n<li class=\"material ng-scope\"><span class=\"ng-binding\">604042 &#8211; CRUX W<\/span><\/li>\n<\/ul>\n<\/li>\n<li class=\"season ng-scope\">\n<div class=\"seasonName\"><strong><span class=\"ng-binding\">2023 \/ 24<\/span><\/strong><\/div>\n<ul class=\"materials\">\n<li class=\"material ng-scope\"><span class=\"ng-binding\">602040 &#8211; KORE RS 130 GW<\/span><\/li>\n<li class=\"material ng-scope\"><span class=\"ng-binding\">602045 &#8211; KORE 120 GW<\/span><\/li>\n<li class=\"material ng-scope\"><span class=\"ng-binding\">602046 &#8211; KORE RS 105 W GW<\/span><\/li>\n<li class=\"material ng-scope\"><span class=\"ng-binding\">602056 &#8211; KORE 110 GW<\/span><\/li>\n<li class=\"material ng-scope\"><span class=\"ng-binding\">602060 &#8211; KORE 95 W GW<\/span><\/li>\n<li class=\"material ng-scope\"><span class=\"ng-binding\">602063 &#8211; KORE 90 TEAM GW<\/span><\/li>\n<li class=\"material ng-scope\"><span class=\"ng-binding\">603011 &#8211; RAPTOR WCR 1<\/span><\/li>\n<li class=\"material ng-scope\"><span class=\"ng-binding\">603013 &#8211; RAPTOR WCR 2<\/span><\/li>\n<li class=\"material ng-scope\"><span class=\"ng-binding\">603016 &#8211; RAPTOR WCR 3<\/span><\/li>\n<li class=\"material ng-scope\"><span class=\"ng-binding\">603019 &#8211; RAPTOR WCR 4<\/span><\/li>\n<li class=\"material ng-scope\"><span class=\"ng-binding\">603020 &#8211; RAPTOR WCR 5 SC<\/span><\/li>\n<li class=\"material ng-scope\"><span class=\"ng-binding\">603022 &#8211; RAPTOR WCR 6 SC<\/span><\/li>\n<li class=\"material ng-scope\"><span class=\"ng-binding\">603510 &#8211; RAPTOR WCR 90<\/span><\/li>\n<li class=\"material ng-scope\"><span class=\"ng-binding\">603515 &#8211; RAPTOR WCR 70<\/span><\/li>\n<\/ul>\n<\/li>\n<li class=\"season ng-scope\">\n<div class=\"seasonName\"><strong><span class=\"ng-binding\">2022 \/ 23<\/span><\/strong><\/div>\n<ul class=\"materials\">\n<li class=\"material ng-scope\"><span class=\"ng-binding\">600002 &#8211; RAPTOR WCR 2<\/span><\/li>\n<li class=\"material ng-scope\"><span class=\"ng-binding\">600005 &#8211; RAPTOR WCR 3<\/span><\/li>\n<li class=\"material ng-scope\"><span class=\"ng-binding\">600007 &#8211; RAPTOR WCR 4<\/span><\/li>\n<li class=\"material ng-scope\"><span class=\"ng-binding\">600009 &#8211; RAPTOR WCR 1<\/span><\/li>\n<li class=\"material ng-scope\"><span class=\"ng-binding\">600505 &#8211; RAPTOR WCR 5 SC<\/span><\/li>\n<li class=\"material ng-scope\"><span class=\"ng-binding\">601005 &#8211; RAPTOR WCR 6 SC<\/span><\/li>\n<li class=\"material ng-scope\"><span class=\"ng-binding\">601510 &#8211; RAPTOR WCR 90<\/span><\/li>\n<li class=\"material ng-scope\"><span class=\"ng-binding\">601520 &#8211; RAPTOR WCR 70<\/span><\/li>\n<li class=\"material ng-scope\"><span class=\"ng-binding\">602040 &#8211; KORE RS 130 GW<\/span><\/li>\n<li class=\"material ng-scope\"><span class=\"ng-binding\">602045 &#8211; KORE 120 GW<\/span><\/li>\n<li class=\"material ng-scope\"><span class=\"ng-binding\">602046 &#8211; KORE RS 105 W GW<\/span><\/li>\n<li class=\"material ng-scope\"><span class=\"ng-binding\">602056 &#8211; KORE 110 GW<\/span><\/li>\n<li class=\"material ng-scope\"><span class=\"ng-binding\">602060 &#8211; KORE 95 W GW<\/span><\/li>\n<li class=\"material ng-scope\"><span class=\"ng-binding\">602063 &#8211; KORE 90 TEAM GW<\/span><\/li>\n<\/ul>\n<\/li>\n<li class=\"season ng-scope\">\n<div class=\"seasonName\"><strong><span class=\"ng-binding\">2021 \/ 22<\/span><\/strong><\/div>\n<ul class=\"materials\">\n<li class=\"material ng-scope\"><span class=\"ng-binding\">600002 &#8211; RAPTOR WCR 2<\/span><\/li>\n<li class=\"material ng-scope\"><span class=\"ng-binding\">600005 &#8211; RAPTOR WCR 3<\/span><\/li>\n<li class=\"material ng-scope\"><span class=\"ng-binding\">600007 &#8211; RAPTOR WCR 4<\/span><\/li>\n<li class=\"material ng-scope\"><span class=\"ng-binding\">600009 &#8211; RAPTOR WCR 1<\/span><\/li>\n<li class=\"material ng-scope\"><span class=\"ng-binding\">600505 &#8211; RAPTOR WCR 5 SC<\/span><\/li>\n<li class=\"material ng-scope\"><span class=\"ng-binding\">601005 &#8211; RAPTOR WCR 6 SC<\/span><\/li>\n<li class=\"material ng-scope\"><span class=\"ng-binding\">601510 &#8211; RAPTOR WCR 90<\/span><\/li>\n<li class=\"material ng-scope\"><span class=\"ng-binding\">601520 &#8211; RAPTOR WCR 70<\/span><\/li>\n<\/ul>\n<\/li>\n<li class=\"season ng-scope\">\n<div class=\"seasonName\"><strong><span class=\"ng-binding\">2020 \/ 21<\/span><\/strong><\/div>\n<ul class=\"materials\">\n<li class=\"material ng-scope\"><span class=\"ng-binding\">600002 &#8211; RAPTOR WCR 2<\/span><\/li>\n<li class=\"material ng-scope\"><span class=\"ng-binding\">600005 &#8211; RAPTOR WCR 3<\/span><\/li>\n<li class=\"material ng-scope\"><span class=\"ng-binding\">600007 &#8211; RAPTOR WCR 4<\/span><\/li>\n<li class=\"material ng-scope\"><span class=\"ng-binding\">600505 &#8211; RAPTOR WCR 5 SC<\/span><\/li>\n<\/ul>\n<\/li>\n<\/ul>\n","protected":false},"excerpt":{"rendered":"<p>Skosn&#246;ren original som passa HEAD innerskor.&#160;<br \/>L&#228;ngd ostr&#228;kt tillst&#229;nd: 120cm&#160;<br \/>S&#228;ljes i par.&#160;<\/p>","protected":false},"featured_media":152779,"template":"","meta":[],"product_cat":[100,193,1358],"product_tag":[],"class_list":["post-152781","product","type-product","status-publish","has-post-thumbnail","hentry","product_cat-utrustning","product_cat-pjaxor","product_cat-reservdelar-pjaxor","fpd-variation-needed"],"yoast_head":"<!-- This site is optimized with the Yoast SEO plugin v21.0 - https:\/\/yoast.com\/wordpress\/plugins\/seo\/ -->\n<title>HEAD LACES RAPTOR-KORE-CRUX - Beyond-X<\/title>\n<meta name=\"description\" content=\"Skosn\u00f6ren original som passa HEAD innerskor. L\u00e4ngd ostr\u00e4kt tillst\u00e5nd: 120cm. S\u00e4ljes i par.\" \/>\n<meta name=\"robots\" content=\"index, follow, max-snippet:-1, max-image-preview:large, max-video-preview:-1\" \/>\n<link rel=\"canonical\" href=\"https:\/\/beyondx.se\/no\/produkt\/head-laces-raptor-kore-crux\/\" \/>\n<meta property=\"og:locale\" content=\"nb_NO\" \/>\n<meta property=\"og:type\" content=\"article\" \/>\n<meta property=\"og:title\" content=\"HEAD LACES RAPTOR-KORE-CRUX - Beyond-X\" \/>\n<meta property=\"og:description\" content=\"Skosn\u00f6ren original som passa HEAD innerskor. L\u00e4ngd ostr\u00e4kt tillst\u00e5nd: 120cm. S\u00e4ljes i par.\" \/>\n<meta property=\"og:url\" content=\"https:\/\/beyondx.se\/no\/produkt\/head-laces-raptor-kore-crux\/\" \/>\n<meta property=\"og:site_name\" content=\"Beyond-X\" \/>\n<meta property=\"article:modified_time\" content=\"2026-04-25T04:27:04+00:00\" \/>\n<meta property=\"og:image\" content=\"https:\/\/beyondx.se\/wp-content\/uploads\/2026\/03\/60122304-120_1.jpg\" \/>\n\t<meta property=\"og:image:width\" content=\"800\" \/>\n\t<meta property=\"og:image:height\" content=\"800\" \/>\n\t<meta property=\"og:image:type\" content=\"image\/jpeg\" \/>\n<meta name=\"twitter:card\" content=\"summary_large_image\" \/>\n<meta name=\"twitter:label1\" content=\"Ansl. lesetid\" \/>\n\t<meta name=\"twitter:data1\" content=\"3 minutter\" \/>\n<script type=\"application\/ld+json\" class=\"yoast-schema-graph\">{\"@context\":\"https:\/\/schema.org\",\"@graph\":[{\"@type\":\"WebPage\",\"@id\":\"https:\/\/beyondx.se\/no\/produkt\/head-laces-raptor-kore-crux\/\",\"url\":\"https:\/\/beyondx.se\/no\/produkt\/head-laces-raptor-kore-crux\/\",\"name\":\"HEAD LACES RAPTOR-KORE-CRUX - Beyond-X\",\"isPartOf\":{\"@id\":\"https:\/\/beyondx.se\/no\/#website\"},\"datePublished\":\"2026-03-03T13:10:08+00:00\",\"dateModified\":\"2026-04-25T04:27:04+00:00\",\"description\":\"Skosn\u00f6ren original som passa HEAD innerskor. L\u00e4ngd ostr\u00e4kt tillst\u00e5nd: 120cm. S\u00e4ljes i par.\",\"breadcrumb\":{\"@id\":\"https:\/\/beyondx.se\/no\/produkt\/head-laces-raptor-kore-crux\/#breadcrumb\"},\"inLanguage\":\"nb-NO\",\"potentialAction\":[{\"@type\":\"ReadAction\",\"target\":[\"https:\/\/beyondx.se\/no\/produkt\/head-laces-raptor-kore-crux\/\"]}]},{\"@type\":\"BreadcrumbList\",\"@id\":\"https:\/\/beyondx.se\/no\/produkt\/head-laces-raptor-kore-crux\/#breadcrumb\",\"itemListElement\":[{\"@type\":\"ListItem\",\"position\":1,\"name\":\"Hem\",\"item\":\"https:\/\/beyondx.se\/no\/\"},{\"@type\":\"ListItem\",\"position\":2,\"name\":\"Butik\",\"item\":\"https:\/\/beyondx.se\/no\/butik\/\"},{\"@type\":\"ListItem\",\"position\":3,\"name\":\"HEAD LACES RAPTOR-KORE-CRUX\"}]},{\"@type\":\"WebSite\",\"@id\":\"https:\/\/beyondx.se\/no\/#website\",\"url\":\"https:\/\/beyondx.se\/no\/\",\"name\":\"Beyond-X\",\"description\":\"No Bullshit Ski Wear\",\"publisher\":{\"@id\":\"https:\/\/beyondx.se\/no\/#organization\"},\"potentialAction\":[{\"@type\":\"SearchAction\",\"target\":{\"@type\":\"EntryPoint\",\"urlTemplate\":\"https:\/\/beyondx.se\/no\/?s={search_term_string}\"},\"query-input\":\"required name=search_term_string\"}],\"inLanguage\":\"nb-NO\"},{\"@type\":\"Organization\",\"@id\":\"https:\/\/beyondx.se\/no\/#organization\",\"name\":\"B-stedt of Sweden AB\",\"url\":\"https:\/\/beyondx.se\/no\/\",\"logo\":{\"@type\":\"ImageObject\",\"inLanguage\":\"nb-NO\",\"@id\":\"https:\/\/beyondx.se\/no\/#\/schema\/logo\/image\/\",\"url\":\"https:\/\/beyondx.se\/wp-content\/uploads\/2023\/08\/bx-logo.svg\",\"contentUrl\":\"https:\/\/beyondx.se\/wp-content\/uploads\/2023\/08\/bx-logo.svg\",\"width\":1,\"height\":1,\"caption\":\"B-stedt of Sweden AB\"},\"image\":{\"@id\":\"https:\/\/beyondx.se\/no\/#\/schema\/logo\/image\/\"}}]}<\/script>\n<!-- \/ Yoast SEO plugin. -->","yoast_head_json":{"title":"HEAD LACES RAPTOR-KORE-CRUX - Beyond-X","description":"Skosn\u00f6ren original som passa HEAD innerskor. L\u00e4ngd ostr\u00e4kt tillst\u00e5nd: 120cm. S\u00e4ljes i par.","robots":{"index":"index","follow":"follow","max-snippet":"max-snippet:-1","max-image-preview":"max-image-preview:large","max-video-preview":"max-video-preview:-1"},"canonical":"https:\/\/beyondx.se\/no\/produkt\/head-laces-raptor-kore-crux\/","og_locale":"nb_NO","og_type":"article","og_title":"HEAD LACES RAPTOR-KORE-CRUX - Beyond-X","og_description":"Skosn\u00f6ren original som passa HEAD innerskor. L\u00e4ngd ostr\u00e4kt tillst\u00e5nd: 120cm. S\u00e4ljes i par.","og_url":"https:\/\/beyondx.se\/no\/produkt\/head-laces-raptor-kore-crux\/","og_site_name":"Beyond-X","article_modified_time":"2026-04-25T04:27:04+00:00","og_image":[{"width":800,"height":800,"url":"https:\/\/beyondx.se\/wp-content\/uploads\/2026\/03\/60122304-120_1.jpg","type":"image\/jpeg"}],"twitter_card":"summary_large_image","twitter_misc":{"Ansl. lesetid":"3 minutter"},"schema":{"@context":"https:\/\/schema.org","@graph":[{"@type":"WebPage","@id":"https:\/\/beyondx.se\/no\/produkt\/head-laces-raptor-kore-crux\/","url":"https:\/\/beyondx.se\/no\/produkt\/head-laces-raptor-kore-crux\/","name":"HEAD LACES RAPTOR-KORE-CRUX - Beyond-X","isPartOf":{"@id":"https:\/\/beyondx.se\/no\/#website"},"datePublished":"2026-03-03T13:10:08+00:00","dateModified":"2026-04-25T04:27:04+00:00","description":"Skosn\u00f6ren original som passa HEAD innerskor. L\u00e4ngd ostr\u00e4kt tillst\u00e5nd: 120cm. S\u00e4ljes i par.","breadcrumb":{"@id":"https:\/\/beyondx.se\/no\/produkt\/head-laces-raptor-kore-crux\/#breadcrumb"},"inLanguage":"nb-NO","potentialAction":[{"@type":"ReadAction","target":["https:\/\/beyondx.se\/no\/produkt\/head-laces-raptor-kore-crux\/"]}]},{"@type":"BreadcrumbList","@id":"https:\/\/beyondx.se\/no\/produkt\/head-laces-raptor-kore-crux\/#breadcrumb","itemListElement":[{"@type":"ListItem","position":1,"name":"Hem","item":"https:\/\/beyondx.se\/no\/"},{"@type":"ListItem","position":2,"name":"Butik","item":"https:\/\/beyondx.se\/no\/butik\/"},{"@type":"ListItem","position":3,"name":"HEAD LACES RAPTOR-KORE-CRUX"}]},{"@type":"WebSite","@id":"https:\/\/beyondx.se\/no\/#website","url":"https:\/\/beyondx.se\/no\/","name":"Beyond-X","description":"No Bullshit Ski Wear","publisher":{"@id":"https:\/\/beyondx.se\/no\/#organization"},"potentialAction":[{"@type":"SearchAction","target":{"@type":"EntryPoint","urlTemplate":"https:\/\/beyondx.se\/no\/?s={search_term_string}"},"query-input":"required name=search_term_string"}],"inLanguage":"nb-NO"},{"@type":"Organization","@id":"https:\/\/beyondx.se\/no\/#organization","name":"B-stedt of Sweden AB","url":"https:\/\/beyondx.se\/no\/","logo":{"@type":"ImageObject","inLanguage":"nb-NO","@id":"https:\/\/beyondx.se\/no\/#\/schema\/logo\/image\/","url":"https:\/\/beyondx.se\/wp-content\/uploads\/2023\/08\/bx-logo.svg","contentUrl":"https:\/\/beyondx.se\/wp-content\/uploads\/2023\/08\/bx-logo.svg","width":1,"height":1,"caption":"B-stedt of Sweden AB"},"image":{"@id":"https:\/\/beyondx.se\/no\/#\/schema\/logo\/image\/"}}]}},"_links":{"self":[{"href":"https:\/\/beyondx.se\/no\/wp-json\/wp\/v2\/product\/152781","targetHints":{"allow":["GET"]}}],"collection":[{"href":"https:\/\/beyondx.se\/no\/wp-json\/wp\/v2\/product"}],"about":[{"href":"https:\/\/beyondx.se\/no\/wp-json\/wp\/v2\/types\/product"}],"wp:featuredmedia":[{"embeddable":true,"href":"https:\/\/beyondx.se\/no\/wp-json\/wp\/v2\/media\/152779"}],"wp:attachment":[{"href":"https:\/\/beyondx.se\/no\/wp-json\/wp\/v2\/media?parent=152781"}],"wp:term":[{"taxonomy":"product_cat","embeddable":true,"href":"https:\/\/beyondx.se\/no\/wp-json\/wp\/v2\/product_cat?post=152781"},{"taxonomy":"product_tag","embeddable":true,"href":"https:\/\/beyondx.se\/no\/wp-json\/wp\/v2\/product_tag?post=152781"}],"curies":[{"name":"wp","href":"https:\/\/api.w.org\/{rel}","templated":true}]}}