{"id":153313,"date":"2026-03-24T09:38:07","date_gmt":"2026-03-24T08:38:07","guid":{"rendered":"https:\/\/beyondx.se\/?post_type=product&#038;p=153313"},"modified":"2026-04-15T06:18:03","modified_gmt":"2026-04-15T04:18:03","slug":"gs-f-i-s-panel-75x50cm","status":"publish","type":"product","link":"https:\/\/beyondx.se\/no\/produkt\/gs-f-i-s-panel-75x50cm\/","title":{"rendered":"GS F-I-S panel, 75x50cm"},"content":{"rendered":"","protected":false},"excerpt":{"rendered":"F-I-S godk\u00e4nd GS flagga 75x50cm. Glider av k\u00e4ppen om \u00e5kare fastnar med arm eller gr\u00e4nslar k\u00e4pp. Krav p\u00e5 F-I-S t\u00e4vlingar, rekommenderas \u00e4ven till fart.","protected":false},"featured_media":153317,"template":"","meta":[],"product_cat":[148,176],"product_tag":[],"class_list":["post-153313","product","type-product","status-publish","has-post-thumbnail","hentry","product_cat-skidanlaggning","product_cat-portflaggor","brands-beyond-x","fpd-variation-needed"],"yoast_head":"<!-- This site is optimized with the Yoast SEO plugin v21.0 - https:\/\/yoast.com\/wordpress\/plugins\/seo\/ -->\n<title>GS F-I-S panel, 75x50cm - Beyond-X<\/title>\n<meta name=\"description\" content=\"F-I-S godk\u00e4nd GS flagga 75x50cm. Glider av k\u00e4ppen om \u00e5kare fastnar med arm eller gr\u00e4nslar k\u00e4pp. Krav p\u00e5 F-I-S t\u00e4vlingar, rekommenderas \u00e4ven till fart.\" \/>\n<meta name=\"robots\" content=\"index, follow, max-snippet:-1, max-image-preview:large, max-video-preview:-1\" \/>\n<link rel=\"canonical\" href=\"https:\/\/beyondx.se\/no\/produkt\/gs-f-i-s-panel-75x50cm\/\" \/>\n<meta property=\"og:locale\" content=\"nb_NO\" \/>\n<meta property=\"og:type\" content=\"article\" \/>\n<meta property=\"og:title\" content=\"GS F-I-S panel, 75x50cm - Beyond-X\" \/>\n<meta property=\"og:description\" content=\"F-I-S godk\u00e4nd GS flagga 75x50cm. Glider av k\u00e4ppen om \u00e5kare fastnar med arm eller gr\u00e4nslar k\u00e4pp. Krav p\u00e5 F-I-S t\u00e4vlingar, rekommenderas \u00e4ven till fart.\" \/>\n<meta property=\"og:url\" content=\"https:\/\/beyondx.se\/no\/produkt\/gs-f-i-s-panel-75x50cm\/\" \/>\n<meta property=\"og:site_name\" content=\"Beyond-X\" \/>\n<meta property=\"article:modified_time\" content=\"2026-04-15T04:18:03+00:00\" \/>\n<meta property=\"og:image\" content=\"https:\/\/beyondx.se\/wp-content\/uploads\/2026\/03\/BXR97-FIS-gate-panel.jpg\" \/>\n\t<meta property=\"og:image:width\" content=\"1512\" \/>\n\t<meta property=\"og:image:height\" content=\"1512\" \/>\n\t<meta property=\"og:image:type\" content=\"image\/jpeg\" \/>\n<meta name=\"twitter:card\" content=\"summary_large_image\" \/>\n<script type=\"application\/ld+json\" class=\"yoast-schema-graph\">{\"@context\":\"https:\/\/schema.org\",\"@graph\":[{\"@type\":\"WebPage\",\"@id\":\"https:\/\/beyondx.se\/no\/produkt\/gs-f-i-s-panel-75x50cm\/\",\"url\":\"https:\/\/beyondx.se\/no\/produkt\/gs-f-i-s-panel-75x50cm\/\",\"name\":\"GS F-I-S panel, 75x50cm - Beyond-X\",\"isPartOf\":{\"@id\":\"https:\/\/beyondx.se\/no\/#website\"},\"datePublished\":\"2026-03-24T08:38:07+00:00\",\"dateModified\":\"2026-04-15T04:18:03+00:00\",\"description\":\"F-I-S godk\u00e4nd GS flagga 75x50cm. Glider av k\u00e4ppen om \u00e5kare fastnar med arm eller gr\u00e4nslar k\u00e4pp. Krav p\u00e5 F-I-S t\u00e4vlingar, rekommenderas \u00e4ven till fart.\",\"breadcrumb\":{\"@id\":\"https:\/\/beyondx.se\/no\/produkt\/gs-f-i-s-panel-75x50cm\/#breadcrumb\"},\"inLanguage\":\"nb-NO\",\"potentialAction\":[{\"@type\":\"ReadAction\",\"target\":[\"https:\/\/beyondx.se\/no\/produkt\/gs-f-i-s-panel-75x50cm\/\"]}]},{\"@type\":\"BreadcrumbList\",\"@id\":\"https:\/\/beyondx.se\/no\/produkt\/gs-f-i-s-panel-75x50cm\/#breadcrumb\",\"itemListElement\":[{\"@type\":\"ListItem\",\"position\":1,\"name\":\"Hem\",\"item\":\"https:\/\/beyondx.se\/no\/\"},{\"@type\":\"ListItem\",\"position\":2,\"name\":\"Butik\",\"item\":\"https:\/\/beyondx.se\/no\/butik\/\"},{\"@type\":\"ListItem\",\"position\":3,\"name\":\"GS F-I-S panel, 75x50cm\"}]},{\"@type\":\"WebSite\",\"@id\":\"https:\/\/beyondx.se\/no\/#website\",\"url\":\"https:\/\/beyondx.se\/no\/\",\"name\":\"Beyond-X\",\"description\":\"No Bullshit Ski Wear\",\"publisher\":{\"@id\":\"https:\/\/beyondx.se\/no\/#organization\"},\"potentialAction\":[{\"@type\":\"SearchAction\",\"target\":{\"@type\":\"EntryPoint\",\"urlTemplate\":\"https:\/\/beyondx.se\/no\/?s={search_term_string}\"},\"query-input\":\"required name=search_term_string\"}],\"inLanguage\":\"nb-NO\"},{\"@type\":\"Organization\",\"@id\":\"https:\/\/beyondx.se\/no\/#organization\",\"name\":\"B-stedt of Sweden AB\",\"url\":\"https:\/\/beyondx.se\/no\/\",\"logo\":{\"@type\":\"ImageObject\",\"inLanguage\":\"nb-NO\",\"@id\":\"https:\/\/beyondx.se\/no\/#\/schema\/logo\/image\/\",\"url\":\"https:\/\/beyondx.se\/wp-content\/uploads\/2023\/08\/bx-logo.svg\",\"contentUrl\":\"https:\/\/beyondx.se\/wp-content\/uploads\/2023\/08\/bx-logo.svg\",\"width\":1,\"height\":1,\"caption\":\"B-stedt of Sweden AB\"},\"image\":{\"@id\":\"https:\/\/beyondx.se\/no\/#\/schema\/logo\/image\/\"}}]}<\/script>\n<!-- \/ Yoast SEO plugin. -->","yoast_head_json":{"title":"GS F-I-S panel, 75x50cm - Beyond-X","description":"F-I-S godk\u00e4nd GS flagga 75x50cm. Glider av k\u00e4ppen om \u00e5kare fastnar med arm eller gr\u00e4nslar k\u00e4pp. Krav p\u00e5 F-I-S t\u00e4vlingar, rekommenderas \u00e4ven till fart.","robots":{"index":"index","follow":"follow","max-snippet":"max-snippet:-1","max-image-preview":"max-image-preview:large","max-video-preview":"max-video-preview:-1"},"canonical":"https:\/\/beyondx.se\/no\/produkt\/gs-f-i-s-panel-75x50cm\/","og_locale":"nb_NO","og_type":"article","og_title":"GS F-I-S panel, 75x50cm - Beyond-X","og_description":"F-I-S godk\u00e4nd GS flagga 75x50cm. Glider av k\u00e4ppen om \u00e5kare fastnar med arm eller gr\u00e4nslar k\u00e4pp. Krav p\u00e5 F-I-S t\u00e4vlingar, rekommenderas \u00e4ven till fart.","og_url":"https:\/\/beyondx.se\/no\/produkt\/gs-f-i-s-panel-75x50cm\/","og_site_name":"Beyond-X","article_modified_time":"2026-04-15T04:18:03+00:00","og_image":[{"width":1512,"height":1512,"url":"https:\/\/beyondx.se\/wp-content\/uploads\/2026\/03\/BXR97-FIS-gate-panel.jpg","type":"image\/jpeg"}],"twitter_card":"summary_large_image","schema":{"@context":"https:\/\/schema.org","@graph":[{"@type":"WebPage","@id":"https:\/\/beyondx.se\/no\/produkt\/gs-f-i-s-panel-75x50cm\/","url":"https:\/\/beyondx.se\/no\/produkt\/gs-f-i-s-panel-75x50cm\/","name":"GS F-I-S panel, 75x50cm - Beyond-X","isPartOf":{"@id":"https:\/\/beyondx.se\/no\/#website"},"datePublished":"2026-03-24T08:38:07+00:00","dateModified":"2026-04-15T04:18:03+00:00","description":"F-I-S godk\u00e4nd GS flagga 75x50cm. Glider av k\u00e4ppen om \u00e5kare fastnar med arm eller gr\u00e4nslar k\u00e4pp. Krav p\u00e5 F-I-S t\u00e4vlingar, rekommenderas \u00e4ven till fart.","breadcrumb":{"@id":"https:\/\/beyondx.se\/no\/produkt\/gs-f-i-s-panel-75x50cm\/#breadcrumb"},"inLanguage":"nb-NO","potentialAction":[{"@type":"ReadAction","target":["https:\/\/beyondx.se\/no\/produkt\/gs-f-i-s-panel-75x50cm\/"]}]},{"@type":"BreadcrumbList","@id":"https:\/\/beyondx.se\/no\/produkt\/gs-f-i-s-panel-75x50cm\/#breadcrumb","itemListElement":[{"@type":"ListItem","position":1,"name":"Hem","item":"https:\/\/beyondx.se\/no\/"},{"@type":"ListItem","position":2,"name":"Butik","item":"https:\/\/beyondx.se\/no\/butik\/"},{"@type":"ListItem","position":3,"name":"GS F-I-S panel, 75x50cm"}]},{"@type":"WebSite","@id":"https:\/\/beyondx.se\/no\/#website","url":"https:\/\/beyondx.se\/no\/","name":"Beyond-X","description":"No Bullshit Ski Wear","publisher":{"@id":"https:\/\/beyondx.se\/no\/#organization"},"potentialAction":[{"@type":"SearchAction","target":{"@type":"EntryPoint","urlTemplate":"https:\/\/beyondx.se\/no\/?s={search_term_string}"},"query-input":"required name=search_term_string"}],"inLanguage":"nb-NO"},{"@type":"Organization","@id":"https:\/\/beyondx.se\/no\/#organization","name":"B-stedt of Sweden AB","url":"https:\/\/beyondx.se\/no\/","logo":{"@type":"ImageObject","inLanguage":"nb-NO","@id":"https:\/\/beyondx.se\/no\/#\/schema\/logo\/image\/","url":"https:\/\/beyondx.se\/wp-content\/uploads\/2023\/08\/bx-logo.svg","contentUrl":"https:\/\/beyondx.se\/wp-content\/uploads\/2023\/08\/bx-logo.svg","width":1,"height":1,"caption":"B-stedt of Sweden AB"},"image":{"@id":"https:\/\/beyondx.se\/no\/#\/schema\/logo\/image\/"}}]}},"_links":{"self":[{"href":"https:\/\/beyondx.se\/no\/wp-json\/wp\/v2\/product\/153313","targetHints":{"allow":["GET"]}}],"collection":[{"href":"https:\/\/beyondx.se\/no\/wp-json\/wp\/v2\/product"}],"about":[{"href":"https:\/\/beyondx.se\/no\/wp-json\/wp\/v2\/types\/product"}],"wp:featuredmedia":[{"embeddable":true,"href":"https:\/\/beyondx.se\/no\/wp-json\/wp\/v2\/media\/153317"}],"wp:attachment":[{"href":"https:\/\/beyondx.se\/no\/wp-json\/wp\/v2\/media?parent=153313"}],"wp:term":[{"taxonomy":"product_cat","embeddable":true,"href":"https:\/\/beyondx.se\/no\/wp-json\/wp\/v2\/product_cat?post=153313"},{"taxonomy":"product_tag","embeddable":true,"href":"https:\/\/beyondx.se\/no\/wp-json\/wp\/v2\/product_tag?post=153313"}],"curies":[{"name":"wp","href":"https:\/\/api.w.org\/{rel}","templated":true}]}}