{"id":153536,"date":"2026-05-04T16:40:08","date_gmt":"2026-05-04T14:40:08","guid":{"rendered":"https:\/\/beyondx.se\/product\/skyddsoverdrag-till-hytt-pa-pistmaskin\/"},"modified":"2026-05-05T06:03:29","modified_gmt":"2026-05-05T04:03:29","slug":"skyddsoverdrag-till-hytt-pa-pistmaskin","status":"publish","type":"product","link":"https:\/\/beyondx.se\/no\/produkt\/skyddsoverdrag-till-hytt-pa-pistmaskin\/","title":{"rendered":"Skydds\u00f6verdrag till hytt p\u00e5 pistmaskin."},"content":{"rendered":"","protected":false},"excerpt":{"rendered":"<p>Skydds&#246;verdrag till hytt p&#229; pistmaskin. Tillverkat i impregnerat nylontyg med membran p&#229; baksida.<\/p><p>F&#246;rst&#228;rkt f&#229;ll i botten med &#246;ljetter runt om. Kardborrest&#228;ngning vid fr&#228;mre h&#246;rn samt en v&#228;nster bak f&#246;r<\/p><p>f&#246;rard&#246;rr. 3st extra f&#228;stpunkter i varje sida.<\/p>","protected":false},"featured_media":153534,"template":"","meta":[],"product_cat":[2231,148,219],"product_tag":[],"class_list":["post-153536","product","type-product","status-publish","has-post-thumbnail","hentry","product_cat-uv-skydd-maskinpark","product_cat-skidanlaggning","product_cat-sakerhet-tillbehor","brands-beyond-x","fpd-variation-needed"],"yoast_head":"<!-- This site is optimized with the Yoast SEO plugin v21.0 - https:\/\/yoast.com\/wordpress\/plugins\/seo\/ -->\n<title>Skydds\u00f6verdrag till hytt p\u00e5 pistmaskin. - Beyond-X<\/title>\n<meta name=\"description\" content=\"Skydds\u00f6verdrag till hytten p\u00e5 pistmaskin. Vi kan \u00e4ven tillverka dem m\u00e5ttbest\u00e4llt f\u00f6r exempelvis hjullastare eller sn\u00f6skotrar mot extra kostnad.\" \/>\n<meta name=\"robots\" content=\"index, follow, max-snippet:-1, max-image-preview:large, max-video-preview:-1\" \/>\n<link rel=\"canonical\" href=\"https:\/\/beyondx.se\/no\/produkt\/skyddsoverdrag-till-hytt-pa-pistmaskin\/\" \/>\n<meta property=\"og:locale\" content=\"nb_NO\" \/>\n<meta property=\"og:type\" content=\"article\" \/>\n<meta property=\"og:title\" content=\"Skydds\u00f6verdrag till hytt p\u00e5 pistmaskin. - Beyond-X\" \/>\n<meta property=\"og:description\" content=\"Skydds\u00f6verdrag till hytten p\u00e5 pistmaskin. Vi kan \u00e4ven tillverka dem m\u00e5ttbest\u00e4llt f\u00f6r exempelvis hjullastare eller sn\u00f6skotrar mot extra kostnad.\" \/>\n<meta property=\"og:url\" content=\"https:\/\/beyondx.se\/no\/produkt\/skyddsoverdrag-till-hytt-pa-pistmaskin\/\" \/>\n<meta property=\"og:site_name\" content=\"Beyond-X\" \/>\n<meta property=\"article:modified_time\" content=\"2026-05-05T04:03:29+00:00\" \/>\n<meta property=\"og:image\" content=\"https:\/\/beyondx.se\/wp-content\/uploads\/2026\/05\/COVER-GM_1.jpg\" \/>\n\t<meta property=\"og:image:width\" content=\"799\" \/>\n\t<meta property=\"og:image:height\" content=\"800\" \/>\n\t<meta property=\"og:image:type\" content=\"image\/jpeg\" \/>\n<meta name=\"twitter:card\" content=\"summary_large_image\" \/>\n<script type=\"application\/ld+json\" class=\"yoast-schema-graph\">{\"@context\":\"https:\/\/schema.org\",\"@graph\":[{\"@type\":\"WebPage\",\"@id\":\"https:\/\/beyondx.se\/no\/produkt\/skyddsoverdrag-till-hytt-pa-pistmaskin\/\",\"url\":\"https:\/\/beyondx.se\/no\/produkt\/skyddsoverdrag-till-hytt-pa-pistmaskin\/\",\"name\":\"Skydds\u00f6verdrag till hytt p\u00e5 pistmaskin. - Beyond-X\",\"isPartOf\":{\"@id\":\"https:\/\/beyondx.se\/no\/#website\"},\"datePublished\":\"2026-05-04T14:40:08+00:00\",\"dateModified\":\"2026-05-05T04:03:29+00:00\",\"description\":\"Skydds\u00f6verdrag till hytten p\u00e5 pistmaskin. Vi kan \u00e4ven tillverka dem m\u00e5ttbest\u00e4llt f\u00f6r exempelvis hjullastare eller sn\u00f6skotrar mot extra kostnad.\",\"breadcrumb\":{\"@id\":\"https:\/\/beyondx.se\/no\/produkt\/skyddsoverdrag-till-hytt-pa-pistmaskin\/#breadcrumb\"},\"inLanguage\":\"nb-NO\",\"potentialAction\":[{\"@type\":\"ReadAction\",\"target\":[\"https:\/\/beyondx.se\/no\/produkt\/skyddsoverdrag-till-hytt-pa-pistmaskin\/\"]}]},{\"@type\":\"BreadcrumbList\",\"@id\":\"https:\/\/beyondx.se\/no\/produkt\/skyddsoverdrag-till-hytt-pa-pistmaskin\/#breadcrumb\",\"itemListElement\":[{\"@type\":\"ListItem\",\"position\":1,\"name\":\"Hem\",\"item\":\"https:\/\/beyondx.se\/no\/\"},{\"@type\":\"ListItem\",\"position\":2,\"name\":\"Butik\",\"item\":\"https:\/\/beyondx.se\/no\/butik\/\"},{\"@type\":\"ListItem\",\"position\":3,\"name\":\"Skydds\u00f6verdrag till hytt p\u00e5 pistmaskin.\"}]},{\"@type\":\"WebSite\",\"@id\":\"https:\/\/beyondx.se\/no\/#website\",\"url\":\"https:\/\/beyondx.se\/no\/\",\"name\":\"Beyond-X\",\"description\":\"No Bullshit Ski Wear\",\"publisher\":{\"@id\":\"https:\/\/beyondx.se\/no\/#organization\"},\"potentialAction\":[{\"@type\":\"SearchAction\",\"target\":{\"@type\":\"EntryPoint\",\"urlTemplate\":\"https:\/\/beyondx.se\/no\/?s={search_term_string}\"},\"query-input\":\"required name=search_term_string\"}],\"inLanguage\":\"nb-NO\"},{\"@type\":\"Organization\",\"@id\":\"https:\/\/beyondx.se\/no\/#organization\",\"name\":\"B-stedt of Sweden AB\",\"url\":\"https:\/\/beyondx.se\/no\/\",\"logo\":{\"@type\":\"ImageObject\",\"inLanguage\":\"nb-NO\",\"@id\":\"https:\/\/beyondx.se\/no\/#\/schema\/logo\/image\/\",\"url\":\"https:\/\/beyondx.se\/wp-content\/uploads\/2023\/08\/bx-logo.svg\",\"contentUrl\":\"https:\/\/beyondx.se\/wp-content\/uploads\/2023\/08\/bx-logo.svg\",\"width\":1,\"height\":1,\"caption\":\"B-stedt of Sweden AB\"},\"image\":{\"@id\":\"https:\/\/beyondx.se\/no\/#\/schema\/logo\/image\/\"}}]}<\/script>\n<!-- \/ Yoast SEO plugin. -->","yoast_head_json":{"title":"Skydds\u00f6verdrag till hytt p\u00e5 pistmaskin. - Beyond-X","description":"Skydds\u00f6verdrag till hytten p\u00e5 pistmaskin. Vi kan \u00e4ven tillverka dem m\u00e5ttbest\u00e4llt f\u00f6r exempelvis hjullastare eller sn\u00f6skotrar mot extra kostnad.","robots":{"index":"index","follow":"follow","max-snippet":"max-snippet:-1","max-image-preview":"max-image-preview:large","max-video-preview":"max-video-preview:-1"},"canonical":"https:\/\/beyondx.se\/no\/produkt\/skyddsoverdrag-till-hytt-pa-pistmaskin\/","og_locale":"nb_NO","og_type":"article","og_title":"Skydds\u00f6verdrag till hytt p\u00e5 pistmaskin. - Beyond-X","og_description":"Skydds\u00f6verdrag till hytten p\u00e5 pistmaskin. Vi kan \u00e4ven tillverka dem m\u00e5ttbest\u00e4llt f\u00f6r exempelvis hjullastare eller sn\u00f6skotrar mot extra kostnad.","og_url":"https:\/\/beyondx.se\/no\/produkt\/skyddsoverdrag-till-hytt-pa-pistmaskin\/","og_site_name":"Beyond-X","article_modified_time":"2026-05-05T04:03:29+00:00","og_image":[{"width":799,"height":800,"url":"https:\/\/beyondx.se\/wp-content\/uploads\/2026\/05\/COVER-GM_1.jpg","type":"image\/jpeg"}],"twitter_card":"summary_large_image","schema":{"@context":"https:\/\/schema.org","@graph":[{"@type":"WebPage","@id":"https:\/\/beyondx.se\/no\/produkt\/skyddsoverdrag-till-hytt-pa-pistmaskin\/","url":"https:\/\/beyondx.se\/no\/produkt\/skyddsoverdrag-till-hytt-pa-pistmaskin\/","name":"Skydds\u00f6verdrag till hytt p\u00e5 pistmaskin. - Beyond-X","isPartOf":{"@id":"https:\/\/beyondx.se\/no\/#website"},"datePublished":"2026-05-04T14:40:08+00:00","dateModified":"2026-05-05T04:03:29+00:00","description":"Skydds\u00f6verdrag till hytten p\u00e5 pistmaskin. Vi kan \u00e4ven tillverka dem m\u00e5ttbest\u00e4llt f\u00f6r exempelvis hjullastare eller sn\u00f6skotrar mot extra kostnad.","breadcrumb":{"@id":"https:\/\/beyondx.se\/no\/produkt\/skyddsoverdrag-till-hytt-pa-pistmaskin\/#breadcrumb"},"inLanguage":"nb-NO","potentialAction":[{"@type":"ReadAction","target":["https:\/\/beyondx.se\/no\/produkt\/skyddsoverdrag-till-hytt-pa-pistmaskin\/"]}]},{"@type":"BreadcrumbList","@id":"https:\/\/beyondx.se\/no\/produkt\/skyddsoverdrag-till-hytt-pa-pistmaskin\/#breadcrumb","itemListElement":[{"@type":"ListItem","position":1,"name":"Hem","item":"https:\/\/beyondx.se\/no\/"},{"@type":"ListItem","position":2,"name":"Butik","item":"https:\/\/beyondx.se\/no\/butik\/"},{"@type":"ListItem","position":3,"name":"Skydds\u00f6verdrag till hytt p\u00e5 pistmaskin."}]},{"@type":"WebSite","@id":"https:\/\/beyondx.se\/no\/#website","url":"https:\/\/beyondx.se\/no\/","name":"Beyond-X","description":"No Bullshit Ski Wear","publisher":{"@id":"https:\/\/beyondx.se\/no\/#organization"},"potentialAction":[{"@type":"SearchAction","target":{"@type":"EntryPoint","urlTemplate":"https:\/\/beyondx.se\/no\/?s={search_term_string}"},"query-input":"required name=search_term_string"}],"inLanguage":"nb-NO"},{"@type":"Organization","@id":"https:\/\/beyondx.se\/no\/#organization","name":"B-stedt of Sweden AB","url":"https:\/\/beyondx.se\/no\/","logo":{"@type":"ImageObject","inLanguage":"nb-NO","@id":"https:\/\/beyondx.se\/no\/#\/schema\/logo\/image\/","url":"https:\/\/beyondx.se\/wp-content\/uploads\/2023\/08\/bx-logo.svg","contentUrl":"https:\/\/beyondx.se\/wp-content\/uploads\/2023\/08\/bx-logo.svg","width":1,"height":1,"caption":"B-stedt of Sweden AB"},"image":{"@id":"https:\/\/beyondx.se\/no\/#\/schema\/logo\/image\/"}}]}},"_links":{"self":[{"href":"https:\/\/beyondx.se\/no\/wp-json\/wp\/v2\/product\/153536","targetHints":{"allow":["GET"]}}],"collection":[{"href":"https:\/\/beyondx.se\/no\/wp-json\/wp\/v2\/product"}],"about":[{"href":"https:\/\/beyondx.se\/no\/wp-json\/wp\/v2\/types\/product"}],"wp:featuredmedia":[{"embeddable":true,"href":"https:\/\/beyondx.se\/no\/wp-json\/wp\/v2\/media\/153534"}],"wp:attachment":[{"href":"https:\/\/beyondx.se\/no\/wp-json\/wp\/v2\/media?parent=153536"}],"wp:term":[{"taxonomy":"product_cat","embeddable":true,"href":"https:\/\/beyondx.se\/no\/wp-json\/wp\/v2\/product_cat?post=153536"},{"taxonomy":"product_tag","embeddable":true,"href":"https:\/\/beyondx.se\/no\/wp-json\/wp\/v2\/product_tag?post=153536"}],"curies":[{"name":"wp","href":"https:\/\/api.w.org\/{rel}","templated":true}]}}