{"id":15399,"date":"2023-04-21T13:17:02","date_gmt":"2023-04-21T11:17:02","guid":{"rendered":"https:\/\/beta.karlskogawebbyra.se\/beyond\/product\/komperdell-fis-protector-pack-3\/"},"modified":"2026-04-29T11:12:28","modified_gmt":"2026-04-29T09:12:28","slug":"komperdell-fis-protector-pack-3","status":"publish","type":"product","link":"https:\/\/beyondx.se\/no\/produkt\/komperdell-fis-protector-pack-3\/","title":{"rendered":"Komperdell FIS Protector Pack"},"content":{"rendered":"<p>Nytt FIS-godk\u00e4nt ryggskydd med f\u00f6rb\u00e4ttrad passform och \u00f6kad r\u00f6relsefrihet.<br \/>\nFlera lager av h\u00f6gabsorberande skumgummi g\u00f6r dig skyddad mot st\u00f6tskador och ytliga sk\u00e4rskador.<\/p>\n<p>Elastiskt magb\u00e4lte och axelermmar h\u00e5ller skyddet bekv\u00e4mt p\u00e5 plats.<\/p>\n<p>N\u00e4r man m\u00e4ter ryggen skall skyddet t\u00e4cka fr\u00e5n svanskotan till \u00f6vre ryggkota.<\/p>\n<table style=\"width: 37.9822%;border: 1px solid #cccccc;padding: 6px\" cellpadding=\"6px\">\n<thead>\n<tr>\n<th style=\"width: 10%;background: #f6f6f6;color: #777777;padding: 6px\">Storlek:<\/th>\n<th style=\"width: 10.8131%;background: #f6f6f6;color: #777777;padding: 6px\">Ryggl\u00e4ngd:<\/th>\n<\/tr>\n<\/thead>\n<tbody>\n<tr style=\"border: 1px solid #ccc\">\n<td style=\"padding: 6px;border: 1px solid #cccccc;width: 10%\">XXS<\/td>\n<td style=\"padding: 6px;border: 1px solid #cccccc;width: 10.8131%\">54,5<\/td>\n<\/tr>\n<tr style=\"border: 1px solid #ccc\">\n<td style=\"padding: 6px;border: 1px solid #cccccc;width: 10%\">XS<\/td>\n<td style=\"padding: 6px;border: 1px solid #cccccc;width: 10.8131%\">57,0<\/td>\n<\/tr>\n<tr style=\"border: 1px solid #ccc\">\n<td style=\"padding: 6px;border: 1px solid #cccccc;width: 10%\">S<\/td>\n<td style=\"padding: 6px;border: 1px solid #cccccc;width: 10.8131%\">59,5<\/td>\n<\/tr>\n<tr style=\"border: 1px solid #ccc\">\n<td style=\"padding: 6px;border: 1px solid #cccccc;width: 10%\">M<\/td>\n<td style=\"padding: 6px;border: 1px solid #cccccc;width: 10.8131%\">62,0<\/td>\n<\/tr>\n<tr style=\"border: 1px solid #ccc\">\n<td style=\"padding: 6px;border: 1px solid #cccccc;width: 10%\">L<\/td>\n<td style=\"padding: 6px;border: 1px solid #cccccc;width: 10.8131%\">64,5<\/td>\n<\/tr>\n<tr style=\"border: 1px solid #ccc\">\n<td style=\"padding: 6px;border: 1px solid #cccccc;width: 10%\">XL<\/td>\n<td style=\"padding: 6px;border: 1px solid #cccccc;width: 10.8131%\">67,0<\/td>\n<\/tr>\n<\/tbody>\n<\/table>\n","protected":false},"excerpt":{"rendered":"<p>FIS-godk&#228;nt ryggskydd med f&#246;rb&#228;ttrad passform och &#246;kad r&#246;relsefrihet.<\/p><p>Flera lager av h&#246;gabsorberande skumgummi g&#246;r dig skyddad mot st&#246;tskador och ytliga sk&#228;rskador.<\/p><p>Elastiskt magb&#228;lte och axelermmar h&#229;ller skyddet bekv&#228;mt p&#229; plats.<\/p>","protected":false},"featured_media":19110,"template":"","meta":[],"product_cat":[117,189],"product_tag":[],"class_list":["post-15399","product","type-product","status-publish","has-post-thumbnail","hentry","product_cat-fyndmarknad","product_cat-ryggskydd","brands-komperdell","fpd-variation-needed"],"yoast_head":"<!-- This site is optimized with the Yoast SEO plugin v21.0 - https:\/\/yoast.com\/wordpress\/plugins\/seo\/ -->\n<title>Komperdell FIS Protector Pack - Beyond-X<\/title>\n<meta name=\"robots\" content=\"index, follow, max-snippet:-1, max-image-preview:large, max-video-preview:-1\" \/>\n<link rel=\"canonical\" href=\"https:\/\/beyondx.se\/no\/produkt\/komperdell-fis-protector-pack-3\/\" \/>\n<meta property=\"og:locale\" content=\"nb_NO\" \/>\n<meta property=\"og:type\" content=\"article\" \/>\n<meta property=\"og:title\" content=\"Komperdell FIS Protector Pack - Beyond-X\" \/>\n<meta property=\"og:description\" content=\"FIS-godk&#228;nt ryggskydd med f&#246;rb&#228;ttrad passform och &#246;kad r&#246;relsefrihet.Flera lager av h&#246;gabsorberande skumgummi g&#246;r dig skyddad mot st&#246;tskador och ytliga sk&#228;rskador.Elastiskt magb&#228;lte och axelermmar h&#229;ller skyddet bekv&#228;mt p&#229; plats.\" \/>\n<meta property=\"og:url\" content=\"https:\/\/beyondx.se\/no\/produkt\/komperdell-fis-protector-pack-3\/\" \/>\n<meta property=\"og:site_name\" content=\"Beyond-X\" \/>\n<meta property=\"article:modified_time\" content=\"2026-04-29T09:12:28+00:00\" \/>\n<meta property=\"og:image\" content=\"https:\/\/beyondx.se\/wp-content\/uploads\/2023\/06\/6281-208_1.jpg\" \/>\n\t<meta property=\"og:image:width\" content=\"800\" \/>\n\t<meta property=\"og:image:height\" content=\"800\" \/>\n\t<meta property=\"og:image:type\" content=\"image\/jpeg\" \/>\n<meta name=\"twitter:card\" content=\"summary_large_image\" \/>\n<meta name=\"twitter:label1\" content=\"Ansl. lesetid\" \/>\n\t<meta name=\"twitter:data1\" content=\"1 minutt\" \/>\n<script type=\"application\/ld+json\" class=\"yoast-schema-graph\">{\"@context\":\"https:\/\/schema.org\",\"@graph\":[{\"@type\":\"WebPage\",\"@id\":\"https:\/\/beyondx.se\/no\/produkt\/komperdell-fis-protector-pack-3\/\",\"url\":\"https:\/\/beyondx.se\/no\/produkt\/komperdell-fis-protector-pack-3\/\",\"name\":\"Komperdell FIS Protector Pack - Beyond-X\",\"isPartOf\":{\"@id\":\"https:\/\/beyondx.se\/no\/#website\"},\"datePublished\":\"2023-04-21T11:17:02+00:00\",\"dateModified\":\"2026-04-29T09:12:28+00:00\",\"breadcrumb\":{\"@id\":\"https:\/\/beyondx.se\/no\/produkt\/komperdell-fis-protector-pack-3\/#breadcrumb\"},\"inLanguage\":\"nb-NO\",\"potentialAction\":[{\"@type\":\"ReadAction\",\"target\":[\"https:\/\/beyondx.se\/no\/produkt\/komperdell-fis-protector-pack-3\/\"]}]},{\"@type\":\"BreadcrumbList\",\"@id\":\"https:\/\/beyondx.se\/no\/produkt\/komperdell-fis-protector-pack-3\/#breadcrumb\",\"itemListElement\":[{\"@type\":\"ListItem\",\"position\":1,\"name\":\"Hem\",\"item\":\"https:\/\/beyondx.se\/no\/\"},{\"@type\":\"ListItem\",\"position\":2,\"name\":\"Butik\",\"item\":\"https:\/\/beyondx.se\/no\/butik\/\"},{\"@type\":\"ListItem\",\"position\":3,\"name\":\"Komperdell FIS Protector Pack\"}]},{\"@type\":\"WebSite\",\"@id\":\"https:\/\/beyondx.se\/no\/#website\",\"url\":\"https:\/\/beyondx.se\/no\/\",\"name\":\"Beyond-X\",\"description\":\"No Bullshit Ski Wear\",\"publisher\":{\"@id\":\"https:\/\/beyondx.se\/no\/#organization\"},\"potentialAction\":[{\"@type\":\"SearchAction\",\"target\":{\"@type\":\"EntryPoint\",\"urlTemplate\":\"https:\/\/beyondx.se\/no\/?s={search_term_string}\"},\"query-input\":\"required name=search_term_string\"}],\"inLanguage\":\"nb-NO\"},{\"@type\":\"Organization\",\"@id\":\"https:\/\/beyondx.se\/no\/#organization\",\"name\":\"B-stedt of Sweden AB\",\"url\":\"https:\/\/beyondx.se\/no\/\",\"logo\":{\"@type\":\"ImageObject\",\"inLanguage\":\"nb-NO\",\"@id\":\"https:\/\/beyondx.se\/no\/#\/schema\/logo\/image\/\",\"url\":\"https:\/\/beyondx.se\/wp-content\/uploads\/2023\/08\/bx-logo.svg\",\"contentUrl\":\"https:\/\/beyondx.se\/wp-content\/uploads\/2023\/08\/bx-logo.svg\",\"width\":1,\"height\":1,\"caption\":\"B-stedt of Sweden AB\"},\"image\":{\"@id\":\"https:\/\/beyondx.se\/no\/#\/schema\/logo\/image\/\"}}]}<\/script>\n<!-- \/ Yoast SEO plugin. -->","yoast_head_json":{"title":"Komperdell FIS Protector Pack - Beyond-X","robots":{"index":"index","follow":"follow","max-snippet":"max-snippet:-1","max-image-preview":"max-image-preview:large","max-video-preview":"max-video-preview:-1"},"canonical":"https:\/\/beyondx.se\/no\/produkt\/komperdell-fis-protector-pack-3\/","og_locale":"nb_NO","og_type":"article","og_title":"Komperdell FIS Protector Pack - Beyond-X","og_description":"FIS-godk&#228;nt ryggskydd med f&#246;rb&#228;ttrad passform och &#246;kad r&#246;relsefrihet.Flera lager av h&#246;gabsorberande skumgummi g&#246;r dig skyddad mot st&#246;tskador och ytliga sk&#228;rskador.Elastiskt magb&#228;lte och axelermmar h&#229;ller skyddet bekv&#228;mt p&#229; plats.","og_url":"https:\/\/beyondx.se\/no\/produkt\/komperdell-fis-protector-pack-3\/","og_site_name":"Beyond-X","article_modified_time":"2026-04-29T09:12:28+00:00","og_image":[{"width":800,"height":800,"url":"https:\/\/beyondx.se\/wp-content\/uploads\/2023\/06\/6281-208_1.jpg","type":"image\/jpeg"}],"twitter_card":"summary_large_image","twitter_misc":{"Ansl. lesetid":"1 minutt"},"schema":{"@context":"https:\/\/schema.org","@graph":[{"@type":"WebPage","@id":"https:\/\/beyondx.se\/no\/produkt\/komperdell-fis-protector-pack-3\/","url":"https:\/\/beyondx.se\/no\/produkt\/komperdell-fis-protector-pack-3\/","name":"Komperdell FIS Protector Pack - Beyond-X","isPartOf":{"@id":"https:\/\/beyondx.se\/no\/#website"},"datePublished":"2023-04-21T11:17:02+00:00","dateModified":"2026-04-29T09:12:28+00:00","breadcrumb":{"@id":"https:\/\/beyondx.se\/no\/produkt\/komperdell-fis-protector-pack-3\/#breadcrumb"},"inLanguage":"nb-NO","potentialAction":[{"@type":"ReadAction","target":["https:\/\/beyondx.se\/no\/produkt\/komperdell-fis-protector-pack-3\/"]}]},{"@type":"BreadcrumbList","@id":"https:\/\/beyondx.se\/no\/produkt\/komperdell-fis-protector-pack-3\/#breadcrumb","itemListElement":[{"@type":"ListItem","position":1,"name":"Hem","item":"https:\/\/beyondx.se\/no\/"},{"@type":"ListItem","position":2,"name":"Butik","item":"https:\/\/beyondx.se\/no\/butik\/"},{"@type":"ListItem","position":3,"name":"Komperdell FIS Protector Pack"}]},{"@type":"WebSite","@id":"https:\/\/beyondx.se\/no\/#website","url":"https:\/\/beyondx.se\/no\/","name":"Beyond-X","description":"No Bullshit Ski Wear","publisher":{"@id":"https:\/\/beyondx.se\/no\/#organization"},"potentialAction":[{"@type":"SearchAction","target":{"@type":"EntryPoint","urlTemplate":"https:\/\/beyondx.se\/no\/?s={search_term_string}"},"query-input":"required name=search_term_string"}],"inLanguage":"nb-NO"},{"@type":"Organization","@id":"https:\/\/beyondx.se\/no\/#organization","name":"B-stedt of Sweden AB","url":"https:\/\/beyondx.se\/no\/","logo":{"@type":"ImageObject","inLanguage":"nb-NO","@id":"https:\/\/beyondx.se\/no\/#\/schema\/logo\/image\/","url":"https:\/\/beyondx.se\/wp-content\/uploads\/2023\/08\/bx-logo.svg","contentUrl":"https:\/\/beyondx.se\/wp-content\/uploads\/2023\/08\/bx-logo.svg","width":1,"height":1,"caption":"B-stedt of Sweden AB"},"image":{"@id":"https:\/\/beyondx.se\/no\/#\/schema\/logo\/image\/"}}]}},"_links":{"self":[{"href":"https:\/\/beyondx.se\/no\/wp-json\/wp\/v2\/product\/15399","targetHints":{"allow":["GET"]}}],"collection":[{"href":"https:\/\/beyondx.se\/no\/wp-json\/wp\/v2\/product"}],"about":[{"href":"https:\/\/beyondx.se\/no\/wp-json\/wp\/v2\/types\/product"}],"wp:featuredmedia":[{"embeddable":true,"href":"https:\/\/beyondx.se\/no\/wp-json\/wp\/v2\/media\/19110"}],"wp:attachment":[{"href":"https:\/\/beyondx.se\/no\/wp-json\/wp\/v2\/media?parent=15399"}],"wp:term":[{"taxonomy":"product_cat","embeddable":true,"href":"https:\/\/beyondx.se\/no\/wp-json\/wp\/v2\/product_cat?post=15399"},{"taxonomy":"product_tag","embeddable":true,"href":"https:\/\/beyondx.se\/no\/wp-json\/wp\/v2\/product_tag?post=15399"}],"curies":[{"name":"wp","href":"https:\/\/api.w.org\/{rel}","templated":true}]}}