{"id":15415,"date":"2023-04-21T13:17:07","date_gmt":"2023-04-21T11:17:07","guid":{"rendered":"https:\/\/beta.karlskogawebbyra.se\/beyond\/product\/power-edge-1000-ceramic-polish-stone\/"},"modified":"2026-04-26T02:43:04","modified_gmt":"2026-04-26T00:43:04","slug":"power-edge-1000-ceramic-polish-stone","status":"publish","type":"product","link":"https:\/\/beyondx.se\/no\/produkt\/power-edge-1000-ceramic-polish-stone\/","title":{"rendered":"Power Edge 1000 Ceramic Polish stone"},"content":{"rendered":"<p>Poler slipsten 1000, passar till Power Edge PRO och Power Edge Race.<\/p>\n<p>N\u00e4r ena sidan \u00e4r utsliten s\u00e5 kan den v\u00e4ndas och anv\u00e4ndas fr\u00e5n andra sidan.<\/p>\n","protected":false},"excerpt":{"rendered":"<span>Poler slipsten 1000, passar till Power Edge PRO och Power Edge Race.<\/span><br \/><br \/>N\u00e4r ena sidan \u00e4r utsliten s\u00e5 kan den v\u00e4ndas och anv\u00e4ndas fr\u00e5n andra sidan.","protected":false},"featured_media":19873,"template":"","meta":[],"product_cat":[108,207],"product_tag":[],"class_list":["post-15415","product","type-product","status-publish","has-post-thumbnail","hentry","product_cat-skidvard-valla","product_cat-power-edge-elslip","brands-power-edge","fpd-variation-needed"],"yoast_head":"<!-- This site is optimized with the Yoast SEO plugin v21.0 - https:\/\/yoast.com\/wordpress\/plugins\/seo\/ -->\n<title>Power Edge 1000 Ceramic Polish stone - Beyond-X<\/title>\n<meta name=\"robots\" content=\"index, follow, max-snippet:-1, max-image-preview:large, max-video-preview:-1\" \/>\n<link rel=\"canonical\" href=\"https:\/\/beyondx.se\/no\/produkt\/power-edge-1000-ceramic-polish-stone\/\" \/>\n<meta property=\"og:locale\" content=\"nb_NO\" \/>\n<meta property=\"og:type\" content=\"article\" \/>\n<meta property=\"og:title\" content=\"Power Edge 1000 Ceramic Polish stone - Beyond-X\" \/>\n<meta property=\"og:description\" content=\"Poler slipsten 1000, passar till Power Edge PRO och Power Edge Race.N\u00e4r ena sidan \u00e4r utsliten s\u00e5 kan den v\u00e4ndas och anv\u00e4ndas fr\u00e5n andra sidan.\" \/>\n<meta property=\"og:url\" content=\"https:\/\/beyondx.se\/no\/produkt\/power-edge-1000-ceramic-polish-stone\/\" \/>\n<meta property=\"og:site_name\" content=\"Beyond-X\" \/>\n<meta property=\"article:modified_time\" content=\"2026-04-26T00:43:04+00:00\" \/>\n<meta property=\"og:image\" content=\"https:\/\/beyondx.se\/wp-content\/uploads\/2023\/06\/PE1000_1.jpg\" \/>\n\t<meta property=\"og:image:width\" content=\"784\" \/>\n\t<meta property=\"og:image:height\" content=\"784\" \/>\n\t<meta property=\"og:image:type\" content=\"image\/jpeg\" \/>\n<meta name=\"twitter:card\" content=\"summary_large_image\" \/>\n<script type=\"application\/ld+json\" class=\"yoast-schema-graph\">{\"@context\":\"https:\/\/schema.org\",\"@graph\":[{\"@type\":\"WebPage\",\"@id\":\"https:\/\/beyondx.se\/no\/produkt\/power-edge-1000-ceramic-polish-stone\/\",\"url\":\"https:\/\/beyondx.se\/no\/produkt\/power-edge-1000-ceramic-polish-stone\/\",\"name\":\"Power Edge 1000 Ceramic Polish stone - Beyond-X\",\"isPartOf\":{\"@id\":\"https:\/\/beyondx.se\/no\/#website\"},\"datePublished\":\"2023-04-21T11:17:07+00:00\",\"dateModified\":\"2026-04-26T00:43:04+00:00\",\"breadcrumb\":{\"@id\":\"https:\/\/beyondx.se\/no\/produkt\/power-edge-1000-ceramic-polish-stone\/#breadcrumb\"},\"inLanguage\":\"nb-NO\",\"potentialAction\":[{\"@type\":\"ReadAction\",\"target\":[\"https:\/\/beyondx.se\/no\/produkt\/power-edge-1000-ceramic-polish-stone\/\"]}]},{\"@type\":\"BreadcrumbList\",\"@id\":\"https:\/\/beyondx.se\/no\/produkt\/power-edge-1000-ceramic-polish-stone\/#breadcrumb\",\"itemListElement\":[{\"@type\":\"ListItem\",\"position\":1,\"name\":\"Hem\",\"item\":\"https:\/\/beyondx.se\/no\/\"},{\"@type\":\"ListItem\",\"position\":2,\"name\":\"Butik\",\"item\":\"https:\/\/beyondx.se\/no\/butik\/\"},{\"@type\":\"ListItem\",\"position\":3,\"name\":\"Power Edge 1000 Ceramic Polish stone\"}]},{\"@type\":\"WebSite\",\"@id\":\"https:\/\/beyondx.se\/no\/#website\",\"url\":\"https:\/\/beyondx.se\/no\/\",\"name\":\"Beyond-X\",\"description\":\"No Bullshit Ski Wear\",\"publisher\":{\"@id\":\"https:\/\/beyondx.se\/no\/#organization\"},\"potentialAction\":[{\"@type\":\"SearchAction\",\"target\":{\"@type\":\"EntryPoint\",\"urlTemplate\":\"https:\/\/beyondx.se\/no\/?s={search_term_string}\"},\"query-input\":\"required name=search_term_string\"}],\"inLanguage\":\"nb-NO\"},{\"@type\":\"Organization\",\"@id\":\"https:\/\/beyondx.se\/no\/#organization\",\"name\":\"B-stedt of Sweden AB\",\"url\":\"https:\/\/beyondx.se\/no\/\",\"logo\":{\"@type\":\"ImageObject\",\"inLanguage\":\"nb-NO\",\"@id\":\"https:\/\/beyondx.se\/no\/#\/schema\/logo\/image\/\",\"url\":\"https:\/\/beyondx.se\/wp-content\/uploads\/2023\/08\/bx-logo.svg\",\"contentUrl\":\"https:\/\/beyondx.se\/wp-content\/uploads\/2023\/08\/bx-logo.svg\",\"width\":1,\"height\":1,\"caption\":\"B-stedt of Sweden AB\"},\"image\":{\"@id\":\"https:\/\/beyondx.se\/no\/#\/schema\/logo\/image\/\"}}]}<\/script>\n<!-- \/ Yoast SEO plugin. -->","yoast_head_json":{"title":"Power Edge 1000 Ceramic Polish stone - Beyond-X","robots":{"index":"index","follow":"follow","max-snippet":"max-snippet:-1","max-image-preview":"max-image-preview:large","max-video-preview":"max-video-preview:-1"},"canonical":"https:\/\/beyondx.se\/no\/produkt\/power-edge-1000-ceramic-polish-stone\/","og_locale":"nb_NO","og_type":"article","og_title":"Power Edge 1000 Ceramic Polish stone - Beyond-X","og_description":"Poler slipsten 1000, passar till Power Edge PRO och Power Edge Race.N\u00e4r ena sidan \u00e4r utsliten s\u00e5 kan den v\u00e4ndas och anv\u00e4ndas fr\u00e5n andra sidan.","og_url":"https:\/\/beyondx.se\/no\/produkt\/power-edge-1000-ceramic-polish-stone\/","og_site_name":"Beyond-X","article_modified_time":"2026-04-26T00:43:04+00:00","og_image":[{"width":784,"height":784,"url":"https:\/\/beyondx.se\/wp-content\/uploads\/2023\/06\/PE1000_1.jpg","type":"image\/jpeg"}],"twitter_card":"summary_large_image","schema":{"@context":"https:\/\/schema.org","@graph":[{"@type":"WebPage","@id":"https:\/\/beyondx.se\/no\/produkt\/power-edge-1000-ceramic-polish-stone\/","url":"https:\/\/beyondx.se\/no\/produkt\/power-edge-1000-ceramic-polish-stone\/","name":"Power Edge 1000 Ceramic Polish stone - Beyond-X","isPartOf":{"@id":"https:\/\/beyondx.se\/no\/#website"},"datePublished":"2023-04-21T11:17:07+00:00","dateModified":"2026-04-26T00:43:04+00:00","breadcrumb":{"@id":"https:\/\/beyondx.se\/no\/produkt\/power-edge-1000-ceramic-polish-stone\/#breadcrumb"},"inLanguage":"nb-NO","potentialAction":[{"@type":"ReadAction","target":["https:\/\/beyondx.se\/no\/produkt\/power-edge-1000-ceramic-polish-stone\/"]}]},{"@type":"BreadcrumbList","@id":"https:\/\/beyondx.se\/no\/produkt\/power-edge-1000-ceramic-polish-stone\/#breadcrumb","itemListElement":[{"@type":"ListItem","position":1,"name":"Hem","item":"https:\/\/beyondx.se\/no\/"},{"@type":"ListItem","position":2,"name":"Butik","item":"https:\/\/beyondx.se\/no\/butik\/"},{"@type":"ListItem","position":3,"name":"Power Edge 1000 Ceramic Polish stone"}]},{"@type":"WebSite","@id":"https:\/\/beyondx.se\/no\/#website","url":"https:\/\/beyondx.se\/no\/","name":"Beyond-X","description":"No Bullshit Ski Wear","publisher":{"@id":"https:\/\/beyondx.se\/no\/#organization"},"potentialAction":[{"@type":"SearchAction","target":{"@type":"EntryPoint","urlTemplate":"https:\/\/beyondx.se\/no\/?s={search_term_string}"},"query-input":"required name=search_term_string"}],"inLanguage":"nb-NO"},{"@type":"Organization","@id":"https:\/\/beyondx.se\/no\/#organization","name":"B-stedt of Sweden AB","url":"https:\/\/beyondx.se\/no\/","logo":{"@type":"ImageObject","inLanguage":"nb-NO","@id":"https:\/\/beyondx.se\/no\/#\/schema\/logo\/image\/","url":"https:\/\/beyondx.se\/wp-content\/uploads\/2023\/08\/bx-logo.svg","contentUrl":"https:\/\/beyondx.se\/wp-content\/uploads\/2023\/08\/bx-logo.svg","width":1,"height":1,"caption":"B-stedt of Sweden AB"},"image":{"@id":"https:\/\/beyondx.se\/no\/#\/schema\/logo\/image\/"}}]}},"_links":{"self":[{"href":"https:\/\/beyondx.se\/no\/wp-json\/wp\/v2\/product\/15415","targetHints":{"allow":["GET"]}}],"collection":[{"href":"https:\/\/beyondx.se\/no\/wp-json\/wp\/v2\/product"}],"about":[{"href":"https:\/\/beyondx.se\/no\/wp-json\/wp\/v2\/types\/product"}],"wp:featuredmedia":[{"embeddable":true,"href":"https:\/\/beyondx.se\/no\/wp-json\/wp\/v2\/media\/19873"}],"wp:attachment":[{"href":"https:\/\/beyondx.se\/no\/wp-json\/wp\/v2\/media?parent=15415"}],"wp:term":[{"taxonomy":"product_cat","embeddable":true,"href":"https:\/\/beyondx.se\/no\/wp-json\/wp\/v2\/product_cat?post=15415"},{"taxonomy":"product_tag","embeddable":true,"href":"https:\/\/beyondx.se\/no\/wp-json\/wp\/v2\/product_tag?post=15415"}],"curies":[{"name":"wp","href":"https:\/\/api.w.org\/{rel}","templated":true}]}}