{"id":15417,"date":"2023-04-21T13:17:08","date_gmt":"2023-04-21T11:17:08","guid":{"rendered":"https:\/\/beta.karlskogawebbyra.se\/beyond\/product\/power-edge-120-grinding-stone\/"},"modified":"2026-05-04T10:54:14","modified_gmt":"2026-05-04T08:54:14","slug":"power-edge-120-grinding-stone","status":"publish","type":"product","link":"https:\/\/beyondx.se\/no\/produkt\/power-edge-120-grinding-stone\/","title":{"rendered":"Power Edge 120 grinding stone"},"content":{"rendered":"<p>Slipsten 120, passar till Power Edge PRO och Power Edge Race.<br \/>\nGrov slipsten f\u00f6r riktigt sl\u00f6a eller skadade kanter.<\/p>\n<p>N\u00e4r ena sidan \u00e4r utsliten s\u00e5 kan den v\u00e4ndas och anv\u00e4ndas fr\u00e5n andra sidan.<\/p>\n","protected":false},"excerpt":{"rendered":"Slipsten 120, passar till Power Edge PRO och Power Edge Race.  Grov slipsten f\u00f6r riktigt sl\u00f6a eller skadade kanter. <span>Slipsten 120, passar till Power Edge PRO och Power Edge Race.<br \/><\/span>Grov slipsten f\u00f6r riktigt sl\u00f6a eller skadade kanter.<br \/><br \/>N\u00e4r ena sidan \u00e4r utsliten s\u00e5 kan den v\u00e4ndas och anv\u00e4ndas fr\u00e5n andra sidan.","protected":false},"featured_media":19874,"template":"","meta":[],"product_cat":[108,207],"product_tag":[],"class_list":["post-15417","product","type-product","status-publish","has-post-thumbnail","hentry","product_cat-skidvard-valla","product_cat-power-edge-elslip","brands-power-edge","fpd-variation-needed"],"yoast_head":"<!-- This site is optimized with the Yoast SEO plugin v21.0 - https:\/\/yoast.com\/wordpress\/plugins\/seo\/ -->\n<title>Power Edge 120 grinding stone - Beyond-X<\/title>\n<meta name=\"robots\" content=\"index, follow, max-snippet:-1, max-image-preview:large, max-video-preview:-1\" \/>\n<link rel=\"canonical\" href=\"https:\/\/beyondx.se\/no\/produkt\/power-edge-120-grinding-stone\/\" \/>\n<meta property=\"og:locale\" content=\"nb_NO\" \/>\n<meta property=\"og:type\" content=\"article\" \/>\n<meta property=\"og:title\" content=\"Power Edge 120 grinding stone - Beyond-X\" \/>\n<meta property=\"og:description\" content=\"Slipsten 120, passar till Power Edge PRO och Power Edge Race. Grov slipsten f\u00f6r riktigt sl\u00f6a eller skadade kanter. Slipsten 120, passar till Power Edge PRO och Power Edge Race.Grov slipsten f\u00f6r riktigt sl\u00f6a eller skadade kanter.N\u00e4r ena sidan \u00e4r utsliten s\u00e5 kan den v\u00e4ndas och anv\u00e4ndas fr\u00e5n andra sidan.\" \/>\n<meta property=\"og:url\" content=\"https:\/\/beyondx.se\/no\/produkt\/power-edge-120-grinding-stone\/\" \/>\n<meta property=\"og:site_name\" content=\"Beyond-X\" \/>\n<meta property=\"article:modified_time\" content=\"2026-05-04T08:54:14+00:00\" \/>\n<meta property=\"og:image\" content=\"https:\/\/beyondx.se\/wp-content\/uploads\/2023\/06\/PE120_1.jpg\" \/>\n\t<meta property=\"og:image:width\" content=\"800\" \/>\n\t<meta property=\"og:image:height\" content=\"800\" \/>\n\t<meta property=\"og:image:type\" content=\"image\/jpeg\" \/>\n<meta name=\"twitter:card\" content=\"summary_large_image\" \/>\n<script type=\"application\/ld+json\" class=\"yoast-schema-graph\">{\"@context\":\"https:\/\/schema.org\",\"@graph\":[{\"@type\":\"WebPage\",\"@id\":\"https:\/\/beyondx.se\/no\/produkt\/power-edge-120-grinding-stone\/\",\"url\":\"https:\/\/beyondx.se\/no\/produkt\/power-edge-120-grinding-stone\/\",\"name\":\"Power Edge 120 grinding stone - Beyond-X\",\"isPartOf\":{\"@id\":\"https:\/\/beyondx.se\/no\/#website\"},\"datePublished\":\"2023-04-21T11:17:08+00:00\",\"dateModified\":\"2026-05-04T08:54:14+00:00\",\"breadcrumb\":{\"@id\":\"https:\/\/beyondx.se\/no\/produkt\/power-edge-120-grinding-stone\/#breadcrumb\"},\"inLanguage\":\"nb-NO\",\"potentialAction\":[{\"@type\":\"ReadAction\",\"target\":[\"https:\/\/beyondx.se\/no\/produkt\/power-edge-120-grinding-stone\/\"]}]},{\"@type\":\"BreadcrumbList\",\"@id\":\"https:\/\/beyondx.se\/no\/produkt\/power-edge-120-grinding-stone\/#breadcrumb\",\"itemListElement\":[{\"@type\":\"ListItem\",\"position\":1,\"name\":\"Hem\",\"item\":\"https:\/\/beyondx.se\/no\/\"},{\"@type\":\"ListItem\",\"position\":2,\"name\":\"Butik\",\"item\":\"https:\/\/beyondx.se\/no\/butik\/\"},{\"@type\":\"ListItem\",\"position\":3,\"name\":\"Power Edge 120 grinding stone\"}]},{\"@type\":\"WebSite\",\"@id\":\"https:\/\/beyondx.se\/no\/#website\",\"url\":\"https:\/\/beyondx.se\/no\/\",\"name\":\"Beyond-X\",\"description\":\"No Bullshit Ski Wear\",\"publisher\":{\"@id\":\"https:\/\/beyondx.se\/no\/#organization\"},\"potentialAction\":[{\"@type\":\"SearchAction\",\"target\":{\"@type\":\"EntryPoint\",\"urlTemplate\":\"https:\/\/beyondx.se\/no\/?s={search_term_string}\"},\"query-input\":\"required name=search_term_string\"}],\"inLanguage\":\"nb-NO\"},{\"@type\":\"Organization\",\"@id\":\"https:\/\/beyondx.se\/no\/#organization\",\"name\":\"B-stedt of Sweden AB\",\"url\":\"https:\/\/beyondx.se\/no\/\",\"logo\":{\"@type\":\"ImageObject\",\"inLanguage\":\"nb-NO\",\"@id\":\"https:\/\/beyondx.se\/no\/#\/schema\/logo\/image\/\",\"url\":\"https:\/\/beyondx.se\/wp-content\/uploads\/2023\/08\/bx-logo.svg\",\"contentUrl\":\"https:\/\/beyondx.se\/wp-content\/uploads\/2023\/08\/bx-logo.svg\",\"width\":1,\"height\":1,\"caption\":\"B-stedt of Sweden AB\"},\"image\":{\"@id\":\"https:\/\/beyondx.se\/no\/#\/schema\/logo\/image\/\"}}]}<\/script>\n<!-- \/ Yoast SEO plugin. -->","yoast_head_json":{"title":"Power Edge 120 grinding stone - Beyond-X","robots":{"index":"index","follow":"follow","max-snippet":"max-snippet:-1","max-image-preview":"max-image-preview:large","max-video-preview":"max-video-preview:-1"},"canonical":"https:\/\/beyondx.se\/no\/produkt\/power-edge-120-grinding-stone\/","og_locale":"nb_NO","og_type":"article","og_title":"Power Edge 120 grinding stone - Beyond-X","og_description":"Slipsten 120, passar till Power Edge PRO och Power Edge Race. Grov slipsten f\u00f6r riktigt sl\u00f6a eller skadade kanter. Slipsten 120, passar till Power Edge PRO och Power Edge Race.Grov slipsten f\u00f6r riktigt sl\u00f6a eller skadade kanter.N\u00e4r ena sidan \u00e4r utsliten s\u00e5 kan den v\u00e4ndas och anv\u00e4ndas fr\u00e5n andra sidan.","og_url":"https:\/\/beyondx.se\/no\/produkt\/power-edge-120-grinding-stone\/","og_site_name":"Beyond-X","article_modified_time":"2026-05-04T08:54:14+00:00","og_image":[{"width":800,"height":800,"url":"https:\/\/beyondx.se\/wp-content\/uploads\/2023\/06\/PE120_1.jpg","type":"image\/jpeg"}],"twitter_card":"summary_large_image","schema":{"@context":"https:\/\/schema.org","@graph":[{"@type":"WebPage","@id":"https:\/\/beyondx.se\/no\/produkt\/power-edge-120-grinding-stone\/","url":"https:\/\/beyondx.se\/no\/produkt\/power-edge-120-grinding-stone\/","name":"Power Edge 120 grinding stone - Beyond-X","isPartOf":{"@id":"https:\/\/beyondx.se\/no\/#website"},"datePublished":"2023-04-21T11:17:08+00:00","dateModified":"2026-05-04T08:54:14+00:00","breadcrumb":{"@id":"https:\/\/beyondx.se\/no\/produkt\/power-edge-120-grinding-stone\/#breadcrumb"},"inLanguage":"nb-NO","potentialAction":[{"@type":"ReadAction","target":["https:\/\/beyondx.se\/no\/produkt\/power-edge-120-grinding-stone\/"]}]},{"@type":"BreadcrumbList","@id":"https:\/\/beyondx.se\/no\/produkt\/power-edge-120-grinding-stone\/#breadcrumb","itemListElement":[{"@type":"ListItem","position":1,"name":"Hem","item":"https:\/\/beyondx.se\/no\/"},{"@type":"ListItem","position":2,"name":"Butik","item":"https:\/\/beyondx.se\/no\/butik\/"},{"@type":"ListItem","position":3,"name":"Power Edge 120 grinding stone"}]},{"@type":"WebSite","@id":"https:\/\/beyondx.se\/no\/#website","url":"https:\/\/beyondx.se\/no\/","name":"Beyond-X","description":"No Bullshit Ski Wear","publisher":{"@id":"https:\/\/beyondx.se\/no\/#organization"},"potentialAction":[{"@type":"SearchAction","target":{"@type":"EntryPoint","urlTemplate":"https:\/\/beyondx.se\/no\/?s={search_term_string}"},"query-input":"required name=search_term_string"}],"inLanguage":"nb-NO"},{"@type":"Organization","@id":"https:\/\/beyondx.se\/no\/#organization","name":"B-stedt of Sweden AB","url":"https:\/\/beyondx.se\/no\/","logo":{"@type":"ImageObject","inLanguage":"nb-NO","@id":"https:\/\/beyondx.se\/no\/#\/schema\/logo\/image\/","url":"https:\/\/beyondx.se\/wp-content\/uploads\/2023\/08\/bx-logo.svg","contentUrl":"https:\/\/beyondx.se\/wp-content\/uploads\/2023\/08\/bx-logo.svg","width":1,"height":1,"caption":"B-stedt of Sweden AB"},"image":{"@id":"https:\/\/beyondx.se\/no\/#\/schema\/logo\/image\/"}}]}},"_links":{"self":[{"href":"https:\/\/beyondx.se\/no\/wp-json\/wp\/v2\/product\/15417","targetHints":{"allow":["GET"]}}],"collection":[{"href":"https:\/\/beyondx.se\/no\/wp-json\/wp\/v2\/product"}],"about":[{"href":"https:\/\/beyondx.se\/no\/wp-json\/wp\/v2\/types\/product"}],"wp:featuredmedia":[{"embeddable":true,"href":"https:\/\/beyondx.se\/no\/wp-json\/wp\/v2\/media\/19874"}],"wp:attachment":[{"href":"https:\/\/beyondx.se\/no\/wp-json\/wp\/v2\/media?parent=15417"}],"wp:term":[{"taxonomy":"product_cat","embeddable":true,"href":"https:\/\/beyondx.se\/no\/wp-json\/wp\/v2\/product_cat?post=15417"},{"taxonomy":"product_tag","embeddable":true,"href":"https:\/\/beyondx.se\/no\/wp-json\/wp\/v2\/product_tag?post=15417"}],"curies":[{"name":"wp","href":"https:\/\/api.w.org\/{rel}","templated":true}]}}