{"id":15529,"date":"2023-04-21T13:18:33","date_gmt":"2023-04-21T11:18:33","guid":{"rendered":"https:\/\/beta.karlskogawebbyra.se\/beyond\/product\/head-heel-toe-lifters-5mm\/"},"modified":"2026-04-26T03:25:57","modified_gmt":"2026-04-26T01:25:57","slug":"head-heel-toe-lifters-5mm","status":"publish","type":"product","link":"https:\/\/beyondx.se\/no\/produkt\/head-heel-toe-lifters-5mm\/","title":{"rendered":"HEAD HEEL\/TOE LIFTERS 5mm"},"content":{"rendered":"","protected":false},"excerpt":{"rendered":"Plattor f\u00f6r att bygga p\u00e5 sulan p\u00e5 pj\u00e4xor undertill, inklusive skruvar.\r\nDessa byts ut om de som redan finns p\u00e5 pj\u00e4xan har blivit d\u00e5liga.\r\n\r\nDessa ska inte monteras p\u00e5 en pj\u00e4xa utan f\u00f6rberdelser. Klack fram och bak m\u00e5ste fr\u00e4sas ned. G\u00f6rs inte detta passar pj\u00e4xan inte i bindningen korrekt. Vi rekommenderar d\u00e4rf\u00f6r att dessa moteras f\u00f6r utbyte eller att kunnig verkstad g\u00f6r montering.\r\n\r\nPassar HEAD Raptor 80, 90, B5, 120, 140, B3, B2.\r\nEj anpassade f\u00f6r WCR modell, (piggar f\u00f6r positionering m\u00e5ste slipas ner).","protected":false},"featured_media":19106,"template":"","meta":[],"product_cat":[1358],"product_tag":[],"class_list":["post-15529","product","type-product","status-publish","has-post-thumbnail","hentry","product_cat-reservdelar-pjaxor","product_shipping_class-varubrev","brands-head","fpd-variation-needed"],"yoast_head":"<!-- This site is optimized with the Yoast SEO plugin v21.0 - https:\/\/yoast.com\/wordpress\/plugins\/seo\/ -->\n<title>HEAD HEEL\/TOE LIFTERS 5mm - Beyond-X<\/title>\n<meta name=\"robots\" content=\"index, follow, max-snippet:-1, max-image-preview:large, max-video-preview:-1\" \/>\n<link rel=\"canonical\" href=\"https:\/\/beyondx.se\/no\/produkt\/head-heel-toe-lifters-5mm\/\" \/>\n<meta property=\"og:locale\" content=\"nb_NO\" \/>\n<meta property=\"og:type\" content=\"article\" \/>\n<meta property=\"og:title\" content=\"HEAD HEEL\/TOE LIFTERS 5mm - Beyond-X\" \/>\n<meta property=\"og:description\" content=\"Plattor f\u00f6r att bygga p\u00e5 sulan p\u00e5 pj\u00e4xor undertill, inklusive skruvar. Dessa byts ut om de som redan finns p\u00e5 pj\u00e4xan har blivit d\u00e5liga.  Dessa ska inte monteras p\u00e5 en pj\u00e4xa utan f\u00f6rberdelser. Klack fram och bak m\u00e5ste fr\u00e4sas ned. G\u00f6rs inte detta passar pj\u00e4xan inte i bindningen korrekt. Vi rekommenderar d\u00e4rf\u00f6r att dessa moteras f\u00f6r utbyte eller att kunnig verkstad g\u00f6r montering.  Passar HEAD Raptor 80, 90, B5, 120, 140, B3, B2. Ej anpassade f\u00f6r WCR modell, (piggar f\u00f6r positionering m\u00e5ste slipas ner).\" \/>\n<meta property=\"og:url\" content=\"https:\/\/beyondx.se\/no\/produkt\/head-heel-toe-lifters-5mm\/\" \/>\n<meta property=\"og:site_name\" content=\"Beyond-X\" \/>\n<meta property=\"article:modified_time\" content=\"2026-04-26T01:25:57+00:00\" \/>\n<meta property=\"og:image\" content=\"https:\/\/beyondx.se\/wp-content\/uploads\/2023\/06\/60121989_260_1.jpg\" \/>\n\t<meta property=\"og:image:width\" content=\"800\" \/>\n\t<meta property=\"og:image:height\" content=\"800\" \/>\n\t<meta property=\"og:image:type\" content=\"image\/jpeg\" \/>\n<meta name=\"twitter:card\" content=\"summary_large_image\" \/>\n<script type=\"application\/ld+json\" class=\"yoast-schema-graph\">{\"@context\":\"https:\/\/schema.org\",\"@graph\":[{\"@type\":\"WebPage\",\"@id\":\"https:\/\/beyondx.se\/no\/produkt\/head-heel-toe-lifters-5mm\/\",\"url\":\"https:\/\/beyondx.se\/no\/produkt\/head-heel-toe-lifters-5mm\/\",\"name\":\"HEAD HEEL\/TOE LIFTERS 5mm - Beyond-X\",\"isPartOf\":{\"@id\":\"https:\/\/beyondx.se\/no\/#website\"},\"datePublished\":\"2023-04-21T11:18:33+00:00\",\"dateModified\":\"2026-04-26T01:25:57+00:00\",\"breadcrumb\":{\"@id\":\"https:\/\/beyondx.se\/no\/produkt\/head-heel-toe-lifters-5mm\/#breadcrumb\"},\"inLanguage\":\"nb-NO\",\"potentialAction\":[{\"@type\":\"ReadAction\",\"target\":[\"https:\/\/beyondx.se\/no\/produkt\/head-heel-toe-lifters-5mm\/\"]}]},{\"@type\":\"BreadcrumbList\",\"@id\":\"https:\/\/beyondx.se\/no\/produkt\/head-heel-toe-lifters-5mm\/#breadcrumb\",\"itemListElement\":[{\"@type\":\"ListItem\",\"position\":1,\"name\":\"Hem\",\"item\":\"https:\/\/beyondx.se\/no\/\"},{\"@type\":\"ListItem\",\"position\":2,\"name\":\"Butik\",\"item\":\"https:\/\/beyondx.se\/no\/butik\/\"},{\"@type\":\"ListItem\",\"position\":3,\"name\":\"HEAD HEEL\/TOE LIFTERS 5mm\"}]},{\"@type\":\"WebSite\",\"@id\":\"https:\/\/beyondx.se\/no\/#website\",\"url\":\"https:\/\/beyondx.se\/no\/\",\"name\":\"Beyond-X\",\"description\":\"No Bullshit Ski Wear\",\"publisher\":{\"@id\":\"https:\/\/beyondx.se\/no\/#organization\"},\"potentialAction\":[{\"@type\":\"SearchAction\",\"target\":{\"@type\":\"EntryPoint\",\"urlTemplate\":\"https:\/\/beyondx.se\/no\/?s={search_term_string}\"},\"query-input\":\"required name=search_term_string\"}],\"inLanguage\":\"nb-NO\"},{\"@type\":\"Organization\",\"@id\":\"https:\/\/beyondx.se\/no\/#organization\",\"name\":\"B-stedt of Sweden AB\",\"url\":\"https:\/\/beyondx.se\/no\/\",\"logo\":{\"@type\":\"ImageObject\",\"inLanguage\":\"nb-NO\",\"@id\":\"https:\/\/beyondx.se\/no\/#\/schema\/logo\/image\/\",\"url\":\"https:\/\/beyondx.se\/wp-content\/uploads\/2023\/08\/bx-logo.svg\",\"contentUrl\":\"https:\/\/beyondx.se\/wp-content\/uploads\/2023\/08\/bx-logo.svg\",\"width\":1,\"height\":1,\"caption\":\"B-stedt of Sweden AB\"},\"image\":{\"@id\":\"https:\/\/beyondx.se\/no\/#\/schema\/logo\/image\/\"}}]}<\/script>\n<!-- \/ Yoast SEO plugin. -->","yoast_head_json":{"title":"HEAD HEEL\/TOE LIFTERS 5mm - Beyond-X","robots":{"index":"index","follow":"follow","max-snippet":"max-snippet:-1","max-image-preview":"max-image-preview:large","max-video-preview":"max-video-preview:-1"},"canonical":"https:\/\/beyondx.se\/no\/produkt\/head-heel-toe-lifters-5mm\/","og_locale":"nb_NO","og_type":"article","og_title":"HEAD HEEL\/TOE LIFTERS 5mm - Beyond-X","og_description":"Plattor f\u00f6r att bygga p\u00e5 sulan p\u00e5 pj\u00e4xor undertill, inklusive skruvar. Dessa byts ut om de som redan finns p\u00e5 pj\u00e4xan har blivit d\u00e5liga.  Dessa ska inte monteras p\u00e5 en pj\u00e4xa utan f\u00f6rberdelser. Klack fram och bak m\u00e5ste fr\u00e4sas ned. G\u00f6rs inte detta passar pj\u00e4xan inte i bindningen korrekt. Vi rekommenderar d\u00e4rf\u00f6r att dessa moteras f\u00f6r utbyte eller att kunnig verkstad g\u00f6r montering.  Passar HEAD Raptor 80, 90, B5, 120, 140, B3, B2. Ej anpassade f\u00f6r WCR modell, (piggar f\u00f6r positionering m\u00e5ste slipas ner).","og_url":"https:\/\/beyondx.se\/no\/produkt\/head-heel-toe-lifters-5mm\/","og_site_name":"Beyond-X","article_modified_time":"2026-04-26T01:25:57+00:00","og_image":[{"width":800,"height":800,"url":"https:\/\/beyondx.se\/wp-content\/uploads\/2023\/06\/60121989_260_1.jpg","type":"image\/jpeg"}],"twitter_card":"summary_large_image","schema":{"@context":"https:\/\/schema.org","@graph":[{"@type":"WebPage","@id":"https:\/\/beyondx.se\/no\/produkt\/head-heel-toe-lifters-5mm\/","url":"https:\/\/beyondx.se\/no\/produkt\/head-heel-toe-lifters-5mm\/","name":"HEAD HEEL\/TOE LIFTERS 5mm - Beyond-X","isPartOf":{"@id":"https:\/\/beyondx.se\/no\/#website"},"datePublished":"2023-04-21T11:18:33+00:00","dateModified":"2026-04-26T01:25:57+00:00","breadcrumb":{"@id":"https:\/\/beyondx.se\/no\/produkt\/head-heel-toe-lifters-5mm\/#breadcrumb"},"inLanguage":"nb-NO","potentialAction":[{"@type":"ReadAction","target":["https:\/\/beyondx.se\/no\/produkt\/head-heel-toe-lifters-5mm\/"]}]},{"@type":"BreadcrumbList","@id":"https:\/\/beyondx.se\/no\/produkt\/head-heel-toe-lifters-5mm\/#breadcrumb","itemListElement":[{"@type":"ListItem","position":1,"name":"Hem","item":"https:\/\/beyondx.se\/no\/"},{"@type":"ListItem","position":2,"name":"Butik","item":"https:\/\/beyondx.se\/no\/butik\/"},{"@type":"ListItem","position":3,"name":"HEAD HEEL\/TOE LIFTERS 5mm"}]},{"@type":"WebSite","@id":"https:\/\/beyondx.se\/no\/#website","url":"https:\/\/beyondx.se\/no\/","name":"Beyond-X","description":"No Bullshit Ski Wear","publisher":{"@id":"https:\/\/beyondx.se\/no\/#organization"},"potentialAction":[{"@type":"SearchAction","target":{"@type":"EntryPoint","urlTemplate":"https:\/\/beyondx.se\/no\/?s={search_term_string}"},"query-input":"required name=search_term_string"}],"inLanguage":"nb-NO"},{"@type":"Organization","@id":"https:\/\/beyondx.se\/no\/#organization","name":"B-stedt of Sweden AB","url":"https:\/\/beyondx.se\/no\/","logo":{"@type":"ImageObject","inLanguage":"nb-NO","@id":"https:\/\/beyondx.se\/no\/#\/schema\/logo\/image\/","url":"https:\/\/beyondx.se\/wp-content\/uploads\/2023\/08\/bx-logo.svg","contentUrl":"https:\/\/beyondx.se\/wp-content\/uploads\/2023\/08\/bx-logo.svg","width":1,"height":1,"caption":"B-stedt of Sweden AB"},"image":{"@id":"https:\/\/beyondx.se\/no\/#\/schema\/logo\/image\/"}}]}},"_links":{"self":[{"href":"https:\/\/beyondx.se\/no\/wp-json\/wp\/v2\/product\/15529","targetHints":{"allow":["GET"]}}],"collection":[{"href":"https:\/\/beyondx.se\/no\/wp-json\/wp\/v2\/product"}],"about":[{"href":"https:\/\/beyondx.se\/no\/wp-json\/wp\/v2\/types\/product"}],"wp:featuredmedia":[{"embeddable":true,"href":"https:\/\/beyondx.se\/no\/wp-json\/wp\/v2\/media\/19106"}],"wp:attachment":[{"href":"https:\/\/beyondx.se\/no\/wp-json\/wp\/v2\/media?parent=15529"}],"wp:term":[{"taxonomy":"product_cat","embeddable":true,"href":"https:\/\/beyondx.se\/no\/wp-json\/wp\/v2\/product_cat?post=15529"},{"taxonomy":"product_tag","embeddable":true,"href":"https:\/\/beyondx.se\/no\/wp-json\/wp\/v2\/product_tag?post=15529"}],"curies":[{"name":"wp","href":"https:\/\/api.w.org\/{rel}","templated":true}]}}