{"id":15720,"date":"2023-04-21T13:23:28","date_gmt":"2023-04-21T11:23:28","guid":{"rendered":"https:\/\/beta.karlskogawebbyra.se\/beyond\/product\/komperdell-nat-team-carbon-jr\/"},"modified":"2026-04-17T02:23:02","modified_gmt":"2026-04-17T00:23:02","slug":"komperdell-nat-team-carbon-jr","status":"publish","type":"product","link":"https:\/\/beyondx.se\/no\/produkt\/komperdell-nat-team-carbon-jr\/","title":{"rendered":"Komperdell NAT. Team Carbon Jr"},"content":{"rendered":"<p>Riktigt h\u00e5llbar juniorstav f\u00f6r barn.<br \/>\nEn Carbonstav \u00e4r v\u00e4ldigt b\u00f6jt\u00e5lig och l\u00e4tt, och \u00e4r d\u00e4rf\u00f6r ett bra alternativ f\u00f6r de som ofta har av sina aluminiumstavar.<\/p>\n","protected":false},"excerpt":{"rendered":"<p>&#160;<\/p><p>Perfekt racingstav gjord av extra l&#228;tt kol f&#246;r morgondagens vinnare! Med den typiska Komperdell World Cup-designen &#228;r stickan precis r&#228;tt f&#246;r motiverade ungdomar.<\/p>","protected":false},"featured_media":129767,"template":"","meta":[],"product_cat":[1405,117,100,145],"product_tag":[],"class_list":["post-15720","product","type-product","status-publish","has-post-thumbnail","hentry","product_cat-komperdell","product_cat-fyndmarknad","product_cat-utrustning","product_cat-stavar","brands-komperdell","fpd-variation-needed"],"yoast_head":"<!-- This site is optimized with the Yoast SEO plugin v21.0 - https:\/\/yoast.com\/wordpress\/plugins\/seo\/ -->\n<title>Komperdell NAT. Team Carbon Jr - Beyond-X<\/title>\n<meta name=\"robots\" content=\"index, follow, max-snippet:-1, max-image-preview:large, max-video-preview:-1\" \/>\n<link rel=\"canonical\" href=\"https:\/\/beyondx.se\/no\/produkt\/komperdell-nat-team-carbon-jr\/\" \/>\n<meta property=\"og:locale\" content=\"nb_NO\" \/>\n<meta property=\"og:type\" content=\"article\" \/>\n<meta property=\"og:title\" content=\"Komperdell NAT. Team Carbon Jr - Beyond-X\" \/>\n<meta property=\"og:description\" content=\"&#160;Perfekt racingstav gjord av extra l&#228;tt kol f&#246;r morgondagens vinnare! Med den typiska Komperdell World Cup-designen &#228;r stickan precis r&#228;tt f&#246;r motiverade ungdomar.\" \/>\n<meta property=\"og:url\" content=\"https:\/\/beyondx.se\/no\/produkt\/komperdell-nat-team-carbon-jr\/\" \/>\n<meta property=\"og:site_name\" content=\"Beyond-X\" \/>\n<meta property=\"article:modified_time\" content=\"2026-04-17T00:23:02+00:00\" \/>\n<meta property=\"og:image\" content=\"https:\/\/beyondx.se\/wp-content\/uploads\/2023\/10\/1464202-48_1-12.jpg\" \/>\n\t<meta property=\"og:image:width\" content=\"800\" \/>\n\t<meta property=\"og:image:height\" content=\"800\" \/>\n\t<meta property=\"og:image:type\" content=\"image\/jpeg\" \/>\n<meta name=\"twitter:card\" content=\"summary_large_image\" \/>\n<meta name=\"twitter:label1\" content=\"Ansl. lesetid\" \/>\n\t<meta name=\"twitter:data1\" content=\"1 minutt\" \/>\n<script type=\"application\/ld+json\" class=\"yoast-schema-graph\">{\"@context\":\"https:\/\/schema.org\",\"@graph\":[{\"@type\":\"WebPage\",\"@id\":\"https:\/\/beyondx.se\/no\/produkt\/komperdell-nat-team-carbon-jr\/\",\"url\":\"https:\/\/beyondx.se\/no\/produkt\/komperdell-nat-team-carbon-jr\/\",\"name\":\"Komperdell NAT. Team Carbon Jr - Beyond-X\",\"isPartOf\":{\"@id\":\"https:\/\/beyondx.se\/no\/#website\"},\"datePublished\":\"2023-04-21T11:23:28+00:00\",\"dateModified\":\"2026-04-17T00:23:02+00:00\",\"breadcrumb\":{\"@id\":\"https:\/\/beyondx.se\/no\/produkt\/komperdell-nat-team-carbon-jr\/#breadcrumb\"},\"inLanguage\":\"nb-NO\",\"potentialAction\":[{\"@type\":\"ReadAction\",\"target\":[\"https:\/\/beyondx.se\/no\/produkt\/komperdell-nat-team-carbon-jr\/\"]}]},{\"@type\":\"BreadcrumbList\",\"@id\":\"https:\/\/beyondx.se\/no\/produkt\/komperdell-nat-team-carbon-jr\/#breadcrumb\",\"itemListElement\":[{\"@type\":\"ListItem\",\"position\":1,\"name\":\"Hem\",\"item\":\"https:\/\/beyondx.se\/no\/\"},{\"@type\":\"ListItem\",\"position\":2,\"name\":\"Butik\",\"item\":\"https:\/\/beyondx.se\/no\/butik\/\"},{\"@type\":\"ListItem\",\"position\":3,\"name\":\"Komperdell NAT. Team Carbon Jr\"}]},{\"@type\":\"WebSite\",\"@id\":\"https:\/\/beyondx.se\/no\/#website\",\"url\":\"https:\/\/beyondx.se\/no\/\",\"name\":\"Beyond-X\",\"description\":\"No Bullshit Ski Wear\",\"publisher\":{\"@id\":\"https:\/\/beyondx.se\/no\/#organization\"},\"potentialAction\":[{\"@type\":\"SearchAction\",\"target\":{\"@type\":\"EntryPoint\",\"urlTemplate\":\"https:\/\/beyondx.se\/no\/?s={search_term_string}\"},\"query-input\":\"required name=search_term_string\"}],\"inLanguage\":\"nb-NO\"},{\"@type\":\"Organization\",\"@id\":\"https:\/\/beyondx.se\/no\/#organization\",\"name\":\"B-stedt of Sweden AB\",\"url\":\"https:\/\/beyondx.se\/no\/\",\"logo\":{\"@type\":\"ImageObject\",\"inLanguage\":\"nb-NO\",\"@id\":\"https:\/\/beyondx.se\/no\/#\/schema\/logo\/image\/\",\"url\":\"https:\/\/beyondx.se\/wp-content\/uploads\/2023\/08\/bx-logo.svg\",\"contentUrl\":\"https:\/\/beyondx.se\/wp-content\/uploads\/2023\/08\/bx-logo.svg\",\"width\":1,\"height\":1,\"caption\":\"B-stedt of Sweden AB\"},\"image\":{\"@id\":\"https:\/\/beyondx.se\/no\/#\/schema\/logo\/image\/\"}}]}<\/script>\n<!-- \/ Yoast SEO plugin. -->","yoast_head_json":{"title":"Komperdell NAT. Team Carbon Jr - Beyond-X","robots":{"index":"index","follow":"follow","max-snippet":"max-snippet:-1","max-image-preview":"max-image-preview:large","max-video-preview":"max-video-preview:-1"},"canonical":"https:\/\/beyondx.se\/no\/produkt\/komperdell-nat-team-carbon-jr\/","og_locale":"nb_NO","og_type":"article","og_title":"Komperdell NAT. Team Carbon Jr - Beyond-X","og_description":"&#160;Perfekt racingstav gjord av extra l&#228;tt kol f&#246;r morgondagens vinnare! Med den typiska Komperdell World Cup-designen &#228;r stickan precis r&#228;tt f&#246;r motiverade ungdomar.","og_url":"https:\/\/beyondx.se\/no\/produkt\/komperdell-nat-team-carbon-jr\/","og_site_name":"Beyond-X","article_modified_time":"2026-04-17T00:23:02+00:00","og_image":[{"width":800,"height":800,"url":"https:\/\/beyondx.se\/wp-content\/uploads\/2023\/10\/1464202-48_1-12.jpg","type":"image\/jpeg"}],"twitter_card":"summary_large_image","twitter_misc":{"Ansl. lesetid":"1 minutt"},"schema":{"@context":"https:\/\/schema.org","@graph":[{"@type":"WebPage","@id":"https:\/\/beyondx.se\/no\/produkt\/komperdell-nat-team-carbon-jr\/","url":"https:\/\/beyondx.se\/no\/produkt\/komperdell-nat-team-carbon-jr\/","name":"Komperdell NAT. Team Carbon Jr - Beyond-X","isPartOf":{"@id":"https:\/\/beyondx.se\/no\/#website"},"datePublished":"2023-04-21T11:23:28+00:00","dateModified":"2026-04-17T00:23:02+00:00","breadcrumb":{"@id":"https:\/\/beyondx.se\/no\/produkt\/komperdell-nat-team-carbon-jr\/#breadcrumb"},"inLanguage":"nb-NO","potentialAction":[{"@type":"ReadAction","target":["https:\/\/beyondx.se\/no\/produkt\/komperdell-nat-team-carbon-jr\/"]}]},{"@type":"BreadcrumbList","@id":"https:\/\/beyondx.se\/no\/produkt\/komperdell-nat-team-carbon-jr\/#breadcrumb","itemListElement":[{"@type":"ListItem","position":1,"name":"Hem","item":"https:\/\/beyondx.se\/no\/"},{"@type":"ListItem","position":2,"name":"Butik","item":"https:\/\/beyondx.se\/no\/butik\/"},{"@type":"ListItem","position":3,"name":"Komperdell NAT. Team Carbon Jr"}]},{"@type":"WebSite","@id":"https:\/\/beyondx.se\/no\/#website","url":"https:\/\/beyondx.se\/no\/","name":"Beyond-X","description":"No Bullshit Ski Wear","publisher":{"@id":"https:\/\/beyondx.se\/no\/#organization"},"potentialAction":[{"@type":"SearchAction","target":{"@type":"EntryPoint","urlTemplate":"https:\/\/beyondx.se\/no\/?s={search_term_string}"},"query-input":"required name=search_term_string"}],"inLanguage":"nb-NO"},{"@type":"Organization","@id":"https:\/\/beyondx.se\/no\/#organization","name":"B-stedt of Sweden AB","url":"https:\/\/beyondx.se\/no\/","logo":{"@type":"ImageObject","inLanguage":"nb-NO","@id":"https:\/\/beyondx.se\/no\/#\/schema\/logo\/image\/","url":"https:\/\/beyondx.se\/wp-content\/uploads\/2023\/08\/bx-logo.svg","contentUrl":"https:\/\/beyondx.se\/wp-content\/uploads\/2023\/08\/bx-logo.svg","width":1,"height":1,"caption":"B-stedt of Sweden AB"},"image":{"@id":"https:\/\/beyondx.se\/no\/#\/schema\/logo\/image\/"}}]}},"_links":{"self":[{"href":"https:\/\/beyondx.se\/no\/wp-json\/wp\/v2\/product\/15720","targetHints":{"allow":["GET"]}}],"collection":[{"href":"https:\/\/beyondx.se\/no\/wp-json\/wp\/v2\/product"}],"about":[{"href":"https:\/\/beyondx.se\/no\/wp-json\/wp\/v2\/types\/product"}],"wp:featuredmedia":[{"embeddable":true,"href":"https:\/\/beyondx.se\/no\/wp-json\/wp\/v2\/media\/129767"}],"wp:attachment":[{"href":"https:\/\/beyondx.se\/no\/wp-json\/wp\/v2\/media?parent=15720"}],"wp:term":[{"taxonomy":"product_cat","embeddable":true,"href":"https:\/\/beyondx.se\/no\/wp-json\/wp\/v2\/product_cat?post=15720"},{"taxonomy":"product_tag","embeddable":true,"href":"https:\/\/beyondx.se\/no\/wp-json\/wp\/v2\/product_tag?post=15720"}],"curies":[{"name":"wp","href":"https:\/\/api.w.org\/{rel}","templated":true}]}}