{"id":15951,"date":"2023-04-21T13:30:05","date_gmt":"2023-04-21T11:30:05","guid":{"rendered":"https:\/\/beta.karlskogawebbyra.se\/beyond\/product\/bxr38-fis-dh-fartdrakt-hsk-2018-cp1605\/"},"modified":"2026-04-23T05:00:21","modified_gmt":"2026-04-23T03:00:21","slug":"bxr38-fis-dh-fartdrakt-hsk-2018-cp1605","status":"publish","type":"product","link":"https:\/\/beyondx.se\/no\/produkt\/bxr38-fis-dh-fartdrakt-hsk-2018-cp1605\/","title":{"rendered":"HSK FIS DH Fartdr\u00e4kt 2018"},"content":{"rendered":"<p><strong>FIS-godk\u00e4nd Downhill dr\u00e4kt<\/strong><\/p>\n<p>Subventioneras av klubben.<\/p>\n<p>FIS-godk\u00e4ndfartdr\u00e4kt f\u00f6r \u00e4ldre \u00e5kare som deltar i FIS-t\u00e4vlingar fartdicipliner.<\/p>\n<p>Helt utan skydd.<\/p>\n","protected":false},"excerpt":{"rendered":"<p>Priset \u00e4r subventionerat med 425 :- av Huddinge SK.<\/p><br>","protected":false},"featured_media":141788,"template":"","meta":[],"product_cat":[945,942,483,173,98],"product_tag":[],"class_list":["post-15951","product","type-product","status-publish","has-post-thumbnail","hentry","product_cat-garments","product_cat-rtg","product_cat-fartdrakter","product_cat-fis-godkanda","product_cat-skidklader","brands-beyond-x","clubs-huddinge-sk","fpd-variation-needed"],"yoast_head":"<!-- This site is optimized with the Yoast SEO plugin v21.0 - https:\/\/yoast.com\/wordpress\/plugins\/seo\/ -->\n<title>HSK FIS DH Fartdr\u00e4kt 2018 - Beyond-X<\/title>\n<meta name=\"robots\" content=\"index, follow, max-snippet:-1, max-image-preview:large, max-video-preview:-1\" \/>\n<link rel=\"canonical\" href=\"https:\/\/beyondx.se\/no\/produkt\/bxr38-fis-dh-fartdrakt-hsk-2018-cp1605\/\" \/>\n<meta property=\"og:locale\" content=\"nb_NO\" \/>\n<meta property=\"og:type\" content=\"article\" \/>\n<meta property=\"og:title\" content=\"HSK FIS DH Fartdr\u00e4kt 2018 - Beyond-X\" \/>\n<meta property=\"og:description\" content=\"Priset \u00e4r subventionerat med 425 :- av Huddinge SK.\" \/>\n<meta property=\"og:url\" content=\"https:\/\/beyondx.se\/no\/produkt\/bxr38-fis-dh-fartdrakt-hsk-2018-cp1605\/\" \/>\n<meta property=\"og:site_name\" content=\"Beyond-X\" \/>\n<meta property=\"article:modified_time\" content=\"2026-04-23T03:00:21+00:00\" \/>\n<meta property=\"og:image\" content=\"https:\/\/beyondx.se\/wp-content\/uploads\/2024\/08\/BXR1344000M_1.jpg\" \/>\n\t<meta property=\"og:image:width\" content=\"799\" \/>\n\t<meta property=\"og:image:height\" content=\"800\" \/>\n\t<meta property=\"og:image:type\" content=\"image\/jpeg\" \/>\n<meta name=\"twitter:card\" content=\"summary_large_image\" \/>\n<meta name=\"twitter:label1\" content=\"Ansl. lesetid\" \/>\n\t<meta name=\"twitter:data1\" content=\"1 minutt\" \/>\n<script type=\"application\/ld+json\" class=\"yoast-schema-graph\">{\"@context\":\"https:\/\/schema.org\",\"@graph\":[{\"@type\":\"WebPage\",\"@id\":\"https:\/\/beyondx.se\/no\/produkt\/bxr38-fis-dh-fartdrakt-hsk-2018-cp1605\/\",\"url\":\"https:\/\/beyondx.se\/no\/produkt\/bxr38-fis-dh-fartdrakt-hsk-2018-cp1605\/\",\"name\":\"HSK FIS DH Fartdr\u00e4kt 2018 - Beyond-X\",\"isPartOf\":{\"@id\":\"https:\/\/beyondx.se\/no\/#website\"},\"datePublished\":\"2023-04-21T11:30:05+00:00\",\"dateModified\":\"2026-04-23T03:00:21+00:00\",\"breadcrumb\":{\"@id\":\"https:\/\/beyondx.se\/no\/produkt\/bxr38-fis-dh-fartdrakt-hsk-2018-cp1605\/#breadcrumb\"},\"inLanguage\":\"nb-NO\",\"potentialAction\":[{\"@type\":\"ReadAction\",\"target\":[\"https:\/\/beyondx.se\/no\/produkt\/bxr38-fis-dh-fartdrakt-hsk-2018-cp1605\/\"]}]},{\"@type\":\"BreadcrumbList\",\"@id\":\"https:\/\/beyondx.se\/no\/produkt\/bxr38-fis-dh-fartdrakt-hsk-2018-cp1605\/#breadcrumb\",\"itemListElement\":[{\"@type\":\"ListItem\",\"position\":1,\"name\":\"Hem\",\"item\":\"https:\/\/beyondx.se\/no\/\"},{\"@type\":\"ListItem\",\"position\":2,\"name\":\"Butik\",\"item\":\"https:\/\/beyondx.se\/no\/butik\/\"},{\"@type\":\"ListItem\",\"position\":3,\"name\":\"HSK FIS DH Fartdr\u00e4kt 2018\"}]},{\"@type\":\"WebSite\",\"@id\":\"https:\/\/beyondx.se\/no\/#website\",\"url\":\"https:\/\/beyondx.se\/no\/\",\"name\":\"Beyond-X\",\"description\":\"No Bullshit Ski Wear\",\"publisher\":{\"@id\":\"https:\/\/beyondx.se\/no\/#organization\"},\"potentialAction\":[{\"@type\":\"SearchAction\",\"target\":{\"@type\":\"EntryPoint\",\"urlTemplate\":\"https:\/\/beyondx.se\/no\/?s={search_term_string}\"},\"query-input\":\"required name=search_term_string\"}],\"inLanguage\":\"nb-NO\"},{\"@type\":\"Organization\",\"@id\":\"https:\/\/beyondx.se\/no\/#organization\",\"name\":\"B-stedt of Sweden AB\",\"url\":\"https:\/\/beyondx.se\/no\/\",\"logo\":{\"@type\":\"ImageObject\",\"inLanguage\":\"nb-NO\",\"@id\":\"https:\/\/beyondx.se\/no\/#\/schema\/logo\/image\/\",\"url\":\"https:\/\/beyondx.se\/wp-content\/uploads\/2023\/08\/bx-logo.svg\",\"contentUrl\":\"https:\/\/beyondx.se\/wp-content\/uploads\/2023\/08\/bx-logo.svg\",\"width\":1,\"height\":1,\"caption\":\"B-stedt of Sweden AB\"},\"image\":{\"@id\":\"https:\/\/beyondx.se\/no\/#\/schema\/logo\/image\/\"}}]}<\/script>\n<!-- \/ Yoast SEO plugin. -->","yoast_head_json":{"title":"HSK FIS DH Fartdr\u00e4kt 2018 - Beyond-X","robots":{"index":"index","follow":"follow","max-snippet":"max-snippet:-1","max-image-preview":"max-image-preview:large","max-video-preview":"max-video-preview:-1"},"canonical":"https:\/\/beyondx.se\/no\/produkt\/bxr38-fis-dh-fartdrakt-hsk-2018-cp1605\/","og_locale":"nb_NO","og_type":"article","og_title":"HSK FIS DH Fartdr\u00e4kt 2018 - Beyond-X","og_description":"Priset \u00e4r subventionerat med 425 :- av Huddinge SK.","og_url":"https:\/\/beyondx.se\/no\/produkt\/bxr38-fis-dh-fartdrakt-hsk-2018-cp1605\/","og_site_name":"Beyond-X","article_modified_time":"2026-04-23T03:00:21+00:00","og_image":[{"width":799,"height":800,"url":"https:\/\/beyondx.se\/wp-content\/uploads\/2024\/08\/BXR1344000M_1.jpg","type":"image\/jpeg"}],"twitter_card":"summary_large_image","twitter_misc":{"Ansl. lesetid":"1 minutt"},"schema":{"@context":"https:\/\/schema.org","@graph":[{"@type":"WebPage","@id":"https:\/\/beyondx.se\/no\/produkt\/bxr38-fis-dh-fartdrakt-hsk-2018-cp1605\/","url":"https:\/\/beyondx.se\/no\/produkt\/bxr38-fis-dh-fartdrakt-hsk-2018-cp1605\/","name":"HSK FIS DH Fartdr\u00e4kt 2018 - Beyond-X","isPartOf":{"@id":"https:\/\/beyondx.se\/no\/#website"},"datePublished":"2023-04-21T11:30:05+00:00","dateModified":"2026-04-23T03:00:21+00:00","breadcrumb":{"@id":"https:\/\/beyondx.se\/no\/produkt\/bxr38-fis-dh-fartdrakt-hsk-2018-cp1605\/#breadcrumb"},"inLanguage":"nb-NO","potentialAction":[{"@type":"ReadAction","target":["https:\/\/beyondx.se\/no\/produkt\/bxr38-fis-dh-fartdrakt-hsk-2018-cp1605\/"]}]},{"@type":"BreadcrumbList","@id":"https:\/\/beyondx.se\/no\/produkt\/bxr38-fis-dh-fartdrakt-hsk-2018-cp1605\/#breadcrumb","itemListElement":[{"@type":"ListItem","position":1,"name":"Hem","item":"https:\/\/beyondx.se\/no\/"},{"@type":"ListItem","position":2,"name":"Butik","item":"https:\/\/beyondx.se\/no\/butik\/"},{"@type":"ListItem","position":3,"name":"HSK FIS DH Fartdr\u00e4kt 2018"}]},{"@type":"WebSite","@id":"https:\/\/beyondx.se\/no\/#website","url":"https:\/\/beyondx.se\/no\/","name":"Beyond-X","description":"No Bullshit Ski Wear","publisher":{"@id":"https:\/\/beyondx.se\/no\/#organization"},"potentialAction":[{"@type":"SearchAction","target":{"@type":"EntryPoint","urlTemplate":"https:\/\/beyondx.se\/no\/?s={search_term_string}"},"query-input":"required name=search_term_string"}],"inLanguage":"nb-NO"},{"@type":"Organization","@id":"https:\/\/beyondx.se\/no\/#organization","name":"B-stedt of Sweden AB","url":"https:\/\/beyondx.se\/no\/","logo":{"@type":"ImageObject","inLanguage":"nb-NO","@id":"https:\/\/beyondx.se\/no\/#\/schema\/logo\/image\/","url":"https:\/\/beyondx.se\/wp-content\/uploads\/2023\/08\/bx-logo.svg","contentUrl":"https:\/\/beyondx.se\/wp-content\/uploads\/2023\/08\/bx-logo.svg","width":1,"height":1,"caption":"B-stedt of Sweden AB"},"image":{"@id":"https:\/\/beyondx.se\/no\/#\/schema\/logo\/image\/"}}]}},"_links":{"self":[{"href":"https:\/\/beyondx.se\/no\/wp-json\/wp\/v2\/product\/15951","targetHints":{"allow":["GET"]}}],"collection":[{"href":"https:\/\/beyondx.se\/no\/wp-json\/wp\/v2\/product"}],"about":[{"href":"https:\/\/beyondx.se\/no\/wp-json\/wp\/v2\/types\/product"}],"wp:featuredmedia":[{"embeddable":true,"href":"https:\/\/beyondx.se\/no\/wp-json\/wp\/v2\/media\/141788"}],"wp:attachment":[{"href":"https:\/\/beyondx.se\/no\/wp-json\/wp\/v2\/media?parent=15951"}],"wp:term":[{"taxonomy":"product_cat","embeddable":true,"href":"https:\/\/beyondx.se\/no\/wp-json\/wp\/v2\/product_cat?post=15951"},{"taxonomy":"product_tag","embeddable":true,"href":"https:\/\/beyondx.se\/no\/wp-json\/wp\/v2\/product_tag?post=15951"}],"curies":[{"name":"wp","href":"https:\/\/api.w.org\/{rel}","templated":true}]}}