{"id":16046,"date":"2023-04-21T13:32:20","date_gmt":"2023-04-21T11:32:20","guid":{"rendered":"https:\/\/beta.karlskogawebbyra.se\/beyond\/product\/swix-medium-diamantskiva-till-evo-pro-edge\/"},"modified":"2026-04-21T10:27:25","modified_gmt":"2026-04-21T08:27:25","slug":"swix-medium-diamantskiva-till-evo-pro-edge","status":"publish","type":"product","link":"https:\/\/beyondx.se\/no\/produkt\/swix-medium-diamantskiva-till-evo-pro-edge\/","title":{"rendered":"SWIX Medium diamantskiva till EVO Pro Edge"},"content":{"rendered":"","protected":false},"excerpt":{"rendered":"Medium diamantskiva till Evo Pro Edge Tuner.   F\u00f6r slitna kanter som beh\u00f6ver f\u00e5 k\u00e4rlek. Bra att ha med vid b\u00f6rjan och slutet av s\u00e4songen. \u00c4ven bra sten att anv\u00e4nda vid f\u00f6rsta slipning av kanterna.  Du byter enkelt diamantskiva utan extra verktyg.","protected":false},"featured_media":20112,"template":"","meta":[],"product_cat":[108,121],"product_tag":[],"class_list":["post-16046","product","type-product","status-publish","has-post-thumbnail","hentry","product_cat-skidvard-valla","product_cat-valla","brands-swix","fpd-variation-needed"],"yoast_head":"<!-- This site is optimized with the Yoast SEO plugin v21.0 - https:\/\/yoast.com\/wordpress\/plugins\/seo\/ -->\n<title>SWIX Medium diamantskiva till EVO Pro Edge - Beyond-X<\/title>\n<meta name=\"robots\" content=\"index, follow, max-snippet:-1, max-image-preview:large, max-video-preview:-1\" \/>\n<link rel=\"canonical\" href=\"https:\/\/beyondx.se\/no\/produkt\/swix-medium-diamantskiva-till-evo-pro-edge\/\" \/>\n<meta property=\"og:locale\" content=\"nb_NO\" \/>\n<meta property=\"og:type\" content=\"article\" \/>\n<meta property=\"og:title\" content=\"SWIX Medium diamantskiva till EVO Pro Edge - Beyond-X\" \/>\n<meta property=\"og:description\" content=\"Medium diamantskiva till Evo Pro Edge Tuner.  F\u00f6r slitna kanter som beh\u00f6ver f\u00e5 k\u00e4rlek. Bra att ha med vid b\u00f6rjan och slutet av s\u00e4songen. \u00c4ven bra sten att anv\u00e4nda vid f\u00f6rsta slipning av kanterna. Du byter enkelt diamantskiva utan extra verktyg.\" \/>\n<meta property=\"og:url\" content=\"https:\/\/beyondx.se\/no\/produkt\/swix-medium-diamantskiva-till-evo-pro-edge\/\" \/>\n<meta property=\"og:site_name\" content=\"Beyond-X\" \/>\n<meta property=\"article:modified_time\" content=\"2026-04-21T08:27:25+00:00\" \/>\n<meta property=\"og:image\" content=\"https:\/\/beyondx.se\/wp-content\/uploads\/2023\/06\/TA3013M_1.jpg\" \/>\n\t<meta property=\"og:image:width\" content=\"800\" \/>\n\t<meta property=\"og:image:height\" content=\"800\" \/>\n\t<meta property=\"og:image:type\" content=\"image\/jpeg\" \/>\n<meta name=\"twitter:card\" content=\"summary_large_image\" \/>\n<script type=\"application\/ld+json\" class=\"yoast-schema-graph\">{\"@context\":\"https:\/\/schema.org\",\"@graph\":[{\"@type\":\"WebPage\",\"@id\":\"https:\/\/beyondx.se\/no\/produkt\/swix-medium-diamantskiva-till-evo-pro-edge\/\",\"url\":\"https:\/\/beyondx.se\/no\/produkt\/swix-medium-diamantskiva-till-evo-pro-edge\/\",\"name\":\"SWIX Medium diamantskiva till EVO Pro Edge - Beyond-X\",\"isPartOf\":{\"@id\":\"https:\/\/beyondx.se\/no\/#website\"},\"datePublished\":\"2023-04-21T11:32:20+00:00\",\"dateModified\":\"2026-04-21T08:27:25+00:00\",\"breadcrumb\":{\"@id\":\"https:\/\/beyondx.se\/no\/produkt\/swix-medium-diamantskiva-till-evo-pro-edge\/#breadcrumb\"},\"inLanguage\":\"nb-NO\",\"potentialAction\":[{\"@type\":\"ReadAction\",\"target\":[\"https:\/\/beyondx.se\/no\/produkt\/swix-medium-diamantskiva-till-evo-pro-edge\/\"]}]},{\"@type\":\"BreadcrumbList\",\"@id\":\"https:\/\/beyondx.se\/no\/produkt\/swix-medium-diamantskiva-till-evo-pro-edge\/#breadcrumb\",\"itemListElement\":[{\"@type\":\"ListItem\",\"position\":1,\"name\":\"Hem\",\"item\":\"https:\/\/beyondx.se\/no\/\"},{\"@type\":\"ListItem\",\"position\":2,\"name\":\"Butik\",\"item\":\"https:\/\/beyondx.se\/no\/butik\/\"},{\"@type\":\"ListItem\",\"position\":3,\"name\":\"SWIX Medium diamantskiva till EVO Pro Edge\"}]},{\"@type\":\"WebSite\",\"@id\":\"https:\/\/beyondx.se\/no\/#website\",\"url\":\"https:\/\/beyondx.se\/no\/\",\"name\":\"Beyond-X\",\"description\":\"No Bullshit Ski Wear\",\"publisher\":{\"@id\":\"https:\/\/beyondx.se\/no\/#organization\"},\"potentialAction\":[{\"@type\":\"SearchAction\",\"target\":{\"@type\":\"EntryPoint\",\"urlTemplate\":\"https:\/\/beyondx.se\/no\/?s={search_term_string}\"},\"query-input\":\"required name=search_term_string\"}],\"inLanguage\":\"nb-NO\"},{\"@type\":\"Organization\",\"@id\":\"https:\/\/beyondx.se\/no\/#organization\",\"name\":\"B-stedt of Sweden AB\",\"url\":\"https:\/\/beyondx.se\/no\/\",\"logo\":{\"@type\":\"ImageObject\",\"inLanguage\":\"nb-NO\",\"@id\":\"https:\/\/beyondx.se\/no\/#\/schema\/logo\/image\/\",\"url\":\"https:\/\/beyondx.se\/wp-content\/uploads\/2023\/08\/bx-logo.svg\",\"contentUrl\":\"https:\/\/beyondx.se\/wp-content\/uploads\/2023\/08\/bx-logo.svg\",\"width\":1,\"height\":1,\"caption\":\"B-stedt of Sweden AB\"},\"image\":{\"@id\":\"https:\/\/beyondx.se\/no\/#\/schema\/logo\/image\/\"}}]}<\/script>\n<!-- \/ Yoast SEO plugin. -->","yoast_head_json":{"title":"SWIX Medium diamantskiva till EVO Pro Edge - Beyond-X","robots":{"index":"index","follow":"follow","max-snippet":"max-snippet:-1","max-image-preview":"max-image-preview:large","max-video-preview":"max-video-preview:-1"},"canonical":"https:\/\/beyondx.se\/no\/produkt\/swix-medium-diamantskiva-till-evo-pro-edge\/","og_locale":"nb_NO","og_type":"article","og_title":"SWIX Medium diamantskiva till EVO Pro Edge - Beyond-X","og_description":"Medium diamantskiva till Evo Pro Edge Tuner.  F\u00f6r slitna kanter som beh\u00f6ver f\u00e5 k\u00e4rlek. Bra att ha med vid b\u00f6rjan och slutet av s\u00e4songen. \u00c4ven bra sten att anv\u00e4nda vid f\u00f6rsta slipning av kanterna. Du byter enkelt diamantskiva utan extra verktyg.","og_url":"https:\/\/beyondx.se\/no\/produkt\/swix-medium-diamantskiva-till-evo-pro-edge\/","og_site_name":"Beyond-X","article_modified_time":"2026-04-21T08:27:25+00:00","og_image":[{"width":800,"height":800,"url":"https:\/\/beyondx.se\/wp-content\/uploads\/2023\/06\/TA3013M_1.jpg","type":"image\/jpeg"}],"twitter_card":"summary_large_image","schema":{"@context":"https:\/\/schema.org","@graph":[{"@type":"WebPage","@id":"https:\/\/beyondx.se\/no\/produkt\/swix-medium-diamantskiva-till-evo-pro-edge\/","url":"https:\/\/beyondx.se\/no\/produkt\/swix-medium-diamantskiva-till-evo-pro-edge\/","name":"SWIX Medium diamantskiva till EVO Pro Edge - Beyond-X","isPartOf":{"@id":"https:\/\/beyondx.se\/no\/#website"},"datePublished":"2023-04-21T11:32:20+00:00","dateModified":"2026-04-21T08:27:25+00:00","breadcrumb":{"@id":"https:\/\/beyondx.se\/no\/produkt\/swix-medium-diamantskiva-till-evo-pro-edge\/#breadcrumb"},"inLanguage":"nb-NO","potentialAction":[{"@type":"ReadAction","target":["https:\/\/beyondx.se\/no\/produkt\/swix-medium-diamantskiva-till-evo-pro-edge\/"]}]},{"@type":"BreadcrumbList","@id":"https:\/\/beyondx.se\/no\/produkt\/swix-medium-diamantskiva-till-evo-pro-edge\/#breadcrumb","itemListElement":[{"@type":"ListItem","position":1,"name":"Hem","item":"https:\/\/beyondx.se\/no\/"},{"@type":"ListItem","position":2,"name":"Butik","item":"https:\/\/beyondx.se\/no\/butik\/"},{"@type":"ListItem","position":3,"name":"SWIX Medium diamantskiva till EVO Pro Edge"}]},{"@type":"WebSite","@id":"https:\/\/beyondx.se\/no\/#website","url":"https:\/\/beyondx.se\/no\/","name":"Beyond-X","description":"No Bullshit Ski Wear","publisher":{"@id":"https:\/\/beyondx.se\/no\/#organization"},"potentialAction":[{"@type":"SearchAction","target":{"@type":"EntryPoint","urlTemplate":"https:\/\/beyondx.se\/no\/?s={search_term_string}"},"query-input":"required name=search_term_string"}],"inLanguage":"nb-NO"},{"@type":"Organization","@id":"https:\/\/beyondx.se\/no\/#organization","name":"B-stedt of Sweden AB","url":"https:\/\/beyondx.se\/no\/","logo":{"@type":"ImageObject","inLanguage":"nb-NO","@id":"https:\/\/beyondx.se\/no\/#\/schema\/logo\/image\/","url":"https:\/\/beyondx.se\/wp-content\/uploads\/2023\/08\/bx-logo.svg","contentUrl":"https:\/\/beyondx.se\/wp-content\/uploads\/2023\/08\/bx-logo.svg","width":1,"height":1,"caption":"B-stedt of Sweden AB"},"image":{"@id":"https:\/\/beyondx.se\/no\/#\/schema\/logo\/image\/"}}]}},"_links":{"self":[{"href":"https:\/\/beyondx.se\/no\/wp-json\/wp\/v2\/product\/16046","targetHints":{"allow":["GET"]}}],"collection":[{"href":"https:\/\/beyondx.se\/no\/wp-json\/wp\/v2\/product"}],"about":[{"href":"https:\/\/beyondx.se\/no\/wp-json\/wp\/v2\/types\/product"}],"wp:featuredmedia":[{"embeddable":true,"href":"https:\/\/beyondx.se\/no\/wp-json\/wp\/v2\/media\/20112"}],"wp:attachment":[{"href":"https:\/\/beyondx.se\/no\/wp-json\/wp\/v2\/media?parent=16046"}],"wp:term":[{"taxonomy":"product_cat","embeddable":true,"href":"https:\/\/beyondx.se\/no\/wp-json\/wp\/v2\/product_cat?post=16046"},{"taxonomy":"product_tag","embeddable":true,"href":"https:\/\/beyondx.se\/no\/wp-json\/wp\/v2\/product_tag?post=16046"}],"curies":[{"name":"wp","href":"https:\/\/api.w.org\/{rel}","templated":true}]}}