{"id":16052,"date":"2023-04-21T13:32:23","date_gmt":"2023-04-21T11:32:23","guid":{"rendered":"https:\/\/beta.karlskogawebbyra.se\/beyond\/product\/swix-vaska-for-evo-pro-edge-tuner\/"},"modified":"2026-04-20T11:02:35","modified_gmt":"2026-04-20T09:02:35","slug":"swix-vaska-for-evo-pro-edge-tuner","status":"publish","type":"product","link":"https:\/\/beyondx.se\/no\/produkt\/swix-vaska-for-evo-pro-edge-tuner\/","title":{"rendered":"SWIX V\u00e4ska f\u00f6r EVO Pro Edge Tuner"},"content":{"rendered":"","protected":false},"excerpt":{"rendered":"Robust v\u00e4ska som skyddar och h\u00e5ller din EVO Edge Tuner p\u00e5 ett smidigt s\u00e4tt.  Insidan har utskuren padding f\u00f6r maskinen samt tv\u00e5 st extra slipskivor.   Se bild f\u00f6r exempel p\u00e5 packning.","protected":false},"featured_media":20114,"template":"","meta":[],"product_cat":[108,121],"product_tag":[],"class_list":["post-16052","product","type-product","status-publish","has-post-thumbnail","hentry","product_cat-skidvard-valla","product_cat-valla","brands-swix","fpd-variation-needed"],"yoast_head":"<!-- This site is optimized with the Yoast SEO plugin v21.0 - https:\/\/yoast.com\/wordpress\/plugins\/seo\/ -->\n<title>SWIX V\u00e4ska f\u00f6r EVO Pro Edge Tuner - Beyond-X<\/title>\n<meta name=\"robots\" content=\"index, follow, max-snippet:-1, max-image-preview:large, max-video-preview:-1\" \/>\n<link rel=\"canonical\" href=\"https:\/\/beyondx.se\/no\/produkt\/swix-vaska-for-evo-pro-edge-tuner\/\" \/>\n<meta property=\"og:locale\" content=\"nb_NO\" \/>\n<meta property=\"og:type\" content=\"article\" \/>\n<meta property=\"og:title\" content=\"SWIX V\u00e4ska f\u00f6r EVO Pro Edge Tuner - Beyond-X\" \/>\n<meta property=\"og:description\" content=\"Robust v\u00e4ska som skyddar och h\u00e5ller din EVO Edge Tuner p\u00e5 ett smidigt s\u00e4tt. Insidan har utskuren padding f\u00f6r maskinen samt tv\u00e5 st extra slipskivor.  Se bild f\u00f6r exempel p\u00e5 packning.\" \/>\n<meta property=\"og:url\" content=\"https:\/\/beyondx.se\/no\/produkt\/swix-vaska-for-evo-pro-edge-tuner\/\" \/>\n<meta property=\"og:site_name\" content=\"Beyond-X\" \/>\n<meta property=\"article:modified_time\" content=\"2026-04-20T09:02:35+00:00\" \/>\n<meta property=\"og:image\" content=\"https:\/\/beyondx.se\/wp-content\/uploads\/2023\/06\/TA3014_1.jpg\" \/>\n\t<meta property=\"og:image:width\" content=\"800\" \/>\n\t<meta property=\"og:image:height\" content=\"800\" \/>\n\t<meta property=\"og:image:type\" content=\"image\/jpeg\" \/>\n<meta name=\"twitter:card\" content=\"summary_large_image\" \/>\n<script type=\"application\/ld+json\" class=\"yoast-schema-graph\">{\"@context\":\"https:\/\/schema.org\",\"@graph\":[{\"@type\":\"WebPage\",\"@id\":\"https:\/\/beyondx.se\/no\/produkt\/swix-vaska-for-evo-pro-edge-tuner\/\",\"url\":\"https:\/\/beyondx.se\/no\/produkt\/swix-vaska-for-evo-pro-edge-tuner\/\",\"name\":\"SWIX V\u00e4ska f\u00f6r EVO Pro Edge Tuner - Beyond-X\",\"isPartOf\":{\"@id\":\"https:\/\/beyondx.se\/no\/#website\"},\"datePublished\":\"2023-04-21T11:32:23+00:00\",\"dateModified\":\"2026-04-20T09:02:35+00:00\",\"breadcrumb\":{\"@id\":\"https:\/\/beyondx.se\/no\/produkt\/swix-vaska-for-evo-pro-edge-tuner\/#breadcrumb\"},\"inLanguage\":\"nb-NO\",\"potentialAction\":[{\"@type\":\"ReadAction\",\"target\":[\"https:\/\/beyondx.se\/no\/produkt\/swix-vaska-for-evo-pro-edge-tuner\/\"]}]},{\"@type\":\"BreadcrumbList\",\"@id\":\"https:\/\/beyondx.se\/no\/produkt\/swix-vaska-for-evo-pro-edge-tuner\/#breadcrumb\",\"itemListElement\":[{\"@type\":\"ListItem\",\"position\":1,\"name\":\"Hem\",\"item\":\"https:\/\/beyondx.se\/no\/\"},{\"@type\":\"ListItem\",\"position\":2,\"name\":\"Butik\",\"item\":\"https:\/\/beyondx.se\/no\/butik\/\"},{\"@type\":\"ListItem\",\"position\":3,\"name\":\"SWIX V\u00e4ska f\u00f6r EVO Pro Edge Tuner\"}]},{\"@type\":\"WebSite\",\"@id\":\"https:\/\/beyondx.se\/no\/#website\",\"url\":\"https:\/\/beyondx.se\/no\/\",\"name\":\"Beyond-X\",\"description\":\"No Bullshit Ski Wear\",\"publisher\":{\"@id\":\"https:\/\/beyondx.se\/no\/#organization\"},\"potentialAction\":[{\"@type\":\"SearchAction\",\"target\":{\"@type\":\"EntryPoint\",\"urlTemplate\":\"https:\/\/beyondx.se\/no\/?s={search_term_string}\"},\"query-input\":\"required name=search_term_string\"}],\"inLanguage\":\"nb-NO\"},{\"@type\":\"Organization\",\"@id\":\"https:\/\/beyondx.se\/no\/#organization\",\"name\":\"B-stedt of Sweden AB\",\"url\":\"https:\/\/beyondx.se\/no\/\",\"logo\":{\"@type\":\"ImageObject\",\"inLanguage\":\"nb-NO\",\"@id\":\"https:\/\/beyondx.se\/no\/#\/schema\/logo\/image\/\",\"url\":\"https:\/\/beyondx.se\/wp-content\/uploads\/2023\/08\/bx-logo.svg\",\"contentUrl\":\"https:\/\/beyondx.se\/wp-content\/uploads\/2023\/08\/bx-logo.svg\",\"width\":1,\"height\":1,\"caption\":\"B-stedt of Sweden AB\"},\"image\":{\"@id\":\"https:\/\/beyondx.se\/no\/#\/schema\/logo\/image\/\"}}]}<\/script>\n<!-- \/ Yoast SEO plugin. -->","yoast_head_json":{"title":"SWIX V\u00e4ska f\u00f6r EVO Pro Edge Tuner - Beyond-X","robots":{"index":"index","follow":"follow","max-snippet":"max-snippet:-1","max-image-preview":"max-image-preview:large","max-video-preview":"max-video-preview:-1"},"canonical":"https:\/\/beyondx.se\/no\/produkt\/swix-vaska-for-evo-pro-edge-tuner\/","og_locale":"nb_NO","og_type":"article","og_title":"SWIX V\u00e4ska f\u00f6r EVO Pro Edge Tuner - Beyond-X","og_description":"Robust v\u00e4ska som skyddar och h\u00e5ller din EVO Edge Tuner p\u00e5 ett smidigt s\u00e4tt. Insidan har utskuren padding f\u00f6r maskinen samt tv\u00e5 st extra slipskivor.  Se bild f\u00f6r exempel p\u00e5 packning.","og_url":"https:\/\/beyondx.se\/no\/produkt\/swix-vaska-for-evo-pro-edge-tuner\/","og_site_name":"Beyond-X","article_modified_time":"2026-04-20T09:02:35+00:00","og_image":[{"width":800,"height":800,"url":"https:\/\/beyondx.se\/wp-content\/uploads\/2023\/06\/TA3014_1.jpg","type":"image\/jpeg"}],"twitter_card":"summary_large_image","schema":{"@context":"https:\/\/schema.org","@graph":[{"@type":"WebPage","@id":"https:\/\/beyondx.se\/no\/produkt\/swix-vaska-for-evo-pro-edge-tuner\/","url":"https:\/\/beyondx.se\/no\/produkt\/swix-vaska-for-evo-pro-edge-tuner\/","name":"SWIX V\u00e4ska f\u00f6r EVO Pro Edge Tuner - Beyond-X","isPartOf":{"@id":"https:\/\/beyondx.se\/no\/#website"},"datePublished":"2023-04-21T11:32:23+00:00","dateModified":"2026-04-20T09:02:35+00:00","breadcrumb":{"@id":"https:\/\/beyondx.se\/no\/produkt\/swix-vaska-for-evo-pro-edge-tuner\/#breadcrumb"},"inLanguage":"nb-NO","potentialAction":[{"@type":"ReadAction","target":["https:\/\/beyondx.se\/no\/produkt\/swix-vaska-for-evo-pro-edge-tuner\/"]}]},{"@type":"BreadcrumbList","@id":"https:\/\/beyondx.se\/no\/produkt\/swix-vaska-for-evo-pro-edge-tuner\/#breadcrumb","itemListElement":[{"@type":"ListItem","position":1,"name":"Hem","item":"https:\/\/beyondx.se\/no\/"},{"@type":"ListItem","position":2,"name":"Butik","item":"https:\/\/beyondx.se\/no\/butik\/"},{"@type":"ListItem","position":3,"name":"SWIX V\u00e4ska f\u00f6r EVO Pro Edge Tuner"}]},{"@type":"WebSite","@id":"https:\/\/beyondx.se\/no\/#website","url":"https:\/\/beyondx.se\/no\/","name":"Beyond-X","description":"No Bullshit Ski Wear","publisher":{"@id":"https:\/\/beyondx.se\/no\/#organization"},"potentialAction":[{"@type":"SearchAction","target":{"@type":"EntryPoint","urlTemplate":"https:\/\/beyondx.se\/no\/?s={search_term_string}"},"query-input":"required name=search_term_string"}],"inLanguage":"nb-NO"},{"@type":"Organization","@id":"https:\/\/beyondx.se\/no\/#organization","name":"B-stedt of Sweden AB","url":"https:\/\/beyondx.se\/no\/","logo":{"@type":"ImageObject","inLanguage":"nb-NO","@id":"https:\/\/beyondx.se\/no\/#\/schema\/logo\/image\/","url":"https:\/\/beyondx.se\/wp-content\/uploads\/2023\/08\/bx-logo.svg","contentUrl":"https:\/\/beyondx.se\/wp-content\/uploads\/2023\/08\/bx-logo.svg","width":1,"height":1,"caption":"B-stedt of Sweden AB"},"image":{"@id":"https:\/\/beyondx.se\/no\/#\/schema\/logo\/image\/"}}]}},"_links":{"self":[{"href":"https:\/\/beyondx.se\/no\/wp-json\/wp\/v2\/product\/16052","targetHints":{"allow":["GET"]}}],"collection":[{"href":"https:\/\/beyondx.se\/no\/wp-json\/wp\/v2\/product"}],"about":[{"href":"https:\/\/beyondx.se\/no\/wp-json\/wp\/v2\/types\/product"}],"wp:featuredmedia":[{"embeddable":true,"href":"https:\/\/beyondx.se\/no\/wp-json\/wp\/v2\/media\/20114"}],"wp:attachment":[{"href":"https:\/\/beyondx.se\/no\/wp-json\/wp\/v2\/media?parent=16052"}],"wp:term":[{"taxonomy":"product_cat","embeddable":true,"href":"https:\/\/beyondx.se\/no\/wp-json\/wp\/v2\/product_cat?post=16052"},{"taxonomy":"product_tag","embeddable":true,"href":"https:\/\/beyondx.se\/no\/wp-json\/wp\/v2\/product_tag?post=16052"}],"curies":[{"name":"wp","href":"https:\/\/api.w.org\/{rel}","templated":true}]}}