{"id":16289,"date":"2023-04-21T13:35:31","date_gmt":"2023-04-21T11:35:31","guid":{"rendered":"https:\/\/beta.karlskogawebbyra.se\/beyond\/product\/mask-r36-coach-coat-2bk-2rd-sr-swe761\/"},"modified":"2026-05-02T10:49:41","modified_gmt":"2026-05-02T08:49:41","slug":"mask-r36-coach-coat-2bk-2rd-sr-swe761","status":"publish","type":"product","link":"https:\/\/beyondx.se\/no\/produkt\/mask-r36-coach-coat-2bk-2rd-sr-swe761\/","title":{"rendered":"R36 Tr\u00e4narrock MASK"},"content":{"rendered":"<p>Extra l\u00e5ng tr\u00e4narrock, rymliga br\u00f6stfickor med plats f\u00f6r startlistor, radio, telefon osv. monofonh\u00e5llare, l\u00f6sttagbart foder, ryggficka, 2 sidofickor. Huva kan k\u00f6pas till separat.<br \/>I MASK f\u00e4rger med brodyr p\u00e5 br\u00f6st och rygg.<\/p>\n<p><a href=\"https:\/\/www.beyondx.se\/sv\/storlekstabeller.html\">Os\u00e4ker p\u00e5 storlek? Se v\u00e5r storlekstabell h\u00e4r f\u00f6r skidkl\u00e4der h\u00e4r.<\/a><\/p>\n<p>N\u00e4r kan leverans ske?<\/p>\n<p><strong>Best\u00e4llningsdatum (prelimin\u00e4ra datum)<\/strong><\/p>\n<table style=\"width: 315px\" border=\"0\" cellspacing=\"0\">\n<tbody>\n<tr>\n<td style=\"width: 152px\" width=\"125\"><strong>Deadline<\/strong><\/td>\n<td style=\"width: 163px\" width=\"125\"><strong>Lev. datum<\/strong><\/td>\n<\/tr>\n<tr>\n<td style=\"width: 152px\" bgcolor=\"#c0c0c0\">20 mars<\/td>\n<td style=\"width: 163px\" bgcolor=\"#c0c0c0\">augusti<\/td>\n<\/tr>\n<tr>\n<td style=\"width: 152px\">20 april<\/td>\n<td style=\"width: 163px\">september<\/td>\n<\/tr>\n<tr>\n<td style=\"width: 152px\" bgcolor=\"#c0c0c0\">20 maj<\/td>\n<td style=\"width: 163px\" bgcolor=\"#c0c0c0\">oktober<\/td>\n<\/tr>\n<tr>\n<td style=\"width: 152px\">1 juni<\/td>\n<td style=\"width: 163px\">oktober<\/td>\n<\/tr>\n<tr>\n<td style=\"width: 152px\" bgcolor=\"#c0c0c0\">30 juli<\/td>\n<td style=\"width: 163px\" bgcolor=\"#c0c0c0\">november<\/td>\n<\/tr>\n<tr>\n<td style=\"width: 152px\">10 september<\/td>\n<td style=\"width: 163px\">nov\/dec<\/td>\n<\/tr>\n<tr>\n<td style=\"width: 152px\"><span>12 oktober<\/span><\/td>\n<td style=\"width: 163px\"><span>Possibly Before Christmas<br \/><\/span><\/td>\n<\/tr>\n<tr>\n<td style=\"width: 152px\" bgcolor=\"#c0c0c0\"><span>12 november<\/span><\/td>\n<td style=\"width: 163px\" bgcolor=\"#c0c0c0\"><span>jan\/feb<\/span><\/td>\n<\/tr>\n<tr>\n<td style=\"width: 152px\"><span>5 januari<\/span><\/td>\n<td style=\"width: 163px\"><span>februari<\/span><\/td>\n<\/tr>\n<tr>\n<td style=\"width: 152px\" bgcolor=\"#c0c0c0\"><span>20 januari<\/span><\/td>\n<td style=\"width: 163px\" bgcolor=\"#c0c0c0\"><span>feb\/mars<\/span><\/td>\n<\/tr>\n<\/tbody>\n<\/table>\n","protected":false},"excerpt":{"rendered":"<p>Fullladdad tr&#228;narrock med alla fickor man kan t&#228;nkas beh&#246;va. Uttagbart isoleringsfoder g&#246;r den allround f&#246;r b&#229;de sommar och vinteranv&#228;ndning. Kn&#228;pp p&#229; huva &#228;r tillbeh&#246;r.<\/p><p>Storlek: XXS-XXL.<\/p>","protected":false},"featured_media":30197,"template":"","meta":[],"product_cat":[945,98,124,125],"product_tag":[],"class_list":["post-16289","product","type-product","status-publish","has-post-thumbnail","hentry","product_cat-garments","product_cat-skidklader","product_cat-rockar-ponchos","product_cat-rockar","brands-beyond-x","clubs-malaroarna","fpd-variation-needed"],"yoast_head":"<!-- This site is optimized with the Yoast SEO plugin v21.0 - https:\/\/yoast.com\/wordpress\/plugins\/seo\/ -->\n<title>R36 Tr\u00e4narrock MASK - Beyond-X<\/title>\n<meta name=\"robots\" content=\"index, follow, max-snippet:-1, max-image-preview:large, max-video-preview:-1\" \/>\n<link rel=\"canonical\" href=\"https:\/\/beyondx.se\/no\/produkt\/mask-r36-coach-coat-2bk-2rd-sr-swe761\/\" \/>\n<meta property=\"og:locale\" content=\"nb_NO\" \/>\n<meta property=\"og:type\" content=\"article\" \/>\n<meta property=\"og:title\" content=\"R36 Tr\u00e4narrock MASK - Beyond-X\" \/>\n<meta property=\"og:description\" content=\"Fullladdad tr&#228;narrock med alla fickor man kan t&#228;nkas beh&#246;va. Uttagbart isoleringsfoder g&#246;r den allround f&#246;r b&#229;de sommar och vinteranv&#228;ndning. Kn&#228;pp p&#229; huva &#228;r tillbeh&#246;r.Storlek: XXS-XXL.\" \/>\n<meta property=\"og:url\" content=\"https:\/\/beyondx.se\/no\/produkt\/mask-r36-coach-coat-2bk-2rd-sr-swe761\/\" \/>\n<meta property=\"og:site_name\" content=\"Beyond-X\" \/>\n<meta property=\"article:modified_time\" content=\"2026-05-02T08:49:41+00:00\" \/>\n<meta property=\"og:image\" content=\"https:\/\/beyondx.se\/wp-content\/uploads\/2023\/09\/BXC1412-35_1.jpg\" \/>\n\t<meta property=\"og:image:width\" content=\"800\" \/>\n\t<meta property=\"og:image:height\" content=\"800\" \/>\n\t<meta property=\"og:image:type\" content=\"image\/jpeg\" \/>\n<meta name=\"twitter:card\" content=\"summary_large_image\" \/>\n<script type=\"application\/ld+json\" class=\"yoast-schema-graph\">{\"@context\":\"https:\/\/schema.org\",\"@graph\":[{\"@type\":\"WebPage\",\"@id\":\"https:\/\/beyondx.se\/no\/produkt\/mask-r36-coach-coat-2bk-2rd-sr-swe761\/\",\"url\":\"https:\/\/beyondx.se\/no\/produkt\/mask-r36-coach-coat-2bk-2rd-sr-swe761\/\",\"name\":\"R36 Tr\u00e4narrock MASK - Beyond-X\",\"isPartOf\":{\"@id\":\"https:\/\/beyondx.se\/no\/#website\"},\"datePublished\":\"2023-04-21T11:35:31+00:00\",\"dateModified\":\"2026-05-02T08:49:41+00:00\",\"breadcrumb\":{\"@id\":\"https:\/\/beyondx.se\/no\/produkt\/mask-r36-coach-coat-2bk-2rd-sr-swe761\/#breadcrumb\"},\"inLanguage\":\"nb-NO\",\"potentialAction\":[{\"@type\":\"ReadAction\",\"target\":[\"https:\/\/beyondx.se\/no\/produkt\/mask-r36-coach-coat-2bk-2rd-sr-swe761\/\"]}]},{\"@type\":\"BreadcrumbList\",\"@id\":\"https:\/\/beyondx.se\/no\/produkt\/mask-r36-coach-coat-2bk-2rd-sr-swe761\/#breadcrumb\",\"itemListElement\":[{\"@type\":\"ListItem\",\"position\":1,\"name\":\"Hem\",\"item\":\"https:\/\/beyondx.se\/no\/\"},{\"@type\":\"ListItem\",\"position\":2,\"name\":\"Butik\",\"item\":\"https:\/\/beyondx.se\/no\/butik\/\"},{\"@type\":\"ListItem\",\"position\":3,\"name\":\"R36 Tr\u00e4narrock MASK\"}]},{\"@type\":\"WebSite\",\"@id\":\"https:\/\/beyondx.se\/no\/#website\",\"url\":\"https:\/\/beyondx.se\/no\/\",\"name\":\"Beyond-X\",\"description\":\"No Bullshit Ski Wear\",\"publisher\":{\"@id\":\"https:\/\/beyondx.se\/no\/#organization\"},\"potentialAction\":[{\"@type\":\"SearchAction\",\"target\":{\"@type\":\"EntryPoint\",\"urlTemplate\":\"https:\/\/beyondx.se\/no\/?s={search_term_string}\"},\"query-input\":\"required name=search_term_string\"}],\"inLanguage\":\"nb-NO\"},{\"@type\":\"Organization\",\"@id\":\"https:\/\/beyondx.se\/no\/#organization\",\"name\":\"B-stedt of Sweden AB\",\"url\":\"https:\/\/beyondx.se\/no\/\",\"logo\":{\"@type\":\"ImageObject\",\"inLanguage\":\"nb-NO\",\"@id\":\"https:\/\/beyondx.se\/no\/#\/schema\/logo\/image\/\",\"url\":\"https:\/\/beyondx.se\/wp-content\/uploads\/2023\/08\/bx-logo.svg\",\"contentUrl\":\"https:\/\/beyondx.se\/wp-content\/uploads\/2023\/08\/bx-logo.svg\",\"width\":1,\"height\":1,\"caption\":\"B-stedt of Sweden AB\"},\"image\":{\"@id\":\"https:\/\/beyondx.se\/no\/#\/schema\/logo\/image\/\"}}]}<\/script>\n<!-- \/ Yoast SEO plugin. -->","yoast_head_json":{"title":"R36 Tr\u00e4narrock MASK - Beyond-X","robots":{"index":"index","follow":"follow","max-snippet":"max-snippet:-1","max-image-preview":"max-image-preview:large","max-video-preview":"max-video-preview:-1"},"canonical":"https:\/\/beyondx.se\/no\/produkt\/mask-r36-coach-coat-2bk-2rd-sr-swe761\/","og_locale":"nb_NO","og_type":"article","og_title":"R36 Tr\u00e4narrock MASK - Beyond-X","og_description":"Fullladdad tr&#228;narrock med alla fickor man kan t&#228;nkas beh&#246;va. Uttagbart isoleringsfoder g&#246;r den allround f&#246;r b&#229;de sommar och vinteranv&#228;ndning. Kn&#228;pp p&#229; huva &#228;r tillbeh&#246;r.Storlek: XXS-XXL.","og_url":"https:\/\/beyondx.se\/no\/produkt\/mask-r36-coach-coat-2bk-2rd-sr-swe761\/","og_site_name":"Beyond-X","article_modified_time":"2026-05-02T08:49:41+00:00","og_image":[{"width":800,"height":800,"url":"https:\/\/beyondx.se\/wp-content\/uploads\/2023\/09\/BXC1412-35_1.jpg","type":"image\/jpeg"}],"twitter_card":"summary_large_image","schema":{"@context":"https:\/\/schema.org","@graph":[{"@type":"WebPage","@id":"https:\/\/beyondx.se\/no\/produkt\/mask-r36-coach-coat-2bk-2rd-sr-swe761\/","url":"https:\/\/beyondx.se\/no\/produkt\/mask-r36-coach-coat-2bk-2rd-sr-swe761\/","name":"R36 Tr\u00e4narrock MASK - Beyond-X","isPartOf":{"@id":"https:\/\/beyondx.se\/no\/#website"},"datePublished":"2023-04-21T11:35:31+00:00","dateModified":"2026-05-02T08:49:41+00:00","breadcrumb":{"@id":"https:\/\/beyondx.se\/no\/produkt\/mask-r36-coach-coat-2bk-2rd-sr-swe761\/#breadcrumb"},"inLanguage":"nb-NO","potentialAction":[{"@type":"ReadAction","target":["https:\/\/beyondx.se\/no\/produkt\/mask-r36-coach-coat-2bk-2rd-sr-swe761\/"]}]},{"@type":"BreadcrumbList","@id":"https:\/\/beyondx.se\/no\/produkt\/mask-r36-coach-coat-2bk-2rd-sr-swe761\/#breadcrumb","itemListElement":[{"@type":"ListItem","position":1,"name":"Hem","item":"https:\/\/beyondx.se\/no\/"},{"@type":"ListItem","position":2,"name":"Butik","item":"https:\/\/beyondx.se\/no\/butik\/"},{"@type":"ListItem","position":3,"name":"R36 Tr\u00e4narrock MASK"}]},{"@type":"WebSite","@id":"https:\/\/beyondx.se\/no\/#website","url":"https:\/\/beyondx.se\/no\/","name":"Beyond-X","description":"No Bullshit Ski Wear","publisher":{"@id":"https:\/\/beyondx.se\/no\/#organization"},"potentialAction":[{"@type":"SearchAction","target":{"@type":"EntryPoint","urlTemplate":"https:\/\/beyondx.se\/no\/?s={search_term_string}"},"query-input":"required name=search_term_string"}],"inLanguage":"nb-NO"},{"@type":"Organization","@id":"https:\/\/beyondx.se\/no\/#organization","name":"B-stedt of Sweden AB","url":"https:\/\/beyondx.se\/no\/","logo":{"@type":"ImageObject","inLanguage":"nb-NO","@id":"https:\/\/beyondx.se\/no\/#\/schema\/logo\/image\/","url":"https:\/\/beyondx.se\/wp-content\/uploads\/2023\/08\/bx-logo.svg","contentUrl":"https:\/\/beyondx.se\/wp-content\/uploads\/2023\/08\/bx-logo.svg","width":1,"height":1,"caption":"B-stedt of Sweden AB"},"image":{"@id":"https:\/\/beyondx.se\/no\/#\/schema\/logo\/image\/"}}]}},"_links":{"self":[{"href":"https:\/\/beyondx.se\/no\/wp-json\/wp\/v2\/product\/16289","targetHints":{"allow":["GET"]}}],"collection":[{"href":"https:\/\/beyondx.se\/no\/wp-json\/wp\/v2\/product"}],"about":[{"href":"https:\/\/beyondx.se\/no\/wp-json\/wp\/v2\/types\/product"}],"wp:featuredmedia":[{"embeddable":true,"href":"https:\/\/beyondx.se\/no\/wp-json\/wp\/v2\/media\/30197"}],"wp:attachment":[{"href":"https:\/\/beyondx.se\/no\/wp-json\/wp\/v2\/media?parent=16289"}],"wp:term":[{"taxonomy":"product_cat","embeddable":true,"href":"https:\/\/beyondx.se\/no\/wp-json\/wp\/v2\/product_cat?post=16289"},{"taxonomy":"product_tag","embeddable":true,"href":"https:\/\/beyondx.se\/no\/wp-json\/wp\/v2\/product_tag?post=16289"}],"curies":[{"name":"wp","href":"https:\/\/api.w.org\/{rel}","templated":true}]}}