{"id":16298,"date":"2023-04-21T13:35:37","date_gmt":"2023-04-21T11:35:37","guid":{"rendered":"https:\/\/beta.karlskogawebbyra.se\/beyond\/product\/mask-r37-storm-coat-2bk-2bk-swe761\/"},"modified":"2026-04-25T10:39:05","modified_gmt":"2026-04-25T08:39:05","slug":"mask-r37-storm-coat-2bk-2bk-swe761","status":"publish","type":"product","link":"https:\/\/beyondx.se\/no\/produkt\/mask-r37-storm-coat-2bk-2bk-swe761\/","title":{"rendered":"MASK Long storm coat"},"content":{"rendered":"<p>Stormrock utan isolering, rymliga br\u00f6stfickor med\u00a0plats f\u00f6r startlistor, radio, telefon osv. monofonh\u00e5llare. 2 sidofickor fast huva. Kan kn\u00e4ppas upp till parkas. Oversize i storlekar s\u00e5 man f\u00e5r plats med v\u00e4rmande jacka under.<br \/>I MASK f\u00e4rger med brodyr p\u00e5 br\u00f6st och rygg.<\/p>\n<p><a href=\"https:\/\/www.beyondx.se\/sv\/storlekstabeller.html\">Os\u00e4ker p\u00e5 storlek? Se v\u00e5r storlekstabell h\u00e4r f\u00f6r skidkl\u00e4der h\u00e4r.<\/a><\/p>\n<p>N\u00e4r kan leverans ske?<\/p>\n<p><strong>Best\u00e4llningsdatum (prelimin\u00e4ra datum)<\/strong><\/p>\n<table style=\"width: 315px\" border=\"0\" cellspacing=\"0\">\n<tbody>\n<tr>\n<td style=\"width: 152px\" width=\"125\"><strong>Deadline<\/strong><\/td>\n<td style=\"width: 163px\" width=\"125\"><strong>Lev. datum<\/strong><\/td>\n<\/tr>\n<tr>\n<td style=\"width: 152px\" bgcolor=\"#c0c0c0\">20 mars<\/td>\n<td style=\"width: 163px\" bgcolor=\"#c0c0c0\">augusti<\/td>\n<\/tr>\n<tr>\n<td style=\"width: 152px\">20 april<\/td>\n<td style=\"width: 163px\">september<\/td>\n<\/tr>\n<tr>\n<td style=\"width: 152px\" bgcolor=\"#c0c0c0\">20 maj<\/td>\n<td style=\"width: 163px\" bgcolor=\"#c0c0c0\">oktober<\/td>\n<\/tr>\n<tr>\n<td style=\"width: 152px\">1 juni<\/td>\n<td style=\"width: 163px\">oktober<\/td>\n<\/tr>\n<tr>\n<td style=\"width: 152px\" bgcolor=\"#c0c0c0\">30 juli<\/td>\n<td style=\"width: 163px\" bgcolor=\"#c0c0c0\">november<\/td>\n<\/tr>\n<tr>\n<td style=\"width: 152px\">10 september<\/td>\n<td style=\"width: 163px\">nov\/dec<\/td>\n<\/tr>\n<tr>\n<td style=\"width: 152px\"><span>12 oktober<\/span><\/td>\n<td style=\"width: 163px\"><span>Possibly Before Christmas<br \/><\/span><\/td>\n<\/tr>\n<tr>\n<td style=\"width: 152px\" bgcolor=\"#c0c0c0\"><span>12 november<\/span><\/td>\n<td style=\"width: 163px\" bgcolor=\"#c0c0c0\"><span>jan\/feb<\/span><\/td>\n<\/tr>\n<tr>\n<td style=\"width: 152px\"><span>5 januari<\/span><\/td>\n<td style=\"width: 163px\"><span>februari<\/span><\/td>\n<\/tr>\n<tr>\n<td style=\"width: 152px\" bgcolor=\"#c0c0c0\"><span>20 januari<\/span><\/td>\n<td style=\"width: 163px\" bgcolor=\"#c0c0c0\"><span>feb\/mars<\/span><\/td>\n<\/tr>\n<\/tbody>\n<\/table>\n","protected":false},"excerpt":{"rendered":"Stormrock utan isolering, rymliga br\u00f6stfickor med\u00a0plats f\u00f6r startlistor, radio, telefon osv. monofonh\u00e5llare. 2 sidofickor fast huva. Kan kn\u00e4ppas upp till parkas. Oversize i storlekar s\u00e5 man f\u00e5r plats med v\u00e4rmande jacka under.I MASK f\u00e4rger med brodyr p\u00e5 br\u00f6st och rygg. Os\u00e4ker p\u00e5 storlek? Se v\u00e5r storlekstabell h\u00e4r f\u00f6r skidkl\u00e4der h\u00e4r. N\u00e4r kan leverans ske? Best\u00e4llningsdatum&#8230; <a class=\"view-article\" href=\"https:\/\/beyondx.se\/no\/produkt\/mask-r37-storm-coat-2bk-2bk-swe761\/\">View Article<\/a>","protected":false},"featured_media":30199,"template":"","meta":[],"product_cat":[125],"product_tag":[],"class_list":["post-16298","product","type-product","status-publish","has-post-thumbnail","hentry","product_cat-rockar","brands-beyond-x","clubs-malaroarna","fpd-variation-needed"],"yoast_head":"<!-- This site is optimized with the Yoast SEO plugin v21.0 - https:\/\/yoast.com\/wordpress\/plugins\/seo\/ -->\n<title>MASK Long storm coat - Beyond-X<\/title>\n<meta name=\"robots\" content=\"index, follow, max-snippet:-1, max-image-preview:large, max-video-preview:-1\" \/>\n<link rel=\"canonical\" href=\"https:\/\/beyondx.se\/no\/produkt\/mask-r37-storm-coat-2bk-2bk-swe761\/\" \/>\n<meta property=\"og:locale\" content=\"nb_NO\" \/>\n<meta property=\"og:type\" content=\"article\" \/>\n<meta property=\"og:title\" content=\"MASK Long storm coat - Beyond-X\" \/>\n<meta property=\"og:description\" content=\"Stormrock utan isolering, rymliga br\u00f6stfickor med\u00a0plats f\u00f6r startlistor, radio, telefon osv. monofonh\u00e5llare. 2 sidofickor fast huva. Kan kn\u00e4ppas upp till parkas. Oversize i storlekar s\u00e5 man f\u00e5r plats med v\u00e4rmande jacka under.I MASK f\u00e4rger med brodyr p\u00e5 br\u00f6st och rygg. Os\u00e4ker p\u00e5 storlek? Se v\u00e5r storlekstabell h\u00e4r f\u00f6r skidkl\u00e4der h\u00e4r. N\u00e4r kan leverans ske? Best\u00e4llningsdatum... View Article\" \/>\n<meta property=\"og:url\" content=\"https:\/\/beyondx.se\/no\/produkt\/mask-r37-storm-coat-2bk-2bk-swe761\/\" \/>\n<meta property=\"og:site_name\" content=\"Beyond-X\" \/>\n<meta property=\"article:modified_time\" content=\"2026-04-25T08:39:05+00:00\" \/>\n<meta property=\"og:image\" content=\"https:\/\/beyondx.se\/wp-content\/uploads\/2023\/09\/BXC1413-25_1.jpg\" \/>\n\t<meta property=\"og:image:width\" content=\"800\" \/>\n\t<meta property=\"og:image:height\" content=\"800\" \/>\n\t<meta property=\"og:image:type\" content=\"image\/jpeg\" \/>\n<meta name=\"twitter:card\" content=\"summary_large_image\" \/>\n<script type=\"application\/ld+json\" class=\"yoast-schema-graph\">{\"@context\":\"https:\/\/schema.org\",\"@graph\":[{\"@type\":\"WebPage\",\"@id\":\"https:\/\/beyondx.se\/no\/produkt\/mask-r37-storm-coat-2bk-2bk-swe761\/\",\"url\":\"https:\/\/beyondx.se\/no\/produkt\/mask-r37-storm-coat-2bk-2bk-swe761\/\",\"name\":\"MASK Long storm coat - Beyond-X\",\"isPartOf\":{\"@id\":\"https:\/\/beyondx.se\/no\/#website\"},\"datePublished\":\"2023-04-21T11:35:37+00:00\",\"dateModified\":\"2026-04-25T08:39:05+00:00\",\"breadcrumb\":{\"@id\":\"https:\/\/beyondx.se\/no\/produkt\/mask-r37-storm-coat-2bk-2bk-swe761\/#breadcrumb\"},\"inLanguage\":\"nb-NO\",\"potentialAction\":[{\"@type\":\"ReadAction\",\"target\":[\"https:\/\/beyondx.se\/no\/produkt\/mask-r37-storm-coat-2bk-2bk-swe761\/\"]}]},{\"@type\":\"BreadcrumbList\",\"@id\":\"https:\/\/beyondx.se\/no\/produkt\/mask-r37-storm-coat-2bk-2bk-swe761\/#breadcrumb\",\"itemListElement\":[{\"@type\":\"ListItem\",\"position\":1,\"name\":\"Hem\",\"item\":\"https:\/\/beyondx.se\/no\/\"},{\"@type\":\"ListItem\",\"position\":2,\"name\":\"Butik\",\"item\":\"https:\/\/beyondx.se\/no\/butik\/\"},{\"@type\":\"ListItem\",\"position\":3,\"name\":\"MASK Long storm coat\"}]},{\"@type\":\"WebSite\",\"@id\":\"https:\/\/beyondx.se\/no\/#website\",\"url\":\"https:\/\/beyondx.se\/no\/\",\"name\":\"Beyond-X\",\"description\":\"No Bullshit Ski Wear\",\"publisher\":{\"@id\":\"https:\/\/beyondx.se\/no\/#organization\"},\"potentialAction\":[{\"@type\":\"SearchAction\",\"target\":{\"@type\":\"EntryPoint\",\"urlTemplate\":\"https:\/\/beyondx.se\/no\/?s={search_term_string}\"},\"query-input\":\"required name=search_term_string\"}],\"inLanguage\":\"nb-NO\"},{\"@type\":\"Organization\",\"@id\":\"https:\/\/beyondx.se\/no\/#organization\",\"name\":\"B-stedt of Sweden AB\",\"url\":\"https:\/\/beyondx.se\/no\/\",\"logo\":{\"@type\":\"ImageObject\",\"inLanguage\":\"nb-NO\",\"@id\":\"https:\/\/beyondx.se\/no\/#\/schema\/logo\/image\/\",\"url\":\"https:\/\/beyondx.se\/wp-content\/uploads\/2023\/08\/bx-logo.svg\",\"contentUrl\":\"https:\/\/beyondx.se\/wp-content\/uploads\/2023\/08\/bx-logo.svg\",\"width\":1,\"height\":1,\"caption\":\"B-stedt of Sweden AB\"},\"image\":{\"@id\":\"https:\/\/beyondx.se\/no\/#\/schema\/logo\/image\/\"}}]}<\/script>\n<!-- \/ Yoast SEO plugin. -->","yoast_head_json":{"title":"MASK Long storm coat - Beyond-X","robots":{"index":"index","follow":"follow","max-snippet":"max-snippet:-1","max-image-preview":"max-image-preview:large","max-video-preview":"max-video-preview:-1"},"canonical":"https:\/\/beyondx.se\/no\/produkt\/mask-r37-storm-coat-2bk-2bk-swe761\/","og_locale":"nb_NO","og_type":"article","og_title":"MASK Long storm coat - Beyond-X","og_description":"Stormrock utan isolering, rymliga br\u00f6stfickor med\u00a0plats f\u00f6r startlistor, radio, telefon osv. monofonh\u00e5llare. 2 sidofickor fast huva. Kan kn\u00e4ppas upp till parkas. Oversize i storlekar s\u00e5 man f\u00e5r plats med v\u00e4rmande jacka under.I MASK f\u00e4rger med brodyr p\u00e5 br\u00f6st och rygg. Os\u00e4ker p\u00e5 storlek? Se v\u00e5r storlekstabell h\u00e4r f\u00f6r skidkl\u00e4der h\u00e4r. N\u00e4r kan leverans ske? Best\u00e4llningsdatum... View Article","og_url":"https:\/\/beyondx.se\/no\/produkt\/mask-r37-storm-coat-2bk-2bk-swe761\/","og_site_name":"Beyond-X","article_modified_time":"2026-04-25T08:39:05+00:00","og_image":[{"width":800,"height":800,"url":"https:\/\/beyondx.se\/wp-content\/uploads\/2023\/09\/BXC1413-25_1.jpg","type":"image\/jpeg"}],"twitter_card":"summary_large_image","schema":{"@context":"https:\/\/schema.org","@graph":[{"@type":"WebPage","@id":"https:\/\/beyondx.se\/no\/produkt\/mask-r37-storm-coat-2bk-2bk-swe761\/","url":"https:\/\/beyondx.se\/no\/produkt\/mask-r37-storm-coat-2bk-2bk-swe761\/","name":"MASK Long storm coat - Beyond-X","isPartOf":{"@id":"https:\/\/beyondx.se\/no\/#website"},"datePublished":"2023-04-21T11:35:37+00:00","dateModified":"2026-04-25T08:39:05+00:00","breadcrumb":{"@id":"https:\/\/beyondx.se\/no\/produkt\/mask-r37-storm-coat-2bk-2bk-swe761\/#breadcrumb"},"inLanguage":"nb-NO","potentialAction":[{"@type":"ReadAction","target":["https:\/\/beyondx.se\/no\/produkt\/mask-r37-storm-coat-2bk-2bk-swe761\/"]}]},{"@type":"BreadcrumbList","@id":"https:\/\/beyondx.se\/no\/produkt\/mask-r37-storm-coat-2bk-2bk-swe761\/#breadcrumb","itemListElement":[{"@type":"ListItem","position":1,"name":"Hem","item":"https:\/\/beyondx.se\/no\/"},{"@type":"ListItem","position":2,"name":"Butik","item":"https:\/\/beyondx.se\/no\/butik\/"},{"@type":"ListItem","position":3,"name":"MASK Long storm coat"}]},{"@type":"WebSite","@id":"https:\/\/beyondx.se\/no\/#website","url":"https:\/\/beyondx.se\/no\/","name":"Beyond-X","description":"No Bullshit Ski Wear","publisher":{"@id":"https:\/\/beyondx.se\/no\/#organization"},"potentialAction":[{"@type":"SearchAction","target":{"@type":"EntryPoint","urlTemplate":"https:\/\/beyondx.se\/no\/?s={search_term_string}"},"query-input":"required name=search_term_string"}],"inLanguage":"nb-NO"},{"@type":"Organization","@id":"https:\/\/beyondx.se\/no\/#organization","name":"B-stedt of Sweden AB","url":"https:\/\/beyondx.se\/no\/","logo":{"@type":"ImageObject","inLanguage":"nb-NO","@id":"https:\/\/beyondx.se\/no\/#\/schema\/logo\/image\/","url":"https:\/\/beyondx.se\/wp-content\/uploads\/2023\/08\/bx-logo.svg","contentUrl":"https:\/\/beyondx.se\/wp-content\/uploads\/2023\/08\/bx-logo.svg","width":1,"height":1,"caption":"B-stedt of Sweden AB"},"image":{"@id":"https:\/\/beyondx.se\/no\/#\/schema\/logo\/image\/"}}]}},"_links":{"self":[{"href":"https:\/\/beyondx.se\/no\/wp-json\/wp\/v2\/product\/16298","targetHints":{"allow":["GET"]}}],"collection":[{"href":"https:\/\/beyondx.se\/no\/wp-json\/wp\/v2\/product"}],"about":[{"href":"https:\/\/beyondx.se\/no\/wp-json\/wp\/v2\/types\/product"}],"wp:featuredmedia":[{"embeddable":true,"href":"https:\/\/beyondx.se\/no\/wp-json\/wp\/v2\/media\/30199"}],"wp:attachment":[{"href":"https:\/\/beyondx.se\/no\/wp-json\/wp\/v2\/media?parent=16298"}],"wp:term":[{"taxonomy":"product_cat","embeddable":true,"href":"https:\/\/beyondx.se\/no\/wp-json\/wp\/v2\/product_cat?post=16298"},{"taxonomy":"product_tag","embeddable":true,"href":"https:\/\/beyondx.se\/no\/wp-json\/wp\/v2\/product_tag?post=16298"}],"curies":[{"name":"wp","href":"https:\/\/api.w.org\/{rel}","templated":true}]}}