{"id":16654,"date":"2023-04-21T13:46:43","date_gmt":"2023-04-21T11:46:43","guid":{"rendered":"https:\/\/beta.karlskogawebbyra.se\/beyond\/product\/fun35-svanghjalpmedel\/"},"modified":"2026-04-26T06:14:10","modified_gmt":"2026-04-26T04:14:10","slug":"fun35-svanghjalpmedel","status":"publish","type":"product","link":"https:\/\/beyondx.se\/no\/produkt\/fun35-svanghjalpmedel\/","title":{"rendered":"Kids Stump turning aid 15x80cm, digitally printed (no pole)"},"content":{"rendered":"","protected":false},"excerpt":{"rendered":"#FUN35 Sv\u00e4nghj\u00e4lpmedel i cylider form med diameter 35cm och h\u00f6jd 80cm.\r\nEtt enkelt och roligt inslag i barnomr\u00e5det. P\u00e5 undersidan finns ett \u00f6gla f\u00f6 att kunna b\u00e4ra flera figurer samtigit och h\u00e4nga upp vid f\u00f6rvaring.\r\nKan monteras med PC60, PC60W eller 40cm Kortk\u00e4pp.\r\nFodral kan tas av och tv\u00e4ttas i 40 grader maskintv\u00e4tt eller bytas ut.","protected":false},"featured_media":19704,"template":"","meta":[],"product_cat":[148,161,196],"product_tag":[],"class_list":["post-16654","product","type-product","status-publish","has-post-thumbnail","hentry","product_cat-skidanlaggning","product_cat-lekland","product_cat-funski","brands-beyond-x","fpd-variation-needed"],"yoast_head":"<!-- This site is optimized with the Yoast SEO plugin v21.0 - https:\/\/yoast.com\/wordpress\/plugins\/seo\/ -->\n<title>Kids Stump turning aid 15x80cm, digitally printed (no pole) - Beyond-X<\/title>\n<meta name=\"robots\" content=\"index, follow, max-snippet:-1, max-image-preview:large, max-video-preview:-1\" \/>\n<link rel=\"canonical\" href=\"https:\/\/beyondx.se\/no\/produkt\/fun35-svanghjalpmedel\/\" \/>\n<meta property=\"og:locale\" content=\"nb_NO\" \/>\n<meta property=\"og:type\" content=\"article\" \/>\n<meta property=\"og:title\" content=\"Kids Stump turning aid 15x80cm, digitally printed (no pole) - Beyond-X\" \/>\n<meta property=\"og:description\" content=\"#FUN35 Sv\u00e4nghj\u00e4lpmedel i cylider form med diameter 35cm och h\u00f6jd 80cm. Ett enkelt och roligt inslag i barnomr\u00e5det. P\u00e5 undersidan finns ett \u00f6gla f\u00f6 att kunna b\u00e4ra flera figurer samtigit och h\u00e4nga upp vid f\u00f6rvaring. Kan monteras med PC60, PC60W eller 40cm Kortk\u00e4pp. Fodral kan tas av och tv\u00e4ttas i 40 grader maskintv\u00e4tt eller bytas ut.\" \/>\n<meta property=\"og:url\" content=\"https:\/\/beyondx.se\/no\/produkt\/fun35-svanghjalpmedel\/\" \/>\n<meta property=\"og:site_name\" content=\"Beyond-X\" \/>\n<meta property=\"article:modified_time\" content=\"2026-04-26T04:14:10+00:00\" \/>\n<meta property=\"og:image\" content=\"https:\/\/beyondx.se\/wp-content\/uploads\/2023\/06\/FUN35_1.gif\" \/>\n\t<meta property=\"og:image:width\" content=\"784\" \/>\n\t<meta property=\"og:image:height\" content=\"800\" \/>\n\t<meta property=\"og:image:type\" content=\"image\/gif\" \/>\n<meta name=\"twitter:card\" content=\"summary_large_image\" \/>\n<script type=\"application\/ld+json\" class=\"yoast-schema-graph\">{\"@context\":\"https:\/\/schema.org\",\"@graph\":[{\"@type\":\"WebPage\",\"@id\":\"https:\/\/beyondx.se\/no\/produkt\/fun35-svanghjalpmedel\/\",\"url\":\"https:\/\/beyondx.se\/no\/produkt\/fun35-svanghjalpmedel\/\",\"name\":\"Kids Stump turning aid 15x80cm, digitally printed (no pole) - Beyond-X\",\"isPartOf\":{\"@id\":\"https:\/\/beyondx.se\/no\/#website\"},\"datePublished\":\"2023-04-21T11:46:43+00:00\",\"dateModified\":\"2026-04-26T04:14:10+00:00\",\"breadcrumb\":{\"@id\":\"https:\/\/beyondx.se\/no\/produkt\/fun35-svanghjalpmedel\/#breadcrumb\"},\"inLanguage\":\"nb-NO\",\"potentialAction\":[{\"@type\":\"ReadAction\",\"target\":[\"https:\/\/beyondx.se\/no\/produkt\/fun35-svanghjalpmedel\/\"]}]},{\"@type\":\"BreadcrumbList\",\"@id\":\"https:\/\/beyondx.se\/no\/produkt\/fun35-svanghjalpmedel\/#breadcrumb\",\"itemListElement\":[{\"@type\":\"ListItem\",\"position\":1,\"name\":\"Hem\",\"item\":\"https:\/\/beyondx.se\/no\/\"},{\"@type\":\"ListItem\",\"position\":2,\"name\":\"Butik\",\"item\":\"https:\/\/beyondx.se\/no\/butik\/\"},{\"@type\":\"ListItem\",\"position\":3,\"name\":\"Kids Stump turning aid 15x80cm, digitally printed (no pole)\"}]},{\"@type\":\"WebSite\",\"@id\":\"https:\/\/beyondx.se\/no\/#website\",\"url\":\"https:\/\/beyondx.se\/no\/\",\"name\":\"Beyond-X\",\"description\":\"No Bullshit Ski Wear\",\"publisher\":{\"@id\":\"https:\/\/beyondx.se\/no\/#organization\"},\"potentialAction\":[{\"@type\":\"SearchAction\",\"target\":{\"@type\":\"EntryPoint\",\"urlTemplate\":\"https:\/\/beyondx.se\/no\/?s={search_term_string}\"},\"query-input\":\"required name=search_term_string\"}],\"inLanguage\":\"nb-NO\"},{\"@type\":\"Organization\",\"@id\":\"https:\/\/beyondx.se\/no\/#organization\",\"name\":\"B-stedt of Sweden AB\",\"url\":\"https:\/\/beyondx.se\/no\/\",\"logo\":{\"@type\":\"ImageObject\",\"inLanguage\":\"nb-NO\",\"@id\":\"https:\/\/beyondx.se\/no\/#\/schema\/logo\/image\/\",\"url\":\"https:\/\/beyondx.se\/wp-content\/uploads\/2023\/08\/bx-logo.svg\",\"contentUrl\":\"https:\/\/beyondx.se\/wp-content\/uploads\/2023\/08\/bx-logo.svg\",\"width\":1,\"height\":1,\"caption\":\"B-stedt of Sweden AB\"},\"image\":{\"@id\":\"https:\/\/beyondx.se\/no\/#\/schema\/logo\/image\/\"}}]}<\/script>\n<!-- \/ Yoast SEO plugin. -->","yoast_head_json":{"title":"Kids Stump turning aid 15x80cm, digitally printed (no pole) - Beyond-X","robots":{"index":"index","follow":"follow","max-snippet":"max-snippet:-1","max-image-preview":"max-image-preview:large","max-video-preview":"max-video-preview:-1"},"canonical":"https:\/\/beyondx.se\/no\/produkt\/fun35-svanghjalpmedel\/","og_locale":"nb_NO","og_type":"article","og_title":"Kids Stump turning aid 15x80cm, digitally printed (no pole) - Beyond-X","og_description":"#FUN35 Sv\u00e4nghj\u00e4lpmedel i cylider form med diameter 35cm och h\u00f6jd 80cm. Ett enkelt och roligt inslag i barnomr\u00e5det. P\u00e5 undersidan finns ett \u00f6gla f\u00f6 att kunna b\u00e4ra flera figurer samtigit och h\u00e4nga upp vid f\u00f6rvaring. Kan monteras med PC60, PC60W eller 40cm Kortk\u00e4pp. Fodral kan tas av och tv\u00e4ttas i 40 grader maskintv\u00e4tt eller bytas ut.","og_url":"https:\/\/beyondx.se\/no\/produkt\/fun35-svanghjalpmedel\/","og_site_name":"Beyond-X","article_modified_time":"2026-04-26T04:14:10+00:00","og_image":[{"width":784,"height":800,"url":"https:\/\/beyondx.se\/wp-content\/uploads\/2023\/06\/FUN35_1.gif","type":"image\/gif"}],"twitter_card":"summary_large_image","schema":{"@context":"https:\/\/schema.org","@graph":[{"@type":"WebPage","@id":"https:\/\/beyondx.se\/no\/produkt\/fun35-svanghjalpmedel\/","url":"https:\/\/beyondx.se\/no\/produkt\/fun35-svanghjalpmedel\/","name":"Kids Stump turning aid 15x80cm, digitally printed (no pole) - Beyond-X","isPartOf":{"@id":"https:\/\/beyondx.se\/no\/#website"},"datePublished":"2023-04-21T11:46:43+00:00","dateModified":"2026-04-26T04:14:10+00:00","breadcrumb":{"@id":"https:\/\/beyondx.se\/no\/produkt\/fun35-svanghjalpmedel\/#breadcrumb"},"inLanguage":"nb-NO","potentialAction":[{"@type":"ReadAction","target":["https:\/\/beyondx.se\/no\/produkt\/fun35-svanghjalpmedel\/"]}]},{"@type":"BreadcrumbList","@id":"https:\/\/beyondx.se\/no\/produkt\/fun35-svanghjalpmedel\/#breadcrumb","itemListElement":[{"@type":"ListItem","position":1,"name":"Hem","item":"https:\/\/beyondx.se\/no\/"},{"@type":"ListItem","position":2,"name":"Butik","item":"https:\/\/beyondx.se\/no\/butik\/"},{"@type":"ListItem","position":3,"name":"Kids Stump turning aid 15x80cm, digitally printed (no pole)"}]},{"@type":"WebSite","@id":"https:\/\/beyondx.se\/no\/#website","url":"https:\/\/beyondx.se\/no\/","name":"Beyond-X","description":"No Bullshit Ski Wear","publisher":{"@id":"https:\/\/beyondx.se\/no\/#organization"},"potentialAction":[{"@type":"SearchAction","target":{"@type":"EntryPoint","urlTemplate":"https:\/\/beyondx.se\/no\/?s={search_term_string}"},"query-input":"required name=search_term_string"}],"inLanguage":"nb-NO"},{"@type":"Organization","@id":"https:\/\/beyondx.se\/no\/#organization","name":"B-stedt of Sweden AB","url":"https:\/\/beyondx.se\/no\/","logo":{"@type":"ImageObject","inLanguage":"nb-NO","@id":"https:\/\/beyondx.se\/no\/#\/schema\/logo\/image\/","url":"https:\/\/beyondx.se\/wp-content\/uploads\/2023\/08\/bx-logo.svg","contentUrl":"https:\/\/beyondx.se\/wp-content\/uploads\/2023\/08\/bx-logo.svg","width":1,"height":1,"caption":"B-stedt of Sweden AB"},"image":{"@id":"https:\/\/beyondx.se\/no\/#\/schema\/logo\/image\/"}}]}},"_links":{"self":[{"href":"https:\/\/beyondx.se\/no\/wp-json\/wp\/v2\/product\/16654","targetHints":{"allow":["GET"]}}],"collection":[{"href":"https:\/\/beyondx.se\/no\/wp-json\/wp\/v2\/product"}],"about":[{"href":"https:\/\/beyondx.se\/no\/wp-json\/wp\/v2\/types\/product"}],"wp:featuredmedia":[{"embeddable":true,"href":"https:\/\/beyondx.se\/no\/wp-json\/wp\/v2\/media\/19704"}],"wp:attachment":[{"href":"https:\/\/beyondx.se\/no\/wp-json\/wp\/v2\/media?parent=16654"}],"wp:term":[{"taxonomy":"product_cat","embeddable":true,"href":"https:\/\/beyondx.se\/no\/wp-json\/wp\/v2\/product_cat?post=16654"},{"taxonomy":"product_tag","embeddable":true,"href":"https:\/\/beyondx.se\/no\/wp-json\/wp\/v2\/product_tag?post=16654"}],"curies":[{"name":"wp","href":"https:\/\/api.w.org\/{rel}","templated":true}]}}