{"id":16801,"date":"2023-04-21T13:47:47","date_gmt":"2023-04-21T11:47:47","guid":{"rendered":"https:\/\/beta.karlskogawebbyra.se\/beyond\/product\/vacuum-cervical-collar-vcc\/"},"modified":"2026-05-05T10:39:30","modified_gmt":"2026-05-05T08:39:30","slug":"vacuum-cervical-collar-vcc","status":"publish","type":"product","link":"https:\/\/beyondx.se\/no\/produkt\/vacuum-cervical-collar-vcc\/","title":{"rendered":"MedTech Vacuum Cervical Collar adult"},"content":{"rendered":"","protected":false},"excerpt":{"rendered":"Vakuumhalskrage med granulat och vakuumsupport som g\u00f6r den stabil. F\u00f6rdel mot traditionella nackkragar \u00e4r att den v\u00e4ldigt smidigt kan fixera nackens position s\u00e5 som den \u00e4r efter olycka. Ger \u00e4ven ett mycket bra skydd mot  kyla. Finns \u00e4ven i modell f\u00f6r barn.    Med Techs unika kanalsystem h\u00e5ller granulatet konstant j\u00e4mnt f\u00f6rdelat. V\u00e4ldigt l\u00e5g vikt och mycket god isolationsf\u00f6rm\u00e5ga. Garanterat vakuumt\u00e4t i 24 timmar!","protected":false},"featured_media":19789,"template":"","meta":[],"product_cat":[148,219,226],"product_tag":[],"class_list":["post-16801","product","type-product","status-publish","has-post-thumbnail","hentry","product_cat-skidanlaggning","product_cat-sakerhet-tillbehor","product_cat-medtech-vakuumsplintar","brands-med-tech","fpd-variation-needed"],"yoast_head":"<!-- This site is optimized with the Yoast SEO plugin v21.0 - https:\/\/yoast.com\/wordpress\/plugins\/seo\/ -->\n<title>MedTech Vacuum Cervical Collar adult - Beyond-X<\/title>\n<meta name=\"robots\" content=\"index, follow, max-snippet:-1, max-image-preview:large, max-video-preview:-1\" \/>\n<link rel=\"canonical\" href=\"https:\/\/beyondx.se\/no\/produkt\/vacuum-cervical-collar-vcc\/\" \/>\n<meta property=\"og:locale\" content=\"nb_NO\" \/>\n<meta property=\"og:type\" content=\"article\" \/>\n<meta property=\"og:title\" content=\"MedTech Vacuum Cervical Collar adult - Beyond-X\" \/>\n<meta property=\"og:description\" content=\"Vakuumhalskrage med granulat och vakuumsupport som g\u00f6r den stabil. F\u00f6rdel mot traditionella nackkragar \u00e4r att den v\u00e4ldigt smidigt kan fixera nackens position s\u00e5 som den \u00e4r efter olycka. Ger \u00e4ven ett mycket bra skydd mot kyla. Finns \u00e4ven i modell f\u00f6r barn.  Med Techs unika kanalsystem h\u00e5ller granulatet konstant j\u00e4mnt f\u00f6rdelat. V\u00e4ldigt l\u00e5g vikt och mycket god isolationsf\u00f6rm\u00e5ga. Garanterat vakuumt\u00e4t i 24 timmar!\" \/>\n<meta property=\"og:url\" content=\"https:\/\/beyondx.se\/no\/produkt\/vacuum-cervical-collar-vcc\/\" \/>\n<meta property=\"og:site_name\" content=\"Beyond-X\" \/>\n<meta property=\"article:modified_time\" content=\"2026-05-05T08:39:30+00:00\" \/>\n<meta property=\"og:image\" content=\"https:\/\/beyondx.se\/wp-content\/uploads\/2023\/06\/MT80513_1.gif\" \/>\n\t<meta property=\"og:image:width\" content=\"800\" \/>\n\t<meta property=\"og:image:height\" content=\"800\" \/>\n\t<meta property=\"og:image:type\" content=\"image\/gif\" \/>\n<meta name=\"twitter:card\" content=\"summary_large_image\" \/>\n<script type=\"application\/ld+json\" class=\"yoast-schema-graph\">{\"@context\":\"https:\/\/schema.org\",\"@graph\":[{\"@type\":\"WebPage\",\"@id\":\"https:\/\/beyondx.se\/no\/produkt\/vacuum-cervical-collar-vcc\/\",\"url\":\"https:\/\/beyondx.se\/no\/produkt\/vacuum-cervical-collar-vcc\/\",\"name\":\"MedTech Vacuum Cervical Collar adult - Beyond-X\",\"isPartOf\":{\"@id\":\"https:\/\/beyondx.se\/no\/#website\"},\"datePublished\":\"2023-04-21T11:47:47+00:00\",\"dateModified\":\"2026-05-05T08:39:30+00:00\",\"breadcrumb\":{\"@id\":\"https:\/\/beyondx.se\/no\/produkt\/vacuum-cervical-collar-vcc\/#breadcrumb\"},\"inLanguage\":\"nb-NO\",\"potentialAction\":[{\"@type\":\"ReadAction\",\"target\":[\"https:\/\/beyondx.se\/no\/produkt\/vacuum-cervical-collar-vcc\/\"]}]},{\"@type\":\"BreadcrumbList\",\"@id\":\"https:\/\/beyondx.se\/no\/produkt\/vacuum-cervical-collar-vcc\/#breadcrumb\",\"itemListElement\":[{\"@type\":\"ListItem\",\"position\":1,\"name\":\"Hem\",\"item\":\"https:\/\/beyondx.se\/no\/\"},{\"@type\":\"ListItem\",\"position\":2,\"name\":\"Butik\",\"item\":\"https:\/\/beyondx.se\/no\/butik\/\"},{\"@type\":\"ListItem\",\"position\":3,\"name\":\"MedTech Vacuum Cervical Collar adult\"}]},{\"@type\":\"WebSite\",\"@id\":\"https:\/\/beyondx.se\/no\/#website\",\"url\":\"https:\/\/beyondx.se\/no\/\",\"name\":\"Beyond-X\",\"description\":\"No Bullshit Ski Wear\",\"publisher\":{\"@id\":\"https:\/\/beyondx.se\/no\/#organization\"},\"potentialAction\":[{\"@type\":\"SearchAction\",\"target\":{\"@type\":\"EntryPoint\",\"urlTemplate\":\"https:\/\/beyondx.se\/no\/?s={search_term_string}\"},\"query-input\":\"required name=search_term_string\"}],\"inLanguage\":\"nb-NO\"},{\"@type\":\"Organization\",\"@id\":\"https:\/\/beyondx.se\/no\/#organization\",\"name\":\"B-stedt of Sweden AB\",\"url\":\"https:\/\/beyondx.se\/no\/\",\"logo\":{\"@type\":\"ImageObject\",\"inLanguage\":\"nb-NO\",\"@id\":\"https:\/\/beyondx.se\/no\/#\/schema\/logo\/image\/\",\"url\":\"https:\/\/beyondx.se\/wp-content\/uploads\/2023\/08\/bx-logo.svg\",\"contentUrl\":\"https:\/\/beyondx.se\/wp-content\/uploads\/2023\/08\/bx-logo.svg\",\"width\":1,\"height\":1,\"caption\":\"B-stedt of Sweden AB\"},\"image\":{\"@id\":\"https:\/\/beyondx.se\/no\/#\/schema\/logo\/image\/\"}}]}<\/script>\n<!-- \/ Yoast SEO plugin. -->","yoast_head_json":{"title":"MedTech Vacuum Cervical Collar adult - Beyond-X","robots":{"index":"index","follow":"follow","max-snippet":"max-snippet:-1","max-image-preview":"max-image-preview:large","max-video-preview":"max-video-preview:-1"},"canonical":"https:\/\/beyondx.se\/no\/produkt\/vacuum-cervical-collar-vcc\/","og_locale":"nb_NO","og_type":"article","og_title":"MedTech Vacuum Cervical Collar adult - Beyond-X","og_description":"Vakuumhalskrage med granulat och vakuumsupport som g\u00f6r den stabil. F\u00f6rdel mot traditionella nackkragar \u00e4r att den v\u00e4ldigt smidigt kan fixera nackens position s\u00e5 som den \u00e4r efter olycka. Ger \u00e4ven ett mycket bra skydd mot kyla. Finns \u00e4ven i modell f\u00f6r barn.  Med Techs unika kanalsystem h\u00e5ller granulatet konstant j\u00e4mnt f\u00f6rdelat. V\u00e4ldigt l\u00e5g vikt och mycket god isolationsf\u00f6rm\u00e5ga. Garanterat vakuumt\u00e4t i 24 timmar!","og_url":"https:\/\/beyondx.se\/no\/produkt\/vacuum-cervical-collar-vcc\/","og_site_name":"Beyond-X","article_modified_time":"2026-05-05T08:39:30+00:00","og_image":[{"width":800,"height":800,"url":"https:\/\/beyondx.se\/wp-content\/uploads\/2023\/06\/MT80513_1.gif","type":"image\/gif"}],"twitter_card":"summary_large_image","schema":{"@context":"https:\/\/schema.org","@graph":[{"@type":"WebPage","@id":"https:\/\/beyondx.se\/no\/produkt\/vacuum-cervical-collar-vcc\/","url":"https:\/\/beyondx.se\/no\/produkt\/vacuum-cervical-collar-vcc\/","name":"MedTech Vacuum Cervical Collar adult - Beyond-X","isPartOf":{"@id":"https:\/\/beyondx.se\/no\/#website"},"datePublished":"2023-04-21T11:47:47+00:00","dateModified":"2026-05-05T08:39:30+00:00","breadcrumb":{"@id":"https:\/\/beyondx.se\/no\/produkt\/vacuum-cervical-collar-vcc\/#breadcrumb"},"inLanguage":"nb-NO","potentialAction":[{"@type":"ReadAction","target":["https:\/\/beyondx.se\/no\/produkt\/vacuum-cervical-collar-vcc\/"]}]},{"@type":"BreadcrumbList","@id":"https:\/\/beyondx.se\/no\/produkt\/vacuum-cervical-collar-vcc\/#breadcrumb","itemListElement":[{"@type":"ListItem","position":1,"name":"Hem","item":"https:\/\/beyondx.se\/no\/"},{"@type":"ListItem","position":2,"name":"Butik","item":"https:\/\/beyondx.se\/no\/butik\/"},{"@type":"ListItem","position":3,"name":"MedTech Vacuum Cervical Collar adult"}]},{"@type":"WebSite","@id":"https:\/\/beyondx.se\/no\/#website","url":"https:\/\/beyondx.se\/no\/","name":"Beyond-X","description":"No Bullshit Ski Wear","publisher":{"@id":"https:\/\/beyondx.se\/no\/#organization"},"potentialAction":[{"@type":"SearchAction","target":{"@type":"EntryPoint","urlTemplate":"https:\/\/beyondx.se\/no\/?s={search_term_string}"},"query-input":"required name=search_term_string"}],"inLanguage":"nb-NO"},{"@type":"Organization","@id":"https:\/\/beyondx.se\/no\/#organization","name":"B-stedt of Sweden AB","url":"https:\/\/beyondx.se\/no\/","logo":{"@type":"ImageObject","inLanguage":"nb-NO","@id":"https:\/\/beyondx.se\/no\/#\/schema\/logo\/image\/","url":"https:\/\/beyondx.se\/wp-content\/uploads\/2023\/08\/bx-logo.svg","contentUrl":"https:\/\/beyondx.se\/wp-content\/uploads\/2023\/08\/bx-logo.svg","width":1,"height":1,"caption":"B-stedt of Sweden AB"},"image":{"@id":"https:\/\/beyondx.se\/no\/#\/schema\/logo\/image\/"}}]}},"_links":{"self":[{"href":"https:\/\/beyondx.se\/no\/wp-json\/wp\/v2\/product\/16801","targetHints":{"allow":["GET"]}}],"collection":[{"href":"https:\/\/beyondx.se\/no\/wp-json\/wp\/v2\/product"}],"about":[{"href":"https:\/\/beyondx.se\/no\/wp-json\/wp\/v2\/types\/product"}],"wp:featuredmedia":[{"embeddable":true,"href":"https:\/\/beyondx.se\/no\/wp-json\/wp\/v2\/media\/19789"}],"wp:attachment":[{"href":"https:\/\/beyondx.se\/no\/wp-json\/wp\/v2\/media?parent=16801"}],"wp:term":[{"taxonomy":"product_cat","embeddable":true,"href":"https:\/\/beyondx.se\/no\/wp-json\/wp\/v2\/product_cat?post=16801"},{"taxonomy":"product_tag","embeddable":true,"href":"https:\/\/beyondx.se\/no\/wp-json\/wp\/v2\/product_tag?post=16801"}],"curies":[{"name":"wp","href":"https:\/\/api.w.org\/{rel}","templated":true}]}}