{"id":17197,"date":"2023-04-21T13:49:09","date_gmt":"2023-04-21T11:49:09","guid":{"rendered":"https:\/\/beta.karlskogawebbyra.se\/beyond\/product\/hestra-czone-pro-finger\/"},"modified":"2026-04-30T10:39:55","modified_gmt":"2026-04-30T08:39:55","slug":"hestra-czone-pro-finger","status":"publish","type":"product","link":"https:\/\/beyondx.se\/no\/produkt\/hestra-czone-pro-finger\/","title":{"rendered":"HESTRA Czone Pro finger"},"content":{"rendered":"","protected":false},"excerpt":{"rendered":"Klassikern f\u00f6r skidpatrull och sn\u00f6l\u00e4ggning!\r\nEn handske f\u00f6r kalla och bl\u00f6ta arbetsmilj\u00f6er. L\u00e4mplig f\u00f6r till exempel skogsarbetare och linjearbetare. Innerhand i Army Leather\u00ae, ett slitstarkt impregnerat getskinn. Ovandel i t\u00e5lig Protonv\u00e4v. Extra l\u00e5ng krage med sn\u00f6l\u00e5s. Kragen \u00e4r tillverkad av varselv\u00e4v, som tillsammans med re?exer p\u00e5 ?ngrarna ger \u00f6kad synlighet. Foder av Bemberg (ruggad nylon) ger god komfort. Isolering av Fiber?ll ger bra skydd mot kyla. Mellan handskens yttre skal och isoleringen sitter ett CZone-membran som g\u00f6r den helt vind- och vattent\u00e4t men samtidigt ventilerad. Fingrar i Wolf Paw\u00ae konstruktion. Utrustad med handcuffs f\u00f6r att underl\u00e4tta att ta av och p\u00e5 handsken utan risk att tappa den.","protected":false},"featured_media":19121,"template":"","meta":[],"product_cat":[148,227],"product_tag":[],"class_list":["post-17197","product","type-product","status-publish","has-post-thumbnail","hentry","product_cat-skidanlaggning","product_cat-hestra-job","brands-hestra","fpd-variation-needed"],"yoast_head":"<!-- This site is optimized with the Yoast SEO plugin v21.0 - https:\/\/yoast.com\/wordpress\/plugins\/seo\/ -->\n<title>HESTRA Czone Pro finger - Beyond-X<\/title>\n<meta name=\"robots\" content=\"index, follow, max-snippet:-1, max-image-preview:large, max-video-preview:-1\" \/>\n<link rel=\"canonical\" href=\"https:\/\/beyondx.se\/no\/produkt\/hestra-czone-pro-finger\/\" \/>\n<meta property=\"og:locale\" content=\"nb_NO\" \/>\n<meta property=\"og:type\" content=\"article\" \/>\n<meta property=\"og:title\" content=\"HESTRA Czone Pro finger - Beyond-X\" \/>\n<meta property=\"og:description\" content=\"Klassikern f\u00f6r skidpatrull och sn\u00f6l\u00e4ggning! En handske f\u00f6r kalla och bl\u00f6ta arbetsmilj\u00f6er. L\u00e4mplig f\u00f6r till exempel skogsarbetare och linjearbetare. Innerhand i Army Leather\u00ae, ett slitstarkt impregnerat getskinn. Ovandel i t\u00e5lig Protonv\u00e4v. Extra l\u00e5ng krage med sn\u00f6l\u00e5s. Kragen \u00e4r tillverkad av varselv\u00e4v, som tillsammans med re?exer p\u00e5 ?ngrarna ger \u00f6kad synlighet. Foder av Bemberg (ruggad nylon) ger god komfort. Isolering av Fiber?ll ger bra skydd mot kyla. Mellan handskens yttre skal och isoleringen sitter ett CZone-membran som g\u00f6r den helt vind- och vattent\u00e4t men samtidigt ventilerad. Fingrar i Wolf Paw\u00ae konstruktion. Utrustad med handcuffs f\u00f6r att underl\u00e4tta att ta av och p\u00e5 handsken utan risk att tappa den.\" \/>\n<meta property=\"og:url\" content=\"https:\/\/beyondx.se\/no\/produkt\/hestra-czone-pro-finger\/\" \/>\n<meta property=\"og:site_name\" content=\"Beyond-X\" \/>\n<meta property=\"article:modified_time\" content=\"2026-04-30T08:39:55+00:00\" \/>\n<meta property=\"og:image\" content=\"https:\/\/beyondx.se\/wp-content\/uploads\/2023\/06\/74660-100_1.png\" \/>\n\t<meta property=\"og:image:width\" content=\"800\" \/>\n\t<meta property=\"og:image:height\" content=\"800\" \/>\n\t<meta property=\"og:image:type\" content=\"image\/png\" \/>\n<meta name=\"twitter:card\" content=\"summary_large_image\" \/>\n<script type=\"application\/ld+json\" class=\"yoast-schema-graph\">{\"@context\":\"https:\/\/schema.org\",\"@graph\":[{\"@type\":\"WebPage\",\"@id\":\"https:\/\/beyondx.se\/no\/produkt\/hestra-czone-pro-finger\/\",\"url\":\"https:\/\/beyondx.se\/no\/produkt\/hestra-czone-pro-finger\/\",\"name\":\"HESTRA Czone Pro finger - Beyond-X\",\"isPartOf\":{\"@id\":\"https:\/\/beyondx.se\/no\/#website\"},\"datePublished\":\"2023-04-21T11:49:09+00:00\",\"dateModified\":\"2026-04-30T08:39:55+00:00\",\"breadcrumb\":{\"@id\":\"https:\/\/beyondx.se\/no\/produkt\/hestra-czone-pro-finger\/#breadcrumb\"},\"inLanguage\":\"nb-NO\",\"potentialAction\":[{\"@type\":\"ReadAction\",\"target\":[\"https:\/\/beyondx.se\/no\/produkt\/hestra-czone-pro-finger\/\"]}]},{\"@type\":\"BreadcrumbList\",\"@id\":\"https:\/\/beyondx.se\/no\/produkt\/hestra-czone-pro-finger\/#breadcrumb\",\"itemListElement\":[{\"@type\":\"ListItem\",\"position\":1,\"name\":\"Hem\",\"item\":\"https:\/\/beyondx.se\/no\/\"},{\"@type\":\"ListItem\",\"position\":2,\"name\":\"Butik\",\"item\":\"https:\/\/beyondx.se\/no\/butik\/\"},{\"@type\":\"ListItem\",\"position\":3,\"name\":\"HESTRA Czone Pro finger\"}]},{\"@type\":\"WebSite\",\"@id\":\"https:\/\/beyondx.se\/no\/#website\",\"url\":\"https:\/\/beyondx.se\/no\/\",\"name\":\"Beyond-X\",\"description\":\"No Bullshit Ski Wear\",\"publisher\":{\"@id\":\"https:\/\/beyondx.se\/no\/#organization\"},\"potentialAction\":[{\"@type\":\"SearchAction\",\"target\":{\"@type\":\"EntryPoint\",\"urlTemplate\":\"https:\/\/beyondx.se\/no\/?s={search_term_string}\"},\"query-input\":\"required name=search_term_string\"}],\"inLanguage\":\"nb-NO\"},{\"@type\":\"Organization\",\"@id\":\"https:\/\/beyondx.se\/no\/#organization\",\"name\":\"B-stedt of Sweden AB\",\"url\":\"https:\/\/beyondx.se\/no\/\",\"logo\":{\"@type\":\"ImageObject\",\"inLanguage\":\"nb-NO\",\"@id\":\"https:\/\/beyondx.se\/no\/#\/schema\/logo\/image\/\",\"url\":\"https:\/\/beyondx.se\/wp-content\/uploads\/2023\/08\/bx-logo.svg\",\"contentUrl\":\"https:\/\/beyondx.se\/wp-content\/uploads\/2023\/08\/bx-logo.svg\",\"width\":1,\"height\":1,\"caption\":\"B-stedt of Sweden AB\"},\"image\":{\"@id\":\"https:\/\/beyondx.se\/no\/#\/schema\/logo\/image\/\"}}]}<\/script>\n<!-- \/ Yoast SEO plugin. -->","yoast_head_json":{"title":"HESTRA Czone Pro finger - Beyond-X","robots":{"index":"index","follow":"follow","max-snippet":"max-snippet:-1","max-image-preview":"max-image-preview:large","max-video-preview":"max-video-preview:-1"},"canonical":"https:\/\/beyondx.se\/no\/produkt\/hestra-czone-pro-finger\/","og_locale":"nb_NO","og_type":"article","og_title":"HESTRA Czone Pro finger - Beyond-X","og_description":"Klassikern f\u00f6r skidpatrull och sn\u00f6l\u00e4ggning! En handske f\u00f6r kalla och bl\u00f6ta arbetsmilj\u00f6er. L\u00e4mplig f\u00f6r till exempel skogsarbetare och linjearbetare. Innerhand i Army Leather\u00ae, ett slitstarkt impregnerat getskinn. Ovandel i t\u00e5lig Protonv\u00e4v. Extra l\u00e5ng krage med sn\u00f6l\u00e5s. Kragen \u00e4r tillverkad av varselv\u00e4v, som tillsammans med re?exer p\u00e5 ?ngrarna ger \u00f6kad synlighet. Foder av Bemberg (ruggad nylon) ger god komfort. Isolering av Fiber?ll ger bra skydd mot kyla. Mellan handskens yttre skal och isoleringen sitter ett CZone-membran som g\u00f6r den helt vind- och vattent\u00e4t men samtidigt ventilerad. Fingrar i Wolf Paw\u00ae konstruktion. Utrustad med handcuffs f\u00f6r att underl\u00e4tta att ta av och p\u00e5 handsken utan risk att tappa den.","og_url":"https:\/\/beyondx.se\/no\/produkt\/hestra-czone-pro-finger\/","og_site_name":"Beyond-X","article_modified_time":"2026-04-30T08:39:55+00:00","og_image":[{"width":800,"height":800,"url":"https:\/\/beyondx.se\/wp-content\/uploads\/2023\/06\/74660-100_1.png","type":"image\/png"}],"twitter_card":"summary_large_image","schema":{"@context":"https:\/\/schema.org","@graph":[{"@type":"WebPage","@id":"https:\/\/beyondx.se\/no\/produkt\/hestra-czone-pro-finger\/","url":"https:\/\/beyondx.se\/no\/produkt\/hestra-czone-pro-finger\/","name":"HESTRA Czone Pro finger - Beyond-X","isPartOf":{"@id":"https:\/\/beyondx.se\/no\/#website"},"datePublished":"2023-04-21T11:49:09+00:00","dateModified":"2026-04-30T08:39:55+00:00","breadcrumb":{"@id":"https:\/\/beyondx.se\/no\/produkt\/hestra-czone-pro-finger\/#breadcrumb"},"inLanguage":"nb-NO","potentialAction":[{"@type":"ReadAction","target":["https:\/\/beyondx.se\/no\/produkt\/hestra-czone-pro-finger\/"]}]},{"@type":"BreadcrumbList","@id":"https:\/\/beyondx.se\/no\/produkt\/hestra-czone-pro-finger\/#breadcrumb","itemListElement":[{"@type":"ListItem","position":1,"name":"Hem","item":"https:\/\/beyondx.se\/no\/"},{"@type":"ListItem","position":2,"name":"Butik","item":"https:\/\/beyondx.se\/no\/butik\/"},{"@type":"ListItem","position":3,"name":"HESTRA Czone Pro finger"}]},{"@type":"WebSite","@id":"https:\/\/beyondx.se\/no\/#website","url":"https:\/\/beyondx.se\/no\/","name":"Beyond-X","description":"No Bullshit Ski Wear","publisher":{"@id":"https:\/\/beyondx.se\/no\/#organization"},"potentialAction":[{"@type":"SearchAction","target":{"@type":"EntryPoint","urlTemplate":"https:\/\/beyondx.se\/no\/?s={search_term_string}"},"query-input":"required name=search_term_string"}],"inLanguage":"nb-NO"},{"@type":"Organization","@id":"https:\/\/beyondx.se\/no\/#organization","name":"B-stedt of Sweden AB","url":"https:\/\/beyondx.se\/no\/","logo":{"@type":"ImageObject","inLanguage":"nb-NO","@id":"https:\/\/beyondx.se\/no\/#\/schema\/logo\/image\/","url":"https:\/\/beyondx.se\/wp-content\/uploads\/2023\/08\/bx-logo.svg","contentUrl":"https:\/\/beyondx.se\/wp-content\/uploads\/2023\/08\/bx-logo.svg","width":1,"height":1,"caption":"B-stedt of Sweden AB"},"image":{"@id":"https:\/\/beyondx.se\/no\/#\/schema\/logo\/image\/"}}]}},"_links":{"self":[{"href":"https:\/\/beyondx.se\/no\/wp-json\/wp\/v2\/product\/17197","targetHints":{"allow":["GET"]}}],"collection":[{"href":"https:\/\/beyondx.se\/no\/wp-json\/wp\/v2\/product"}],"about":[{"href":"https:\/\/beyondx.se\/no\/wp-json\/wp\/v2\/types\/product"}],"wp:featuredmedia":[{"embeddable":true,"href":"https:\/\/beyondx.se\/no\/wp-json\/wp\/v2\/media\/19121"}],"wp:attachment":[{"href":"https:\/\/beyondx.se\/no\/wp-json\/wp\/v2\/media?parent=17197"}],"wp:term":[{"taxonomy":"product_cat","embeddable":true,"href":"https:\/\/beyondx.se\/no\/wp-json\/wp\/v2\/product_cat?post=17197"},{"taxonomy":"product_tag","embeddable":true,"href":"https:\/\/beyondx.se\/no\/wp-json\/wp\/v2\/product_tag?post=17197"}],"curies":[{"name":"wp","href":"https:\/\/api.w.org\/{rel}","templated":true}]}}