{"id":17219,"date":"2023-04-21T13:49:13","date_gmt":"2023-04-21T11:49:13","guid":{"rendered":"https:\/\/beta.karlskogawebbyra.se\/beyond\/product\/hestra-touch-liner\/"},"modified":"2026-04-30T10:39:03","modified_gmt":"2026-04-30T08:39:03","slug":"hestra-touch-liner","status":"publish","type":"product","link":"https:\/\/beyondx.se\/no\/produkt\/hestra-touch-liner\/","title":{"rendered":"HESTRA Touch Liner"},"content":{"rendered":"<p><img loading=\"lazy\" decoding=\"async\" width=\"600\" height=\"102\" class=\"alignnone size-medium wp-image-103730\" src=\"https:\/\/beyondx.se\/wp-content\/uploads\/2023\/04\/71140-390-index-600x102.png\" alt=\"\" srcset=\"https:\/\/beyondx.se\/wp-content\/uploads\/2023\/04\/71140-390-index-600x102.webp 600w, https:\/\/beyondx.se\/wp-content\/uploads\/2023\/04\/71140-390-index-1200x204.webp 1200w, https:\/\/beyondx.se\/wp-content\/uploads\/2023\/04\/71140-390-index-768x130.png 768w, https:\/\/beyondx.se\/wp-content\/uploads\/2023\/04\/71140-390-index-1536x261.png 1536w, https:\/\/beyondx.se\/wp-content\/uploads\/2023\/04\/71140-390-index-400x68.webp 400w, https:\/\/beyondx.se\/wp-content\/uploads\/2023\/04\/71140-390-index-350x59.webp 350w, https:\/\/beyondx.se\/wp-content\/uploads\/2023\/04\/71140-390-index.png 1695w\" sizes=\"auto, (max-width: 600px) 100vw, 600px\" \/><\/p>\n","protected":false},"excerpt":{"rendered":"En varm och smidig liner med konduktiv greppbel\u00e4ggning p\u00e5 tumme och pekfinger som g\u00f6r att den fungerar med smartphones och peksk\u00e4rmar. Ett perfekt extra lager under grundhandsken vid kallare temperaturer. Passar under de flesta handskar. Gjord i 88% polyester och 12% spandex.","protected":false},"featured_media":103736,"template":"","meta":[],"product_cat":[148,969,227],"product_tag":[],"class_list":["post-17219","product","type-product","status-publish","has-post-thumbnail","hentry","product_cat-skidanlaggning","product_cat-handskar","product_cat-hestra-job","brands-hestra","fpd-variation-needed"],"yoast_head":"<!-- This site is optimized with the Yoast SEO plugin v21.0 - https:\/\/yoast.com\/wordpress\/plugins\/seo\/ -->\n<title>HESTRA Touch Liner - Beyond-X<\/title>\n<meta name=\"robots\" content=\"index, follow, max-snippet:-1, max-image-preview:large, max-video-preview:-1\" \/>\n<link rel=\"canonical\" href=\"https:\/\/beyondx.se\/no\/produkt\/hestra-touch-liner\/\" \/>\n<meta property=\"og:locale\" content=\"nb_NO\" \/>\n<meta property=\"og:type\" content=\"article\" \/>\n<meta property=\"og:title\" content=\"HESTRA Touch Liner - Beyond-X\" \/>\n<meta property=\"og:description\" content=\"En varm och smidig liner med konduktiv greppbel\u00e4ggning p\u00e5 tumme och pekfinger som g\u00f6r att den fungerar med smartphones och peksk\u00e4rmar. Ett perfekt extra lager under grundhandsken vid kallare temperaturer. Passar under de flesta handskar. Gjord i 88% polyester och 12% spandex.\" \/>\n<meta property=\"og:url\" content=\"https:\/\/beyondx.se\/no\/produkt\/hestra-touch-liner\/\" \/>\n<meta property=\"og:site_name\" content=\"Beyond-X\" \/>\n<meta property=\"article:modified_time\" content=\"2026-04-30T08:39:03+00:00\" \/>\n<meta property=\"og:image\" content=\"https:\/\/beyondx.se\/wp-content\/uploads\/2023\/10\/71140-390_1.jpg\" \/>\n\t<meta property=\"og:image:width\" content=\"592\" \/>\n\t<meta property=\"og:image:height\" content=\"800\" \/>\n\t<meta property=\"og:image:type\" content=\"image\/jpeg\" \/>\n<meta name=\"twitter:card\" content=\"summary_large_image\" \/>\n<meta name=\"twitter:label1\" content=\"Ansl. lesetid\" \/>\n\t<meta name=\"twitter:data1\" content=\"1 minutt\" \/>\n<script type=\"application\/ld+json\" class=\"yoast-schema-graph\">{\"@context\":\"https:\/\/schema.org\",\"@graph\":[{\"@type\":\"WebPage\",\"@id\":\"https:\/\/beyondx.se\/no\/produkt\/hestra-touch-liner\/\",\"url\":\"https:\/\/beyondx.se\/no\/produkt\/hestra-touch-liner\/\",\"name\":\"HESTRA Touch Liner - Beyond-X\",\"isPartOf\":{\"@id\":\"https:\/\/beyondx.se\/no\/#website\"},\"datePublished\":\"2023-04-21T11:49:13+00:00\",\"dateModified\":\"2026-04-30T08:39:03+00:00\",\"breadcrumb\":{\"@id\":\"https:\/\/beyondx.se\/no\/produkt\/hestra-touch-liner\/#breadcrumb\"},\"inLanguage\":\"nb-NO\",\"potentialAction\":[{\"@type\":\"ReadAction\",\"target\":[\"https:\/\/beyondx.se\/no\/produkt\/hestra-touch-liner\/\"]}]},{\"@type\":\"BreadcrumbList\",\"@id\":\"https:\/\/beyondx.se\/no\/produkt\/hestra-touch-liner\/#breadcrumb\",\"itemListElement\":[{\"@type\":\"ListItem\",\"position\":1,\"name\":\"Hem\",\"item\":\"https:\/\/beyondx.se\/no\/\"},{\"@type\":\"ListItem\",\"position\":2,\"name\":\"Butik\",\"item\":\"https:\/\/beyondx.se\/no\/butik\/\"},{\"@type\":\"ListItem\",\"position\":3,\"name\":\"HESTRA Touch Liner\"}]},{\"@type\":\"WebSite\",\"@id\":\"https:\/\/beyondx.se\/no\/#website\",\"url\":\"https:\/\/beyondx.se\/no\/\",\"name\":\"Beyond-X\",\"description\":\"No Bullshit Ski Wear\",\"publisher\":{\"@id\":\"https:\/\/beyondx.se\/no\/#organization\"},\"potentialAction\":[{\"@type\":\"SearchAction\",\"target\":{\"@type\":\"EntryPoint\",\"urlTemplate\":\"https:\/\/beyondx.se\/no\/?s={search_term_string}\"},\"query-input\":\"required name=search_term_string\"}],\"inLanguage\":\"nb-NO\"},{\"@type\":\"Organization\",\"@id\":\"https:\/\/beyondx.se\/no\/#organization\",\"name\":\"B-stedt of Sweden AB\",\"url\":\"https:\/\/beyondx.se\/no\/\",\"logo\":{\"@type\":\"ImageObject\",\"inLanguage\":\"nb-NO\",\"@id\":\"https:\/\/beyondx.se\/no\/#\/schema\/logo\/image\/\",\"url\":\"https:\/\/beyondx.se\/wp-content\/uploads\/2023\/08\/bx-logo.svg\",\"contentUrl\":\"https:\/\/beyondx.se\/wp-content\/uploads\/2023\/08\/bx-logo.svg\",\"width\":1,\"height\":1,\"caption\":\"B-stedt of Sweden AB\"},\"image\":{\"@id\":\"https:\/\/beyondx.se\/no\/#\/schema\/logo\/image\/\"}}]}<\/script>\n<!-- \/ Yoast SEO plugin. -->","yoast_head_json":{"title":"HESTRA Touch Liner - Beyond-X","robots":{"index":"index","follow":"follow","max-snippet":"max-snippet:-1","max-image-preview":"max-image-preview:large","max-video-preview":"max-video-preview:-1"},"canonical":"https:\/\/beyondx.se\/no\/produkt\/hestra-touch-liner\/","og_locale":"nb_NO","og_type":"article","og_title":"HESTRA Touch Liner - Beyond-X","og_description":"En varm och smidig liner med konduktiv greppbel\u00e4ggning p\u00e5 tumme och pekfinger som g\u00f6r att den fungerar med smartphones och peksk\u00e4rmar. Ett perfekt extra lager under grundhandsken vid kallare temperaturer. Passar under de flesta handskar. Gjord i 88% polyester och 12% spandex.","og_url":"https:\/\/beyondx.se\/no\/produkt\/hestra-touch-liner\/","og_site_name":"Beyond-X","article_modified_time":"2026-04-30T08:39:03+00:00","og_image":[{"width":592,"height":800,"url":"https:\/\/beyondx.se\/wp-content\/uploads\/2023\/10\/71140-390_1.jpg","type":"image\/jpeg"}],"twitter_card":"summary_large_image","twitter_misc":{"Ansl. lesetid":"1 minutt"},"schema":{"@context":"https:\/\/schema.org","@graph":[{"@type":"WebPage","@id":"https:\/\/beyondx.se\/no\/produkt\/hestra-touch-liner\/","url":"https:\/\/beyondx.se\/no\/produkt\/hestra-touch-liner\/","name":"HESTRA Touch Liner - Beyond-X","isPartOf":{"@id":"https:\/\/beyondx.se\/no\/#website"},"datePublished":"2023-04-21T11:49:13+00:00","dateModified":"2026-04-30T08:39:03+00:00","breadcrumb":{"@id":"https:\/\/beyondx.se\/no\/produkt\/hestra-touch-liner\/#breadcrumb"},"inLanguage":"nb-NO","potentialAction":[{"@type":"ReadAction","target":["https:\/\/beyondx.se\/no\/produkt\/hestra-touch-liner\/"]}]},{"@type":"BreadcrumbList","@id":"https:\/\/beyondx.se\/no\/produkt\/hestra-touch-liner\/#breadcrumb","itemListElement":[{"@type":"ListItem","position":1,"name":"Hem","item":"https:\/\/beyondx.se\/no\/"},{"@type":"ListItem","position":2,"name":"Butik","item":"https:\/\/beyondx.se\/no\/butik\/"},{"@type":"ListItem","position":3,"name":"HESTRA Touch Liner"}]},{"@type":"WebSite","@id":"https:\/\/beyondx.se\/no\/#website","url":"https:\/\/beyondx.se\/no\/","name":"Beyond-X","description":"No Bullshit Ski Wear","publisher":{"@id":"https:\/\/beyondx.se\/no\/#organization"},"potentialAction":[{"@type":"SearchAction","target":{"@type":"EntryPoint","urlTemplate":"https:\/\/beyondx.se\/no\/?s={search_term_string}"},"query-input":"required name=search_term_string"}],"inLanguage":"nb-NO"},{"@type":"Organization","@id":"https:\/\/beyondx.se\/no\/#organization","name":"B-stedt of Sweden AB","url":"https:\/\/beyondx.se\/no\/","logo":{"@type":"ImageObject","inLanguage":"nb-NO","@id":"https:\/\/beyondx.se\/no\/#\/schema\/logo\/image\/","url":"https:\/\/beyondx.se\/wp-content\/uploads\/2023\/08\/bx-logo.svg","contentUrl":"https:\/\/beyondx.se\/wp-content\/uploads\/2023\/08\/bx-logo.svg","width":1,"height":1,"caption":"B-stedt of Sweden AB"},"image":{"@id":"https:\/\/beyondx.se\/no\/#\/schema\/logo\/image\/"}}]}},"_links":{"self":[{"href":"https:\/\/beyondx.se\/no\/wp-json\/wp\/v2\/product\/17219","targetHints":{"allow":["GET"]}}],"collection":[{"href":"https:\/\/beyondx.se\/no\/wp-json\/wp\/v2\/product"}],"about":[{"href":"https:\/\/beyondx.se\/no\/wp-json\/wp\/v2\/types\/product"}],"wp:featuredmedia":[{"embeddable":true,"href":"https:\/\/beyondx.se\/no\/wp-json\/wp\/v2\/media\/103736"}],"wp:attachment":[{"href":"https:\/\/beyondx.se\/no\/wp-json\/wp\/v2\/media?parent=17219"}],"wp:term":[{"taxonomy":"product_cat","embeddable":true,"href":"https:\/\/beyondx.se\/no\/wp-json\/wp\/v2\/product_cat?post=17219"},{"taxonomy":"product_tag","embeddable":true,"href":"https:\/\/beyondx.se\/no\/wp-json\/wp\/v2\/product_tag?post=17219"}],"curies":[{"name":"wp","href":"https:\/\/api.w.org\/{rel}","templated":true}]}}