{"id":17369,"date":"2023-04-21T13:49:37","date_gmt":"2023-04-21T11:49:37","guid":{"rendered":"https:\/\/beta.karlskogawebbyra.se\/beyond\/product\/swix-wc-pro-sl-carbon\/"},"modified":"2026-05-05T10:35:52","modified_gmt":"2026-05-05T08:35:52","slug":"swix-wc-pro-sl-carbon","status":"publish","type":"product","link":"https:\/\/beyondx.se\/no\/produkt\/swix-wc-pro-sl-carbon\/","title":{"rendered":"SWIX WC Pro SL Carbon"},"content":{"rendered":"<p>Nyutvecklad stav med fokus p\u00e5 slagstyrka, balans och styvhet. DD4\u00a0handtag med det patenterade SWIX Add Tab systemet. Alpin racingtruga. Staven f\u00f6r alpinisten som \u00e4r ute efter det allra b\u00e4sta. F\u00f6r slalom, storslalom og fri\u00e5kning. Mycket god pendel som ger en otroligt komfortabel stav. Anv\u00e4ndningsomr\u00e5der: Racing, fri\u00e5kning.<\/p>\n","protected":false},"excerpt":{"rendered":"SL Carbon Stav utan k\u00e5por. 110-135cm\r\nMonteras ihop med Handguard Full Face #RDHG15FB f\u00f6r att f\u00e5 en komplett SL-stav.\r\nShaftprotectors anv\u00e4nds ej till denna nya modell.","protected":false},"featured_media":19130,"template":"","meta":[],"product_cat":[100,145],"product_tag":[],"class_list":["post-17369","product","type-product","status-publish","has-post-thumbnail","hentry","product_cat-utrustning","product_cat-stavar","brands-swix","fpd-variation-needed"],"yoast_head":"<!-- This site is optimized with the Yoast SEO plugin v21.0 - https:\/\/yoast.com\/wordpress\/plugins\/seo\/ -->\n<title>SWIX WC Pro SL Carbon - Beyond-X<\/title>\n<meta name=\"robots\" content=\"index, follow, max-snippet:-1, max-image-preview:large, max-video-preview:-1\" \/>\n<link rel=\"canonical\" href=\"https:\/\/beyondx.se\/no\/produkt\/swix-wc-pro-sl-carbon\/\" \/>\n<meta property=\"og:locale\" content=\"nb_NO\" \/>\n<meta property=\"og:type\" content=\"article\" \/>\n<meta property=\"og:title\" content=\"SWIX WC Pro SL Carbon - Beyond-X\" \/>\n<meta property=\"og:description\" content=\"SL Carbon Stav utan k\u00e5por. 110-135cm Monteras ihop med Handguard Full Face #RDHG15FB f\u00f6r att f\u00e5 en komplett SL-stav. Shaftprotectors anv\u00e4nds ej till denna nya modell.\" \/>\n<meta property=\"og:url\" content=\"https:\/\/beyondx.se\/no\/produkt\/swix-wc-pro-sl-carbon\/\" \/>\n<meta property=\"og:site_name\" content=\"Beyond-X\" \/>\n<meta property=\"article:modified_time\" content=\"2026-05-05T08:35:52+00:00\" \/>\n<meta property=\"og:image\" content=\"https:\/\/beyondx.se\/wp-content\/uploads\/2023\/06\/AC105-00_1.jpg\" \/>\n\t<meta property=\"og:image:width\" content=\"600\" \/>\n\t<meta property=\"og:image:height\" content=\"600\" \/>\n\t<meta property=\"og:image:type\" content=\"image\/jpeg\" \/>\n<meta name=\"twitter:card\" content=\"summary_large_image\" \/>\n<meta name=\"twitter:label1\" content=\"Ansl. lesetid\" \/>\n\t<meta name=\"twitter:data1\" content=\"1 minutt\" \/>\n<script type=\"application\/ld+json\" class=\"yoast-schema-graph\">{\"@context\":\"https:\/\/schema.org\",\"@graph\":[{\"@type\":\"WebPage\",\"@id\":\"https:\/\/beyondx.se\/no\/produkt\/swix-wc-pro-sl-carbon\/\",\"url\":\"https:\/\/beyondx.se\/no\/produkt\/swix-wc-pro-sl-carbon\/\",\"name\":\"SWIX WC Pro SL Carbon - Beyond-X\",\"isPartOf\":{\"@id\":\"https:\/\/beyondx.se\/no\/#website\"},\"datePublished\":\"2023-04-21T11:49:37+00:00\",\"dateModified\":\"2026-05-05T08:35:52+00:00\",\"breadcrumb\":{\"@id\":\"https:\/\/beyondx.se\/no\/produkt\/swix-wc-pro-sl-carbon\/#breadcrumb\"},\"inLanguage\":\"nb-NO\",\"potentialAction\":[{\"@type\":\"ReadAction\",\"target\":[\"https:\/\/beyondx.se\/no\/produkt\/swix-wc-pro-sl-carbon\/\"]}]},{\"@type\":\"BreadcrumbList\",\"@id\":\"https:\/\/beyondx.se\/no\/produkt\/swix-wc-pro-sl-carbon\/#breadcrumb\",\"itemListElement\":[{\"@type\":\"ListItem\",\"position\":1,\"name\":\"Hem\",\"item\":\"https:\/\/beyondx.se\/no\/\"},{\"@type\":\"ListItem\",\"position\":2,\"name\":\"Butik\",\"item\":\"https:\/\/beyondx.se\/no\/butik\/\"},{\"@type\":\"ListItem\",\"position\":3,\"name\":\"SWIX WC Pro SL Carbon\"}]},{\"@type\":\"WebSite\",\"@id\":\"https:\/\/beyondx.se\/no\/#website\",\"url\":\"https:\/\/beyondx.se\/no\/\",\"name\":\"Beyond-X\",\"description\":\"No Bullshit Ski Wear\",\"publisher\":{\"@id\":\"https:\/\/beyondx.se\/no\/#organization\"},\"potentialAction\":[{\"@type\":\"SearchAction\",\"target\":{\"@type\":\"EntryPoint\",\"urlTemplate\":\"https:\/\/beyondx.se\/no\/?s={search_term_string}\"},\"query-input\":\"required name=search_term_string\"}],\"inLanguage\":\"nb-NO\"},{\"@type\":\"Organization\",\"@id\":\"https:\/\/beyondx.se\/no\/#organization\",\"name\":\"B-stedt of Sweden AB\",\"url\":\"https:\/\/beyondx.se\/no\/\",\"logo\":{\"@type\":\"ImageObject\",\"inLanguage\":\"nb-NO\",\"@id\":\"https:\/\/beyondx.se\/no\/#\/schema\/logo\/image\/\",\"url\":\"https:\/\/beyondx.se\/wp-content\/uploads\/2023\/08\/bx-logo.svg\",\"contentUrl\":\"https:\/\/beyondx.se\/wp-content\/uploads\/2023\/08\/bx-logo.svg\",\"width\":1,\"height\":1,\"caption\":\"B-stedt of Sweden AB\"},\"image\":{\"@id\":\"https:\/\/beyondx.se\/no\/#\/schema\/logo\/image\/\"}}]}<\/script>\n<!-- \/ Yoast SEO plugin. -->","yoast_head_json":{"title":"SWIX WC Pro SL Carbon - Beyond-X","robots":{"index":"index","follow":"follow","max-snippet":"max-snippet:-1","max-image-preview":"max-image-preview:large","max-video-preview":"max-video-preview:-1"},"canonical":"https:\/\/beyondx.se\/no\/produkt\/swix-wc-pro-sl-carbon\/","og_locale":"nb_NO","og_type":"article","og_title":"SWIX WC Pro SL Carbon - Beyond-X","og_description":"SL Carbon Stav utan k\u00e5por. 110-135cm Monteras ihop med Handguard Full Face #RDHG15FB f\u00f6r att f\u00e5 en komplett SL-stav. Shaftprotectors anv\u00e4nds ej till denna nya modell.","og_url":"https:\/\/beyondx.se\/no\/produkt\/swix-wc-pro-sl-carbon\/","og_site_name":"Beyond-X","article_modified_time":"2026-05-05T08:35:52+00:00","og_image":[{"width":600,"height":600,"url":"https:\/\/beyondx.se\/wp-content\/uploads\/2023\/06\/AC105-00_1.jpg","type":"image\/jpeg"}],"twitter_card":"summary_large_image","twitter_misc":{"Ansl. lesetid":"1 minutt"},"schema":{"@context":"https:\/\/schema.org","@graph":[{"@type":"WebPage","@id":"https:\/\/beyondx.se\/no\/produkt\/swix-wc-pro-sl-carbon\/","url":"https:\/\/beyondx.se\/no\/produkt\/swix-wc-pro-sl-carbon\/","name":"SWIX WC Pro SL Carbon - Beyond-X","isPartOf":{"@id":"https:\/\/beyondx.se\/no\/#website"},"datePublished":"2023-04-21T11:49:37+00:00","dateModified":"2026-05-05T08:35:52+00:00","breadcrumb":{"@id":"https:\/\/beyondx.se\/no\/produkt\/swix-wc-pro-sl-carbon\/#breadcrumb"},"inLanguage":"nb-NO","potentialAction":[{"@type":"ReadAction","target":["https:\/\/beyondx.se\/no\/produkt\/swix-wc-pro-sl-carbon\/"]}]},{"@type":"BreadcrumbList","@id":"https:\/\/beyondx.se\/no\/produkt\/swix-wc-pro-sl-carbon\/#breadcrumb","itemListElement":[{"@type":"ListItem","position":1,"name":"Hem","item":"https:\/\/beyondx.se\/no\/"},{"@type":"ListItem","position":2,"name":"Butik","item":"https:\/\/beyondx.se\/no\/butik\/"},{"@type":"ListItem","position":3,"name":"SWIX WC Pro SL Carbon"}]},{"@type":"WebSite","@id":"https:\/\/beyondx.se\/no\/#website","url":"https:\/\/beyondx.se\/no\/","name":"Beyond-X","description":"No Bullshit Ski Wear","publisher":{"@id":"https:\/\/beyondx.se\/no\/#organization"},"potentialAction":[{"@type":"SearchAction","target":{"@type":"EntryPoint","urlTemplate":"https:\/\/beyondx.se\/no\/?s={search_term_string}"},"query-input":"required name=search_term_string"}],"inLanguage":"nb-NO"},{"@type":"Organization","@id":"https:\/\/beyondx.se\/no\/#organization","name":"B-stedt of Sweden AB","url":"https:\/\/beyondx.se\/no\/","logo":{"@type":"ImageObject","inLanguage":"nb-NO","@id":"https:\/\/beyondx.se\/no\/#\/schema\/logo\/image\/","url":"https:\/\/beyondx.se\/wp-content\/uploads\/2023\/08\/bx-logo.svg","contentUrl":"https:\/\/beyondx.se\/wp-content\/uploads\/2023\/08\/bx-logo.svg","width":1,"height":1,"caption":"B-stedt of Sweden AB"},"image":{"@id":"https:\/\/beyondx.se\/no\/#\/schema\/logo\/image\/"}}]}},"_links":{"self":[{"href":"https:\/\/beyondx.se\/no\/wp-json\/wp\/v2\/product\/17369","targetHints":{"allow":["GET"]}}],"collection":[{"href":"https:\/\/beyondx.se\/no\/wp-json\/wp\/v2\/product"}],"about":[{"href":"https:\/\/beyondx.se\/no\/wp-json\/wp\/v2\/types\/product"}],"wp:featuredmedia":[{"embeddable":true,"href":"https:\/\/beyondx.se\/no\/wp-json\/wp\/v2\/media\/19130"}],"wp:attachment":[{"href":"https:\/\/beyondx.se\/no\/wp-json\/wp\/v2\/media?parent=17369"}],"wp:term":[{"taxonomy":"product_cat","embeddable":true,"href":"https:\/\/beyondx.se\/no\/wp-json\/wp\/v2\/product_cat?post=17369"},{"taxonomy":"product_tag","embeddable":true,"href":"https:\/\/beyondx.se\/no\/wp-json\/wp\/v2\/product_tag?post=17369"}],"curies":[{"name":"wp","href":"https:\/\/api.w.org\/{rel}","templated":true}]}}