{"id":17827,"date":"2023-04-21T14:04:57","date_gmt":"2023-04-21T12:04:57","guid":{"rendered":"https:\/\/beta.karlskogawebbyra.se\/beyond\/product\/forsta-hjalpen-station-idrott\/"},"modified":"2026-04-30T10:34:55","modified_gmt":"2026-04-30T08:34:55","slug":"forsta-hjalpen-station-idrott","status":"publish","type":"product","link":"https:\/\/beyondx.se\/no\/produkt\/forsta-hjalpen-station-idrott\/","title":{"rendered":"F\u00f6rsta Hj\u00e4lpen-station Idrott"},"content":{"rendered":"<p><strong>Inneh\u00e5ll:<\/strong><br \/>\n1 st v\u00e4ggtavla i pulverlackerat st\u00e5l<br \/>\n2 fp plastpl\u00e5ster, 45 st\/fp<br \/>\n1 fp textilpl\u00e5ster, 40 st\/fp<br \/>\n1 st f\u00f6rbandsv\u00e4ska Idrott<br \/>\n1 st instruktionsfolder f\u00f6rsta hj\u00e4lpen<br \/>\nPlastfickor + kort d\u00e4r du anger plats och kontaktperson<\/p>\n<p><strong>Tavlans m\u00e5tt:<\/strong><br \/>\nBredd: 29 cm, h\u00f6jd: 40 cm, djup: 7,5 cm<br \/>\n<strong><br \/>\nInneh\u00e5ll i F\u00f6rbandsv\u00e4ska Idrott:<\/strong><br \/>\nInstruktin f\u00f6r f\u00f6rbandsmaterial<br \/>\n5010 &#8211; 1st &#8211; F\u00f6rbandsv\u00e4ska mellan<br \/>\n1101 &#8211; 1st &#8211; Andningsskydd<br \/>\n3310 &#8211; 1st &#8211; Dauerlinda 10cm<br \/>\n3040 &#8211; 3st &#8211; Elastisk linda 10cm<br \/>\n2160 &#8211; 1st &#8211; Finger-kombif\u00f6rband 6x80cm<br \/>\n3020 &#8211; 1st &#8211; Kirurgtejp<br \/>\n2225 &#8211; 1st &#8211; Klippbart pl\u00e5ster 1m<br \/>\n4815 &#8211; 1st &#8211; F\u00f6rbandssax 15cm (se separat bild)<br \/>\n2150 &#8211; 1st &#8211; Kombif\u00f6rband 10x100cm<br \/>\n3031 &#8211; 4st &#8211; Kompress, Steril 10x10cm<br \/>\n3305 &#8211; 1st &#8211; Kylp\u00e5se<br \/>\n3050 &#8211; 1st &#8211; Pinsett<br \/>\n2006 &#8211; 1st &#8211; F\u00f6rpackning Plastpl\u00e5ster<br \/>\n3110 &#8211; 2st &#8211; Par Skyddshandskar stl L<br \/>\n3105 &#8211; 2st &#8211; Par Skyddshandskar stl M<br \/>\n3315 &#8211; 2st &#8211; Sporttejp 3,8cmx10m<br \/>\n3015 &#8211; 4st &#8211; S\u00e5rtejp 3-pack<br \/>\n3075 &#8211; 1st &#8211; S\u00e5rtv\u00e4ttare 10-pack<\/p>\n<p><strong>V\u00e4skans m\u00e5tt:<\/strong><br \/>\nBredd: 25 cm, h\u00f6jd: 18 cm, djup: 7 cm<\/p>\n","protected":false},"excerpt":{"rendered":"F\u00f6rsta hj\u00e4lpen-station Idrott\u00a0har en v\u00e4ggh\u00e4ngd st\u00e4llning i\u00a0pl\u00e5t och \u00e4r utrustad med\u00a0f\u00f6rsta hj\u00e4lpen-produkter f\u00f6r att du ska kunna ta hand om de vanligaste skadorna direkt. Inneh\u00e5llet \u00e4r anpassat f\u00f6r en verksamhet inom sport och fysisk aktivitet. Det h\u00e4r \u00e4r en effektiv och h\u00e5llbar l\u00f6sning f\u00f6r dig som vill ha b\u00e4sta m\u00f6jliga utrustning n\u00e4r n\u00e5gon blir\u00a0akut sjuk eller skadad i samband med tr\u00e4ning, match eller t\u00e4vling. \u00a0    Pl\u00e5stren \u00e4r l\u00e4tta att komma \u00e5t med bara en hand. I v\u00e4skan ligger\u00a0f\u00f6rbandsmaterialet v\u00e4l skyddat. Det b\u00e4sta med f\u00f6rsta hj\u00e4lpen-stationen har vi sparat till sist: n\u00e4r din kollega r\u00e5kar ut f\u00f6r en skada tar du bara med dig v\u00e4skan och skyndar dit. Enkelt och praktiskt med allt f\u00f6rsta hj\u00e4lpen-material till hands!\u00a0 <p><strong>Inneh\u00e5ll:<\/strong><span><\/span><br \/><span>1 st v\u00e4ggtavla i pulverlackerat st\u00e5l<\/span><br \/><span>2 fp plastpl\u00e5ster, 45 st\/fp<\/span><br \/><span>1 fp textilpl\u00e5ster, 40 st\/fp<\/span><br \/><span>1 st f\u00f6rbandsv\u00e4ska Idrott<\/span><br \/><span>1 st instruktionsfolder f\u00f6rsta hj\u00e4lpen<\/span><br \/><span>Plastfickor + kort d\u00e4r du anger plats och kontaktperson<\/span><\/p><p><strong>Tavlans m\u00e5tt:<\/strong><span><\/span><br \/><span>Bredd: 29 cm, h\u00f6jd: 40 cm, djup: 7,5 cm<\/span><br \/><strong><br \/>Inneh\u00e5ll i F\u00f6rbandsv\u00e4ska Idrott:<\/strong><br \/>Instruktin f\u00f6r f\u00f6rbandsmaterial<br \/>5010 &#8211; 1st &#8211; F\u00f6rbandsv\u00e4ska mellan<br \/>1101 &#8211; 1st &#8211; Andningsskydd<br \/>3310 &#8211; 1st &#8211; Dauerlinda 10cm<br \/>3040 &#8211; 3st &#8211; Elastisk linda 10cm<br \/>2160 &#8211; 1st &#8211; Finger-kombif\u00f6rband 6x80cm<br \/>3020 &#8211; 1st &#8211; Kirurgtejp<br \/>2225 &#8211; 1st &#8211; Klippbart pl\u00e5ster 1m<br \/>4815 &#8211; 1st &#8211; F\u00f6rbandssax 15cm (se separat bild)<br \/>2150 &#8211; 1st &#8211; Kombif\u00f6rband 10x100cm<br \/>3031 &#8211; 4st &#8211; Kompress, Steril 10x10cm<br \/>3305 &#8211; 1st &#8211; Kylp\u00e5se<br \/>3050 &#8211; 1st &#8211; Pinsett<br \/>2006 &#8211; 1st &#8211; F\u00f6rpackning Plastpl\u00e5ster<br \/>3110 &#8211; 2st &#8211; Par Skyddshandskar stl L<br \/>3105 &#8211; 2st &#8211; Par Skyddshandskar stl M<br \/>3315 &#8211; 2st &#8211; Sporttejp 3,8cmx10m<br \/>3015 &#8211; 4st &#8211; S\u00e5rtejp 3-pack<br \/>3075 &#8211; 1st &#8211; S\u00e5rtv\u00e4ttare 10-pack<\/p><p><strong>V\u00e4skans m\u00e5tt:<\/strong><span><\/span><br \/><span>Bredd: 25 cm, h\u00f6jd: 18 cm, djup: 7 cm<\/span><\/p>","protected":false},"featured_media":19660,"template":"","meta":[],"product_cat":[230,231],"product_tag":[],"class_list":["post-17827","product","type-product","status-publish","has-post-thumbnail","hentry","product_cat-forsta-hjalpen","product_cat-forsta-hjalpen-paket","brands-forsta-hjalpencentrum","fpd-variation-needed"],"yoast_head":"<!-- This site is optimized with the Yoast SEO plugin v21.0 - https:\/\/yoast.com\/wordpress\/plugins\/seo\/ -->\n<title>F\u00f6rsta Hj\u00e4lpen-station Idrott - Beyond-X<\/title>\n<meta name=\"robots\" content=\"index, follow, max-snippet:-1, max-image-preview:large, max-video-preview:-1\" \/>\n<link rel=\"canonical\" href=\"https:\/\/beyondx.se\/no\/produkt\/forsta-hjalpen-station-idrott\/\" \/>\n<meta property=\"og:locale\" content=\"nb_NO\" \/>\n<meta property=\"og:type\" content=\"article\" \/>\n<meta property=\"og:title\" content=\"F\u00f6rsta Hj\u00e4lpen-station Idrott - Beyond-X\" \/>\n<meta property=\"og:description\" content=\"F\u00f6rsta hj\u00e4lpen-station Idrott\u00a0har en v\u00e4ggh\u00e4ngd st\u00e4llning i\u00a0pl\u00e5t och \u00e4r utrustad med\u00a0f\u00f6rsta hj\u00e4lpen-produkter f\u00f6r att du ska kunna ta hand om de vanligaste skadorna direkt. Inneh\u00e5llet \u00e4r anpassat f\u00f6r en verksamhet inom sport och fysisk aktivitet. Det h\u00e4r \u00e4r en effektiv och h\u00e5llbar l\u00f6sning f\u00f6r dig som vill ha b\u00e4sta m\u00f6jliga utrustning n\u00e4r n\u00e5gon blir\u00a0akut sjuk eller skadad i samband med tr\u00e4ning, match eller t\u00e4vling. \u00a0  Pl\u00e5stren \u00e4r l\u00e4tta att komma \u00e5t med bara en hand. I v\u00e4skan ligger\u00a0f\u00f6rbandsmaterialet v\u00e4l skyddat. Det b\u00e4sta med f\u00f6rsta hj\u00e4lpen-stationen har vi sparat till sist: n\u00e4r din kollega r\u00e5kar ut f\u00f6r en skada tar du bara med dig v\u00e4skan och skyndar dit. Enkelt och praktiskt med allt f\u00f6rsta hj\u00e4lpen-material till hands!\u00a0 Inneh\u00e5ll:1 st v\u00e4ggtavla i pulverlackerat st\u00e5l2 fp plastpl\u00e5ster, 45 st\/fp1 fp textilpl\u00e5ster, 40 st\/fp1 st f\u00f6rbandsv\u00e4ska Idrott1 st instruktionsfolder f\u00f6rsta hj\u00e4lpenPlastfickor + kort d\u00e4r du anger plats och kontaktpersonTavlans m\u00e5tt:Bredd: 29 cm, h\u00f6jd: 40 cm, djup: 7,5 cmInneh\u00e5ll i F\u00f6rbandsv\u00e4ska Idrott:Instruktin f\u00f6r f\u00f6rbandsmaterial5010 - 1st - F\u00f6rbandsv\u00e4ska mellan1101 - 1st - Andningsskydd3310 - 1st - Dauerlinda 10cm3040 - 3st - Elastisk linda 10cm2160 - 1st - Finger-kombif\u00f6rband 6x80cm3020 - 1st - Kirurgtejp2225 - 1st - Klippbart pl\u00e5ster 1m4815 - 1st - F\u00f6rbandssax 15cm (se separat bild)2150 - 1st - Kombif\u00f6rband 10x100cm3031 - 4st - Kompress, Steril 10x10cm3305 - 1st - Kylp\u00e5se3050 - 1st - Pinsett2006 - 1st - F\u00f6rpackning Plastpl\u00e5ster3110 - 2st - Par Skyddshandskar stl L3105 - 2st - Par Skyddshandskar stl M3315 - 2st - Sporttejp 3,8cmx10m3015 - 4st - S\u00e5rtejp 3-pack3075 - 1st - S\u00e5rtv\u00e4ttare 10-packV\u00e4skans m\u00e5tt:Bredd: 25 cm, h\u00f6jd: 18 cm, djup: 7 cm\" \/>\n<meta property=\"og:url\" content=\"https:\/\/beyondx.se\/no\/produkt\/forsta-hjalpen-station-idrott\/\" \/>\n<meta property=\"og:site_name\" content=\"Beyond-X\" \/>\n<meta property=\"article:modified_time\" content=\"2026-04-30T08:34:55+00:00\" \/>\n<meta property=\"og:image\" content=\"https:\/\/beyondx.se\/wp-content\/uploads\/2023\/06\/FH2918_1.jpg\" \/>\n\t<meta property=\"og:image:width\" content=\"367\" \/>\n\t<meta property=\"og:image:height\" content=\"471\" \/>\n\t<meta property=\"og:image:type\" content=\"image\/jpeg\" \/>\n<meta name=\"twitter:card\" content=\"summary_large_image\" \/>\n<meta name=\"twitter:label1\" content=\"Ansl. lesetid\" \/>\n\t<meta name=\"twitter:data1\" content=\"1 minutt\" \/>\n<script type=\"application\/ld+json\" class=\"yoast-schema-graph\">{\"@context\":\"https:\/\/schema.org\",\"@graph\":[{\"@type\":\"WebPage\",\"@id\":\"https:\/\/beyondx.se\/no\/produkt\/forsta-hjalpen-station-idrott\/\",\"url\":\"https:\/\/beyondx.se\/no\/produkt\/forsta-hjalpen-station-idrott\/\",\"name\":\"F\u00f6rsta Hj\u00e4lpen-station Idrott - Beyond-X\",\"isPartOf\":{\"@id\":\"https:\/\/beyondx.se\/no\/#website\"},\"datePublished\":\"2023-04-21T12:04:57+00:00\",\"dateModified\":\"2026-04-30T08:34:55+00:00\",\"breadcrumb\":{\"@id\":\"https:\/\/beyondx.se\/no\/produkt\/forsta-hjalpen-station-idrott\/#breadcrumb\"},\"inLanguage\":\"nb-NO\",\"potentialAction\":[{\"@type\":\"ReadAction\",\"target\":[\"https:\/\/beyondx.se\/no\/produkt\/forsta-hjalpen-station-idrott\/\"]}]},{\"@type\":\"BreadcrumbList\",\"@id\":\"https:\/\/beyondx.se\/no\/produkt\/forsta-hjalpen-station-idrott\/#breadcrumb\",\"itemListElement\":[{\"@type\":\"ListItem\",\"position\":1,\"name\":\"Hem\",\"item\":\"https:\/\/beyondx.se\/no\/\"},{\"@type\":\"ListItem\",\"position\":2,\"name\":\"Butik\",\"item\":\"https:\/\/beyondx.se\/no\/butik\/\"},{\"@type\":\"ListItem\",\"position\":3,\"name\":\"F\u00f6rsta Hj\u00e4lpen-station Idrott\"}]},{\"@type\":\"WebSite\",\"@id\":\"https:\/\/beyondx.se\/no\/#website\",\"url\":\"https:\/\/beyondx.se\/no\/\",\"name\":\"Beyond-X\",\"description\":\"No Bullshit Ski Wear\",\"publisher\":{\"@id\":\"https:\/\/beyondx.se\/no\/#organization\"},\"potentialAction\":[{\"@type\":\"SearchAction\",\"target\":{\"@type\":\"EntryPoint\",\"urlTemplate\":\"https:\/\/beyondx.se\/no\/?s={search_term_string}\"},\"query-input\":\"required name=search_term_string\"}],\"inLanguage\":\"nb-NO\"},{\"@type\":\"Organization\",\"@id\":\"https:\/\/beyondx.se\/no\/#organization\",\"name\":\"B-stedt of Sweden AB\",\"url\":\"https:\/\/beyondx.se\/no\/\",\"logo\":{\"@type\":\"ImageObject\",\"inLanguage\":\"nb-NO\",\"@id\":\"https:\/\/beyondx.se\/no\/#\/schema\/logo\/image\/\",\"url\":\"https:\/\/beyondx.se\/wp-content\/uploads\/2023\/08\/bx-logo.svg\",\"contentUrl\":\"https:\/\/beyondx.se\/wp-content\/uploads\/2023\/08\/bx-logo.svg\",\"width\":1,\"height\":1,\"caption\":\"B-stedt of Sweden AB\"},\"image\":{\"@id\":\"https:\/\/beyondx.se\/no\/#\/schema\/logo\/image\/\"}}]}<\/script>\n<!-- \/ Yoast SEO plugin. -->","yoast_head_json":{"title":"F\u00f6rsta Hj\u00e4lpen-station Idrott - Beyond-X","robots":{"index":"index","follow":"follow","max-snippet":"max-snippet:-1","max-image-preview":"max-image-preview:large","max-video-preview":"max-video-preview:-1"},"canonical":"https:\/\/beyondx.se\/no\/produkt\/forsta-hjalpen-station-idrott\/","og_locale":"nb_NO","og_type":"article","og_title":"F\u00f6rsta Hj\u00e4lpen-station Idrott - Beyond-X","og_description":"F\u00f6rsta hj\u00e4lpen-station Idrott\u00a0har en v\u00e4ggh\u00e4ngd st\u00e4llning i\u00a0pl\u00e5t och \u00e4r utrustad med\u00a0f\u00f6rsta hj\u00e4lpen-produkter f\u00f6r att du ska kunna ta hand om de vanligaste skadorna direkt. Inneh\u00e5llet \u00e4r anpassat f\u00f6r en verksamhet inom sport och fysisk aktivitet. Det h\u00e4r \u00e4r en effektiv och h\u00e5llbar l\u00f6sning f\u00f6r dig som vill ha b\u00e4sta m\u00f6jliga utrustning n\u00e4r n\u00e5gon blir\u00a0akut sjuk eller skadad i samband med tr\u00e4ning, match eller t\u00e4vling. \u00a0  Pl\u00e5stren \u00e4r l\u00e4tta att komma \u00e5t med bara en hand. I v\u00e4skan ligger\u00a0f\u00f6rbandsmaterialet v\u00e4l skyddat. Det b\u00e4sta med f\u00f6rsta hj\u00e4lpen-stationen har vi sparat till sist: n\u00e4r din kollega r\u00e5kar ut f\u00f6r en skada tar du bara med dig v\u00e4skan och skyndar dit. Enkelt och praktiskt med allt f\u00f6rsta hj\u00e4lpen-material till hands!\u00a0 Inneh\u00e5ll:1 st v\u00e4ggtavla i pulverlackerat st\u00e5l2 fp plastpl\u00e5ster, 45 st\/fp1 fp textilpl\u00e5ster, 40 st\/fp1 st f\u00f6rbandsv\u00e4ska Idrott1 st instruktionsfolder f\u00f6rsta hj\u00e4lpenPlastfickor + kort d\u00e4r du anger plats och kontaktpersonTavlans m\u00e5tt:Bredd: 29 cm, h\u00f6jd: 40 cm, djup: 7,5 cmInneh\u00e5ll i F\u00f6rbandsv\u00e4ska Idrott:Instruktin f\u00f6r f\u00f6rbandsmaterial5010 - 1st - F\u00f6rbandsv\u00e4ska mellan1101 - 1st - Andningsskydd3310 - 1st - Dauerlinda 10cm3040 - 3st - Elastisk linda 10cm2160 - 1st - Finger-kombif\u00f6rband 6x80cm3020 - 1st - Kirurgtejp2225 - 1st - Klippbart pl\u00e5ster 1m4815 - 1st - F\u00f6rbandssax 15cm (se separat bild)2150 - 1st - Kombif\u00f6rband 10x100cm3031 - 4st - Kompress, Steril 10x10cm3305 - 1st - Kylp\u00e5se3050 - 1st - Pinsett2006 - 1st - F\u00f6rpackning Plastpl\u00e5ster3110 - 2st - Par Skyddshandskar stl L3105 - 2st - Par Skyddshandskar stl M3315 - 2st - Sporttejp 3,8cmx10m3015 - 4st - S\u00e5rtejp 3-pack3075 - 1st - S\u00e5rtv\u00e4ttare 10-packV\u00e4skans m\u00e5tt:Bredd: 25 cm, h\u00f6jd: 18 cm, djup: 7 cm","og_url":"https:\/\/beyondx.se\/no\/produkt\/forsta-hjalpen-station-idrott\/","og_site_name":"Beyond-X","article_modified_time":"2026-04-30T08:34:55+00:00","og_image":[{"width":367,"height":471,"url":"https:\/\/beyondx.se\/wp-content\/uploads\/2023\/06\/FH2918_1.jpg","type":"image\/jpeg"}],"twitter_card":"summary_large_image","twitter_misc":{"Ansl. lesetid":"1 minutt"},"schema":{"@context":"https:\/\/schema.org","@graph":[{"@type":"WebPage","@id":"https:\/\/beyondx.se\/no\/produkt\/forsta-hjalpen-station-idrott\/","url":"https:\/\/beyondx.se\/no\/produkt\/forsta-hjalpen-station-idrott\/","name":"F\u00f6rsta Hj\u00e4lpen-station Idrott - Beyond-X","isPartOf":{"@id":"https:\/\/beyondx.se\/no\/#website"},"datePublished":"2023-04-21T12:04:57+00:00","dateModified":"2026-04-30T08:34:55+00:00","breadcrumb":{"@id":"https:\/\/beyondx.se\/no\/produkt\/forsta-hjalpen-station-idrott\/#breadcrumb"},"inLanguage":"nb-NO","potentialAction":[{"@type":"ReadAction","target":["https:\/\/beyondx.se\/no\/produkt\/forsta-hjalpen-station-idrott\/"]}]},{"@type":"BreadcrumbList","@id":"https:\/\/beyondx.se\/no\/produkt\/forsta-hjalpen-station-idrott\/#breadcrumb","itemListElement":[{"@type":"ListItem","position":1,"name":"Hem","item":"https:\/\/beyondx.se\/no\/"},{"@type":"ListItem","position":2,"name":"Butik","item":"https:\/\/beyondx.se\/no\/butik\/"},{"@type":"ListItem","position":3,"name":"F\u00f6rsta Hj\u00e4lpen-station Idrott"}]},{"@type":"WebSite","@id":"https:\/\/beyondx.se\/no\/#website","url":"https:\/\/beyondx.se\/no\/","name":"Beyond-X","description":"No Bullshit Ski Wear","publisher":{"@id":"https:\/\/beyondx.se\/no\/#organization"},"potentialAction":[{"@type":"SearchAction","target":{"@type":"EntryPoint","urlTemplate":"https:\/\/beyondx.se\/no\/?s={search_term_string}"},"query-input":"required name=search_term_string"}],"inLanguage":"nb-NO"},{"@type":"Organization","@id":"https:\/\/beyondx.se\/no\/#organization","name":"B-stedt of Sweden AB","url":"https:\/\/beyondx.se\/no\/","logo":{"@type":"ImageObject","inLanguage":"nb-NO","@id":"https:\/\/beyondx.se\/no\/#\/schema\/logo\/image\/","url":"https:\/\/beyondx.se\/wp-content\/uploads\/2023\/08\/bx-logo.svg","contentUrl":"https:\/\/beyondx.se\/wp-content\/uploads\/2023\/08\/bx-logo.svg","width":1,"height":1,"caption":"B-stedt of Sweden AB"},"image":{"@id":"https:\/\/beyondx.se\/no\/#\/schema\/logo\/image\/"}}]}},"_links":{"self":[{"href":"https:\/\/beyondx.se\/no\/wp-json\/wp\/v2\/product\/17827","targetHints":{"allow":["GET"]}}],"collection":[{"href":"https:\/\/beyondx.se\/no\/wp-json\/wp\/v2\/product"}],"about":[{"href":"https:\/\/beyondx.se\/no\/wp-json\/wp\/v2\/types\/product"}],"wp:featuredmedia":[{"embeddable":true,"href":"https:\/\/beyondx.se\/no\/wp-json\/wp\/v2\/media\/19660"}],"wp:attachment":[{"href":"https:\/\/beyondx.se\/no\/wp-json\/wp\/v2\/media?parent=17827"}],"wp:term":[{"taxonomy":"product_cat","embeddable":true,"href":"https:\/\/beyondx.se\/no\/wp-json\/wp\/v2\/product_cat?post=17827"},{"taxonomy":"product_tag","embeddable":true,"href":"https:\/\/beyondx.se\/no\/wp-json\/wp\/v2\/product_tag?post=17827"}],"curies":[{"name":"wp","href":"https:\/\/api.w.org\/{rel}","templated":true}]}}