{"id":17831,"date":"2023-04-21T14:04:58","date_gmt":"2023-04-21T12:04:58","guid":{"rendered":"https:\/\/beta.karlskogawebbyra.se\/beyond\/product\/forsta-hjalpen-station-kontor\/"},"modified":"2026-04-25T10:31:46","modified_gmt":"2026-04-25T08:31:46","slug":"forsta-hjalpen-station-kontor","status":"publish","type":"product","link":"https:\/\/beyondx.se\/no\/produkt\/forsta-hjalpen-station-kontor\/","title":{"rendered":"F\u00f6rsta Hj\u00e4lpen-station Kontor"},"content":{"rendered":"<p><strong>Inneh\u00e5ll:<br \/>\n<\/strong>1 st v\u00e4ggtavla i pulverlackerat st\u00e5l<br \/>\n2 fp plastpl\u00e5ster, 45 st\/fp<br \/>\n1 fp textilpl\u00e5ster, 40 st\/fp<br \/>\n1 st f\u00f6rbandsv\u00e4ska Kontor &amp; Butik<br \/>\n1 st instruktionsfolder f\u00f6rsta hj\u00e4lpen<br \/>\nPlastfickor + kort d\u00e4r du anger plats och kontaktperson<\/p>\n<p>Tavlans m\u00e5tt:<br \/>\nBredd: 29 cm, h\u00f6jd: 40 cm, djup: 7,5 cm<\/p>\n<p>Inneh\u00e5ll i F\u00f6rbandsv\u00e4ska Kontor &amp; Butik:<br \/>\n1 st f\u00f6rbandsv\u00e4ska Medium<br \/>\n1 st mini-instruktion f\u00f6rbandsmaterial<br \/>\n2 par skyddshandskar stl M<br \/>\n2 par skyddshandskar stl L<br \/>\n10 st s\u00e5rtv\u00e4ttare<br \/>\n20 st textil- och plastpl\u00e5ster (10 + 10)<br \/>\n2 fp s\u00e5rtejp, 3 st\/fp<br \/>\n1 st elastisk linda 10 cm<br \/>\n1 st kirurgtejp<br \/>\n2 st sterila kompresser, 10 x 10 cm<br \/>\n1 st kombif\u00f6rband 10 x 100 cm<br \/>\n1 st finger-kombif\u00f6rband 6 x 100 cm<br \/>\n1 st pincett<\/p>\n<p><strong>V\u00e4skans m\u00e5tt:<\/strong><br \/>\nBredd: 25 cm, h\u00f6jd: 18 cm, djup: 7 cm<\/p>\n","protected":false},"excerpt":{"rendered":"F\u00f6rsta hj\u00e4lpen-station Kontor har en v\u00e4ggh\u00e4ngd h\u00e5llare tillverkad i pl\u00e5t och utrustad med f\u00f6rsta hj\u00e4lpen-produkter f\u00f6r att du ska kunna ta hand om de vanligaste skadorna direkt. Inneh\u00e5llet \u00e4r anpassat f\u00f6r en administrativ arbetsplats eller inom handeln. Det h\u00e4r \u00e4r en effektiv och h\u00e5llbar l\u00f6sning f\u00f6r dig som vill ha b\u00e4sta m\u00f6jliga utrustning n\u00e4r n\u00e5gon blir akut sjuk eller skadad p\u00e5 jobbet.      Pl\u00e5stren \u00e4r l\u00e4tta att komma \u00e5t med bara en hand. I v\u00e4skan ligger f\u00f6rbandsmaterialet v\u00e4l skyddat. Det b\u00e4sta med f\u00f6rsta hj\u00e4lpen-stationen har vi sparat till sist: n\u00e4r din kollega r\u00e5kar ut f\u00f6r en skada tar du bara med dig v\u00e4skan och skyndar dit. Enkelt och praktiskt med allt f\u00f6rsta hj\u00e4lpen-material till hands! <strong>Inneh\u00e5ll:<br \/><\/strong>1 st v\u00e4ggtavla i pulverlackerat st\u00e5l<br \/>2 fp plastpl\u00e5ster, 45 st\/fp<br \/>1 fp textilpl\u00e5ster, 40 st\/fp<br \/>1 st f\u00f6rbandsv\u00e4ska Kontor &amp; Butik<br \/>1 st instruktionsfolder f\u00f6rsta hj\u00e4lpen<br \/>Plastfickor + kort d\u00e4r du anger plats och kontaktperson<strong><br \/><br \/>Tavlans m\u00e5tt:<br \/><\/strong>Bredd: 29 cm, h\u00f6jd: 40 cm, djup: 7,5 cm<strong><br \/><br \/>Inneh\u00e5ll i F\u00f6rbandsv\u00e4ska Kontor &amp; Butik:<br \/><\/strong>1 st f\u00f6rbandsv\u00e4ska Medium<br \/>1 st mini-instruktion f\u00f6rbandsmaterial<br \/>2 par skyddshandskar stl M<br \/>2 par skyddshandskar stl L<br \/>10 st s\u00e5rtv\u00e4ttare\u00a0<br \/>20 st textil- och plastpl\u00e5ster (10 + 10)<br \/>2 fp s\u00e5rtejp, 3 st\/fp<br \/>1 st elastisk linda 10 cm<br \/>1 st kirurgtejp<br \/>2 st sterila kompresser, 10 x 10 cm<br \/>1 st kombif\u00f6rband 10 x 100 cm\u00a0<br \/>1 st finger-kombif\u00f6rband 6 x 100 cm\u00a0<br \/>1 st pincett<p><strong>V\u00e4skans m\u00e5tt:<\/strong><br \/>Bredd: 25 cm, h\u00f6jd: 18 cm, djup: 7 cm<\/p>","protected":false},"featured_media":19659,"template":"","meta":[],"product_cat":[230,231],"product_tag":[],"class_list":["post-17831","product","type-product","status-publish","has-post-thumbnail","hentry","product_cat-forsta-hjalpen","product_cat-forsta-hjalpen-paket","brands-forsta-hjalpencentrum","fpd-variation-needed"],"yoast_head":"<!-- This site is optimized with the Yoast SEO plugin v21.0 - https:\/\/yoast.com\/wordpress\/plugins\/seo\/ -->\n<title>F\u00f6rsta Hj\u00e4lpen-station Kontor - Beyond-X<\/title>\n<meta name=\"robots\" content=\"index, follow, max-snippet:-1, max-image-preview:large, max-video-preview:-1\" \/>\n<link rel=\"canonical\" href=\"https:\/\/beyondx.se\/no\/produkt\/forsta-hjalpen-station-kontor\/\" \/>\n<meta property=\"og:locale\" content=\"nb_NO\" \/>\n<meta property=\"og:type\" content=\"article\" \/>\n<meta property=\"og:title\" content=\"F\u00f6rsta Hj\u00e4lpen-station Kontor - Beyond-X\" \/>\n<meta property=\"og:description\" content=\"F\u00f6rsta hj\u00e4lpen-station Kontor har en v\u00e4ggh\u00e4ngd h\u00e5llare tillverkad i pl\u00e5t och utrustad med f\u00f6rsta hj\u00e4lpen-produkter f\u00f6r att du ska kunna ta hand om de vanligaste skadorna direkt. Inneh\u00e5llet \u00e4r anpassat f\u00f6r en administrativ arbetsplats eller inom handeln. Det h\u00e4r \u00e4r en effektiv och h\u00e5llbar l\u00f6sning f\u00f6r dig som vill ha b\u00e4sta m\u00f6jliga utrustning n\u00e4r n\u00e5gon blir akut sjuk eller skadad p\u00e5 jobbet.   Pl\u00e5stren \u00e4r l\u00e4tta att komma \u00e5t med bara en hand. I v\u00e4skan ligger f\u00f6rbandsmaterialet v\u00e4l skyddat. Det b\u00e4sta med f\u00f6rsta hj\u00e4lpen-stationen har vi sparat till sist: n\u00e4r din kollega r\u00e5kar ut f\u00f6r en skada tar du bara med dig v\u00e4skan och skyndar dit. Enkelt och praktiskt med allt f\u00f6rsta hj\u00e4lpen-material till hands! Inneh\u00e5ll:1 st v\u00e4ggtavla i pulverlackerat st\u00e5l2 fp plastpl\u00e5ster, 45 st\/fp1 fp textilpl\u00e5ster, 40 st\/fp1 st f\u00f6rbandsv\u00e4ska Kontor &amp; Butik1 st instruktionsfolder f\u00f6rsta hj\u00e4lpenPlastfickor + kort d\u00e4r du anger plats och kontaktpersonTavlans m\u00e5tt:Bredd: 29 cm, h\u00f6jd: 40 cm, djup: 7,5 cmInneh\u00e5ll i F\u00f6rbandsv\u00e4ska Kontor &amp; Butik:1 st f\u00f6rbandsv\u00e4ska Medium1 st mini-instruktion f\u00f6rbandsmaterial2 par skyddshandskar stl M2 par skyddshandskar stl L10 st s\u00e5rtv\u00e4ttare\u00a020 st textil- och plastpl\u00e5ster (10 + 10)2 fp s\u00e5rtejp, 3 st\/fp1 st elastisk linda 10 cm1 st kirurgtejp2 st sterila kompresser, 10 x 10 cm1 st kombif\u00f6rband 10 x 100 cm\u00a01 st finger-kombif\u00f6rband 6 x 100 cm\u00a01 st pincettV\u00e4skans m\u00e5tt:Bredd: 25 cm, h\u00f6jd: 18 cm, djup: 7 cm\" \/>\n<meta property=\"og:url\" content=\"https:\/\/beyondx.se\/no\/produkt\/forsta-hjalpen-station-kontor\/\" \/>\n<meta property=\"og:site_name\" content=\"Beyond-X\" \/>\n<meta property=\"article:modified_time\" content=\"2026-04-25T08:31:46+00:00\" \/>\n<meta property=\"og:image\" content=\"https:\/\/beyondx.se\/wp-content\/uploads\/2023\/06\/FH2916_1.jpg\" \/>\n\t<meta property=\"og:image:width\" content=\"367\" \/>\n\t<meta property=\"og:image:height\" content=\"471\" \/>\n\t<meta property=\"og:image:type\" content=\"image\/jpeg\" \/>\n<meta name=\"twitter:card\" content=\"summary_large_image\" \/>\n<meta name=\"twitter:label1\" content=\"Ansl. lesetid\" \/>\n\t<meta name=\"twitter:data1\" content=\"1 minutt\" \/>\n<script type=\"application\/ld+json\" class=\"yoast-schema-graph\">{\"@context\":\"https:\/\/schema.org\",\"@graph\":[{\"@type\":\"WebPage\",\"@id\":\"https:\/\/beyondx.se\/no\/produkt\/forsta-hjalpen-station-kontor\/\",\"url\":\"https:\/\/beyondx.se\/no\/produkt\/forsta-hjalpen-station-kontor\/\",\"name\":\"F\u00f6rsta Hj\u00e4lpen-station Kontor - Beyond-X\",\"isPartOf\":{\"@id\":\"https:\/\/beyondx.se\/no\/#website\"},\"datePublished\":\"2023-04-21T12:04:58+00:00\",\"dateModified\":\"2026-04-25T08:31:46+00:00\",\"breadcrumb\":{\"@id\":\"https:\/\/beyondx.se\/no\/produkt\/forsta-hjalpen-station-kontor\/#breadcrumb\"},\"inLanguage\":\"nb-NO\",\"potentialAction\":[{\"@type\":\"ReadAction\",\"target\":[\"https:\/\/beyondx.se\/no\/produkt\/forsta-hjalpen-station-kontor\/\"]}]},{\"@type\":\"BreadcrumbList\",\"@id\":\"https:\/\/beyondx.se\/no\/produkt\/forsta-hjalpen-station-kontor\/#breadcrumb\",\"itemListElement\":[{\"@type\":\"ListItem\",\"position\":1,\"name\":\"Hem\",\"item\":\"https:\/\/beyondx.se\/no\/\"},{\"@type\":\"ListItem\",\"position\":2,\"name\":\"Butik\",\"item\":\"https:\/\/beyondx.se\/no\/butik\/\"},{\"@type\":\"ListItem\",\"position\":3,\"name\":\"F\u00f6rsta Hj\u00e4lpen-station Kontor\"}]},{\"@type\":\"WebSite\",\"@id\":\"https:\/\/beyondx.se\/no\/#website\",\"url\":\"https:\/\/beyondx.se\/no\/\",\"name\":\"Beyond-X\",\"description\":\"No Bullshit Ski Wear\",\"publisher\":{\"@id\":\"https:\/\/beyondx.se\/no\/#organization\"},\"potentialAction\":[{\"@type\":\"SearchAction\",\"target\":{\"@type\":\"EntryPoint\",\"urlTemplate\":\"https:\/\/beyondx.se\/no\/?s={search_term_string}\"},\"query-input\":\"required name=search_term_string\"}],\"inLanguage\":\"nb-NO\"},{\"@type\":\"Organization\",\"@id\":\"https:\/\/beyondx.se\/no\/#organization\",\"name\":\"B-stedt of Sweden AB\",\"url\":\"https:\/\/beyondx.se\/no\/\",\"logo\":{\"@type\":\"ImageObject\",\"inLanguage\":\"nb-NO\",\"@id\":\"https:\/\/beyondx.se\/no\/#\/schema\/logo\/image\/\",\"url\":\"https:\/\/beyondx.se\/wp-content\/uploads\/2023\/08\/bx-logo.svg\",\"contentUrl\":\"https:\/\/beyondx.se\/wp-content\/uploads\/2023\/08\/bx-logo.svg\",\"width\":1,\"height\":1,\"caption\":\"B-stedt of Sweden AB\"},\"image\":{\"@id\":\"https:\/\/beyondx.se\/no\/#\/schema\/logo\/image\/\"}}]}<\/script>\n<!-- \/ Yoast SEO plugin. -->","yoast_head_json":{"title":"F\u00f6rsta Hj\u00e4lpen-station Kontor - Beyond-X","robots":{"index":"index","follow":"follow","max-snippet":"max-snippet:-1","max-image-preview":"max-image-preview:large","max-video-preview":"max-video-preview:-1"},"canonical":"https:\/\/beyondx.se\/no\/produkt\/forsta-hjalpen-station-kontor\/","og_locale":"nb_NO","og_type":"article","og_title":"F\u00f6rsta Hj\u00e4lpen-station Kontor - Beyond-X","og_description":"F\u00f6rsta hj\u00e4lpen-station Kontor har en v\u00e4ggh\u00e4ngd h\u00e5llare tillverkad i pl\u00e5t och utrustad med f\u00f6rsta hj\u00e4lpen-produkter f\u00f6r att du ska kunna ta hand om de vanligaste skadorna direkt. Inneh\u00e5llet \u00e4r anpassat f\u00f6r en administrativ arbetsplats eller inom handeln. Det h\u00e4r \u00e4r en effektiv och h\u00e5llbar l\u00f6sning f\u00f6r dig som vill ha b\u00e4sta m\u00f6jliga utrustning n\u00e4r n\u00e5gon blir akut sjuk eller skadad p\u00e5 jobbet.   Pl\u00e5stren \u00e4r l\u00e4tta att komma \u00e5t med bara en hand. I v\u00e4skan ligger f\u00f6rbandsmaterialet v\u00e4l skyddat. Det b\u00e4sta med f\u00f6rsta hj\u00e4lpen-stationen har vi sparat till sist: n\u00e4r din kollega r\u00e5kar ut f\u00f6r en skada tar du bara med dig v\u00e4skan och skyndar dit. Enkelt och praktiskt med allt f\u00f6rsta hj\u00e4lpen-material till hands! Inneh\u00e5ll:1 st v\u00e4ggtavla i pulverlackerat st\u00e5l2 fp plastpl\u00e5ster, 45 st\/fp1 fp textilpl\u00e5ster, 40 st\/fp1 st f\u00f6rbandsv\u00e4ska Kontor &amp; Butik1 st instruktionsfolder f\u00f6rsta hj\u00e4lpenPlastfickor + kort d\u00e4r du anger plats och kontaktpersonTavlans m\u00e5tt:Bredd: 29 cm, h\u00f6jd: 40 cm, djup: 7,5 cmInneh\u00e5ll i F\u00f6rbandsv\u00e4ska Kontor &amp; Butik:1 st f\u00f6rbandsv\u00e4ska Medium1 st mini-instruktion f\u00f6rbandsmaterial2 par skyddshandskar stl M2 par skyddshandskar stl L10 st s\u00e5rtv\u00e4ttare\u00a020 st textil- och plastpl\u00e5ster (10 + 10)2 fp s\u00e5rtejp, 3 st\/fp1 st elastisk linda 10 cm1 st kirurgtejp2 st sterila kompresser, 10 x 10 cm1 st kombif\u00f6rband 10 x 100 cm\u00a01 st finger-kombif\u00f6rband 6 x 100 cm\u00a01 st pincettV\u00e4skans m\u00e5tt:Bredd: 25 cm, h\u00f6jd: 18 cm, djup: 7 cm","og_url":"https:\/\/beyondx.se\/no\/produkt\/forsta-hjalpen-station-kontor\/","og_site_name":"Beyond-X","article_modified_time":"2026-04-25T08:31:46+00:00","og_image":[{"width":367,"height":471,"url":"https:\/\/beyondx.se\/wp-content\/uploads\/2023\/06\/FH2916_1.jpg","type":"image\/jpeg"}],"twitter_card":"summary_large_image","twitter_misc":{"Ansl. lesetid":"1 minutt"},"schema":{"@context":"https:\/\/schema.org","@graph":[{"@type":"WebPage","@id":"https:\/\/beyondx.se\/no\/produkt\/forsta-hjalpen-station-kontor\/","url":"https:\/\/beyondx.se\/no\/produkt\/forsta-hjalpen-station-kontor\/","name":"F\u00f6rsta Hj\u00e4lpen-station Kontor - Beyond-X","isPartOf":{"@id":"https:\/\/beyondx.se\/no\/#website"},"datePublished":"2023-04-21T12:04:58+00:00","dateModified":"2026-04-25T08:31:46+00:00","breadcrumb":{"@id":"https:\/\/beyondx.se\/no\/produkt\/forsta-hjalpen-station-kontor\/#breadcrumb"},"inLanguage":"nb-NO","potentialAction":[{"@type":"ReadAction","target":["https:\/\/beyondx.se\/no\/produkt\/forsta-hjalpen-station-kontor\/"]}]},{"@type":"BreadcrumbList","@id":"https:\/\/beyondx.se\/no\/produkt\/forsta-hjalpen-station-kontor\/#breadcrumb","itemListElement":[{"@type":"ListItem","position":1,"name":"Hem","item":"https:\/\/beyondx.se\/no\/"},{"@type":"ListItem","position":2,"name":"Butik","item":"https:\/\/beyondx.se\/no\/butik\/"},{"@type":"ListItem","position":3,"name":"F\u00f6rsta Hj\u00e4lpen-station Kontor"}]},{"@type":"WebSite","@id":"https:\/\/beyondx.se\/no\/#website","url":"https:\/\/beyondx.se\/no\/","name":"Beyond-X","description":"No Bullshit Ski Wear","publisher":{"@id":"https:\/\/beyondx.se\/no\/#organization"},"potentialAction":[{"@type":"SearchAction","target":{"@type":"EntryPoint","urlTemplate":"https:\/\/beyondx.se\/no\/?s={search_term_string}"},"query-input":"required name=search_term_string"}],"inLanguage":"nb-NO"},{"@type":"Organization","@id":"https:\/\/beyondx.se\/no\/#organization","name":"B-stedt of Sweden AB","url":"https:\/\/beyondx.se\/no\/","logo":{"@type":"ImageObject","inLanguage":"nb-NO","@id":"https:\/\/beyondx.se\/no\/#\/schema\/logo\/image\/","url":"https:\/\/beyondx.se\/wp-content\/uploads\/2023\/08\/bx-logo.svg","contentUrl":"https:\/\/beyondx.se\/wp-content\/uploads\/2023\/08\/bx-logo.svg","width":1,"height":1,"caption":"B-stedt of Sweden AB"},"image":{"@id":"https:\/\/beyondx.se\/no\/#\/schema\/logo\/image\/"}}]}},"_links":{"self":[{"href":"https:\/\/beyondx.se\/no\/wp-json\/wp\/v2\/product\/17831","targetHints":{"allow":["GET"]}}],"collection":[{"href":"https:\/\/beyondx.se\/no\/wp-json\/wp\/v2\/product"}],"about":[{"href":"https:\/\/beyondx.se\/no\/wp-json\/wp\/v2\/types\/product"}],"wp:featuredmedia":[{"embeddable":true,"href":"https:\/\/beyondx.se\/no\/wp-json\/wp\/v2\/media\/19659"}],"wp:attachment":[{"href":"https:\/\/beyondx.se\/no\/wp-json\/wp\/v2\/media?parent=17831"}],"wp:term":[{"taxonomy":"product_cat","embeddable":true,"href":"https:\/\/beyondx.se\/no\/wp-json\/wp\/v2\/product_cat?post=17831"},{"taxonomy":"product_tag","embeddable":true,"href":"https:\/\/beyondx.se\/no\/wp-json\/wp\/v2\/product_tag?post=17831"}],"curies":[{"name":"wp","href":"https:\/\/api.w.org\/{rel}","templated":true}]}}