{"id":17835,"date":"2023-04-21T14:05:00","date_gmt":"2023-04-21T12:05:00","guid":{"rendered":"https:\/\/beta.karlskogawebbyra.se\/beyond\/product\/forsta-hjalpen-saker-baltesvaska\/"},"modified":"2026-04-30T10:34:53","modified_gmt":"2026-04-30T08:34:53","slug":"forsta-hjalpen-saker-baltesvaska","status":"publish","type":"product","link":"https:\/\/beyondx.se\/no\/produkt\/forsta-hjalpen-saker-baltesvaska\/","title":{"rendered":"F\u00f6rsta Hj\u00e4lpen S\u00e4ker B\u00e4ltesv\u00e4ska"},"content":{"rendered":"<p><strong>Inneh\u00e5ll:<\/strong><\/p>\n<p>1 st f\u00f6rsta hj\u00e4lpen-v\u00e4ska mini<br \/>\n1 st mini-instruktion f\u00f6rbandsmaterial<br \/>\n4 st s\u00e5rtv\u00e4ttare<br \/>\n4 st textilpl\u00e5ster<br \/>\n1 st finger-kombif\u00f6rband, 6 x 100 cm<br \/>\n1 st kombif\u00f6rband<\/p>\n<p><strong>V\u00e4skans m\u00e5tt:<\/strong><br \/>\nBredd: 10,5 cm, h\u00f6jd: 13 cm, djup: 4,5 cm<\/p>\n","protected":false},"excerpt":{"rendered":"F\u00f6rsta hj\u00e4lpen-kit S\u00e4ker \u00e4r v\u00e5r minsta v\u00e4ska som passar perfekt i b\u00e4ltet och \u00e4r smidig att b\u00e4ra med sig. Med den h\u00e4r v\u00e4skan kan du g\u00f6ra rent och pl\u00e5stra om s\u00e5r direkt. Kombif\u00f6rbandet och fingerkombif\u00f6rbandet f\u00e4ster i sig sj\u00e4lv s\u00e5 du beh\u00f6ver inte anv\u00e4nda tejp eller f\u00e4sten. F\u00f6rbanden \u00e4r blodstoppande och du kan enkelt g\u00f6ra en tryckkudde genom att rulla ihop ena \u00e4nden och sedan vira f\u00f6rbandet runt den skadade kroppsdelen f\u00f6r att f\u00e4sta.    F\u00f6rsta hj\u00e4lpen-kit S\u00e4ker \u00e4r specifikt framtagen f\u00f6r att passa behoven hos v\u00e4ktare, jour, vaktm\u00e4stare och annan s\u00e4kerhetspersonal som ofta \u00e4r f\u00f6rst p\u00e5 plats n\u00e4r n\u00e5gon skadar sig eller l\u00f6per risk att sj\u00e4lva skada sig i sitt arbete. <strong>Inneh\u00e5ll:<\/strong><span><\/span><p>1 st f\u00f6rsta hj\u00e4lpen-v\u00e4ska mini<br \/>1 st mini-instruktion f\u00f6rbandsmaterial<br \/>4 st s\u00e5rtv\u00e4ttare<br \/>4 st textilpl\u00e5ster<br \/>1 st finger-kombif\u00f6rband, 6 x 100 cm<br \/>1 st kombif\u00f6rband<br \/><br \/><strong>V\u00e4skans m\u00e5tt:<\/strong><br \/>Bredd: 10,5 cm, h\u00f6jd: 13 cm, djup: 4,5 cm<\/p>","protected":false},"featured_media":19667,"template":"","meta":[],"product_cat":[230,231],"product_tag":[],"class_list":["post-17835","product","type-product","status-publish","has-post-thumbnail","hentry","product_cat-forsta-hjalpen","product_cat-forsta-hjalpen-paket","brands-forsta-hjalpencentrum","fpd-variation-needed"],"yoast_head":"<!-- This site is optimized with the Yoast SEO plugin v21.0 - https:\/\/yoast.com\/wordpress\/plugins\/seo\/ -->\n<title>F\u00f6rsta Hj\u00e4lpen S\u00e4ker B\u00e4ltesv\u00e4ska - Beyond-X<\/title>\n<meta name=\"robots\" content=\"index, follow, max-snippet:-1, max-image-preview:large, max-video-preview:-1\" \/>\n<link rel=\"canonical\" href=\"https:\/\/beyondx.se\/no\/produkt\/forsta-hjalpen-saker-baltesvaska\/\" \/>\n<meta property=\"og:locale\" content=\"nb_NO\" \/>\n<meta property=\"og:type\" content=\"article\" \/>\n<meta property=\"og:title\" content=\"F\u00f6rsta Hj\u00e4lpen S\u00e4ker B\u00e4ltesv\u00e4ska - Beyond-X\" \/>\n<meta property=\"og:description\" content=\"F\u00f6rsta hj\u00e4lpen-kit S\u00e4ker \u00e4r v\u00e5r minsta v\u00e4ska som passar perfekt i b\u00e4ltet och \u00e4r smidig att b\u00e4ra med sig. Med den h\u00e4r v\u00e4skan kan du g\u00f6ra rent och pl\u00e5stra om s\u00e5r direkt. Kombif\u00f6rbandet och fingerkombif\u00f6rbandet f\u00e4ster i sig sj\u00e4lv s\u00e5 du beh\u00f6ver inte anv\u00e4nda tejp eller f\u00e4sten. F\u00f6rbanden \u00e4r blodstoppande och du kan enkelt g\u00f6ra en tryckkudde genom att rulla ihop ena \u00e4nden och sedan vira f\u00f6rbandet runt den skadade kroppsdelen f\u00f6r att f\u00e4sta.  F\u00f6rsta hj\u00e4lpen-kit S\u00e4ker \u00e4r specifikt framtagen f\u00f6r att passa behoven hos v\u00e4ktare, jour, vaktm\u00e4stare och annan s\u00e4kerhetspersonal som ofta \u00e4r f\u00f6rst p\u00e5 plats n\u00e4r n\u00e5gon skadar sig eller l\u00f6per risk att sj\u00e4lva skada sig i sitt arbete. Inneh\u00e5ll:1 st f\u00f6rsta hj\u00e4lpen-v\u00e4ska mini1 st mini-instruktion f\u00f6rbandsmaterial4 st s\u00e5rtv\u00e4ttare4 st textilpl\u00e5ster1 st finger-kombif\u00f6rband, 6 x 100 cm1 st kombif\u00f6rbandV\u00e4skans m\u00e5tt:Bredd: 10,5 cm, h\u00f6jd: 13 cm, djup: 4,5 cm\" \/>\n<meta property=\"og:url\" content=\"https:\/\/beyondx.se\/no\/produkt\/forsta-hjalpen-saker-baltesvaska\/\" \/>\n<meta property=\"og:site_name\" content=\"Beyond-X\" \/>\n<meta property=\"article:modified_time\" content=\"2026-04-30T08:34:53+00:00\" \/>\n<meta property=\"og:image\" content=\"https:\/\/beyondx.se\/wp-content\/uploads\/2023\/06\/FH5110_1.jpg\" \/>\n\t<meta property=\"og:image:width\" content=\"463\" \/>\n\t<meta property=\"og:image:height\" content=\"471\" \/>\n\t<meta property=\"og:image:type\" content=\"image\/jpeg\" \/>\n<meta name=\"twitter:card\" content=\"summary_large_image\" \/>\n<script type=\"application\/ld+json\" class=\"yoast-schema-graph\">{\"@context\":\"https:\/\/schema.org\",\"@graph\":[{\"@type\":\"WebPage\",\"@id\":\"https:\/\/beyondx.se\/no\/produkt\/forsta-hjalpen-saker-baltesvaska\/\",\"url\":\"https:\/\/beyondx.se\/no\/produkt\/forsta-hjalpen-saker-baltesvaska\/\",\"name\":\"F\u00f6rsta Hj\u00e4lpen S\u00e4ker B\u00e4ltesv\u00e4ska - Beyond-X\",\"isPartOf\":{\"@id\":\"https:\/\/beyondx.se\/no\/#website\"},\"datePublished\":\"2023-04-21T12:05:00+00:00\",\"dateModified\":\"2026-04-30T08:34:53+00:00\",\"breadcrumb\":{\"@id\":\"https:\/\/beyondx.se\/no\/produkt\/forsta-hjalpen-saker-baltesvaska\/#breadcrumb\"},\"inLanguage\":\"nb-NO\",\"potentialAction\":[{\"@type\":\"ReadAction\",\"target\":[\"https:\/\/beyondx.se\/no\/produkt\/forsta-hjalpen-saker-baltesvaska\/\"]}]},{\"@type\":\"BreadcrumbList\",\"@id\":\"https:\/\/beyondx.se\/no\/produkt\/forsta-hjalpen-saker-baltesvaska\/#breadcrumb\",\"itemListElement\":[{\"@type\":\"ListItem\",\"position\":1,\"name\":\"Hem\",\"item\":\"https:\/\/beyondx.se\/no\/\"},{\"@type\":\"ListItem\",\"position\":2,\"name\":\"Butik\",\"item\":\"https:\/\/beyondx.se\/no\/butik\/\"},{\"@type\":\"ListItem\",\"position\":3,\"name\":\"F\u00f6rsta Hj\u00e4lpen S\u00e4ker B\u00e4ltesv\u00e4ska\"}]},{\"@type\":\"WebSite\",\"@id\":\"https:\/\/beyondx.se\/no\/#website\",\"url\":\"https:\/\/beyondx.se\/no\/\",\"name\":\"Beyond-X\",\"description\":\"No Bullshit Ski Wear\",\"publisher\":{\"@id\":\"https:\/\/beyondx.se\/no\/#organization\"},\"potentialAction\":[{\"@type\":\"SearchAction\",\"target\":{\"@type\":\"EntryPoint\",\"urlTemplate\":\"https:\/\/beyondx.se\/no\/?s={search_term_string}\"},\"query-input\":\"required name=search_term_string\"}],\"inLanguage\":\"nb-NO\"},{\"@type\":\"Organization\",\"@id\":\"https:\/\/beyondx.se\/no\/#organization\",\"name\":\"B-stedt of Sweden AB\",\"url\":\"https:\/\/beyondx.se\/no\/\",\"logo\":{\"@type\":\"ImageObject\",\"inLanguage\":\"nb-NO\",\"@id\":\"https:\/\/beyondx.se\/no\/#\/schema\/logo\/image\/\",\"url\":\"https:\/\/beyondx.se\/wp-content\/uploads\/2023\/08\/bx-logo.svg\",\"contentUrl\":\"https:\/\/beyondx.se\/wp-content\/uploads\/2023\/08\/bx-logo.svg\",\"width\":1,\"height\":1,\"caption\":\"B-stedt of Sweden AB\"},\"image\":{\"@id\":\"https:\/\/beyondx.se\/no\/#\/schema\/logo\/image\/\"}}]}<\/script>\n<!-- \/ Yoast SEO plugin. -->","yoast_head_json":{"title":"F\u00f6rsta Hj\u00e4lpen S\u00e4ker B\u00e4ltesv\u00e4ska - Beyond-X","robots":{"index":"index","follow":"follow","max-snippet":"max-snippet:-1","max-image-preview":"max-image-preview:large","max-video-preview":"max-video-preview:-1"},"canonical":"https:\/\/beyondx.se\/no\/produkt\/forsta-hjalpen-saker-baltesvaska\/","og_locale":"nb_NO","og_type":"article","og_title":"F\u00f6rsta Hj\u00e4lpen S\u00e4ker B\u00e4ltesv\u00e4ska - Beyond-X","og_description":"F\u00f6rsta hj\u00e4lpen-kit S\u00e4ker \u00e4r v\u00e5r minsta v\u00e4ska som passar perfekt i b\u00e4ltet och \u00e4r smidig att b\u00e4ra med sig. Med den h\u00e4r v\u00e4skan kan du g\u00f6ra rent och pl\u00e5stra om s\u00e5r direkt. Kombif\u00f6rbandet och fingerkombif\u00f6rbandet f\u00e4ster i sig sj\u00e4lv s\u00e5 du beh\u00f6ver inte anv\u00e4nda tejp eller f\u00e4sten. F\u00f6rbanden \u00e4r blodstoppande och du kan enkelt g\u00f6ra en tryckkudde genom att rulla ihop ena \u00e4nden och sedan vira f\u00f6rbandet runt den skadade kroppsdelen f\u00f6r att f\u00e4sta.  F\u00f6rsta hj\u00e4lpen-kit S\u00e4ker \u00e4r specifikt framtagen f\u00f6r att passa behoven hos v\u00e4ktare, jour, vaktm\u00e4stare och annan s\u00e4kerhetspersonal som ofta \u00e4r f\u00f6rst p\u00e5 plats n\u00e4r n\u00e5gon skadar sig eller l\u00f6per risk att sj\u00e4lva skada sig i sitt arbete. Inneh\u00e5ll:1 st f\u00f6rsta hj\u00e4lpen-v\u00e4ska mini1 st mini-instruktion f\u00f6rbandsmaterial4 st s\u00e5rtv\u00e4ttare4 st textilpl\u00e5ster1 st finger-kombif\u00f6rband, 6 x 100 cm1 st kombif\u00f6rbandV\u00e4skans m\u00e5tt:Bredd: 10,5 cm, h\u00f6jd: 13 cm, djup: 4,5 cm","og_url":"https:\/\/beyondx.se\/no\/produkt\/forsta-hjalpen-saker-baltesvaska\/","og_site_name":"Beyond-X","article_modified_time":"2026-04-30T08:34:53+00:00","og_image":[{"width":463,"height":471,"url":"https:\/\/beyondx.se\/wp-content\/uploads\/2023\/06\/FH5110_1.jpg","type":"image\/jpeg"}],"twitter_card":"summary_large_image","schema":{"@context":"https:\/\/schema.org","@graph":[{"@type":"WebPage","@id":"https:\/\/beyondx.se\/no\/produkt\/forsta-hjalpen-saker-baltesvaska\/","url":"https:\/\/beyondx.se\/no\/produkt\/forsta-hjalpen-saker-baltesvaska\/","name":"F\u00f6rsta Hj\u00e4lpen S\u00e4ker B\u00e4ltesv\u00e4ska - Beyond-X","isPartOf":{"@id":"https:\/\/beyondx.se\/no\/#website"},"datePublished":"2023-04-21T12:05:00+00:00","dateModified":"2026-04-30T08:34:53+00:00","breadcrumb":{"@id":"https:\/\/beyondx.se\/no\/produkt\/forsta-hjalpen-saker-baltesvaska\/#breadcrumb"},"inLanguage":"nb-NO","potentialAction":[{"@type":"ReadAction","target":["https:\/\/beyondx.se\/no\/produkt\/forsta-hjalpen-saker-baltesvaska\/"]}]},{"@type":"BreadcrumbList","@id":"https:\/\/beyondx.se\/no\/produkt\/forsta-hjalpen-saker-baltesvaska\/#breadcrumb","itemListElement":[{"@type":"ListItem","position":1,"name":"Hem","item":"https:\/\/beyondx.se\/no\/"},{"@type":"ListItem","position":2,"name":"Butik","item":"https:\/\/beyondx.se\/no\/butik\/"},{"@type":"ListItem","position":3,"name":"F\u00f6rsta Hj\u00e4lpen S\u00e4ker B\u00e4ltesv\u00e4ska"}]},{"@type":"WebSite","@id":"https:\/\/beyondx.se\/no\/#website","url":"https:\/\/beyondx.se\/no\/","name":"Beyond-X","description":"No Bullshit Ski Wear","publisher":{"@id":"https:\/\/beyondx.se\/no\/#organization"},"potentialAction":[{"@type":"SearchAction","target":{"@type":"EntryPoint","urlTemplate":"https:\/\/beyondx.se\/no\/?s={search_term_string}"},"query-input":"required name=search_term_string"}],"inLanguage":"nb-NO"},{"@type":"Organization","@id":"https:\/\/beyondx.se\/no\/#organization","name":"B-stedt of Sweden AB","url":"https:\/\/beyondx.se\/no\/","logo":{"@type":"ImageObject","inLanguage":"nb-NO","@id":"https:\/\/beyondx.se\/no\/#\/schema\/logo\/image\/","url":"https:\/\/beyondx.se\/wp-content\/uploads\/2023\/08\/bx-logo.svg","contentUrl":"https:\/\/beyondx.se\/wp-content\/uploads\/2023\/08\/bx-logo.svg","width":1,"height":1,"caption":"B-stedt of Sweden AB"},"image":{"@id":"https:\/\/beyondx.se\/no\/#\/schema\/logo\/image\/"}}]}},"_links":{"self":[{"href":"https:\/\/beyondx.se\/no\/wp-json\/wp\/v2\/product\/17835","targetHints":{"allow":["GET"]}}],"collection":[{"href":"https:\/\/beyondx.se\/no\/wp-json\/wp\/v2\/product"}],"about":[{"href":"https:\/\/beyondx.se\/no\/wp-json\/wp\/v2\/types\/product"}],"wp:featuredmedia":[{"embeddable":true,"href":"https:\/\/beyondx.se\/no\/wp-json\/wp\/v2\/media\/19667"}],"wp:attachment":[{"href":"https:\/\/beyondx.se\/no\/wp-json\/wp\/v2\/media?parent=17835"}],"wp:term":[{"taxonomy":"product_cat","embeddable":true,"href":"https:\/\/beyondx.se\/no\/wp-json\/wp\/v2\/product_cat?post=17835"},{"taxonomy":"product_tag","embeddable":true,"href":"https:\/\/beyondx.se\/no\/wp-json\/wp\/v2\/product_tag?post=17835"}],"curies":[{"name":"wp","href":"https:\/\/api.w.org\/{rel}","templated":true}]}}