{"id":17839,"date":"2023-04-21T14:05:02","date_gmt":"2023-04-21T12:05:02","guid":{"rendered":"https:\/\/beta.karlskogawebbyra.se\/beyond\/product\/akutvaska-idrott-ryggsack\/"},"modified":"2026-04-30T10:34:52","modified_gmt":"2026-04-30T08:34:52","slug":"akutvaska-idrott-ryggsack","status":"publish","type":"product","link":"https:\/\/beyondx.se\/no\/produkt\/akutvaska-idrott-ryggsack\/","title":{"rendered":"F\u00f6rsta Hj\u00e4lpen Akutv\u00e4ska Idrott &#8211; Ryggs\u00e4ck"},"content":{"rendered":"<p>Inneh\u00e5ll:<br \/>\n1 st akutv\u00e4ska<br \/>\n1 st mini-instruktion f\u00f6rbandsmaterial<br \/>\n1 andningsskydd<br \/>\n1 st andningsmask<br \/>\n7 par skyddshandskar stl M<br \/>\n7 par skyddshandskar stl L<br \/>\n40 st s\u00e5rtv\u00e4ttare<br \/>\n1 fp textilpl\u00e5ster, 20 st\/fp<br \/>\n1 fp plastpl\u00e5ster, 20 st\/fp<br \/>\n1 fp barnpl\u00e5ster, 20 st\/fp<br \/>\n2 st pl\u00e5ster klippbart, 100 cm<br \/>\n1 st \u00f6gondusch, 50 ml<br \/>\n5\u00a0f\u00f6rpackningar s\u00e5rtejp, 3 st\/fp<br \/>\n1 st Xylocainsalva<br \/>\n1 st Dextrosol<br \/>\n2 st dauerlinda, 10 cm<br \/>\n2 st elastiska lindor, 6 cm<br \/>\n7 st elastisk lindor, 10 cm<br \/>\n1 st kirurgtejp<br \/>\n10 st sterila kompresser, 10 x 10 cm<br \/>\n10 st koksalt \u00e1 30 ml<br \/>\n1 st Burnshield br\u00e4nnskadespray, 125 ml<br \/>\n2 st kombif\u00f6rband, 10 x 100 cm<br \/>\n2 st finger-kombif\u00f6rband, 6 x 100 cm<br \/>\n4 st kylp\u00e5sar<br \/>\n1 st r\u00e4ddningsfilt<br \/>\n6 st sporttejp, 3,8 cm x 10 m<br \/>\n1 st kl\u00e4dsax, 19 cm<br \/>\n1 st pincett<\/p>\n<p><strong>V\u00e4skans m\u00e5tt:<br \/>\n<\/strong>Bredd: 38 cm, h\u00f6jd: 44 cm, djup: 17 cm<\/p>\n","protected":false},"excerpt":{"rendered":"Akutv\u00e4ska Idrott \u00e4r en stor sjukv\u00e5rdsv\u00e4ska passande f\u00f6r idrottsplatser, idrottsf\u00f6reningar, idrottst\u00e4vlingar och mc-klubbar. Akutv\u00e4skan \u00e4r framtagen av ambulanssjuksk\u00f6terskor och inneh\u00e5ller noga utvald f\u00f6rsta hj\u00e4lpen-utrustning av riktigt h\u00f6g kvalitet. Med Akutv\u00e4ska Idrott har du en bra beredskap f\u00f6r de flesta akuta skador som kan uppst\u00e5 i samband med tr\u00e4ning och idrott i stora sammanhang.    F\u00f6rsta hj\u00e4lpencentrums st\u00f6rsta sjukv\u00e5rdsv\u00e4ska \u00e4r i ryggs\u00e4cksmodell, s\u00e5 att du enkelt tar med dig f\u00f6rsta hj\u00e4lpen-utrustningen dit hj\u00e4lpen beh\u00f6vs. Akutv\u00e4skan rymmer stora m\u00e4ngder f\u00f6rsta hj\u00e4lpen-material. Ryggs\u00e4cken \u00e4r sydd i ett slitstarkt nylonmaterial och har kraftiga vadderade b\u00e4rremmar, f\u00f6r att den ska vara bekv\u00e4m att b\u00e4ras p\u00e5 ryggen till den som \u00e4r skadad. V\u00e4skan kan \u00f6ppnas helt och vikas ut, s\u00e5 att du f\u00e5r maximal \u00f6verblick \u00f6ver inneh\u00e5llet. F\u00f6rbandsmaterialet ligger i sm\u00e5 n\u00e4tfack, vilket g\u00f6r det l\u00e4tt att se all utrustning och h\u00e5lla ordning i v\u00e4skan. <span>Inneh\u00e5ll:<\/span><span><\/span><br \/><span>1 st akutv\u00e4ska<\/span><br \/><span>1 st mini-instruktion f\u00f6rbandsmaterial<\/span><br \/><span>1 andningsskydd<\/span><br \/><span>1 st andningsmask<\/span><br \/><span>7 par skyddshandskar stl M<\/span><br \/><span>7 par skyddshandskar stl L<\/span><br \/><span>40 st s\u00e5rtv\u00e4ttare<\/span><br \/><span>1 fp textilpl\u00e5ster, 20 st\/fp<\/span><br \/><span>1 fp plastpl\u00e5ster, 20 st\/fp<\/span><br \/><span>1 fp barnpl\u00e5ster, 20 st\/fp<\/span><br \/><span>2 st pl\u00e5ster klippbart, 100 cm<\/span><br \/><span>1 st \u00f6gondusch, 50 ml<\/span><br \/><span>5\u00a0f\u00f6rpackningar s\u00e5rtejp, 3 st\/fp<\/span><br \/><span>1 st Xylocainsalva<\/span><br \/><span>1 st Dextrosol\u00a0<\/span><br \/><span>2 st dauerlinda, 10 cm<\/span><br \/><span>2 st elastiska lindor, 6 cm<\/span><br \/><span>7 st elastisk lindor, 10 cm<\/span><br \/><span>1 st kirurgtejp<\/span><br \/><span>10 st sterila kompresser, 10 x 10 cm<\/span><br \/><span>10 st koksalt \u00e1 30 ml<\/span><br \/><span>1 st Burnshield br\u00e4nnskadespray, 125 ml<\/span><br \/><span>2 st kombif\u00f6rband, 10 x 100 cm<\/span><br \/><span>2 st finger-kombif\u00f6rband, 6 x 100 cm\u00a0<\/span><br \/><span>4 st kylp\u00e5sar<\/span><br \/><span>1 st r\u00e4ddningsfilt<\/span><br \/><span>6 st sporttejp, 3,8 cm x 10 m<\/span><br \/><span>1 st kl\u00e4dsax, 19 cm<\/span><br \/><span>1 st pincett<br \/><br \/><\/span><strong>V\u00e4skans m\u00e5tt:<br \/><\/strong>Bredd: 38 cm, h\u00f6jd: 44 cm, djup: 17 cm","protected":false},"featured_media":19669,"template":"","meta":[],"product_cat":[230,231],"product_tag":[],"class_list":["post-17839","product","type-product","status-publish","has-post-thumbnail","hentry","product_cat-forsta-hjalpen","product_cat-forsta-hjalpen-paket","brands-forsta-hjalpencentrum","fpd-variation-needed"],"yoast_head":"<!-- This site is optimized with the Yoast SEO plugin v21.0 - https:\/\/yoast.com\/wordpress\/plugins\/seo\/ -->\n<title>F\u00f6rsta Hj\u00e4lpen Akutv\u00e4ska Idrott - Ryggs\u00e4ck - Beyond-X<\/title>\n<meta name=\"robots\" content=\"index, follow, max-snippet:-1, max-image-preview:large, max-video-preview:-1\" \/>\n<link rel=\"canonical\" href=\"https:\/\/beyondx.se\/no\/produkt\/akutvaska-idrott-ryggsack\/\" \/>\n<meta property=\"og:locale\" content=\"nb_NO\" \/>\n<meta property=\"og:type\" content=\"article\" \/>\n<meta property=\"og:title\" content=\"F\u00f6rsta Hj\u00e4lpen Akutv\u00e4ska Idrott - Ryggs\u00e4ck - Beyond-X\" \/>\n<meta property=\"og:description\" content=\"Akutv\u00e4ska Idrott \u00e4r en stor sjukv\u00e5rdsv\u00e4ska passande f\u00f6r idrottsplatser, idrottsf\u00f6reningar, idrottst\u00e4vlingar och mc-klubbar. Akutv\u00e4skan \u00e4r framtagen av ambulanssjuksk\u00f6terskor och inneh\u00e5ller noga utvald f\u00f6rsta hj\u00e4lpen-utrustning av riktigt h\u00f6g kvalitet. Med Akutv\u00e4ska Idrott har du en bra beredskap f\u00f6r de flesta akuta skador som kan uppst\u00e5 i samband med tr\u00e4ning och idrott i stora sammanhang.  F\u00f6rsta hj\u00e4lpencentrums st\u00f6rsta sjukv\u00e5rdsv\u00e4ska \u00e4r i ryggs\u00e4cksmodell, s\u00e5 att du enkelt tar med dig f\u00f6rsta hj\u00e4lpen-utrustningen dit hj\u00e4lpen beh\u00f6vs. Akutv\u00e4skan rymmer stora m\u00e4ngder f\u00f6rsta hj\u00e4lpen-material. Ryggs\u00e4cken \u00e4r sydd i ett slitstarkt nylonmaterial och har kraftiga vadderade b\u00e4rremmar, f\u00f6r att den ska vara bekv\u00e4m att b\u00e4ras p\u00e5 ryggen till den som \u00e4r skadad. V\u00e4skan kan \u00f6ppnas helt och vikas ut, s\u00e5 att du f\u00e5r maximal \u00f6verblick \u00f6ver inneh\u00e5llet. F\u00f6rbandsmaterialet ligger i sm\u00e5 n\u00e4tfack, vilket g\u00f6r det l\u00e4tt att se all utrustning och h\u00e5lla ordning i v\u00e4skan. Inneh\u00e5ll:1 st akutv\u00e4ska1 st mini-instruktion f\u00f6rbandsmaterial1 andningsskydd1 st andningsmask7 par skyddshandskar stl M7 par skyddshandskar stl L40 st s\u00e5rtv\u00e4ttare1 fp textilpl\u00e5ster, 20 st\/fp1 fp plastpl\u00e5ster, 20 st\/fp1 fp barnpl\u00e5ster, 20 st\/fp2 st pl\u00e5ster klippbart, 100 cm1 st \u00f6gondusch, 50 ml5\u00a0f\u00f6rpackningar s\u00e5rtejp, 3 st\/fp1 st Xylocainsalva1 st Dextrosol\u00a02 st dauerlinda, 10 cm2 st elastiska lindor, 6 cm7 st elastisk lindor, 10 cm1 st kirurgtejp10 st sterila kompresser, 10 x 10 cm10 st koksalt \u00e1 30 ml1 st Burnshield br\u00e4nnskadespray, 125 ml2 st kombif\u00f6rband, 10 x 100 cm2 st finger-kombif\u00f6rband, 6 x 100 cm\u00a04 st kylp\u00e5sar1 st r\u00e4ddningsfilt6 st sporttejp, 3,8 cm x 10 m1 st kl\u00e4dsax, 19 cm1 st pincettV\u00e4skans m\u00e5tt:Bredd: 38 cm, h\u00f6jd: 44 cm, djup: 17 cm\" \/>\n<meta property=\"og:url\" content=\"https:\/\/beyondx.se\/no\/produkt\/akutvaska-idrott-ryggsack\/\" \/>\n<meta property=\"og:site_name\" content=\"Beyond-X\" \/>\n<meta property=\"article:modified_time\" content=\"2026-04-30T08:34:52+00:00\" \/>\n<meta property=\"og:image\" content=\"https:\/\/beyondx.se\/wp-content\/uploads\/2023\/06\/FH5133_1.jpg\" \/>\n\t<meta property=\"og:image:width\" content=\"347\" \/>\n\t<meta property=\"og:image:height\" content=\"471\" \/>\n\t<meta property=\"og:image:type\" content=\"image\/jpeg\" \/>\n<meta name=\"twitter:card\" content=\"summary_large_image\" \/>\n<meta name=\"twitter:label1\" content=\"Ansl. lesetid\" \/>\n\t<meta name=\"twitter:data1\" content=\"1 minutt\" \/>\n<script type=\"application\/ld+json\" class=\"yoast-schema-graph\">{\"@context\":\"https:\/\/schema.org\",\"@graph\":[{\"@type\":\"WebPage\",\"@id\":\"https:\/\/beyondx.se\/no\/produkt\/akutvaska-idrott-ryggsack\/\",\"url\":\"https:\/\/beyondx.se\/no\/produkt\/akutvaska-idrott-ryggsack\/\",\"name\":\"F\u00f6rsta Hj\u00e4lpen Akutv\u00e4ska Idrott - Ryggs\u00e4ck - Beyond-X\",\"isPartOf\":{\"@id\":\"https:\/\/beyondx.se\/no\/#website\"},\"datePublished\":\"2023-04-21T12:05:02+00:00\",\"dateModified\":\"2026-04-30T08:34:52+00:00\",\"breadcrumb\":{\"@id\":\"https:\/\/beyondx.se\/no\/produkt\/akutvaska-idrott-ryggsack\/#breadcrumb\"},\"inLanguage\":\"nb-NO\",\"potentialAction\":[{\"@type\":\"ReadAction\",\"target\":[\"https:\/\/beyondx.se\/no\/produkt\/akutvaska-idrott-ryggsack\/\"]}]},{\"@type\":\"BreadcrumbList\",\"@id\":\"https:\/\/beyondx.se\/no\/produkt\/akutvaska-idrott-ryggsack\/#breadcrumb\",\"itemListElement\":[{\"@type\":\"ListItem\",\"position\":1,\"name\":\"Hem\",\"item\":\"https:\/\/beyondx.se\/no\/\"},{\"@type\":\"ListItem\",\"position\":2,\"name\":\"Butik\",\"item\":\"https:\/\/beyondx.se\/no\/butik\/\"},{\"@type\":\"ListItem\",\"position\":3,\"name\":\"F\u00f6rsta Hj\u00e4lpen Akutv\u00e4ska Idrott &#8211; Ryggs\u00e4ck\"}]},{\"@type\":\"WebSite\",\"@id\":\"https:\/\/beyondx.se\/no\/#website\",\"url\":\"https:\/\/beyondx.se\/no\/\",\"name\":\"Beyond-X\",\"description\":\"No Bullshit Ski Wear\",\"publisher\":{\"@id\":\"https:\/\/beyondx.se\/no\/#organization\"},\"potentialAction\":[{\"@type\":\"SearchAction\",\"target\":{\"@type\":\"EntryPoint\",\"urlTemplate\":\"https:\/\/beyondx.se\/no\/?s={search_term_string}\"},\"query-input\":\"required name=search_term_string\"}],\"inLanguage\":\"nb-NO\"},{\"@type\":\"Organization\",\"@id\":\"https:\/\/beyondx.se\/no\/#organization\",\"name\":\"B-stedt of Sweden AB\",\"url\":\"https:\/\/beyondx.se\/no\/\",\"logo\":{\"@type\":\"ImageObject\",\"inLanguage\":\"nb-NO\",\"@id\":\"https:\/\/beyondx.se\/no\/#\/schema\/logo\/image\/\",\"url\":\"https:\/\/beyondx.se\/wp-content\/uploads\/2023\/08\/bx-logo.svg\",\"contentUrl\":\"https:\/\/beyondx.se\/wp-content\/uploads\/2023\/08\/bx-logo.svg\",\"width\":1,\"height\":1,\"caption\":\"B-stedt of Sweden AB\"},\"image\":{\"@id\":\"https:\/\/beyondx.se\/no\/#\/schema\/logo\/image\/\"}}]}<\/script>\n<!-- \/ Yoast SEO plugin. -->","yoast_head_json":{"title":"F\u00f6rsta Hj\u00e4lpen Akutv\u00e4ska Idrott - Ryggs\u00e4ck - Beyond-X","robots":{"index":"index","follow":"follow","max-snippet":"max-snippet:-1","max-image-preview":"max-image-preview:large","max-video-preview":"max-video-preview:-1"},"canonical":"https:\/\/beyondx.se\/no\/produkt\/akutvaska-idrott-ryggsack\/","og_locale":"nb_NO","og_type":"article","og_title":"F\u00f6rsta Hj\u00e4lpen Akutv\u00e4ska Idrott - Ryggs\u00e4ck - Beyond-X","og_description":"Akutv\u00e4ska Idrott \u00e4r en stor sjukv\u00e5rdsv\u00e4ska passande f\u00f6r idrottsplatser, idrottsf\u00f6reningar, idrottst\u00e4vlingar och mc-klubbar. Akutv\u00e4skan \u00e4r framtagen av ambulanssjuksk\u00f6terskor och inneh\u00e5ller noga utvald f\u00f6rsta hj\u00e4lpen-utrustning av riktigt h\u00f6g kvalitet. Med Akutv\u00e4ska Idrott har du en bra beredskap f\u00f6r de flesta akuta skador som kan uppst\u00e5 i samband med tr\u00e4ning och idrott i stora sammanhang.  F\u00f6rsta hj\u00e4lpencentrums st\u00f6rsta sjukv\u00e5rdsv\u00e4ska \u00e4r i ryggs\u00e4cksmodell, s\u00e5 att du enkelt tar med dig f\u00f6rsta hj\u00e4lpen-utrustningen dit hj\u00e4lpen beh\u00f6vs. Akutv\u00e4skan rymmer stora m\u00e4ngder f\u00f6rsta hj\u00e4lpen-material. Ryggs\u00e4cken \u00e4r sydd i ett slitstarkt nylonmaterial och har kraftiga vadderade b\u00e4rremmar, f\u00f6r att den ska vara bekv\u00e4m att b\u00e4ras p\u00e5 ryggen till den som \u00e4r skadad. V\u00e4skan kan \u00f6ppnas helt och vikas ut, s\u00e5 att du f\u00e5r maximal \u00f6verblick \u00f6ver inneh\u00e5llet. F\u00f6rbandsmaterialet ligger i sm\u00e5 n\u00e4tfack, vilket g\u00f6r det l\u00e4tt att se all utrustning och h\u00e5lla ordning i v\u00e4skan. Inneh\u00e5ll:1 st akutv\u00e4ska1 st mini-instruktion f\u00f6rbandsmaterial1 andningsskydd1 st andningsmask7 par skyddshandskar stl M7 par skyddshandskar stl L40 st s\u00e5rtv\u00e4ttare1 fp textilpl\u00e5ster, 20 st\/fp1 fp plastpl\u00e5ster, 20 st\/fp1 fp barnpl\u00e5ster, 20 st\/fp2 st pl\u00e5ster klippbart, 100 cm1 st \u00f6gondusch, 50 ml5\u00a0f\u00f6rpackningar s\u00e5rtejp, 3 st\/fp1 st Xylocainsalva1 st Dextrosol\u00a02 st dauerlinda, 10 cm2 st elastiska lindor, 6 cm7 st elastisk lindor, 10 cm1 st kirurgtejp10 st sterila kompresser, 10 x 10 cm10 st koksalt \u00e1 30 ml1 st Burnshield br\u00e4nnskadespray, 125 ml2 st kombif\u00f6rband, 10 x 100 cm2 st finger-kombif\u00f6rband, 6 x 100 cm\u00a04 st kylp\u00e5sar1 st r\u00e4ddningsfilt6 st sporttejp, 3,8 cm x 10 m1 st kl\u00e4dsax, 19 cm1 st pincettV\u00e4skans m\u00e5tt:Bredd: 38 cm, h\u00f6jd: 44 cm, djup: 17 cm","og_url":"https:\/\/beyondx.se\/no\/produkt\/akutvaska-idrott-ryggsack\/","og_site_name":"Beyond-X","article_modified_time":"2026-04-30T08:34:52+00:00","og_image":[{"width":347,"height":471,"url":"https:\/\/beyondx.se\/wp-content\/uploads\/2023\/06\/FH5133_1.jpg","type":"image\/jpeg"}],"twitter_card":"summary_large_image","twitter_misc":{"Ansl. lesetid":"1 minutt"},"schema":{"@context":"https:\/\/schema.org","@graph":[{"@type":"WebPage","@id":"https:\/\/beyondx.se\/no\/produkt\/akutvaska-idrott-ryggsack\/","url":"https:\/\/beyondx.se\/no\/produkt\/akutvaska-idrott-ryggsack\/","name":"F\u00f6rsta Hj\u00e4lpen Akutv\u00e4ska Idrott - Ryggs\u00e4ck - Beyond-X","isPartOf":{"@id":"https:\/\/beyondx.se\/no\/#website"},"datePublished":"2023-04-21T12:05:02+00:00","dateModified":"2026-04-30T08:34:52+00:00","breadcrumb":{"@id":"https:\/\/beyondx.se\/no\/produkt\/akutvaska-idrott-ryggsack\/#breadcrumb"},"inLanguage":"nb-NO","potentialAction":[{"@type":"ReadAction","target":["https:\/\/beyondx.se\/no\/produkt\/akutvaska-idrott-ryggsack\/"]}]},{"@type":"BreadcrumbList","@id":"https:\/\/beyondx.se\/no\/produkt\/akutvaska-idrott-ryggsack\/#breadcrumb","itemListElement":[{"@type":"ListItem","position":1,"name":"Hem","item":"https:\/\/beyondx.se\/no\/"},{"@type":"ListItem","position":2,"name":"Butik","item":"https:\/\/beyondx.se\/no\/butik\/"},{"@type":"ListItem","position":3,"name":"F\u00f6rsta Hj\u00e4lpen Akutv\u00e4ska Idrott &#8211; Ryggs\u00e4ck"}]},{"@type":"WebSite","@id":"https:\/\/beyondx.se\/no\/#website","url":"https:\/\/beyondx.se\/no\/","name":"Beyond-X","description":"No Bullshit Ski Wear","publisher":{"@id":"https:\/\/beyondx.se\/no\/#organization"},"potentialAction":[{"@type":"SearchAction","target":{"@type":"EntryPoint","urlTemplate":"https:\/\/beyondx.se\/no\/?s={search_term_string}"},"query-input":"required name=search_term_string"}],"inLanguage":"nb-NO"},{"@type":"Organization","@id":"https:\/\/beyondx.se\/no\/#organization","name":"B-stedt of Sweden AB","url":"https:\/\/beyondx.se\/no\/","logo":{"@type":"ImageObject","inLanguage":"nb-NO","@id":"https:\/\/beyondx.se\/no\/#\/schema\/logo\/image\/","url":"https:\/\/beyondx.se\/wp-content\/uploads\/2023\/08\/bx-logo.svg","contentUrl":"https:\/\/beyondx.se\/wp-content\/uploads\/2023\/08\/bx-logo.svg","width":1,"height":1,"caption":"B-stedt of Sweden AB"},"image":{"@id":"https:\/\/beyondx.se\/no\/#\/schema\/logo\/image\/"}}]}},"_links":{"self":[{"href":"https:\/\/beyondx.se\/no\/wp-json\/wp\/v2\/product\/17839","targetHints":{"allow":["GET"]}}],"collection":[{"href":"https:\/\/beyondx.se\/no\/wp-json\/wp\/v2\/product"}],"about":[{"href":"https:\/\/beyondx.se\/no\/wp-json\/wp\/v2\/types\/product"}],"wp:featuredmedia":[{"embeddable":true,"href":"https:\/\/beyondx.se\/no\/wp-json\/wp\/v2\/media\/19669"}],"wp:attachment":[{"href":"https:\/\/beyondx.se\/no\/wp-json\/wp\/v2\/media?parent=17839"}],"wp:term":[{"taxonomy":"product_cat","embeddable":true,"href":"https:\/\/beyondx.se\/no\/wp-json\/wp\/v2\/product_cat?post=17839"},{"taxonomy":"product_tag","embeddable":true,"href":"https:\/\/beyondx.se\/no\/wp-json\/wp\/v2\/product_tag?post=17839"}],"curies":[{"name":"wp","href":"https:\/\/api.w.org\/{rel}","templated":true}]}}