{"id":17851,"date":"2023-04-21T14:05:08","date_gmt":"2023-04-21T12:05:08","guid":{"rendered":"https:\/\/beta.karlskogawebbyra.se\/beyond\/product\/kladsax-19-cm\/"},"modified":"2026-04-25T10:31:33","modified_gmt":"2026-04-25T08:31:33","slug":"kladsax-19-cm","status":"publish","type":"product","link":"https:\/\/beyondx.se\/no\/produkt\/kladsax-19-cm\/","title":{"rendered":"F\u00f6rsta Hj\u00e4lpen Kl\u00e4dsax 19 cm"},"content":{"rendered":"<p>Inneh\u00e5ll:<br \/>\n1 sax, 19 cm stor.<\/p>\n","protected":false},"excerpt":{"rendered":"Kl\u00e4dsax \u00e4r en riktigt bra och skarp stor f\u00f6rbandssax. Den stora kl\u00e4dsaxen \u00e4r utm\u00e4rkt att klippa med i textil, kompresser, pl\u00e5ster och andra h\u00e4ftande material &#8211; men den h\u00e4r f\u00f6rbandssaxen klarar \u00e4ven betydligt tuffare material som kraftigt l\u00e4der i ett MC-st\u00e4ll!    Med F\u00f6rsta hj\u00e4lpencentrums kl\u00e4dsax kan du till och med klippa genom en dragkedja eller en bygelbeh\u00e5, om det skulle beh\u00f6vas. Vid ett hj\u00e4rtstopp r\u00e4knas sekunderna och d\u00e5 \u00e4r det viktigt att kunna f\u00e4sta elektroderna p\u00e5 br\u00f6stkorgen s\u00e5 snabbt som m\u00f6jligt. Kl\u00e4dsaxen har en b\u00f6jd underkant vilket g\u00f6r att du kan klippa i kl\u00e4der som sitter p\u00e5, utan att riskera att skada personen i fr\u00e5ga. <span>Inneh\u00e5ll:<br \/><\/span>1 sax, 19 cm stor.","protected":false},"featured_media":19666,"template":"","meta":[],"product_cat":[230],"product_tag":[],"class_list":["post-17851","product","type-product","status-publish","has-post-thumbnail","hentry","product_cat-forsta-hjalpen","brands-forsta-hjalpencentrum","fpd-variation-needed"],"yoast_head":"<!-- This site is optimized with the Yoast SEO plugin v21.0 - https:\/\/yoast.com\/wordpress\/plugins\/seo\/ -->\n<title>F\u00f6rsta Hj\u00e4lpen Kl\u00e4dsax 19 cm - Beyond-X<\/title>\n<meta name=\"robots\" content=\"index, follow, max-snippet:-1, max-image-preview:large, max-video-preview:-1\" \/>\n<link rel=\"canonical\" href=\"https:\/\/beyondx.se\/no\/produkt\/kladsax-19-cm\/\" \/>\n<meta property=\"og:locale\" content=\"nb_NO\" \/>\n<meta property=\"og:type\" content=\"article\" \/>\n<meta property=\"og:title\" content=\"F\u00f6rsta Hj\u00e4lpen Kl\u00e4dsax 19 cm - Beyond-X\" \/>\n<meta property=\"og:description\" content=\"Kl\u00e4dsax \u00e4r en riktigt bra och skarp stor f\u00f6rbandssax. Den stora kl\u00e4dsaxen \u00e4r utm\u00e4rkt att klippa med i textil, kompresser, pl\u00e5ster och andra h\u00e4ftande material - men den h\u00e4r f\u00f6rbandssaxen klarar \u00e4ven betydligt tuffare material som kraftigt l\u00e4der i ett MC-st\u00e4ll!  Med F\u00f6rsta hj\u00e4lpencentrums kl\u00e4dsax kan du till och med klippa genom en dragkedja eller en bygelbeh\u00e5, om det skulle beh\u00f6vas. Vid ett hj\u00e4rtstopp r\u00e4knas sekunderna och d\u00e5 \u00e4r det viktigt att kunna f\u00e4sta elektroderna p\u00e5 br\u00f6stkorgen s\u00e5 snabbt som m\u00f6jligt. Kl\u00e4dsaxen har en b\u00f6jd underkant vilket g\u00f6r att du kan klippa i kl\u00e4der som sitter p\u00e5, utan att riskera att skada personen i fr\u00e5ga. Inneh\u00e5ll:1 sax, 19 cm stor.\" \/>\n<meta property=\"og:url\" content=\"https:\/\/beyondx.se\/no\/produkt\/kladsax-19-cm\/\" \/>\n<meta property=\"og:site_name\" content=\"Beyond-X\" \/>\n<meta property=\"article:modified_time\" content=\"2026-04-25T08:31:33+00:00\" \/>\n<meta property=\"og:image\" content=\"https:\/\/beyondx.se\/wp-content\/uploads\/2023\/06\/FH4805_1.jpg\" \/>\n\t<meta property=\"og:image:width\" content=\"465\" \/>\n\t<meta property=\"og:image:height\" content=\"296\" \/>\n\t<meta property=\"og:image:type\" content=\"image\/jpeg\" \/>\n<meta name=\"twitter:card\" content=\"summary_large_image\" \/>\n<script type=\"application\/ld+json\" class=\"yoast-schema-graph\">{\"@context\":\"https:\/\/schema.org\",\"@graph\":[{\"@type\":\"WebPage\",\"@id\":\"https:\/\/beyondx.se\/no\/produkt\/kladsax-19-cm\/\",\"url\":\"https:\/\/beyondx.se\/no\/produkt\/kladsax-19-cm\/\",\"name\":\"F\u00f6rsta Hj\u00e4lpen Kl\u00e4dsax 19 cm - Beyond-X\",\"isPartOf\":{\"@id\":\"https:\/\/beyondx.se\/no\/#website\"},\"datePublished\":\"2023-04-21T12:05:08+00:00\",\"dateModified\":\"2026-04-25T08:31:33+00:00\",\"breadcrumb\":{\"@id\":\"https:\/\/beyondx.se\/no\/produkt\/kladsax-19-cm\/#breadcrumb\"},\"inLanguage\":\"nb-NO\",\"potentialAction\":[{\"@type\":\"ReadAction\",\"target\":[\"https:\/\/beyondx.se\/no\/produkt\/kladsax-19-cm\/\"]}]},{\"@type\":\"BreadcrumbList\",\"@id\":\"https:\/\/beyondx.se\/no\/produkt\/kladsax-19-cm\/#breadcrumb\",\"itemListElement\":[{\"@type\":\"ListItem\",\"position\":1,\"name\":\"Hem\",\"item\":\"https:\/\/beyondx.se\/no\/\"},{\"@type\":\"ListItem\",\"position\":2,\"name\":\"Butik\",\"item\":\"https:\/\/beyondx.se\/no\/butik\/\"},{\"@type\":\"ListItem\",\"position\":3,\"name\":\"F\u00f6rsta Hj\u00e4lpen Kl\u00e4dsax 19 cm\"}]},{\"@type\":\"WebSite\",\"@id\":\"https:\/\/beyondx.se\/no\/#website\",\"url\":\"https:\/\/beyondx.se\/no\/\",\"name\":\"Beyond-X\",\"description\":\"No Bullshit Ski Wear\",\"publisher\":{\"@id\":\"https:\/\/beyondx.se\/no\/#organization\"},\"potentialAction\":[{\"@type\":\"SearchAction\",\"target\":{\"@type\":\"EntryPoint\",\"urlTemplate\":\"https:\/\/beyondx.se\/no\/?s={search_term_string}\"},\"query-input\":\"required name=search_term_string\"}],\"inLanguage\":\"nb-NO\"},{\"@type\":\"Organization\",\"@id\":\"https:\/\/beyondx.se\/no\/#organization\",\"name\":\"B-stedt of Sweden AB\",\"url\":\"https:\/\/beyondx.se\/no\/\",\"logo\":{\"@type\":\"ImageObject\",\"inLanguage\":\"nb-NO\",\"@id\":\"https:\/\/beyondx.se\/no\/#\/schema\/logo\/image\/\",\"url\":\"https:\/\/beyondx.se\/wp-content\/uploads\/2023\/08\/bx-logo.svg\",\"contentUrl\":\"https:\/\/beyondx.se\/wp-content\/uploads\/2023\/08\/bx-logo.svg\",\"width\":1,\"height\":1,\"caption\":\"B-stedt of Sweden AB\"},\"image\":{\"@id\":\"https:\/\/beyondx.se\/no\/#\/schema\/logo\/image\/\"}}]}<\/script>\n<!-- \/ Yoast SEO plugin. -->","yoast_head_json":{"title":"F\u00f6rsta Hj\u00e4lpen Kl\u00e4dsax 19 cm - Beyond-X","robots":{"index":"index","follow":"follow","max-snippet":"max-snippet:-1","max-image-preview":"max-image-preview:large","max-video-preview":"max-video-preview:-1"},"canonical":"https:\/\/beyondx.se\/no\/produkt\/kladsax-19-cm\/","og_locale":"nb_NO","og_type":"article","og_title":"F\u00f6rsta Hj\u00e4lpen Kl\u00e4dsax 19 cm - Beyond-X","og_description":"Kl\u00e4dsax \u00e4r en riktigt bra och skarp stor f\u00f6rbandssax. Den stora kl\u00e4dsaxen \u00e4r utm\u00e4rkt att klippa med i textil, kompresser, pl\u00e5ster och andra h\u00e4ftande material - men den h\u00e4r f\u00f6rbandssaxen klarar \u00e4ven betydligt tuffare material som kraftigt l\u00e4der i ett MC-st\u00e4ll!  Med F\u00f6rsta hj\u00e4lpencentrums kl\u00e4dsax kan du till och med klippa genom en dragkedja eller en bygelbeh\u00e5, om det skulle beh\u00f6vas. Vid ett hj\u00e4rtstopp r\u00e4knas sekunderna och d\u00e5 \u00e4r det viktigt att kunna f\u00e4sta elektroderna p\u00e5 br\u00f6stkorgen s\u00e5 snabbt som m\u00f6jligt. Kl\u00e4dsaxen har en b\u00f6jd underkant vilket g\u00f6r att du kan klippa i kl\u00e4der som sitter p\u00e5, utan att riskera att skada personen i fr\u00e5ga. Inneh\u00e5ll:1 sax, 19 cm stor.","og_url":"https:\/\/beyondx.se\/no\/produkt\/kladsax-19-cm\/","og_site_name":"Beyond-X","article_modified_time":"2026-04-25T08:31:33+00:00","og_image":[{"width":465,"height":296,"url":"https:\/\/beyondx.se\/wp-content\/uploads\/2023\/06\/FH4805_1.jpg","type":"image\/jpeg"}],"twitter_card":"summary_large_image","schema":{"@context":"https:\/\/schema.org","@graph":[{"@type":"WebPage","@id":"https:\/\/beyondx.se\/no\/produkt\/kladsax-19-cm\/","url":"https:\/\/beyondx.se\/no\/produkt\/kladsax-19-cm\/","name":"F\u00f6rsta Hj\u00e4lpen Kl\u00e4dsax 19 cm - Beyond-X","isPartOf":{"@id":"https:\/\/beyondx.se\/no\/#website"},"datePublished":"2023-04-21T12:05:08+00:00","dateModified":"2026-04-25T08:31:33+00:00","breadcrumb":{"@id":"https:\/\/beyondx.se\/no\/produkt\/kladsax-19-cm\/#breadcrumb"},"inLanguage":"nb-NO","potentialAction":[{"@type":"ReadAction","target":["https:\/\/beyondx.se\/no\/produkt\/kladsax-19-cm\/"]}]},{"@type":"BreadcrumbList","@id":"https:\/\/beyondx.se\/no\/produkt\/kladsax-19-cm\/#breadcrumb","itemListElement":[{"@type":"ListItem","position":1,"name":"Hem","item":"https:\/\/beyondx.se\/no\/"},{"@type":"ListItem","position":2,"name":"Butik","item":"https:\/\/beyondx.se\/no\/butik\/"},{"@type":"ListItem","position":3,"name":"F\u00f6rsta Hj\u00e4lpen Kl\u00e4dsax 19 cm"}]},{"@type":"WebSite","@id":"https:\/\/beyondx.se\/no\/#website","url":"https:\/\/beyondx.se\/no\/","name":"Beyond-X","description":"No Bullshit Ski Wear","publisher":{"@id":"https:\/\/beyondx.se\/no\/#organization"},"potentialAction":[{"@type":"SearchAction","target":{"@type":"EntryPoint","urlTemplate":"https:\/\/beyondx.se\/no\/?s={search_term_string}"},"query-input":"required name=search_term_string"}],"inLanguage":"nb-NO"},{"@type":"Organization","@id":"https:\/\/beyondx.se\/no\/#organization","name":"B-stedt of Sweden AB","url":"https:\/\/beyondx.se\/no\/","logo":{"@type":"ImageObject","inLanguage":"nb-NO","@id":"https:\/\/beyondx.se\/no\/#\/schema\/logo\/image\/","url":"https:\/\/beyondx.se\/wp-content\/uploads\/2023\/08\/bx-logo.svg","contentUrl":"https:\/\/beyondx.se\/wp-content\/uploads\/2023\/08\/bx-logo.svg","width":1,"height":1,"caption":"B-stedt of Sweden AB"},"image":{"@id":"https:\/\/beyondx.se\/no\/#\/schema\/logo\/image\/"}}]}},"_links":{"self":[{"href":"https:\/\/beyondx.se\/no\/wp-json\/wp\/v2\/product\/17851","targetHints":{"allow":["GET"]}}],"collection":[{"href":"https:\/\/beyondx.se\/no\/wp-json\/wp\/v2\/product"}],"about":[{"href":"https:\/\/beyondx.se\/no\/wp-json\/wp\/v2\/types\/product"}],"wp:featuredmedia":[{"embeddable":true,"href":"https:\/\/beyondx.se\/no\/wp-json\/wp\/v2\/media\/19666"}],"wp:attachment":[{"href":"https:\/\/beyondx.se\/no\/wp-json\/wp\/v2\/media?parent=17851"}],"wp:term":[{"taxonomy":"product_cat","embeddable":true,"href":"https:\/\/beyondx.se\/no\/wp-json\/wp\/v2\/product_cat?post=17851"},{"taxonomy":"product_tag","embeddable":true,"href":"https:\/\/beyondx.se\/no\/wp-json\/wp\/v2\/product_tag?post=17851"}],"curies":[{"name":"wp","href":"https:\/\/api.w.org\/{rel}","templated":true}]}}