{"id":17864,"date":"2023-04-21T14:05:12","date_gmt":"2023-04-21T12:05:12","guid":{"rendered":"https:\/\/beta.karlskogawebbyra.se\/beyond\/product\/sartvattare-salvequick-20-st\/"},"modified":"2026-04-19T10:07:24","modified_gmt":"2026-04-19T08:07:24","slug":"sartvattare-salvequick-20-st","status":"publish","type":"product","link":"https:\/\/beyondx.se\/no\/produkt\/sartvattare-salvequick-20-st\/","title":{"rendered":"F\u00f6rsta Hj\u00e4lpen S\u00e5rtv\u00e4ttare Salvequick 20 st"},"content":{"rendered":"<p>Inneh\u00e5ll:\u00a020 st Salvequick S\u00e5rtv\u00e4ttare 11 x 12 cm<\/p>\n","protected":false},"excerpt":{"rendered":"Salvequick S\u00e5rtv\u00e4ttare \u00e4r en v\u00e5tservett med steril fysiologisk koksaltl\u00f6sning som ers\u00e4tter bomull och s\u00e5rl\u00f6sning i flaska. F\u00f6rpackningen passar i Cederroth F\u00f6rsta Hj\u00e4lpen-station men du kan ocks\u00e5 k\u00f6pa dem och anv\u00e4nda f\u00f6r sig. Eftersom de ligger sterilt styckf\u00f6rpackade kan du till exempel l\u00e4gga n\u00e5gra i din f\u00f6rsta hj\u00e4lpen-v\u00e4ska. <span>Inneh\u00e5ll:<\/span><span>\u00a020 st Salvequick S\u00e5rtv\u00e4ttare 11 x 12 cm<\/span>","protected":false},"featured_media":19663,"template":"","meta":[],"product_cat":[230],"product_tag":[],"class_list":["post-17864","product","type-product","status-publish","has-post-thumbnail","hentry","product_cat-forsta-hjalpen","brands-forsta-hjalpencentrum","fpd-variation-needed"],"yoast_head":"<!-- This site is optimized with the Yoast SEO plugin v21.0 - https:\/\/yoast.com\/wordpress\/plugins\/seo\/ -->\n<title>F\u00f6rsta Hj\u00e4lpen S\u00e5rtv\u00e4ttare Salvequick 20 st - Beyond-X<\/title>\n<meta name=\"robots\" content=\"index, follow, max-snippet:-1, max-image-preview:large, max-video-preview:-1\" \/>\n<link rel=\"canonical\" href=\"https:\/\/beyondx.se\/no\/produkt\/sartvattare-salvequick-20-st\/\" \/>\n<meta property=\"og:locale\" content=\"nb_NO\" \/>\n<meta property=\"og:type\" content=\"article\" \/>\n<meta property=\"og:title\" content=\"F\u00f6rsta Hj\u00e4lpen S\u00e5rtv\u00e4ttare Salvequick 20 st - Beyond-X\" \/>\n<meta property=\"og:description\" content=\"Salvequick S\u00e5rtv\u00e4ttare \u00e4r en v\u00e5tservett med steril fysiologisk koksaltl\u00f6sning som ers\u00e4tter bomull och s\u00e5rl\u00f6sning i flaska. F\u00f6rpackningen passar i Cederroth F\u00f6rsta Hj\u00e4lpen-station men du kan ocks\u00e5 k\u00f6pa dem och anv\u00e4nda f\u00f6r sig. Eftersom de ligger sterilt styckf\u00f6rpackade kan du till exempel l\u00e4gga n\u00e5gra i din f\u00f6rsta hj\u00e4lpen-v\u00e4ska. Inneh\u00e5ll:\u00a020 st Salvequick S\u00e5rtv\u00e4ttare 11 x 12 cm\" \/>\n<meta property=\"og:url\" content=\"https:\/\/beyondx.se\/no\/produkt\/sartvattare-salvequick-20-st\/\" \/>\n<meta property=\"og:site_name\" content=\"Beyond-X\" \/>\n<meta property=\"article:modified_time\" content=\"2026-04-19T08:07:24+00:00\" \/>\n<meta property=\"og:image\" content=\"https:\/\/beyondx.se\/wp-content\/uploads\/2023\/06\/FH323700_1.jpg\" \/>\n\t<meta property=\"og:image:width\" content=\"442\" \/>\n\t<meta property=\"og:image:height\" content=\"472\" \/>\n\t<meta property=\"og:image:type\" content=\"image\/jpeg\" \/>\n<meta name=\"twitter:card\" content=\"summary_large_image\" \/>\n<script type=\"application\/ld+json\" class=\"yoast-schema-graph\">{\"@context\":\"https:\/\/schema.org\",\"@graph\":[{\"@type\":\"WebPage\",\"@id\":\"https:\/\/beyondx.se\/no\/produkt\/sartvattare-salvequick-20-st\/\",\"url\":\"https:\/\/beyondx.se\/no\/produkt\/sartvattare-salvequick-20-st\/\",\"name\":\"F\u00f6rsta Hj\u00e4lpen S\u00e5rtv\u00e4ttare Salvequick 20 st - Beyond-X\",\"isPartOf\":{\"@id\":\"https:\/\/beyondx.se\/no\/#website\"},\"datePublished\":\"2023-04-21T12:05:12+00:00\",\"dateModified\":\"2026-04-19T08:07:24+00:00\",\"breadcrumb\":{\"@id\":\"https:\/\/beyondx.se\/no\/produkt\/sartvattare-salvequick-20-st\/#breadcrumb\"},\"inLanguage\":\"nb-NO\",\"potentialAction\":[{\"@type\":\"ReadAction\",\"target\":[\"https:\/\/beyondx.se\/no\/produkt\/sartvattare-salvequick-20-st\/\"]}]},{\"@type\":\"BreadcrumbList\",\"@id\":\"https:\/\/beyondx.se\/no\/produkt\/sartvattare-salvequick-20-st\/#breadcrumb\",\"itemListElement\":[{\"@type\":\"ListItem\",\"position\":1,\"name\":\"Hem\",\"item\":\"https:\/\/beyondx.se\/no\/\"},{\"@type\":\"ListItem\",\"position\":2,\"name\":\"Butik\",\"item\":\"https:\/\/beyondx.se\/no\/butik\/\"},{\"@type\":\"ListItem\",\"position\":3,\"name\":\"F\u00f6rsta Hj\u00e4lpen S\u00e5rtv\u00e4ttare Salvequick 20 st\"}]},{\"@type\":\"WebSite\",\"@id\":\"https:\/\/beyondx.se\/no\/#website\",\"url\":\"https:\/\/beyondx.se\/no\/\",\"name\":\"Beyond-X\",\"description\":\"No Bullshit Ski Wear\",\"publisher\":{\"@id\":\"https:\/\/beyondx.se\/no\/#organization\"},\"potentialAction\":[{\"@type\":\"SearchAction\",\"target\":{\"@type\":\"EntryPoint\",\"urlTemplate\":\"https:\/\/beyondx.se\/no\/?s={search_term_string}\"},\"query-input\":\"required name=search_term_string\"}],\"inLanguage\":\"nb-NO\"},{\"@type\":\"Organization\",\"@id\":\"https:\/\/beyondx.se\/no\/#organization\",\"name\":\"B-stedt of Sweden AB\",\"url\":\"https:\/\/beyondx.se\/no\/\",\"logo\":{\"@type\":\"ImageObject\",\"inLanguage\":\"nb-NO\",\"@id\":\"https:\/\/beyondx.se\/no\/#\/schema\/logo\/image\/\",\"url\":\"https:\/\/beyondx.se\/wp-content\/uploads\/2023\/08\/bx-logo.svg\",\"contentUrl\":\"https:\/\/beyondx.se\/wp-content\/uploads\/2023\/08\/bx-logo.svg\",\"width\":1,\"height\":1,\"caption\":\"B-stedt of Sweden AB\"},\"image\":{\"@id\":\"https:\/\/beyondx.se\/no\/#\/schema\/logo\/image\/\"}}]}<\/script>\n<!-- \/ Yoast SEO plugin. -->","yoast_head_json":{"title":"F\u00f6rsta Hj\u00e4lpen S\u00e5rtv\u00e4ttare Salvequick 20 st - Beyond-X","robots":{"index":"index","follow":"follow","max-snippet":"max-snippet:-1","max-image-preview":"max-image-preview:large","max-video-preview":"max-video-preview:-1"},"canonical":"https:\/\/beyondx.se\/no\/produkt\/sartvattare-salvequick-20-st\/","og_locale":"nb_NO","og_type":"article","og_title":"F\u00f6rsta Hj\u00e4lpen S\u00e5rtv\u00e4ttare Salvequick 20 st - Beyond-X","og_description":"Salvequick S\u00e5rtv\u00e4ttare \u00e4r en v\u00e5tservett med steril fysiologisk koksaltl\u00f6sning som ers\u00e4tter bomull och s\u00e5rl\u00f6sning i flaska. F\u00f6rpackningen passar i Cederroth F\u00f6rsta Hj\u00e4lpen-station men du kan ocks\u00e5 k\u00f6pa dem och anv\u00e4nda f\u00f6r sig. Eftersom de ligger sterilt styckf\u00f6rpackade kan du till exempel l\u00e4gga n\u00e5gra i din f\u00f6rsta hj\u00e4lpen-v\u00e4ska. Inneh\u00e5ll:\u00a020 st Salvequick S\u00e5rtv\u00e4ttare 11 x 12 cm","og_url":"https:\/\/beyondx.se\/no\/produkt\/sartvattare-salvequick-20-st\/","og_site_name":"Beyond-X","article_modified_time":"2026-04-19T08:07:24+00:00","og_image":[{"width":442,"height":472,"url":"https:\/\/beyondx.se\/wp-content\/uploads\/2023\/06\/FH323700_1.jpg","type":"image\/jpeg"}],"twitter_card":"summary_large_image","schema":{"@context":"https:\/\/schema.org","@graph":[{"@type":"WebPage","@id":"https:\/\/beyondx.se\/no\/produkt\/sartvattare-salvequick-20-st\/","url":"https:\/\/beyondx.se\/no\/produkt\/sartvattare-salvequick-20-st\/","name":"F\u00f6rsta Hj\u00e4lpen S\u00e5rtv\u00e4ttare Salvequick 20 st - Beyond-X","isPartOf":{"@id":"https:\/\/beyondx.se\/no\/#website"},"datePublished":"2023-04-21T12:05:12+00:00","dateModified":"2026-04-19T08:07:24+00:00","breadcrumb":{"@id":"https:\/\/beyondx.se\/no\/produkt\/sartvattare-salvequick-20-st\/#breadcrumb"},"inLanguage":"nb-NO","potentialAction":[{"@type":"ReadAction","target":["https:\/\/beyondx.se\/no\/produkt\/sartvattare-salvequick-20-st\/"]}]},{"@type":"BreadcrumbList","@id":"https:\/\/beyondx.se\/no\/produkt\/sartvattare-salvequick-20-st\/#breadcrumb","itemListElement":[{"@type":"ListItem","position":1,"name":"Hem","item":"https:\/\/beyondx.se\/no\/"},{"@type":"ListItem","position":2,"name":"Butik","item":"https:\/\/beyondx.se\/no\/butik\/"},{"@type":"ListItem","position":3,"name":"F\u00f6rsta Hj\u00e4lpen S\u00e5rtv\u00e4ttare Salvequick 20 st"}]},{"@type":"WebSite","@id":"https:\/\/beyondx.se\/no\/#website","url":"https:\/\/beyondx.se\/no\/","name":"Beyond-X","description":"No Bullshit Ski Wear","publisher":{"@id":"https:\/\/beyondx.se\/no\/#organization"},"potentialAction":[{"@type":"SearchAction","target":{"@type":"EntryPoint","urlTemplate":"https:\/\/beyondx.se\/no\/?s={search_term_string}"},"query-input":"required name=search_term_string"}],"inLanguage":"nb-NO"},{"@type":"Organization","@id":"https:\/\/beyondx.se\/no\/#organization","name":"B-stedt of Sweden AB","url":"https:\/\/beyondx.se\/no\/","logo":{"@type":"ImageObject","inLanguage":"nb-NO","@id":"https:\/\/beyondx.se\/no\/#\/schema\/logo\/image\/","url":"https:\/\/beyondx.se\/wp-content\/uploads\/2023\/08\/bx-logo.svg","contentUrl":"https:\/\/beyondx.se\/wp-content\/uploads\/2023\/08\/bx-logo.svg","width":1,"height":1,"caption":"B-stedt of Sweden AB"},"image":{"@id":"https:\/\/beyondx.se\/no\/#\/schema\/logo\/image\/"}}]}},"_links":{"self":[{"href":"https:\/\/beyondx.se\/no\/wp-json\/wp\/v2\/product\/17864","targetHints":{"allow":["GET"]}}],"collection":[{"href":"https:\/\/beyondx.se\/no\/wp-json\/wp\/v2\/product"}],"about":[{"href":"https:\/\/beyondx.se\/no\/wp-json\/wp\/v2\/types\/product"}],"wp:featuredmedia":[{"embeddable":true,"href":"https:\/\/beyondx.se\/no\/wp-json\/wp\/v2\/media\/19663"}],"wp:attachment":[{"href":"https:\/\/beyondx.se\/no\/wp-json\/wp\/v2\/media?parent=17864"}],"wp:term":[{"taxonomy":"product_cat","embeddable":true,"href":"https:\/\/beyondx.se\/no\/wp-json\/wp\/v2\/product_cat?post=17864"},{"taxonomy":"product_tag","embeddable":true,"href":"https:\/\/beyondx.se\/no\/wp-json\/wp\/v2\/product_tag?post=17864"}],"curies":[{"name":"wp","href":"https:\/\/api.w.org\/{rel}","templated":true}]}}