{"id":17872,"date":"2023-04-21T14:05:15","date_gmt":"2023-04-21T12:05:15","guid":{"rendered":"https:\/\/beta.karlskogawebbyra.se\/beyond\/product\/kombiforband-5-pack\/"},"modified":"2026-04-19T10:06:55","modified_gmt":"2026-04-19T08:06:55","slug":"kombiforband-5-pack","status":"publish","type":"product","link":"https:\/\/beyondx.se\/no\/produkt\/kombiforband-5-pack\/","title":{"rendered":"F\u00f6rsta Hj\u00e4lpen Kombif\u00f6rband 5-pack"},"content":{"rendered":"","protected":false},"excerpt":{"rendered":"Kombif\u00f6rband \u00e4r ett skumf\u00f6rband som f\u00e4ster i sig sj\u00e4lv utan att fastna i s\u00e5r, kl\u00e4der eller h\u00e5r. Det \u00e4r absorberande, elastiskt och sj\u00e4lvh\u00e4ftande, vilket g\u00f6r det allsidigt och enkelt att anv\u00e4nda som s\u00e5v\u00e4l tryckf\u00f6rband som t\u00e4ckf\u00f6rband. F\u00f6rbandet fungerar lika bra p\u00e5 alla typer av s\u00e5r &#8211; b\u00e5de i v\u00e4rme, kyla, v\u00e5tt och torrt. D\u00e4rf\u00f6r kallar vi det kombif\u00f6rband.    Kombif\u00f6rbandet \u00e4r v\u00e5rt allf\u00f6rband som \u00e4r kraftigare och bredare \u00e4n finger-kombif\u00f6rbandet. D\u00e4rf\u00f6r passar det b\u00e4ttre till stora s\u00e5r och bl\u00f6dningar. Med sin bredd p\u00e5 10 cm ger kombif\u00f6rbandet ett bra skydd som f\u00f6rband p\u00e5 huvudet eller runt ett kn\u00e4. Du kan med f\u00f6rdel anv\u00e4nda kombi-f\u00f6rband som br\u00e4nnskadef\u00f6rband, eftersom ytskiktet \u00e4r s\u00e5 s\u00e5rv\u00e4nligt. Kombif\u00f6rband \u00e4r ocks\u00e5 ett suver\u00e4nt alternativ till pl\u00e5ster, eftersom det sitter s\u00e5 bra \u00e4ven n\u00e4r f\u00f6rbandet blir bl\u00f6tt. Tack vare att det inte f\u00e4ster p\u00e5 huden, g\u00f6r det heller inte ont att dra bort!    Inneh\u00e5ll:  1 st 10 x 80 cm f\u00f6rband i plastf\u00f6rpackning.    Instruktion:  Riv av den bit f\u00f6rband du beh\u00f6ver. L\u00e4gg kombif\u00f6rbandet direkt p\u00e5 det rengjorda s\u00e5ret och linda runt. V\u00e4rm f\u00f6rbandet med handen i cirka 20 sekunder, s\u00e5 f\u00e4ster det b\u00e4ttre.","protected":false},"featured_media":19658,"template":"","meta":[],"product_cat":[230],"product_tag":[],"class_list":["post-17872","product","type-product","status-publish","has-post-thumbnail","hentry","product_cat-forsta-hjalpen","brands-forsta-hjalpencentrum","fpd-variation-needed"],"yoast_head":"<!-- This site is optimized with the Yoast SEO plugin v21.0 - https:\/\/yoast.com\/wordpress\/plugins\/seo\/ -->\n<title>F\u00f6rsta Hj\u00e4lpen Kombif\u00f6rband 5-pack - Beyond-X<\/title>\n<meta name=\"robots\" content=\"index, follow, max-snippet:-1, max-image-preview:large, max-video-preview:-1\" \/>\n<link rel=\"canonical\" href=\"https:\/\/beyondx.se\/no\/produkt\/kombiforband-5-pack\/\" \/>\n<meta property=\"og:locale\" content=\"nb_NO\" \/>\n<meta property=\"og:type\" content=\"article\" \/>\n<meta property=\"og:title\" content=\"F\u00f6rsta Hj\u00e4lpen Kombif\u00f6rband 5-pack - Beyond-X\" \/>\n<meta property=\"og:description\" content=\"Kombif\u00f6rband \u00e4r ett skumf\u00f6rband som f\u00e4ster i sig sj\u00e4lv utan att fastna i s\u00e5r, kl\u00e4der eller h\u00e5r. Det \u00e4r absorberande, elastiskt och sj\u00e4lvh\u00e4ftande, vilket g\u00f6r det allsidigt och enkelt att anv\u00e4nda som s\u00e5v\u00e4l tryckf\u00f6rband som t\u00e4ckf\u00f6rband. F\u00f6rbandet fungerar lika bra p\u00e5 alla typer av s\u00e5r - b\u00e5de i v\u00e4rme, kyla, v\u00e5tt och torrt. D\u00e4rf\u00f6r kallar vi det kombif\u00f6rband.  Kombif\u00f6rbandet \u00e4r v\u00e5rt allf\u00f6rband som \u00e4r kraftigare och bredare \u00e4n finger-kombif\u00f6rbandet. D\u00e4rf\u00f6r passar det b\u00e4ttre till stora s\u00e5r och bl\u00f6dningar. Med sin bredd p\u00e5 10 cm ger kombif\u00f6rbandet ett bra skydd som f\u00f6rband p\u00e5 huvudet eller runt ett kn\u00e4. Du kan med f\u00f6rdel anv\u00e4nda kombi-f\u00f6rband som br\u00e4nnskadef\u00f6rband, eftersom ytskiktet \u00e4r s\u00e5 s\u00e5rv\u00e4nligt. Kombif\u00f6rband \u00e4r ocks\u00e5 ett suver\u00e4nt alternativ till pl\u00e5ster, eftersom det sitter s\u00e5 bra \u00e4ven n\u00e4r f\u00f6rbandet blir bl\u00f6tt. Tack vare att det inte f\u00e4ster p\u00e5 huden, g\u00f6r det heller inte ont att dra bort!  Inneh\u00e5ll: 1 st 10 x 80 cm f\u00f6rband i plastf\u00f6rpackning.  Instruktion: Riv av den bit f\u00f6rband du beh\u00f6ver. L\u00e4gg kombif\u00f6rbandet direkt p\u00e5 det rengjorda s\u00e5ret och linda runt. V\u00e4rm f\u00f6rbandet med handen i cirka 20 sekunder, s\u00e5 f\u00e4ster det b\u00e4ttre.\" \/>\n<meta property=\"og:url\" content=\"https:\/\/beyondx.se\/no\/produkt\/kombiforband-5-pack\/\" \/>\n<meta property=\"og:site_name\" content=\"Beyond-X\" \/>\n<meta property=\"article:modified_time\" content=\"2026-04-19T08:06:55+00:00\" \/>\n<meta property=\"og:image\" content=\"https:\/\/beyondx.se\/wp-content\/uploads\/2023\/06\/FH2151_1.jpg\" \/>\n\t<meta property=\"og:image:width\" content=\"465\" \/>\n\t<meta property=\"og:image:height\" content=\"329\" \/>\n\t<meta property=\"og:image:type\" content=\"image\/jpeg\" \/>\n<meta name=\"twitter:card\" content=\"summary_large_image\" \/>\n<script type=\"application\/ld+json\" class=\"yoast-schema-graph\">{\"@context\":\"https:\/\/schema.org\",\"@graph\":[{\"@type\":\"WebPage\",\"@id\":\"https:\/\/beyondx.se\/no\/produkt\/kombiforband-5-pack\/\",\"url\":\"https:\/\/beyondx.se\/no\/produkt\/kombiforband-5-pack\/\",\"name\":\"F\u00f6rsta Hj\u00e4lpen Kombif\u00f6rband 5-pack - Beyond-X\",\"isPartOf\":{\"@id\":\"https:\/\/beyondx.se\/no\/#website\"},\"datePublished\":\"2023-04-21T12:05:15+00:00\",\"dateModified\":\"2026-04-19T08:06:55+00:00\",\"breadcrumb\":{\"@id\":\"https:\/\/beyondx.se\/no\/produkt\/kombiforband-5-pack\/#breadcrumb\"},\"inLanguage\":\"nb-NO\",\"potentialAction\":[{\"@type\":\"ReadAction\",\"target\":[\"https:\/\/beyondx.se\/no\/produkt\/kombiforband-5-pack\/\"]}]},{\"@type\":\"BreadcrumbList\",\"@id\":\"https:\/\/beyondx.se\/no\/produkt\/kombiforband-5-pack\/#breadcrumb\",\"itemListElement\":[{\"@type\":\"ListItem\",\"position\":1,\"name\":\"Hem\",\"item\":\"https:\/\/beyondx.se\/no\/\"},{\"@type\":\"ListItem\",\"position\":2,\"name\":\"Butik\",\"item\":\"https:\/\/beyondx.se\/no\/butik\/\"},{\"@type\":\"ListItem\",\"position\":3,\"name\":\"F\u00f6rsta Hj\u00e4lpen Kombif\u00f6rband 5-pack\"}]},{\"@type\":\"WebSite\",\"@id\":\"https:\/\/beyondx.se\/no\/#website\",\"url\":\"https:\/\/beyondx.se\/no\/\",\"name\":\"Beyond-X\",\"description\":\"No Bullshit Ski Wear\",\"publisher\":{\"@id\":\"https:\/\/beyondx.se\/no\/#organization\"},\"potentialAction\":[{\"@type\":\"SearchAction\",\"target\":{\"@type\":\"EntryPoint\",\"urlTemplate\":\"https:\/\/beyondx.se\/no\/?s={search_term_string}\"},\"query-input\":\"required name=search_term_string\"}],\"inLanguage\":\"nb-NO\"},{\"@type\":\"Organization\",\"@id\":\"https:\/\/beyondx.se\/no\/#organization\",\"name\":\"B-stedt of Sweden AB\",\"url\":\"https:\/\/beyondx.se\/no\/\",\"logo\":{\"@type\":\"ImageObject\",\"inLanguage\":\"nb-NO\",\"@id\":\"https:\/\/beyondx.se\/no\/#\/schema\/logo\/image\/\",\"url\":\"https:\/\/beyondx.se\/wp-content\/uploads\/2023\/08\/bx-logo.svg\",\"contentUrl\":\"https:\/\/beyondx.se\/wp-content\/uploads\/2023\/08\/bx-logo.svg\",\"width\":1,\"height\":1,\"caption\":\"B-stedt of Sweden AB\"},\"image\":{\"@id\":\"https:\/\/beyondx.se\/no\/#\/schema\/logo\/image\/\"}}]}<\/script>\n<!-- \/ Yoast SEO plugin. -->","yoast_head_json":{"title":"F\u00f6rsta Hj\u00e4lpen Kombif\u00f6rband 5-pack - Beyond-X","robots":{"index":"index","follow":"follow","max-snippet":"max-snippet:-1","max-image-preview":"max-image-preview:large","max-video-preview":"max-video-preview:-1"},"canonical":"https:\/\/beyondx.se\/no\/produkt\/kombiforband-5-pack\/","og_locale":"nb_NO","og_type":"article","og_title":"F\u00f6rsta Hj\u00e4lpen Kombif\u00f6rband 5-pack - Beyond-X","og_description":"Kombif\u00f6rband \u00e4r ett skumf\u00f6rband som f\u00e4ster i sig sj\u00e4lv utan att fastna i s\u00e5r, kl\u00e4der eller h\u00e5r. Det \u00e4r absorberande, elastiskt och sj\u00e4lvh\u00e4ftande, vilket g\u00f6r det allsidigt och enkelt att anv\u00e4nda som s\u00e5v\u00e4l tryckf\u00f6rband som t\u00e4ckf\u00f6rband. F\u00f6rbandet fungerar lika bra p\u00e5 alla typer av s\u00e5r - b\u00e5de i v\u00e4rme, kyla, v\u00e5tt och torrt. D\u00e4rf\u00f6r kallar vi det kombif\u00f6rband.  Kombif\u00f6rbandet \u00e4r v\u00e5rt allf\u00f6rband som \u00e4r kraftigare och bredare \u00e4n finger-kombif\u00f6rbandet. D\u00e4rf\u00f6r passar det b\u00e4ttre till stora s\u00e5r och bl\u00f6dningar. Med sin bredd p\u00e5 10 cm ger kombif\u00f6rbandet ett bra skydd som f\u00f6rband p\u00e5 huvudet eller runt ett kn\u00e4. Du kan med f\u00f6rdel anv\u00e4nda kombi-f\u00f6rband som br\u00e4nnskadef\u00f6rband, eftersom ytskiktet \u00e4r s\u00e5 s\u00e5rv\u00e4nligt. Kombif\u00f6rband \u00e4r ocks\u00e5 ett suver\u00e4nt alternativ till pl\u00e5ster, eftersom det sitter s\u00e5 bra \u00e4ven n\u00e4r f\u00f6rbandet blir bl\u00f6tt. Tack vare att det inte f\u00e4ster p\u00e5 huden, g\u00f6r det heller inte ont att dra bort!  Inneh\u00e5ll: 1 st 10 x 80 cm f\u00f6rband i plastf\u00f6rpackning.  Instruktion: Riv av den bit f\u00f6rband du beh\u00f6ver. L\u00e4gg kombif\u00f6rbandet direkt p\u00e5 det rengjorda s\u00e5ret och linda runt. V\u00e4rm f\u00f6rbandet med handen i cirka 20 sekunder, s\u00e5 f\u00e4ster det b\u00e4ttre.","og_url":"https:\/\/beyondx.se\/no\/produkt\/kombiforband-5-pack\/","og_site_name":"Beyond-X","article_modified_time":"2026-04-19T08:06:55+00:00","og_image":[{"width":465,"height":329,"url":"https:\/\/beyondx.se\/wp-content\/uploads\/2023\/06\/FH2151_1.jpg","type":"image\/jpeg"}],"twitter_card":"summary_large_image","schema":{"@context":"https:\/\/schema.org","@graph":[{"@type":"WebPage","@id":"https:\/\/beyondx.se\/no\/produkt\/kombiforband-5-pack\/","url":"https:\/\/beyondx.se\/no\/produkt\/kombiforband-5-pack\/","name":"F\u00f6rsta Hj\u00e4lpen Kombif\u00f6rband 5-pack - Beyond-X","isPartOf":{"@id":"https:\/\/beyondx.se\/no\/#website"},"datePublished":"2023-04-21T12:05:15+00:00","dateModified":"2026-04-19T08:06:55+00:00","breadcrumb":{"@id":"https:\/\/beyondx.se\/no\/produkt\/kombiforband-5-pack\/#breadcrumb"},"inLanguage":"nb-NO","potentialAction":[{"@type":"ReadAction","target":["https:\/\/beyondx.se\/no\/produkt\/kombiforband-5-pack\/"]}]},{"@type":"BreadcrumbList","@id":"https:\/\/beyondx.se\/no\/produkt\/kombiforband-5-pack\/#breadcrumb","itemListElement":[{"@type":"ListItem","position":1,"name":"Hem","item":"https:\/\/beyondx.se\/no\/"},{"@type":"ListItem","position":2,"name":"Butik","item":"https:\/\/beyondx.se\/no\/butik\/"},{"@type":"ListItem","position":3,"name":"F\u00f6rsta Hj\u00e4lpen Kombif\u00f6rband 5-pack"}]},{"@type":"WebSite","@id":"https:\/\/beyondx.se\/no\/#website","url":"https:\/\/beyondx.se\/no\/","name":"Beyond-X","description":"No Bullshit Ski Wear","publisher":{"@id":"https:\/\/beyondx.se\/no\/#organization"},"potentialAction":[{"@type":"SearchAction","target":{"@type":"EntryPoint","urlTemplate":"https:\/\/beyondx.se\/no\/?s={search_term_string}"},"query-input":"required name=search_term_string"}],"inLanguage":"nb-NO"},{"@type":"Organization","@id":"https:\/\/beyondx.se\/no\/#organization","name":"B-stedt of Sweden AB","url":"https:\/\/beyondx.se\/no\/","logo":{"@type":"ImageObject","inLanguage":"nb-NO","@id":"https:\/\/beyondx.se\/no\/#\/schema\/logo\/image\/","url":"https:\/\/beyondx.se\/wp-content\/uploads\/2023\/08\/bx-logo.svg","contentUrl":"https:\/\/beyondx.se\/wp-content\/uploads\/2023\/08\/bx-logo.svg","width":1,"height":1,"caption":"B-stedt of Sweden AB"},"image":{"@id":"https:\/\/beyondx.se\/no\/#\/schema\/logo\/image\/"}}]}},"_links":{"self":[{"href":"https:\/\/beyondx.se\/no\/wp-json\/wp\/v2\/product\/17872","targetHints":{"allow":["GET"]}}],"collection":[{"href":"https:\/\/beyondx.se\/no\/wp-json\/wp\/v2\/product"}],"about":[{"href":"https:\/\/beyondx.se\/no\/wp-json\/wp\/v2\/types\/product"}],"wp:featuredmedia":[{"embeddable":true,"href":"https:\/\/beyondx.se\/no\/wp-json\/wp\/v2\/media\/19658"}],"wp:attachment":[{"href":"https:\/\/beyondx.se\/no\/wp-json\/wp\/v2\/media?parent=17872"}],"wp:term":[{"taxonomy":"product_cat","embeddable":true,"href":"https:\/\/beyondx.se\/no\/wp-json\/wp\/v2\/product_cat?post=17872"},{"taxonomy":"product_tag","embeddable":true,"href":"https:\/\/beyondx.se\/no\/wp-json\/wp\/v2\/product_tag?post=17872"}],"curies":[{"name":"wp","href":"https:\/\/api.w.org\/{rel}","templated":true}]}}