{"id":17893,"date":"2023-04-21T14:05:23","date_gmt":"2023-04-21T12:05:23","guid":{"rendered":"https:\/\/beta.karlskogawebbyra.se\/beyond\/product\/swix-t73-digital-iron-220v\/"},"modified":"2026-04-26T02:59:51","modified_gmt":"2026-04-26T00:59:51","slug":"swix-t73-digital-iron-220v","status":"publish","type":"product","link":"https:\/\/beyondx.se\/no\/produkt\/swix-t73-digital-iron-220v\/","title":{"rendered":"SWIX T73 Digital iron, 220V"},"content":{"rendered":"","protected":false},"excerpt":{"rendered":"Digitalt vallaj\u00e4rn. 220V, 1000 Watt. 18mm tjock platta som ger mycket god v\u00e4rmedistribution. J\u00e4rnet har ocks\u00e5 en avancerad mikroprocessor som ger precis temperaturkontroll. Den digitala displayen kontrolleras med justeringshjulet. Temperaturomr\u00e5de fr\u00e5n 80\u00b0C till 170\u00b0C.","protected":false},"featured_media":20101,"template":"","meta":[],"product_cat":[241,121,110],"product_tag":[],"class_list":["post-17893","product","type-product","status-publish","has-post-thumbnail","hentry","product_cat-skidverkstad","product_cat-valla","product_cat-verktyg","brands-swix","fpd-variation-needed"],"yoast_head":"<!-- This site is optimized with the Yoast SEO plugin v21.0 - https:\/\/yoast.com\/wordpress\/plugins\/seo\/ -->\n<title>SWIX T73 Digital iron, 220V - Beyond-X<\/title>\n<meta name=\"robots\" content=\"index, follow, max-snippet:-1, max-image-preview:large, max-video-preview:-1\" \/>\n<link rel=\"canonical\" href=\"https:\/\/beyondx.se\/no\/produkt\/swix-t73-digital-iron-220v\/\" \/>\n<meta property=\"og:locale\" content=\"nb_NO\" \/>\n<meta property=\"og:type\" content=\"article\" \/>\n<meta property=\"og:title\" content=\"SWIX T73 Digital iron, 220V - Beyond-X\" \/>\n<meta property=\"og:description\" content=\"Digitalt vallaj\u00e4rn. 220V, 1000 Watt. 18mm tjock platta som ger mycket god v\u00e4rmedistribution. J\u00e4rnet har ocks\u00e5 en avancerad mikroprocessor som ger precis temperaturkontroll. Den digitala displayen kontrolleras med justeringshjulet. Temperaturomr\u00e5de fr\u00e5n 80\u00b0C till 170\u00b0C.\" \/>\n<meta property=\"og:url\" content=\"https:\/\/beyondx.se\/no\/produkt\/swix-t73-digital-iron-220v\/\" \/>\n<meta property=\"og:site_name\" content=\"Beyond-X\" \/>\n<meta property=\"article:modified_time\" content=\"2026-04-26T00:59:51+00:00\" \/>\n<meta property=\"og:image\" content=\"https:\/\/beyondx.se\/wp-content\/uploads\/2023\/06\/T73D220_1.jpg\" \/>\n\t<meta property=\"og:image:width\" content=\"745\" \/>\n\t<meta property=\"og:image:height\" content=\"800\" \/>\n\t<meta property=\"og:image:type\" content=\"image\/jpeg\" \/>\n<meta name=\"twitter:card\" content=\"summary_large_image\" \/>\n<script type=\"application\/ld+json\" class=\"yoast-schema-graph\">{\"@context\":\"https:\/\/schema.org\",\"@graph\":[{\"@type\":\"WebPage\",\"@id\":\"https:\/\/beyondx.se\/no\/produkt\/swix-t73-digital-iron-220v\/\",\"url\":\"https:\/\/beyondx.se\/no\/produkt\/swix-t73-digital-iron-220v\/\",\"name\":\"SWIX T73 Digital iron, 220V - Beyond-X\",\"isPartOf\":{\"@id\":\"https:\/\/beyondx.se\/no\/#website\"},\"datePublished\":\"2023-04-21T12:05:23+00:00\",\"dateModified\":\"2026-04-26T00:59:51+00:00\",\"breadcrumb\":{\"@id\":\"https:\/\/beyondx.se\/no\/produkt\/swix-t73-digital-iron-220v\/#breadcrumb\"},\"inLanguage\":\"nb-NO\",\"potentialAction\":[{\"@type\":\"ReadAction\",\"target\":[\"https:\/\/beyondx.se\/no\/produkt\/swix-t73-digital-iron-220v\/\"]}]},{\"@type\":\"BreadcrumbList\",\"@id\":\"https:\/\/beyondx.se\/no\/produkt\/swix-t73-digital-iron-220v\/#breadcrumb\",\"itemListElement\":[{\"@type\":\"ListItem\",\"position\":1,\"name\":\"Hem\",\"item\":\"https:\/\/beyondx.se\/no\/\"},{\"@type\":\"ListItem\",\"position\":2,\"name\":\"Butik\",\"item\":\"https:\/\/beyondx.se\/no\/butik\/\"},{\"@type\":\"ListItem\",\"position\":3,\"name\":\"SWIX T73 Digital iron, 220V\"}]},{\"@type\":\"WebSite\",\"@id\":\"https:\/\/beyondx.se\/no\/#website\",\"url\":\"https:\/\/beyondx.se\/no\/\",\"name\":\"Beyond-X\",\"description\":\"No Bullshit Ski Wear\",\"publisher\":{\"@id\":\"https:\/\/beyondx.se\/no\/#organization\"},\"potentialAction\":[{\"@type\":\"SearchAction\",\"target\":{\"@type\":\"EntryPoint\",\"urlTemplate\":\"https:\/\/beyondx.se\/no\/?s={search_term_string}\"},\"query-input\":\"required name=search_term_string\"}],\"inLanguage\":\"nb-NO\"},{\"@type\":\"Organization\",\"@id\":\"https:\/\/beyondx.se\/no\/#organization\",\"name\":\"B-stedt of Sweden AB\",\"url\":\"https:\/\/beyondx.se\/no\/\",\"logo\":{\"@type\":\"ImageObject\",\"inLanguage\":\"nb-NO\",\"@id\":\"https:\/\/beyondx.se\/no\/#\/schema\/logo\/image\/\",\"url\":\"https:\/\/beyondx.se\/wp-content\/uploads\/2023\/08\/bx-logo.svg\",\"contentUrl\":\"https:\/\/beyondx.se\/wp-content\/uploads\/2023\/08\/bx-logo.svg\",\"width\":1,\"height\":1,\"caption\":\"B-stedt of Sweden AB\"},\"image\":{\"@id\":\"https:\/\/beyondx.se\/no\/#\/schema\/logo\/image\/\"}}]}<\/script>\n<!-- \/ Yoast SEO plugin. -->","yoast_head_json":{"title":"SWIX T73 Digital iron, 220V - Beyond-X","robots":{"index":"index","follow":"follow","max-snippet":"max-snippet:-1","max-image-preview":"max-image-preview:large","max-video-preview":"max-video-preview:-1"},"canonical":"https:\/\/beyondx.se\/no\/produkt\/swix-t73-digital-iron-220v\/","og_locale":"nb_NO","og_type":"article","og_title":"SWIX T73 Digital iron, 220V - Beyond-X","og_description":"Digitalt vallaj\u00e4rn. 220V, 1000 Watt. 18mm tjock platta som ger mycket god v\u00e4rmedistribution. J\u00e4rnet har ocks\u00e5 en avancerad mikroprocessor som ger precis temperaturkontroll. Den digitala displayen kontrolleras med justeringshjulet. Temperaturomr\u00e5de fr\u00e5n 80\u00b0C till 170\u00b0C.","og_url":"https:\/\/beyondx.se\/no\/produkt\/swix-t73-digital-iron-220v\/","og_site_name":"Beyond-X","article_modified_time":"2026-04-26T00:59:51+00:00","og_image":[{"width":745,"height":800,"url":"https:\/\/beyondx.se\/wp-content\/uploads\/2023\/06\/T73D220_1.jpg","type":"image\/jpeg"}],"twitter_card":"summary_large_image","schema":{"@context":"https:\/\/schema.org","@graph":[{"@type":"WebPage","@id":"https:\/\/beyondx.se\/no\/produkt\/swix-t73-digital-iron-220v\/","url":"https:\/\/beyondx.se\/no\/produkt\/swix-t73-digital-iron-220v\/","name":"SWIX T73 Digital iron, 220V - Beyond-X","isPartOf":{"@id":"https:\/\/beyondx.se\/no\/#website"},"datePublished":"2023-04-21T12:05:23+00:00","dateModified":"2026-04-26T00:59:51+00:00","breadcrumb":{"@id":"https:\/\/beyondx.se\/no\/produkt\/swix-t73-digital-iron-220v\/#breadcrumb"},"inLanguage":"nb-NO","potentialAction":[{"@type":"ReadAction","target":["https:\/\/beyondx.se\/no\/produkt\/swix-t73-digital-iron-220v\/"]}]},{"@type":"BreadcrumbList","@id":"https:\/\/beyondx.se\/no\/produkt\/swix-t73-digital-iron-220v\/#breadcrumb","itemListElement":[{"@type":"ListItem","position":1,"name":"Hem","item":"https:\/\/beyondx.se\/no\/"},{"@type":"ListItem","position":2,"name":"Butik","item":"https:\/\/beyondx.se\/no\/butik\/"},{"@type":"ListItem","position":3,"name":"SWIX T73 Digital iron, 220V"}]},{"@type":"WebSite","@id":"https:\/\/beyondx.se\/no\/#website","url":"https:\/\/beyondx.se\/no\/","name":"Beyond-X","description":"No Bullshit Ski Wear","publisher":{"@id":"https:\/\/beyondx.se\/no\/#organization"},"potentialAction":[{"@type":"SearchAction","target":{"@type":"EntryPoint","urlTemplate":"https:\/\/beyondx.se\/no\/?s={search_term_string}"},"query-input":"required name=search_term_string"}],"inLanguage":"nb-NO"},{"@type":"Organization","@id":"https:\/\/beyondx.se\/no\/#organization","name":"B-stedt of Sweden AB","url":"https:\/\/beyondx.se\/no\/","logo":{"@type":"ImageObject","inLanguage":"nb-NO","@id":"https:\/\/beyondx.se\/no\/#\/schema\/logo\/image\/","url":"https:\/\/beyondx.se\/wp-content\/uploads\/2023\/08\/bx-logo.svg","contentUrl":"https:\/\/beyondx.se\/wp-content\/uploads\/2023\/08\/bx-logo.svg","width":1,"height":1,"caption":"B-stedt of Sweden AB"},"image":{"@id":"https:\/\/beyondx.se\/no\/#\/schema\/logo\/image\/"}}]}},"_links":{"self":[{"href":"https:\/\/beyondx.se\/no\/wp-json\/wp\/v2\/product\/17893","targetHints":{"allow":["GET"]}}],"collection":[{"href":"https:\/\/beyondx.se\/no\/wp-json\/wp\/v2\/product"}],"about":[{"href":"https:\/\/beyondx.se\/no\/wp-json\/wp\/v2\/types\/product"}],"wp:featuredmedia":[{"embeddable":true,"href":"https:\/\/beyondx.se\/no\/wp-json\/wp\/v2\/media\/20101"}],"wp:attachment":[{"href":"https:\/\/beyondx.se\/no\/wp-json\/wp\/v2\/media?parent=17893"}],"wp:term":[{"taxonomy":"product_cat","embeddable":true,"href":"https:\/\/beyondx.se\/no\/wp-json\/wp\/v2\/product_cat?post=17893"},{"taxonomy":"product_tag","embeddable":true,"href":"https:\/\/beyondx.se\/no\/wp-json\/wp\/v2\/product_tag?post=17893"}],"curies":[{"name":"wp","href":"https:\/\/api.w.org\/{rel}","templated":true}]}}