{"id":17912,"date":"2023-04-21T14:05:46","date_gmt":"2023-04-21T12:05:46","guid":{"rendered":"https:\/\/beta.karlskogawebbyra.se\/beyond\/product\/kompress-10-x-10-50-pack\/"},"modified":"2026-05-01T10:40:49","modified_gmt":"2026-05-01T08:40:49","slug":"kompress-10-x-10-50-pack","status":"publish","type":"product","link":"https:\/\/beyondx.se\/no\/produkt\/kompress-10-x-10-50-pack\/","title":{"rendered":"F\u00f6rsta Hj\u00e4lpen Kompress 10&#215;10, 50-pack"},"content":{"rendered":"<p><strong>Inneh\u00e5ll:<br \/>\n<\/strong>50 st sterila kompresser, nonwoven och latexfria.<br \/>\n<strong><br \/>\nStorlek:<\/strong><br \/>\nKompresserna \u00e4r 10 x 10 cm.<\/p>\n<p>&nbsp;<\/p>\n<p>Reng\u00f6r alltid s\u00e5ret innan du l\u00e4gger ett t\u00e4ckf\u00f6rband, s\u00e5 att infektionsrisken minskar. N\u00e4r du anv\u00e4nder kompressen f\u00f6r att t\u00e4cka s\u00e5ret kan du fixera den med en elastisk linda eller kirurgtejp.<\/p>\n<p>Den sterila kompressen kan \u00e4ven anv\u00e4ndas f\u00f6r att tv\u00e4tta rent ett s\u00e5r. F\u00f6r en riktigt bra mekanisk reng\u00f6ring av s\u00e5ret, rekommenderar vi att du bl\u00f6ter kompressen med steril saltl\u00f6sning s\u00e5 att den blir mjukare och mer l\u00e4tthanterlig.<\/p>\n<p>Vid kraftig bl\u00f6dning: h\u00e5ll den skadade kroppsdelen h\u00f6gt. Tryck den sterila kompressen h\u00e5rt mot s\u00e5ret och f\u00e4st med f\u00f6rbandstejp eller elastisk linda.<\/p>\n","protected":false},"excerpt":{"rendered":"Sterila kompresser anv\u00e4nds f\u00f6r att skapa en ren milj\u00f6 n\u00e4rmast s\u00e5ret. Den t\u00e4cker och skyddar s\u00e5ret fr\u00e5n smuts utifr\u00e5n och h\u00e5ller s\u00e5ret rent. L\u00e4mpliga anv\u00e4ndningsomr\u00e5den f\u00f6r kompresser \u00e4r br\u00e4nnskador, skrubbs\u00e5r eller st\u00f6rre ytliga s\u00e5rskador. <strong>Inneh\u00e5ll:<br \/><\/strong><span>50 st sterila kompresser, nonwoven och latexfria.<\/span><br \/><strong><br \/>Storlek:<\/strong><br \/><span><span>Kompresserna \u00e4r 10 x 10 cm.<br \/><br \/><\/span><\/span><p>Reng\u00f6r alltid s\u00e5ret innan du l\u00e4gger ett t\u00e4ckf\u00f6rband, s\u00e5 att infektionsrisken minskar. N\u00e4r du anv\u00e4nder kompressen f\u00f6r att t\u00e4cka s\u00e5ret kan du fixera den med en elastisk linda eller kirurgtejp.<\/p><p>Den sterila kompressen kan \u00e4ven anv\u00e4ndas f\u00f6r att tv\u00e4tta rent ett s\u00e5r. F\u00f6r en riktigt bra mekanisk reng\u00f6ring av s\u00e5ret, rekommenderar vi att du bl\u00f6ter kompressen med steril saltl\u00f6sning s\u00e5 att den blir mjukare och mer l\u00e4tthanterlig.<\/p><p>Vid kraftig bl\u00f6dning: h\u00e5ll den skadade kroppsdelen h\u00f6gt. Tryck den sterila kompressen h\u00e5rt mot s\u00e5ret och f\u00e4st med f\u00f6rbandstejp eller elastisk linda.<\/p>","protected":false},"featured_media":19661,"template":"","meta":[],"product_cat":[230],"product_tag":[],"class_list":["post-17912","product","type-product","status-publish","has-post-thumbnail","hentry","product_cat-forsta-hjalpen","brands-forsta-hjalpencentrum","fpd-variation-needed"],"yoast_head":"<!-- This site is optimized with the Yoast SEO plugin v21.0 - https:\/\/yoast.com\/wordpress\/plugins\/seo\/ -->\n<title>F\u00f6rsta Hj\u00e4lpen Kompress 10x10, 50-pack - Beyond-X<\/title>\n<meta name=\"robots\" content=\"index, follow, max-snippet:-1, max-image-preview:large, max-video-preview:-1\" \/>\n<link rel=\"canonical\" href=\"https:\/\/beyondx.se\/no\/produkt\/kompress-10-x-10-50-pack\/\" \/>\n<meta property=\"og:locale\" content=\"nb_NO\" \/>\n<meta property=\"og:type\" content=\"article\" \/>\n<meta property=\"og:title\" content=\"F\u00f6rsta Hj\u00e4lpen Kompress 10x10, 50-pack - Beyond-X\" \/>\n<meta property=\"og:description\" content=\"Sterila kompresser anv\u00e4nds f\u00f6r att skapa en ren milj\u00f6 n\u00e4rmast s\u00e5ret. Den t\u00e4cker och skyddar s\u00e5ret fr\u00e5n smuts utifr\u00e5n och h\u00e5ller s\u00e5ret rent. L\u00e4mpliga anv\u00e4ndningsomr\u00e5den f\u00f6r kompresser \u00e4r br\u00e4nnskador, skrubbs\u00e5r eller st\u00f6rre ytliga s\u00e5rskador. Inneh\u00e5ll:50 st sterila kompresser, nonwoven och latexfria.Storlek:Kompresserna \u00e4r 10 x 10 cm.Reng\u00f6r alltid s\u00e5ret innan du l\u00e4gger ett t\u00e4ckf\u00f6rband, s\u00e5 att infektionsrisken minskar. N\u00e4r du anv\u00e4nder kompressen f\u00f6r att t\u00e4cka s\u00e5ret kan du fixera den med en elastisk linda eller kirurgtejp.Den sterila kompressen kan \u00e4ven anv\u00e4ndas f\u00f6r att tv\u00e4tta rent ett s\u00e5r. F\u00f6r en riktigt bra mekanisk reng\u00f6ring av s\u00e5ret, rekommenderar vi att du bl\u00f6ter kompressen med steril saltl\u00f6sning s\u00e5 att den blir mjukare och mer l\u00e4tthanterlig.Vid kraftig bl\u00f6dning: h\u00e5ll den skadade kroppsdelen h\u00f6gt. Tryck den sterila kompressen h\u00e5rt mot s\u00e5ret och f\u00e4st med f\u00f6rbandstejp eller elastisk linda.\" \/>\n<meta property=\"og:url\" content=\"https:\/\/beyondx.se\/no\/produkt\/kompress-10-x-10-50-pack\/\" \/>\n<meta property=\"og:site_name\" content=\"Beyond-X\" \/>\n<meta property=\"article:modified_time\" content=\"2026-05-01T08:40:49+00:00\" \/>\n<meta property=\"og:image\" content=\"https:\/\/beyondx.se\/wp-content\/uploads\/2023\/06\/FH3033_1.jpg\" \/>\n\t<meta property=\"og:image:width\" content=\"800\" \/>\n\t<meta property=\"og:image:height\" content=\"664\" \/>\n\t<meta property=\"og:image:type\" content=\"image\/jpeg\" \/>\n<meta name=\"twitter:card\" content=\"summary_large_image\" \/>\n<meta name=\"twitter:label1\" content=\"Ansl. lesetid\" \/>\n\t<meta name=\"twitter:data1\" content=\"1 minutt\" \/>\n<script type=\"application\/ld+json\" class=\"yoast-schema-graph\">{\"@context\":\"https:\/\/schema.org\",\"@graph\":[{\"@type\":\"WebPage\",\"@id\":\"https:\/\/beyondx.se\/no\/produkt\/kompress-10-x-10-50-pack\/\",\"url\":\"https:\/\/beyondx.se\/no\/produkt\/kompress-10-x-10-50-pack\/\",\"name\":\"F\u00f6rsta Hj\u00e4lpen Kompress 10x10, 50-pack - Beyond-X\",\"isPartOf\":{\"@id\":\"https:\/\/beyondx.se\/no\/#website\"},\"datePublished\":\"2023-04-21T12:05:46+00:00\",\"dateModified\":\"2026-05-01T08:40:49+00:00\",\"breadcrumb\":{\"@id\":\"https:\/\/beyondx.se\/no\/produkt\/kompress-10-x-10-50-pack\/#breadcrumb\"},\"inLanguage\":\"nb-NO\",\"potentialAction\":[{\"@type\":\"ReadAction\",\"target\":[\"https:\/\/beyondx.se\/no\/produkt\/kompress-10-x-10-50-pack\/\"]}]},{\"@type\":\"BreadcrumbList\",\"@id\":\"https:\/\/beyondx.se\/no\/produkt\/kompress-10-x-10-50-pack\/#breadcrumb\",\"itemListElement\":[{\"@type\":\"ListItem\",\"position\":1,\"name\":\"Hem\",\"item\":\"https:\/\/beyondx.se\/no\/\"},{\"@type\":\"ListItem\",\"position\":2,\"name\":\"Butik\",\"item\":\"https:\/\/beyondx.se\/no\/butik\/\"},{\"@type\":\"ListItem\",\"position\":3,\"name\":\"F\u00f6rsta Hj\u00e4lpen Kompress 10&#215;10, 50-pack\"}]},{\"@type\":\"WebSite\",\"@id\":\"https:\/\/beyondx.se\/no\/#website\",\"url\":\"https:\/\/beyondx.se\/no\/\",\"name\":\"Beyond-X\",\"description\":\"No Bullshit Ski Wear\",\"publisher\":{\"@id\":\"https:\/\/beyondx.se\/no\/#organization\"},\"potentialAction\":[{\"@type\":\"SearchAction\",\"target\":{\"@type\":\"EntryPoint\",\"urlTemplate\":\"https:\/\/beyondx.se\/no\/?s={search_term_string}\"},\"query-input\":\"required name=search_term_string\"}],\"inLanguage\":\"nb-NO\"},{\"@type\":\"Organization\",\"@id\":\"https:\/\/beyondx.se\/no\/#organization\",\"name\":\"B-stedt of Sweden AB\",\"url\":\"https:\/\/beyondx.se\/no\/\",\"logo\":{\"@type\":\"ImageObject\",\"inLanguage\":\"nb-NO\",\"@id\":\"https:\/\/beyondx.se\/no\/#\/schema\/logo\/image\/\",\"url\":\"https:\/\/beyondx.se\/wp-content\/uploads\/2023\/08\/bx-logo.svg\",\"contentUrl\":\"https:\/\/beyondx.se\/wp-content\/uploads\/2023\/08\/bx-logo.svg\",\"width\":1,\"height\":1,\"caption\":\"B-stedt of Sweden AB\"},\"image\":{\"@id\":\"https:\/\/beyondx.se\/no\/#\/schema\/logo\/image\/\"}}]}<\/script>\n<!-- \/ Yoast SEO plugin. -->","yoast_head_json":{"title":"F\u00f6rsta Hj\u00e4lpen Kompress 10x10, 50-pack - Beyond-X","robots":{"index":"index","follow":"follow","max-snippet":"max-snippet:-1","max-image-preview":"max-image-preview:large","max-video-preview":"max-video-preview:-1"},"canonical":"https:\/\/beyondx.se\/no\/produkt\/kompress-10-x-10-50-pack\/","og_locale":"nb_NO","og_type":"article","og_title":"F\u00f6rsta Hj\u00e4lpen Kompress 10x10, 50-pack - Beyond-X","og_description":"Sterila kompresser anv\u00e4nds f\u00f6r att skapa en ren milj\u00f6 n\u00e4rmast s\u00e5ret. Den t\u00e4cker och skyddar s\u00e5ret fr\u00e5n smuts utifr\u00e5n och h\u00e5ller s\u00e5ret rent. L\u00e4mpliga anv\u00e4ndningsomr\u00e5den f\u00f6r kompresser \u00e4r br\u00e4nnskador, skrubbs\u00e5r eller st\u00f6rre ytliga s\u00e5rskador. Inneh\u00e5ll:50 st sterila kompresser, nonwoven och latexfria.Storlek:Kompresserna \u00e4r 10 x 10 cm.Reng\u00f6r alltid s\u00e5ret innan du l\u00e4gger ett t\u00e4ckf\u00f6rband, s\u00e5 att infektionsrisken minskar. N\u00e4r du anv\u00e4nder kompressen f\u00f6r att t\u00e4cka s\u00e5ret kan du fixera den med en elastisk linda eller kirurgtejp.Den sterila kompressen kan \u00e4ven anv\u00e4ndas f\u00f6r att tv\u00e4tta rent ett s\u00e5r. F\u00f6r en riktigt bra mekanisk reng\u00f6ring av s\u00e5ret, rekommenderar vi att du bl\u00f6ter kompressen med steril saltl\u00f6sning s\u00e5 att den blir mjukare och mer l\u00e4tthanterlig.Vid kraftig bl\u00f6dning: h\u00e5ll den skadade kroppsdelen h\u00f6gt. Tryck den sterila kompressen h\u00e5rt mot s\u00e5ret och f\u00e4st med f\u00f6rbandstejp eller elastisk linda.","og_url":"https:\/\/beyondx.se\/no\/produkt\/kompress-10-x-10-50-pack\/","og_site_name":"Beyond-X","article_modified_time":"2026-05-01T08:40:49+00:00","og_image":[{"width":800,"height":664,"url":"https:\/\/beyondx.se\/wp-content\/uploads\/2023\/06\/FH3033_1.jpg","type":"image\/jpeg"}],"twitter_card":"summary_large_image","twitter_misc":{"Ansl. lesetid":"1 minutt"},"schema":{"@context":"https:\/\/schema.org","@graph":[{"@type":"WebPage","@id":"https:\/\/beyondx.se\/no\/produkt\/kompress-10-x-10-50-pack\/","url":"https:\/\/beyondx.se\/no\/produkt\/kompress-10-x-10-50-pack\/","name":"F\u00f6rsta Hj\u00e4lpen Kompress 10x10, 50-pack - Beyond-X","isPartOf":{"@id":"https:\/\/beyondx.se\/no\/#website"},"datePublished":"2023-04-21T12:05:46+00:00","dateModified":"2026-05-01T08:40:49+00:00","breadcrumb":{"@id":"https:\/\/beyondx.se\/no\/produkt\/kompress-10-x-10-50-pack\/#breadcrumb"},"inLanguage":"nb-NO","potentialAction":[{"@type":"ReadAction","target":["https:\/\/beyondx.se\/no\/produkt\/kompress-10-x-10-50-pack\/"]}]},{"@type":"BreadcrumbList","@id":"https:\/\/beyondx.se\/no\/produkt\/kompress-10-x-10-50-pack\/#breadcrumb","itemListElement":[{"@type":"ListItem","position":1,"name":"Hem","item":"https:\/\/beyondx.se\/no\/"},{"@type":"ListItem","position":2,"name":"Butik","item":"https:\/\/beyondx.se\/no\/butik\/"},{"@type":"ListItem","position":3,"name":"F\u00f6rsta Hj\u00e4lpen Kompress 10&#215;10, 50-pack"}]},{"@type":"WebSite","@id":"https:\/\/beyondx.se\/no\/#website","url":"https:\/\/beyondx.se\/no\/","name":"Beyond-X","description":"No Bullshit Ski Wear","publisher":{"@id":"https:\/\/beyondx.se\/no\/#organization"},"potentialAction":[{"@type":"SearchAction","target":{"@type":"EntryPoint","urlTemplate":"https:\/\/beyondx.se\/no\/?s={search_term_string}"},"query-input":"required name=search_term_string"}],"inLanguage":"nb-NO"},{"@type":"Organization","@id":"https:\/\/beyondx.se\/no\/#organization","name":"B-stedt of Sweden AB","url":"https:\/\/beyondx.se\/no\/","logo":{"@type":"ImageObject","inLanguage":"nb-NO","@id":"https:\/\/beyondx.se\/no\/#\/schema\/logo\/image\/","url":"https:\/\/beyondx.se\/wp-content\/uploads\/2023\/08\/bx-logo.svg","contentUrl":"https:\/\/beyondx.se\/wp-content\/uploads\/2023\/08\/bx-logo.svg","width":1,"height":1,"caption":"B-stedt of Sweden AB"},"image":{"@id":"https:\/\/beyondx.se\/no\/#\/schema\/logo\/image\/"}}]}},"_links":{"self":[{"href":"https:\/\/beyondx.se\/no\/wp-json\/wp\/v2\/product\/17912","targetHints":{"allow":["GET"]}}],"collection":[{"href":"https:\/\/beyondx.se\/no\/wp-json\/wp\/v2\/product"}],"about":[{"href":"https:\/\/beyondx.se\/no\/wp-json\/wp\/v2\/types\/product"}],"wp:featuredmedia":[{"embeddable":true,"href":"https:\/\/beyondx.se\/no\/wp-json\/wp\/v2\/media\/19661"}],"wp:attachment":[{"href":"https:\/\/beyondx.se\/no\/wp-json\/wp\/v2\/media?parent=17912"}],"wp:term":[{"taxonomy":"product_cat","embeddable":true,"href":"https:\/\/beyondx.se\/no\/wp-json\/wp\/v2\/product_cat?post=17912"},{"taxonomy":"product_tag","embeddable":true,"href":"https:\/\/beyondx.se\/no\/wp-json\/wp\/v2\/product_tag?post=17912"}],"curies":[{"name":"wp","href":"https:\/\/api.w.org\/{rel}","templated":true}]}}