{"id":17994,"date":"2023-04-21T14:06:32","date_gmt":"2023-04-21T12:06:32","guid":{"rendered":"https:\/\/beta.karlskogawebbyra.se\/beyond\/product\/swix-plexi-sharpener-wc-large\/"},"modified":"2026-04-30T10:33:58","modified_gmt":"2026-04-30T08:33:58","slug":"swix-plexi-sharpener-wc-large","status":"publish","type":"product","link":"https:\/\/beyondx.se\/no\/produkt\/swix-plexi-sharpener-wc-large\/","title":{"rendered":"SWIX Plexi Sharpener WC large"},"content":{"rendered":"","protected":false},"excerpt":{"rendered":"<p>World Cup-v&#228;ssningsverktyg f&#246;r plexisicklar med 100 mm h&#246;gkvalitativ fil. Det &#228;r viktigt att ha en vass sickel n&#228;r man vallar skidor. Vallan kan d&#229; sicklas bort med mindre kraft mot belaget, vilket &#228;r viktigt f&#246;r att inte skada belagets struktur och f&#246;r att f&#246;rb&#228;ttra arbetsfl&#246;det i vallaboden. L&#228;ttanv&#228;nd med tv&#229; sidov&#228;ggar som stabiliserar och s&#228;kerst&#228;ller god precision. F&#246;r alla plexisicklar upp till och med 5 mm tjocklek. Med skruvh&#229;l s&#229; att den enkelt ska kunna skruvas fast i arbetsb&#228;nk eller v&#228;gg.<\/p><ul><li>Supervass och mycket slitstark pansarfil<\/li><li>Filen kan v&#228;ndas och anv&#228;ndas p&#229; b&#229;da sidor<\/li><li>Filen kan enkelt tas bort och reng&#246;ras med vallav&#228;ck eller T-R&#246;d<\/li><\/ul>","protected":false},"featured_media":20090,"template":"","meta":[],"product_cat":[1620,108,110],"product_tag":[],"class_list":["post-17994","product","type-product","status-publish","has-post-thumbnail","hentry","product_cat-sicklar","product_cat-skidvard-valla","product_cat-verktyg","brands-swix","fpd-variation-needed"],"yoast_head":"<!-- This site is optimized with the Yoast SEO plugin v21.0 - https:\/\/yoast.com\/wordpress\/plugins\/seo\/ -->\n<title>SWIX Plexi Sharpener WC large - Beyond-X<\/title>\n<meta name=\"description\" content=\"World Cup slipverktyg f\u00f6r plast sicklar, med 100 mm pansar fil av h\u00f6g kvalitet. Tv\u00e5 v\u00e4ggar f\u00f6r h\u00f6g precision.\" \/>\n<meta name=\"robots\" content=\"index, follow, max-snippet:-1, max-image-preview:large, max-video-preview:-1\" \/>\n<link rel=\"canonical\" href=\"https:\/\/beyondx.se\/no\/produkt\/swix-plexi-sharpener-wc-large\/\" \/>\n<meta property=\"og:locale\" content=\"nb_NO\" \/>\n<meta property=\"og:type\" content=\"article\" \/>\n<meta property=\"og:title\" content=\"SWIX Plexi Sharpener WC large - Beyond-X\" \/>\n<meta property=\"og:description\" content=\"World Cup slipverktyg f\u00f6r plast sicklar, med 100 mm pansar fil av h\u00f6g kvalitet. Tv\u00e5 v\u00e4ggar f\u00f6r h\u00f6g precision.\" \/>\n<meta property=\"og:url\" content=\"https:\/\/beyondx.se\/no\/produkt\/swix-plexi-sharpener-wc-large\/\" \/>\n<meta property=\"og:site_name\" content=\"Beyond-X\" \/>\n<meta property=\"article:modified_time\" content=\"2026-04-30T08:33:58+00:00\" \/>\n<meta property=\"og:image\" content=\"https:\/\/beyondx.se\/wp-content\/uploads\/2023\/06\/T410_1.jpg\" \/>\n\t<meta property=\"og:image:width\" content=\"800\" \/>\n\t<meta property=\"og:image:height\" content=\"800\" \/>\n\t<meta property=\"og:image:type\" content=\"image\/jpeg\" \/>\n<meta name=\"twitter:card\" content=\"summary_large_image\" \/>\n<script type=\"application\/ld+json\" class=\"yoast-schema-graph\">{\"@context\":\"https:\/\/schema.org\",\"@graph\":[{\"@type\":\"WebPage\",\"@id\":\"https:\/\/beyondx.se\/no\/produkt\/swix-plexi-sharpener-wc-large\/\",\"url\":\"https:\/\/beyondx.se\/no\/produkt\/swix-plexi-sharpener-wc-large\/\",\"name\":\"SWIX Plexi Sharpener WC large - Beyond-X\",\"isPartOf\":{\"@id\":\"https:\/\/beyondx.se\/no\/#website\"},\"datePublished\":\"2023-04-21T12:06:32+00:00\",\"dateModified\":\"2026-04-30T08:33:58+00:00\",\"description\":\"World Cup slipverktyg f\u00f6r plast sicklar, med 100 mm pansar fil av h\u00f6g kvalitet. Tv\u00e5 v\u00e4ggar f\u00f6r h\u00f6g precision.\",\"breadcrumb\":{\"@id\":\"https:\/\/beyondx.se\/no\/produkt\/swix-plexi-sharpener-wc-large\/#breadcrumb\"},\"inLanguage\":\"nb-NO\",\"potentialAction\":[{\"@type\":\"ReadAction\",\"target\":[\"https:\/\/beyondx.se\/no\/produkt\/swix-plexi-sharpener-wc-large\/\"]}]},{\"@type\":\"BreadcrumbList\",\"@id\":\"https:\/\/beyondx.se\/no\/produkt\/swix-plexi-sharpener-wc-large\/#breadcrumb\",\"itemListElement\":[{\"@type\":\"ListItem\",\"position\":1,\"name\":\"Hem\",\"item\":\"https:\/\/beyondx.se\/no\/\"},{\"@type\":\"ListItem\",\"position\":2,\"name\":\"Butik\",\"item\":\"https:\/\/beyondx.se\/no\/butik\/\"},{\"@type\":\"ListItem\",\"position\":3,\"name\":\"SWIX Plexi Sharpener WC large\"}]},{\"@type\":\"WebSite\",\"@id\":\"https:\/\/beyondx.se\/no\/#website\",\"url\":\"https:\/\/beyondx.se\/no\/\",\"name\":\"Beyond-X\",\"description\":\"No Bullshit Ski Wear\",\"publisher\":{\"@id\":\"https:\/\/beyondx.se\/no\/#organization\"},\"potentialAction\":[{\"@type\":\"SearchAction\",\"target\":{\"@type\":\"EntryPoint\",\"urlTemplate\":\"https:\/\/beyondx.se\/no\/?s={search_term_string}\"},\"query-input\":\"required name=search_term_string\"}],\"inLanguage\":\"nb-NO\"},{\"@type\":\"Organization\",\"@id\":\"https:\/\/beyondx.se\/no\/#organization\",\"name\":\"B-stedt of Sweden AB\",\"url\":\"https:\/\/beyondx.se\/no\/\",\"logo\":{\"@type\":\"ImageObject\",\"inLanguage\":\"nb-NO\",\"@id\":\"https:\/\/beyondx.se\/no\/#\/schema\/logo\/image\/\",\"url\":\"https:\/\/beyondx.se\/wp-content\/uploads\/2023\/08\/bx-logo.svg\",\"contentUrl\":\"https:\/\/beyondx.se\/wp-content\/uploads\/2023\/08\/bx-logo.svg\",\"width\":1,\"height\":1,\"caption\":\"B-stedt of Sweden AB\"},\"image\":{\"@id\":\"https:\/\/beyondx.se\/no\/#\/schema\/logo\/image\/\"}}]}<\/script>\n<!-- \/ Yoast SEO plugin. -->","yoast_head_json":{"title":"SWIX Plexi Sharpener WC large - Beyond-X","description":"World Cup slipverktyg f\u00f6r plast sicklar, med 100 mm pansar fil av h\u00f6g kvalitet. Tv\u00e5 v\u00e4ggar f\u00f6r h\u00f6g precision.","robots":{"index":"index","follow":"follow","max-snippet":"max-snippet:-1","max-image-preview":"max-image-preview:large","max-video-preview":"max-video-preview:-1"},"canonical":"https:\/\/beyondx.se\/no\/produkt\/swix-plexi-sharpener-wc-large\/","og_locale":"nb_NO","og_type":"article","og_title":"SWIX Plexi Sharpener WC large - Beyond-X","og_description":"World Cup slipverktyg f\u00f6r plast sicklar, med 100 mm pansar fil av h\u00f6g kvalitet. Tv\u00e5 v\u00e4ggar f\u00f6r h\u00f6g precision.","og_url":"https:\/\/beyondx.se\/no\/produkt\/swix-plexi-sharpener-wc-large\/","og_site_name":"Beyond-X","article_modified_time":"2026-04-30T08:33:58+00:00","og_image":[{"width":800,"height":800,"url":"https:\/\/beyondx.se\/wp-content\/uploads\/2023\/06\/T410_1.jpg","type":"image\/jpeg"}],"twitter_card":"summary_large_image","schema":{"@context":"https:\/\/schema.org","@graph":[{"@type":"WebPage","@id":"https:\/\/beyondx.se\/no\/produkt\/swix-plexi-sharpener-wc-large\/","url":"https:\/\/beyondx.se\/no\/produkt\/swix-plexi-sharpener-wc-large\/","name":"SWIX Plexi Sharpener WC large - Beyond-X","isPartOf":{"@id":"https:\/\/beyondx.se\/no\/#website"},"datePublished":"2023-04-21T12:06:32+00:00","dateModified":"2026-04-30T08:33:58+00:00","description":"World Cup slipverktyg f\u00f6r plast sicklar, med 100 mm pansar fil av h\u00f6g kvalitet. Tv\u00e5 v\u00e4ggar f\u00f6r h\u00f6g precision.","breadcrumb":{"@id":"https:\/\/beyondx.se\/no\/produkt\/swix-plexi-sharpener-wc-large\/#breadcrumb"},"inLanguage":"nb-NO","potentialAction":[{"@type":"ReadAction","target":["https:\/\/beyondx.se\/no\/produkt\/swix-plexi-sharpener-wc-large\/"]}]},{"@type":"BreadcrumbList","@id":"https:\/\/beyondx.se\/no\/produkt\/swix-plexi-sharpener-wc-large\/#breadcrumb","itemListElement":[{"@type":"ListItem","position":1,"name":"Hem","item":"https:\/\/beyondx.se\/no\/"},{"@type":"ListItem","position":2,"name":"Butik","item":"https:\/\/beyondx.se\/no\/butik\/"},{"@type":"ListItem","position":3,"name":"SWIX Plexi Sharpener WC large"}]},{"@type":"WebSite","@id":"https:\/\/beyondx.se\/no\/#website","url":"https:\/\/beyondx.se\/no\/","name":"Beyond-X","description":"No Bullshit Ski Wear","publisher":{"@id":"https:\/\/beyondx.se\/no\/#organization"},"potentialAction":[{"@type":"SearchAction","target":{"@type":"EntryPoint","urlTemplate":"https:\/\/beyondx.se\/no\/?s={search_term_string}"},"query-input":"required name=search_term_string"}],"inLanguage":"nb-NO"},{"@type":"Organization","@id":"https:\/\/beyondx.se\/no\/#organization","name":"B-stedt of Sweden AB","url":"https:\/\/beyondx.se\/no\/","logo":{"@type":"ImageObject","inLanguage":"nb-NO","@id":"https:\/\/beyondx.se\/no\/#\/schema\/logo\/image\/","url":"https:\/\/beyondx.se\/wp-content\/uploads\/2023\/08\/bx-logo.svg","contentUrl":"https:\/\/beyondx.se\/wp-content\/uploads\/2023\/08\/bx-logo.svg","width":1,"height":1,"caption":"B-stedt of Sweden AB"},"image":{"@id":"https:\/\/beyondx.se\/no\/#\/schema\/logo\/image\/"}}]}},"_links":{"self":[{"href":"https:\/\/beyondx.se\/no\/wp-json\/wp\/v2\/product\/17994","targetHints":{"allow":["GET"]}}],"collection":[{"href":"https:\/\/beyondx.se\/no\/wp-json\/wp\/v2\/product"}],"about":[{"href":"https:\/\/beyondx.se\/no\/wp-json\/wp\/v2\/types\/product"}],"wp:featuredmedia":[{"embeddable":true,"href":"https:\/\/beyondx.se\/no\/wp-json\/wp\/v2\/media\/20090"}],"wp:attachment":[{"href":"https:\/\/beyondx.se\/no\/wp-json\/wp\/v2\/media?parent=17994"}],"wp:term":[{"taxonomy":"product_cat","embeddable":true,"href":"https:\/\/beyondx.se\/no\/wp-json\/wp\/v2\/product_cat?post=17994"},{"taxonomy":"product_tag","embeddable":true,"href":"https:\/\/beyondx.se\/no\/wp-json\/wp\/v2\/product_tag?post=17994"}],"curies":[{"name":"wp","href":"https:\/\/api.w.org\/{rel}","templated":true}]}}