{"id":18039,"date":"2023-04-21T14:07:16","date_gmt":"2023-04-21T12:07:16","guid":{"rendered":"https:\/\/beta.karlskogawebbyra.se\/beyond\/product\/swix-file-milled-100mm-12tpi-pansarfil\/"},"modified":"2026-04-22T10:32:47","modified_gmt":"2026-04-22T08:32:47","slug":"swix-file-milled-100mm-12tpi-pansarfil","status":"publish","type":"product","link":"https:\/\/beyondx.se\/no\/produkt\/swix-file-milled-100mm-12tpi-pansarfil\/","title":{"rendered":"SWIX File milled, 100mm, 12TPI (Pansarfil)"},"content":{"rendered":"","protected":false},"excerpt":{"rendered":"Extra grov, of\u00f6rkromad pansarfil, 12 tpi. 100 mm x 30 mm x 4,5 mm. Filen passar perfekt till filh\u00e5llare f\u00f6r slipning av sidokanter som har integrerad kl\u00e4mma.  Hyvlar av ordentligt och \u00e4r perfekt vid f\u00f6rsta slipning av ny kant, eller att f\u00e5 bort oj\u00e4mnheter eller skador p\u00e5 kanten.","protected":false},"featured_media":20086,"template":"","meta":[],"product_cat":[108,110,111],"product_tag":[],"class_list":["post-18039","product","type-product","status-publish","has-post-thumbnail","hentry","product_cat-skidvard-valla","product_cat-verktyg","product_cat-fil","brands-swix","fpd-variation-needed"],"yoast_head":"<!-- This site is optimized with the Yoast SEO plugin v21.0 - https:\/\/yoast.com\/wordpress\/plugins\/seo\/ -->\n<title>SWIX File milled, 100mm, 12TPI (Pansarfil) - Beyond-X<\/title>\n<meta name=\"robots\" content=\"index, follow, max-snippet:-1, max-image-preview:large, max-video-preview:-1\" \/>\n<link rel=\"canonical\" href=\"https:\/\/beyondx.se\/no\/produkt\/swix-file-milled-100mm-12tpi-pansarfil\/\" \/>\n<meta property=\"og:locale\" content=\"nb_NO\" \/>\n<meta property=\"og:type\" content=\"article\" \/>\n<meta property=\"og:title\" content=\"SWIX File milled, 100mm, 12TPI (Pansarfil) - Beyond-X\" \/>\n<meta property=\"og:description\" content=\"Extra grov, of\u00f6rkromad pansarfil, 12 tpi. 100 mm x 30 mm x 4,5 mm. Filen passar perfekt till filh\u00e5llare f\u00f6r slipning av sidokanter som har integrerad kl\u00e4mma. Hyvlar av ordentligt och \u00e4r perfekt vid f\u00f6rsta slipning av ny kant, eller att f\u00e5 bort oj\u00e4mnheter eller skador p\u00e5 kanten.\" \/>\n<meta property=\"og:url\" content=\"https:\/\/beyondx.se\/no\/produkt\/swix-file-milled-100mm-12tpi-pansarfil\/\" \/>\n<meta property=\"og:site_name\" content=\"Beyond-X\" \/>\n<meta property=\"article:modified_time\" content=\"2026-04-22T08:32:47+00:00\" \/>\n<meta property=\"og:image\" content=\"https:\/\/beyondx.se\/wp-content\/uploads\/2023\/06\/T108SB_1.jpg\" \/>\n\t<meta property=\"og:image:width\" content=\"800\" \/>\n\t<meta property=\"og:image:height\" content=\"800\" \/>\n\t<meta property=\"og:image:type\" content=\"image\/jpeg\" \/>\n<meta name=\"twitter:card\" content=\"summary_large_image\" \/>\n<script type=\"application\/ld+json\" class=\"yoast-schema-graph\">{\"@context\":\"https:\/\/schema.org\",\"@graph\":[{\"@type\":\"WebPage\",\"@id\":\"https:\/\/beyondx.se\/no\/produkt\/swix-file-milled-100mm-12tpi-pansarfil\/\",\"url\":\"https:\/\/beyondx.se\/no\/produkt\/swix-file-milled-100mm-12tpi-pansarfil\/\",\"name\":\"SWIX File milled, 100mm, 12TPI (Pansarfil) - Beyond-X\",\"isPartOf\":{\"@id\":\"https:\/\/beyondx.se\/no\/#website\"},\"datePublished\":\"2023-04-21T12:07:16+00:00\",\"dateModified\":\"2026-04-22T08:32:47+00:00\",\"breadcrumb\":{\"@id\":\"https:\/\/beyondx.se\/no\/produkt\/swix-file-milled-100mm-12tpi-pansarfil\/#breadcrumb\"},\"inLanguage\":\"nb-NO\",\"potentialAction\":[{\"@type\":\"ReadAction\",\"target\":[\"https:\/\/beyondx.se\/no\/produkt\/swix-file-milled-100mm-12tpi-pansarfil\/\"]}]},{\"@type\":\"BreadcrumbList\",\"@id\":\"https:\/\/beyondx.se\/no\/produkt\/swix-file-milled-100mm-12tpi-pansarfil\/#breadcrumb\",\"itemListElement\":[{\"@type\":\"ListItem\",\"position\":1,\"name\":\"Hem\",\"item\":\"https:\/\/beyondx.se\/no\/\"},{\"@type\":\"ListItem\",\"position\":2,\"name\":\"Butik\",\"item\":\"https:\/\/beyondx.se\/no\/butik\/\"},{\"@type\":\"ListItem\",\"position\":3,\"name\":\"SWIX File milled, 100mm, 12TPI (Pansarfil)\"}]},{\"@type\":\"WebSite\",\"@id\":\"https:\/\/beyondx.se\/no\/#website\",\"url\":\"https:\/\/beyondx.se\/no\/\",\"name\":\"Beyond-X\",\"description\":\"No Bullshit Ski Wear\",\"publisher\":{\"@id\":\"https:\/\/beyondx.se\/no\/#organization\"},\"potentialAction\":[{\"@type\":\"SearchAction\",\"target\":{\"@type\":\"EntryPoint\",\"urlTemplate\":\"https:\/\/beyondx.se\/no\/?s={search_term_string}\"},\"query-input\":\"required name=search_term_string\"}],\"inLanguage\":\"nb-NO\"},{\"@type\":\"Organization\",\"@id\":\"https:\/\/beyondx.se\/no\/#organization\",\"name\":\"B-stedt of Sweden AB\",\"url\":\"https:\/\/beyondx.se\/no\/\",\"logo\":{\"@type\":\"ImageObject\",\"inLanguage\":\"nb-NO\",\"@id\":\"https:\/\/beyondx.se\/no\/#\/schema\/logo\/image\/\",\"url\":\"https:\/\/beyondx.se\/wp-content\/uploads\/2023\/08\/bx-logo.svg\",\"contentUrl\":\"https:\/\/beyondx.se\/wp-content\/uploads\/2023\/08\/bx-logo.svg\",\"width\":1,\"height\":1,\"caption\":\"B-stedt of Sweden AB\"},\"image\":{\"@id\":\"https:\/\/beyondx.se\/no\/#\/schema\/logo\/image\/\"}}]}<\/script>\n<!-- \/ Yoast SEO plugin. -->","yoast_head_json":{"title":"SWIX File milled, 100mm, 12TPI (Pansarfil) - Beyond-X","robots":{"index":"index","follow":"follow","max-snippet":"max-snippet:-1","max-image-preview":"max-image-preview:large","max-video-preview":"max-video-preview:-1"},"canonical":"https:\/\/beyondx.se\/no\/produkt\/swix-file-milled-100mm-12tpi-pansarfil\/","og_locale":"nb_NO","og_type":"article","og_title":"SWIX File milled, 100mm, 12TPI (Pansarfil) - Beyond-X","og_description":"Extra grov, of\u00f6rkromad pansarfil, 12 tpi. 100 mm x 30 mm x 4,5 mm. Filen passar perfekt till filh\u00e5llare f\u00f6r slipning av sidokanter som har integrerad kl\u00e4mma. Hyvlar av ordentligt och \u00e4r perfekt vid f\u00f6rsta slipning av ny kant, eller att f\u00e5 bort oj\u00e4mnheter eller skador p\u00e5 kanten.","og_url":"https:\/\/beyondx.se\/no\/produkt\/swix-file-milled-100mm-12tpi-pansarfil\/","og_site_name":"Beyond-X","article_modified_time":"2026-04-22T08:32:47+00:00","og_image":[{"width":800,"height":800,"url":"https:\/\/beyondx.se\/wp-content\/uploads\/2023\/06\/T108SB_1.jpg","type":"image\/jpeg"}],"twitter_card":"summary_large_image","schema":{"@context":"https:\/\/schema.org","@graph":[{"@type":"WebPage","@id":"https:\/\/beyondx.se\/no\/produkt\/swix-file-milled-100mm-12tpi-pansarfil\/","url":"https:\/\/beyondx.se\/no\/produkt\/swix-file-milled-100mm-12tpi-pansarfil\/","name":"SWIX File milled, 100mm, 12TPI (Pansarfil) - Beyond-X","isPartOf":{"@id":"https:\/\/beyondx.se\/no\/#website"},"datePublished":"2023-04-21T12:07:16+00:00","dateModified":"2026-04-22T08:32:47+00:00","breadcrumb":{"@id":"https:\/\/beyondx.se\/no\/produkt\/swix-file-milled-100mm-12tpi-pansarfil\/#breadcrumb"},"inLanguage":"nb-NO","potentialAction":[{"@type":"ReadAction","target":["https:\/\/beyondx.se\/no\/produkt\/swix-file-milled-100mm-12tpi-pansarfil\/"]}]},{"@type":"BreadcrumbList","@id":"https:\/\/beyondx.se\/no\/produkt\/swix-file-milled-100mm-12tpi-pansarfil\/#breadcrumb","itemListElement":[{"@type":"ListItem","position":1,"name":"Hem","item":"https:\/\/beyondx.se\/no\/"},{"@type":"ListItem","position":2,"name":"Butik","item":"https:\/\/beyondx.se\/no\/butik\/"},{"@type":"ListItem","position":3,"name":"SWIX File milled, 100mm, 12TPI (Pansarfil)"}]},{"@type":"WebSite","@id":"https:\/\/beyondx.se\/no\/#website","url":"https:\/\/beyondx.se\/no\/","name":"Beyond-X","description":"No Bullshit Ski Wear","publisher":{"@id":"https:\/\/beyondx.se\/no\/#organization"},"potentialAction":[{"@type":"SearchAction","target":{"@type":"EntryPoint","urlTemplate":"https:\/\/beyondx.se\/no\/?s={search_term_string}"},"query-input":"required name=search_term_string"}],"inLanguage":"nb-NO"},{"@type":"Organization","@id":"https:\/\/beyondx.se\/no\/#organization","name":"B-stedt of Sweden AB","url":"https:\/\/beyondx.se\/no\/","logo":{"@type":"ImageObject","inLanguage":"nb-NO","@id":"https:\/\/beyondx.se\/no\/#\/schema\/logo\/image\/","url":"https:\/\/beyondx.se\/wp-content\/uploads\/2023\/08\/bx-logo.svg","contentUrl":"https:\/\/beyondx.se\/wp-content\/uploads\/2023\/08\/bx-logo.svg","width":1,"height":1,"caption":"B-stedt of Sweden AB"},"image":{"@id":"https:\/\/beyondx.se\/no\/#\/schema\/logo\/image\/"}}]}},"_links":{"self":[{"href":"https:\/\/beyondx.se\/no\/wp-json\/wp\/v2\/product\/18039","targetHints":{"allow":["GET"]}}],"collection":[{"href":"https:\/\/beyondx.se\/no\/wp-json\/wp\/v2\/product"}],"about":[{"href":"https:\/\/beyondx.se\/no\/wp-json\/wp\/v2\/types\/product"}],"wp:featuredmedia":[{"embeddable":true,"href":"https:\/\/beyondx.se\/no\/wp-json\/wp\/v2\/media\/20086"}],"wp:attachment":[{"href":"https:\/\/beyondx.se\/no\/wp-json\/wp\/v2\/media?parent=18039"}],"wp:term":[{"taxonomy":"product_cat","embeddable":true,"href":"https:\/\/beyondx.se\/no\/wp-json\/wp\/v2\/product_cat?post=18039"},{"taxonomy":"product_tag","embeddable":true,"href":"https:\/\/beyondx.se\/no\/wp-json\/wp\/v2\/product_tag?post=18039"}],"curies":[{"name":"wp","href":"https:\/\/api.w.org\/{rel}","templated":true}]}}