{"id":18272,"date":"2023-04-21T14:13:01","date_gmt":"2023-04-21T12:13:01","guid":{"rendered":"https:\/\/beta.karlskogawebbyra.se\/beyond\/product\/swix-ta104-world-cup-side-wall-cutter\/"},"modified":"2026-04-20T10:42:12","modified_gmt":"2026-04-20T08:42:12","slug":"swix-ta104-world-cup-side-wall-cutter","status":"publish","type":"product","link":"https:\/\/beyondx.se\/no\/produkt\/swix-ta104-world-cup-side-wall-cutter\/","title":{"rendered":"SWIX TA104 World Cup side wall cutter"},"content":{"rendered":"<p>Sidewall cutter av h\u00f6g kvalit\u00e9. Precisionsverktyg anv\u00e4nt av World Cup servicem\u00e4n. Hyvlar bort plast f\u00f6r att f\u00e5 fram mer av st\u00e5lkanten och m\u00f6jligg\u00f6r enkel och effektiv filning.<\/p>\n","protected":false},"excerpt":{"rendered":"Sidokant hyvel som tar bort plast fr\u00e5n sidorna &#8220;sidewalls&#8221; p\u00e5 skidorna. Ergonomiskt utformad. <span>Sidewall cutter av h\u00f6g kvalit\u00e9. Precisionsverktyg anv\u00e4nt av World Cup servicem\u00e4n. Hyvlar bort plast f\u00f6r att f\u00e5 fram mer av st\u00e5lkanten och m\u00f6jligg\u00f6r enkel och effektiv filning.\u00a0<\/span>","protected":false},"featured_media":20107,"template":"","meta":[],"product_cat":[108,110,111],"product_tag":[],"class_list":["post-18272","product","type-product","status-publish","has-post-thumbnail","hentry","product_cat-skidvard-valla","product_cat-verktyg","product_cat-fil","brands-swix","fpd-variation-needed"],"yoast_head":"<!-- This site is optimized with the Yoast SEO plugin v21.0 - https:\/\/yoast.com\/wordpress\/plugins\/seo\/ -->\n<title>SWIX TA104 World Cup side wall cutter - Beyond-X<\/title>\n<meta name=\"robots\" content=\"index, follow, max-snippet:-1, max-image-preview:large, max-video-preview:-1\" \/>\n<link rel=\"canonical\" href=\"https:\/\/beyondx.se\/no\/produkt\/swix-ta104-world-cup-side-wall-cutter\/\" \/>\n<meta property=\"og:locale\" content=\"nb_NO\" \/>\n<meta property=\"og:type\" content=\"article\" \/>\n<meta property=\"og:title\" content=\"SWIX TA104 World Cup side wall cutter - Beyond-X\" \/>\n<meta property=\"og:description\" content=\"Sidokant hyvel som tar bort plast fr\u00e5n sidorna &quot;sidewalls&quot; p\u00e5 skidorna. Ergonomiskt utformad. Sidewall cutter av h\u00f6g kvalit\u00e9. Precisionsverktyg anv\u00e4nt av World Cup servicem\u00e4n. Hyvlar bort plast f\u00f6r att f\u00e5 fram mer av st\u00e5lkanten och m\u00f6jligg\u00f6r enkel och effektiv filning.\u00a0\" \/>\n<meta property=\"og:url\" content=\"https:\/\/beyondx.se\/no\/produkt\/swix-ta104-world-cup-side-wall-cutter\/\" \/>\n<meta property=\"og:site_name\" content=\"Beyond-X\" \/>\n<meta property=\"article:modified_time\" content=\"2026-04-20T08:42:12+00:00\" \/>\n<meta property=\"og:image\" content=\"https:\/\/beyondx.se\/wp-content\/uploads\/2023\/06\/TA104_1.jpg\" \/>\n\t<meta property=\"og:image:width\" content=\"800\" \/>\n\t<meta property=\"og:image:height\" content=\"800\" \/>\n\t<meta property=\"og:image:type\" content=\"image\/jpeg\" \/>\n<meta name=\"twitter:card\" content=\"summary_large_image\" \/>\n<script type=\"application\/ld+json\" class=\"yoast-schema-graph\">{\"@context\":\"https:\/\/schema.org\",\"@graph\":[{\"@type\":\"WebPage\",\"@id\":\"https:\/\/beyondx.se\/no\/produkt\/swix-ta104-world-cup-side-wall-cutter\/\",\"url\":\"https:\/\/beyondx.se\/no\/produkt\/swix-ta104-world-cup-side-wall-cutter\/\",\"name\":\"SWIX TA104 World Cup side wall cutter - Beyond-X\",\"isPartOf\":{\"@id\":\"https:\/\/beyondx.se\/no\/#website\"},\"datePublished\":\"2023-04-21T12:13:01+00:00\",\"dateModified\":\"2026-04-20T08:42:12+00:00\",\"breadcrumb\":{\"@id\":\"https:\/\/beyondx.se\/no\/produkt\/swix-ta104-world-cup-side-wall-cutter\/#breadcrumb\"},\"inLanguage\":\"nb-NO\",\"potentialAction\":[{\"@type\":\"ReadAction\",\"target\":[\"https:\/\/beyondx.se\/no\/produkt\/swix-ta104-world-cup-side-wall-cutter\/\"]}]},{\"@type\":\"BreadcrumbList\",\"@id\":\"https:\/\/beyondx.se\/no\/produkt\/swix-ta104-world-cup-side-wall-cutter\/#breadcrumb\",\"itemListElement\":[{\"@type\":\"ListItem\",\"position\":1,\"name\":\"Hem\",\"item\":\"https:\/\/beyondx.se\/no\/\"},{\"@type\":\"ListItem\",\"position\":2,\"name\":\"Butik\",\"item\":\"https:\/\/beyondx.se\/no\/butik\/\"},{\"@type\":\"ListItem\",\"position\":3,\"name\":\"SWIX TA104 World Cup side wall cutter\"}]},{\"@type\":\"WebSite\",\"@id\":\"https:\/\/beyondx.se\/no\/#website\",\"url\":\"https:\/\/beyondx.se\/no\/\",\"name\":\"Beyond-X\",\"description\":\"No Bullshit Ski Wear\",\"publisher\":{\"@id\":\"https:\/\/beyondx.se\/no\/#organization\"},\"potentialAction\":[{\"@type\":\"SearchAction\",\"target\":{\"@type\":\"EntryPoint\",\"urlTemplate\":\"https:\/\/beyondx.se\/no\/?s={search_term_string}\"},\"query-input\":\"required name=search_term_string\"}],\"inLanguage\":\"nb-NO\"},{\"@type\":\"Organization\",\"@id\":\"https:\/\/beyondx.se\/no\/#organization\",\"name\":\"B-stedt of Sweden AB\",\"url\":\"https:\/\/beyondx.se\/no\/\",\"logo\":{\"@type\":\"ImageObject\",\"inLanguage\":\"nb-NO\",\"@id\":\"https:\/\/beyondx.se\/no\/#\/schema\/logo\/image\/\",\"url\":\"https:\/\/beyondx.se\/wp-content\/uploads\/2023\/08\/bx-logo.svg\",\"contentUrl\":\"https:\/\/beyondx.se\/wp-content\/uploads\/2023\/08\/bx-logo.svg\",\"width\":1,\"height\":1,\"caption\":\"B-stedt of Sweden AB\"},\"image\":{\"@id\":\"https:\/\/beyondx.se\/no\/#\/schema\/logo\/image\/\"}}]}<\/script>\n<!-- \/ Yoast SEO plugin. -->","yoast_head_json":{"title":"SWIX TA104 World Cup side wall cutter - Beyond-X","robots":{"index":"index","follow":"follow","max-snippet":"max-snippet:-1","max-image-preview":"max-image-preview:large","max-video-preview":"max-video-preview:-1"},"canonical":"https:\/\/beyondx.se\/no\/produkt\/swix-ta104-world-cup-side-wall-cutter\/","og_locale":"nb_NO","og_type":"article","og_title":"SWIX TA104 World Cup side wall cutter - Beyond-X","og_description":"Sidokant hyvel som tar bort plast fr\u00e5n sidorna \"sidewalls\" p\u00e5 skidorna. Ergonomiskt utformad. Sidewall cutter av h\u00f6g kvalit\u00e9. Precisionsverktyg anv\u00e4nt av World Cup servicem\u00e4n. Hyvlar bort plast f\u00f6r att f\u00e5 fram mer av st\u00e5lkanten och m\u00f6jligg\u00f6r enkel och effektiv filning.\u00a0","og_url":"https:\/\/beyondx.se\/no\/produkt\/swix-ta104-world-cup-side-wall-cutter\/","og_site_name":"Beyond-X","article_modified_time":"2026-04-20T08:42:12+00:00","og_image":[{"width":800,"height":800,"url":"https:\/\/beyondx.se\/wp-content\/uploads\/2023\/06\/TA104_1.jpg","type":"image\/jpeg"}],"twitter_card":"summary_large_image","schema":{"@context":"https:\/\/schema.org","@graph":[{"@type":"WebPage","@id":"https:\/\/beyondx.se\/no\/produkt\/swix-ta104-world-cup-side-wall-cutter\/","url":"https:\/\/beyondx.se\/no\/produkt\/swix-ta104-world-cup-side-wall-cutter\/","name":"SWIX TA104 World Cup side wall cutter - Beyond-X","isPartOf":{"@id":"https:\/\/beyondx.se\/no\/#website"},"datePublished":"2023-04-21T12:13:01+00:00","dateModified":"2026-04-20T08:42:12+00:00","breadcrumb":{"@id":"https:\/\/beyondx.se\/no\/produkt\/swix-ta104-world-cup-side-wall-cutter\/#breadcrumb"},"inLanguage":"nb-NO","potentialAction":[{"@type":"ReadAction","target":["https:\/\/beyondx.se\/no\/produkt\/swix-ta104-world-cup-side-wall-cutter\/"]}]},{"@type":"BreadcrumbList","@id":"https:\/\/beyondx.se\/no\/produkt\/swix-ta104-world-cup-side-wall-cutter\/#breadcrumb","itemListElement":[{"@type":"ListItem","position":1,"name":"Hem","item":"https:\/\/beyondx.se\/no\/"},{"@type":"ListItem","position":2,"name":"Butik","item":"https:\/\/beyondx.se\/no\/butik\/"},{"@type":"ListItem","position":3,"name":"SWIX TA104 World Cup side wall cutter"}]},{"@type":"WebSite","@id":"https:\/\/beyondx.se\/no\/#website","url":"https:\/\/beyondx.se\/no\/","name":"Beyond-X","description":"No Bullshit Ski Wear","publisher":{"@id":"https:\/\/beyondx.se\/no\/#organization"},"potentialAction":[{"@type":"SearchAction","target":{"@type":"EntryPoint","urlTemplate":"https:\/\/beyondx.se\/no\/?s={search_term_string}"},"query-input":"required name=search_term_string"}],"inLanguage":"nb-NO"},{"@type":"Organization","@id":"https:\/\/beyondx.se\/no\/#organization","name":"B-stedt of Sweden AB","url":"https:\/\/beyondx.se\/no\/","logo":{"@type":"ImageObject","inLanguage":"nb-NO","@id":"https:\/\/beyondx.se\/no\/#\/schema\/logo\/image\/","url":"https:\/\/beyondx.se\/wp-content\/uploads\/2023\/08\/bx-logo.svg","contentUrl":"https:\/\/beyondx.se\/wp-content\/uploads\/2023\/08\/bx-logo.svg","width":1,"height":1,"caption":"B-stedt of Sweden AB"},"image":{"@id":"https:\/\/beyondx.se\/no\/#\/schema\/logo\/image\/"}}]}},"_links":{"self":[{"href":"https:\/\/beyondx.se\/no\/wp-json\/wp\/v2\/product\/18272","targetHints":{"allow":["GET"]}}],"collection":[{"href":"https:\/\/beyondx.se\/no\/wp-json\/wp\/v2\/product"}],"about":[{"href":"https:\/\/beyondx.se\/no\/wp-json\/wp\/v2\/types\/product"}],"wp:featuredmedia":[{"embeddable":true,"href":"https:\/\/beyondx.se\/no\/wp-json\/wp\/v2\/media\/20107"}],"wp:attachment":[{"href":"https:\/\/beyondx.se\/no\/wp-json\/wp\/v2\/media?parent=18272"}],"wp:term":[{"taxonomy":"product_cat","embeddable":true,"href":"https:\/\/beyondx.se\/no\/wp-json\/wp\/v2\/product_cat?post=18272"},{"taxonomy":"product_tag","embeddable":true,"href":"https:\/\/beyondx.se\/no\/wp-json\/wp\/v2\/product_tag?post=18272"}],"curies":[{"name":"wp","href":"https:\/\/api.w.org\/{rel}","templated":true}]}}