{"id":18302,"date":"2023-04-21T14:14:05","date_gmt":"2023-04-21T12:14:05","guid":{"rendered":"https:\/\/beta.karlskogawebbyra.se\/beyond\/product\/slao-trygga-skidanlaggningar-banderoll\/"},"modified":"2026-05-05T10:33:14","modified_gmt":"2026-05-05T08:33:14","slug":"slao-trygga-skidanlaggningar-banderoll","status":"publish","type":"product","link":"https:\/\/beyondx.se\/no\/produkt\/slao-trygga-skidanlaggningar-banderoll\/","title":{"rendered":"SLAO Trygga Skidanl\u00e4ggningar banderoll"},"content":{"rendered":"","protected":false},"excerpt":{"rendered":"Tryckt meshbanderoll 1,2&#215;2,5m med insydda PVC-tunnlar med 160cmx35mm polycarbonatk\u00e4ppar  vardera \u00e4nde. Alla SLAO:s trygga Skidanl\u00e4ggningar p\u00e5 en och samma banderoll.   Enkel och snabb upps\u00e4ttning, tar n\u00e4stan ingen plast vid f\u00f6rvaring.  F\u00e5r endast best\u00e4llas av SLAO-ansluta skidanl\u00e4ggningar.","protected":false},"featured_media":19888,"template":"","meta":[],"product_cat":[148,174,1268],"product_tag":[],"class_list":["post-18302","product","type-product","status-publish","has-post-thumbnail","hentry","product_cat-skidanlaggning","product_cat-banderoller-beachflaggor","product_cat-banderoller-och-paneler","brands-beyond-x","fpd-variation-needed"],"yoast_head":"<!-- This site is optimized with the Yoast SEO plugin v21.0 - https:\/\/yoast.com\/wordpress\/plugins\/seo\/ -->\n<title>SLAO Trygga Skidanl\u00e4ggningar banderoll - Beyond-X<\/title>\n<meta name=\"robots\" content=\"index, follow, max-snippet:-1, max-image-preview:large, max-video-preview:-1\" \/>\n<link rel=\"canonical\" href=\"https:\/\/beyondx.se\/no\/produkt\/slao-trygga-skidanlaggningar-banderoll\/\" \/>\n<meta property=\"og:locale\" content=\"nb_NO\" \/>\n<meta property=\"og:type\" content=\"article\" \/>\n<meta property=\"og:title\" content=\"SLAO Trygga Skidanl\u00e4ggningar banderoll - Beyond-X\" \/>\n<meta property=\"og:description\" content=\"Tryckt meshbanderoll 1,2x2,5m med insydda PVC-tunnlar med 160cmx35mm polycarbonatk\u00e4ppar vardera \u00e4nde. Alla SLAO:s trygga Skidanl\u00e4ggningar p\u00e5 en och samma banderoll.  Enkel och snabb upps\u00e4ttning, tar n\u00e4stan ingen plast vid f\u00f6rvaring. F\u00e5r endast best\u00e4llas av SLAO-ansluta skidanl\u00e4ggningar.\" \/>\n<meta property=\"og:url\" content=\"https:\/\/beyondx.se\/no\/produkt\/slao-trygga-skidanlaggningar-banderoll\/\" \/>\n<meta property=\"og:site_name\" content=\"Beyond-X\" \/>\n<meta property=\"article:modified_time\" content=\"2026-05-05T08:33:14+00:00\" \/>\n<meta property=\"og:image\" content=\"https:\/\/beyondx.se\/wp-content\/uploads\/2023\/06\/PPSWE114_1.jpg\" \/>\n\t<meta property=\"og:image:width\" content=\"800\" \/>\n\t<meta property=\"og:image:height\" content=\"800\" \/>\n\t<meta property=\"og:image:type\" content=\"image\/jpeg\" \/>\n<meta name=\"twitter:card\" content=\"summary_large_image\" \/>\n<script type=\"application\/ld+json\" class=\"yoast-schema-graph\">{\"@context\":\"https:\/\/schema.org\",\"@graph\":[{\"@type\":\"WebPage\",\"@id\":\"https:\/\/beyondx.se\/no\/produkt\/slao-trygga-skidanlaggningar-banderoll\/\",\"url\":\"https:\/\/beyondx.se\/no\/produkt\/slao-trygga-skidanlaggningar-banderoll\/\",\"name\":\"SLAO Trygga Skidanl\u00e4ggningar banderoll - Beyond-X\",\"isPartOf\":{\"@id\":\"https:\/\/beyondx.se\/no\/#website\"},\"datePublished\":\"2023-04-21T12:14:05+00:00\",\"dateModified\":\"2026-05-05T08:33:14+00:00\",\"breadcrumb\":{\"@id\":\"https:\/\/beyondx.se\/no\/produkt\/slao-trygga-skidanlaggningar-banderoll\/#breadcrumb\"},\"inLanguage\":\"nb-NO\",\"potentialAction\":[{\"@type\":\"ReadAction\",\"target\":[\"https:\/\/beyondx.se\/no\/produkt\/slao-trygga-skidanlaggningar-banderoll\/\"]}]},{\"@type\":\"BreadcrumbList\",\"@id\":\"https:\/\/beyondx.se\/no\/produkt\/slao-trygga-skidanlaggningar-banderoll\/#breadcrumb\",\"itemListElement\":[{\"@type\":\"ListItem\",\"position\":1,\"name\":\"Hem\",\"item\":\"https:\/\/beyondx.se\/no\/\"},{\"@type\":\"ListItem\",\"position\":2,\"name\":\"Butik\",\"item\":\"https:\/\/beyondx.se\/no\/butik\/\"},{\"@type\":\"ListItem\",\"position\":3,\"name\":\"SLAO Trygga Skidanl\u00e4ggningar banderoll\"}]},{\"@type\":\"WebSite\",\"@id\":\"https:\/\/beyondx.se\/no\/#website\",\"url\":\"https:\/\/beyondx.se\/no\/\",\"name\":\"Beyond-X\",\"description\":\"No Bullshit Ski Wear\",\"publisher\":{\"@id\":\"https:\/\/beyondx.se\/no\/#organization\"},\"potentialAction\":[{\"@type\":\"SearchAction\",\"target\":{\"@type\":\"EntryPoint\",\"urlTemplate\":\"https:\/\/beyondx.se\/no\/?s={search_term_string}\"},\"query-input\":\"required name=search_term_string\"}],\"inLanguage\":\"nb-NO\"},{\"@type\":\"Organization\",\"@id\":\"https:\/\/beyondx.se\/no\/#organization\",\"name\":\"B-stedt of Sweden AB\",\"url\":\"https:\/\/beyondx.se\/no\/\",\"logo\":{\"@type\":\"ImageObject\",\"inLanguage\":\"nb-NO\",\"@id\":\"https:\/\/beyondx.se\/no\/#\/schema\/logo\/image\/\",\"url\":\"https:\/\/beyondx.se\/wp-content\/uploads\/2023\/08\/bx-logo.svg\",\"contentUrl\":\"https:\/\/beyondx.se\/wp-content\/uploads\/2023\/08\/bx-logo.svg\",\"width\":1,\"height\":1,\"caption\":\"B-stedt of Sweden AB\"},\"image\":{\"@id\":\"https:\/\/beyondx.se\/no\/#\/schema\/logo\/image\/\"}}]}<\/script>\n<!-- \/ Yoast SEO plugin. -->","yoast_head_json":{"title":"SLAO Trygga Skidanl\u00e4ggningar banderoll - Beyond-X","robots":{"index":"index","follow":"follow","max-snippet":"max-snippet:-1","max-image-preview":"max-image-preview:large","max-video-preview":"max-video-preview:-1"},"canonical":"https:\/\/beyondx.se\/no\/produkt\/slao-trygga-skidanlaggningar-banderoll\/","og_locale":"nb_NO","og_type":"article","og_title":"SLAO Trygga Skidanl\u00e4ggningar banderoll - Beyond-X","og_description":"Tryckt meshbanderoll 1,2x2,5m med insydda PVC-tunnlar med 160cmx35mm polycarbonatk\u00e4ppar vardera \u00e4nde. Alla SLAO:s trygga Skidanl\u00e4ggningar p\u00e5 en och samma banderoll.  Enkel och snabb upps\u00e4ttning, tar n\u00e4stan ingen plast vid f\u00f6rvaring. F\u00e5r endast best\u00e4llas av SLAO-ansluta skidanl\u00e4ggningar.","og_url":"https:\/\/beyondx.se\/no\/produkt\/slao-trygga-skidanlaggningar-banderoll\/","og_site_name":"Beyond-X","article_modified_time":"2026-05-05T08:33:14+00:00","og_image":[{"width":800,"height":800,"url":"https:\/\/beyondx.se\/wp-content\/uploads\/2023\/06\/PPSWE114_1.jpg","type":"image\/jpeg"}],"twitter_card":"summary_large_image","schema":{"@context":"https:\/\/schema.org","@graph":[{"@type":"WebPage","@id":"https:\/\/beyondx.se\/no\/produkt\/slao-trygga-skidanlaggningar-banderoll\/","url":"https:\/\/beyondx.se\/no\/produkt\/slao-trygga-skidanlaggningar-banderoll\/","name":"SLAO Trygga Skidanl\u00e4ggningar banderoll - Beyond-X","isPartOf":{"@id":"https:\/\/beyondx.se\/no\/#website"},"datePublished":"2023-04-21T12:14:05+00:00","dateModified":"2026-05-05T08:33:14+00:00","breadcrumb":{"@id":"https:\/\/beyondx.se\/no\/produkt\/slao-trygga-skidanlaggningar-banderoll\/#breadcrumb"},"inLanguage":"nb-NO","potentialAction":[{"@type":"ReadAction","target":["https:\/\/beyondx.se\/no\/produkt\/slao-trygga-skidanlaggningar-banderoll\/"]}]},{"@type":"BreadcrumbList","@id":"https:\/\/beyondx.se\/no\/produkt\/slao-trygga-skidanlaggningar-banderoll\/#breadcrumb","itemListElement":[{"@type":"ListItem","position":1,"name":"Hem","item":"https:\/\/beyondx.se\/no\/"},{"@type":"ListItem","position":2,"name":"Butik","item":"https:\/\/beyondx.se\/no\/butik\/"},{"@type":"ListItem","position":3,"name":"SLAO Trygga Skidanl\u00e4ggningar banderoll"}]},{"@type":"WebSite","@id":"https:\/\/beyondx.se\/no\/#website","url":"https:\/\/beyondx.se\/no\/","name":"Beyond-X","description":"No Bullshit Ski Wear","publisher":{"@id":"https:\/\/beyondx.se\/no\/#organization"},"potentialAction":[{"@type":"SearchAction","target":{"@type":"EntryPoint","urlTemplate":"https:\/\/beyondx.se\/no\/?s={search_term_string}"},"query-input":"required name=search_term_string"}],"inLanguage":"nb-NO"},{"@type":"Organization","@id":"https:\/\/beyondx.se\/no\/#organization","name":"B-stedt of Sweden AB","url":"https:\/\/beyondx.se\/no\/","logo":{"@type":"ImageObject","inLanguage":"nb-NO","@id":"https:\/\/beyondx.se\/no\/#\/schema\/logo\/image\/","url":"https:\/\/beyondx.se\/wp-content\/uploads\/2023\/08\/bx-logo.svg","contentUrl":"https:\/\/beyondx.se\/wp-content\/uploads\/2023\/08\/bx-logo.svg","width":1,"height":1,"caption":"B-stedt of Sweden AB"},"image":{"@id":"https:\/\/beyondx.se\/no\/#\/schema\/logo\/image\/"}}]}},"_links":{"self":[{"href":"https:\/\/beyondx.se\/no\/wp-json\/wp\/v2\/product\/18302","targetHints":{"allow":["GET"]}}],"collection":[{"href":"https:\/\/beyondx.se\/no\/wp-json\/wp\/v2\/product"}],"about":[{"href":"https:\/\/beyondx.se\/no\/wp-json\/wp\/v2\/types\/product"}],"wp:featuredmedia":[{"embeddable":true,"href":"https:\/\/beyondx.se\/no\/wp-json\/wp\/v2\/media\/19888"}],"wp:attachment":[{"href":"https:\/\/beyondx.se\/no\/wp-json\/wp\/v2\/media?parent=18302"}],"wp:term":[{"taxonomy":"product_cat","embeddable":true,"href":"https:\/\/beyondx.se\/no\/wp-json\/wp\/v2\/product_cat?post=18302"},{"taxonomy":"product_tag","embeddable":true,"href":"https:\/\/beyondx.se\/no\/wp-json\/wp\/v2\/product_tag?post=18302"}],"curies":[{"name":"wp","href":"https:\/\/api.w.org\/{rel}","templated":true}]}}