{"id":18344,"date":"2023-04-21T14:14:55","date_gmt":"2023-04-21T12:14:55","guid":{"rendered":"https:\/\/beta.karlskogawebbyra.se\/beyond\/product\/ryggsack-till-kortkapp\/"},"modified":"2026-05-05T10:31:23","modified_gmt":"2026-05-05T08:31:23","slug":"ryggsack-till-kortkapp","status":"publish","type":"product","link":"https:\/\/beyondx.se\/no\/produkt\/ryggsack-till-kortkapp\/","title":{"rendered":"Stubbie carrying case (can be carried as a backpack)"},"content":{"rendered":"<p>Rymmer ca. 30 st. kortk\u00e4ppar.<\/p>\n","protected":false},"excerpt":{"rendered":"Praktisk v\u00e4ska f\u00f6r kortk\u00e4pp med dubbla b\u00e4rremmar s\u00e5 den kan anv\u00e4ndas som ryggs\u00e4ck.   Justerbar \u00f6ppning s\u00e5 kortk\u00e4pparna h\u00e5ller sig p\u00e5 plats under transport.  K\u00e4ppar p\u00e5 bild ing\u00e5r ej. Rymmer ca. 30 st. kortk\u00e4ppar.","protected":false},"featured_media":19774,"template":"","meta":[],"product_cat":[148,157,164],"product_tag":[],"class_list":["post-18344","product","type-product","status-publish","has-post-thumbnail","hentry","product_cat-skidanlaggning","product_cat-slalomkappar","product_cat-reservdelar-tillbehor","brands-beyond-x","fpd-variation-needed"],"yoast_head":"<!-- This site is optimized with the Yoast SEO plugin v21.0 - https:\/\/yoast.com\/wordpress\/plugins\/seo\/ -->\n<title>Stubbie carrying case (can be carried as a backpack) - Beyond-X<\/title>\n<meta name=\"robots\" content=\"index, follow, max-snippet:-1, max-image-preview:large, max-video-preview:-1\" \/>\n<link rel=\"canonical\" href=\"https:\/\/beyondx.se\/no\/produkt\/ryggsack-till-kortkapp\/\" \/>\n<meta property=\"og:locale\" content=\"nb_NO\" \/>\n<meta property=\"og:type\" content=\"article\" \/>\n<meta property=\"og:title\" content=\"Stubbie carrying case (can be carried as a backpack) - Beyond-X\" \/>\n<meta property=\"og:description\" content=\"Praktisk v\u00e4ska f\u00f6r kortk\u00e4pp med dubbla b\u00e4rremmar s\u00e5 den kan anv\u00e4ndas som ryggs\u00e4ck.  Justerbar \u00f6ppning s\u00e5 kortk\u00e4pparna h\u00e5ller sig p\u00e5 plats under transport. K\u00e4ppar p\u00e5 bild ing\u00e5r ej. Rymmer ca. 30 st. kortk\u00e4ppar.\" \/>\n<meta property=\"og:url\" content=\"https:\/\/beyondx.se\/no\/produkt\/ryggsack-till-kortkapp\/\" \/>\n<meta property=\"og:site_name\" content=\"Beyond-X\" \/>\n<meta property=\"article:modified_time\" content=\"2026-05-05T08:31:23+00:00\" \/>\n<meta property=\"og:image\" content=\"https:\/\/beyondx.se\/wp-content\/uploads\/2023\/06\/LU61_1.jpg\" \/>\n\t<meta property=\"og:image:width\" content=\"800\" \/>\n\t<meta property=\"og:image:height\" content=\"800\" \/>\n\t<meta property=\"og:image:type\" content=\"image\/jpeg\" \/>\n<meta name=\"twitter:card\" content=\"summary_large_image\" \/>\n<script type=\"application\/ld+json\" class=\"yoast-schema-graph\">{\"@context\":\"https:\/\/schema.org\",\"@graph\":[{\"@type\":\"WebPage\",\"@id\":\"https:\/\/beyondx.se\/no\/produkt\/ryggsack-till-kortkapp\/\",\"url\":\"https:\/\/beyondx.se\/no\/produkt\/ryggsack-till-kortkapp\/\",\"name\":\"Stubbie carrying case (can be carried as a backpack) - Beyond-X\",\"isPartOf\":{\"@id\":\"https:\/\/beyondx.se\/no\/#website\"},\"datePublished\":\"2023-04-21T12:14:55+00:00\",\"dateModified\":\"2026-05-05T08:31:23+00:00\",\"breadcrumb\":{\"@id\":\"https:\/\/beyondx.se\/no\/produkt\/ryggsack-till-kortkapp\/#breadcrumb\"},\"inLanguage\":\"nb-NO\",\"potentialAction\":[{\"@type\":\"ReadAction\",\"target\":[\"https:\/\/beyondx.se\/no\/produkt\/ryggsack-till-kortkapp\/\"]}]},{\"@type\":\"BreadcrumbList\",\"@id\":\"https:\/\/beyondx.se\/no\/produkt\/ryggsack-till-kortkapp\/#breadcrumb\",\"itemListElement\":[{\"@type\":\"ListItem\",\"position\":1,\"name\":\"Hem\",\"item\":\"https:\/\/beyondx.se\/no\/\"},{\"@type\":\"ListItem\",\"position\":2,\"name\":\"Butik\",\"item\":\"https:\/\/beyondx.se\/no\/butik\/\"},{\"@type\":\"ListItem\",\"position\":3,\"name\":\"Stubbie carrying case (can be carried as a backpack)\"}]},{\"@type\":\"WebSite\",\"@id\":\"https:\/\/beyondx.se\/no\/#website\",\"url\":\"https:\/\/beyondx.se\/no\/\",\"name\":\"Beyond-X\",\"description\":\"No Bullshit Ski Wear\",\"publisher\":{\"@id\":\"https:\/\/beyondx.se\/no\/#organization\"},\"potentialAction\":[{\"@type\":\"SearchAction\",\"target\":{\"@type\":\"EntryPoint\",\"urlTemplate\":\"https:\/\/beyondx.se\/no\/?s={search_term_string}\"},\"query-input\":\"required name=search_term_string\"}],\"inLanguage\":\"nb-NO\"},{\"@type\":\"Organization\",\"@id\":\"https:\/\/beyondx.se\/no\/#organization\",\"name\":\"B-stedt of Sweden AB\",\"url\":\"https:\/\/beyondx.se\/no\/\",\"logo\":{\"@type\":\"ImageObject\",\"inLanguage\":\"nb-NO\",\"@id\":\"https:\/\/beyondx.se\/no\/#\/schema\/logo\/image\/\",\"url\":\"https:\/\/beyondx.se\/wp-content\/uploads\/2023\/08\/bx-logo.svg\",\"contentUrl\":\"https:\/\/beyondx.se\/wp-content\/uploads\/2023\/08\/bx-logo.svg\",\"width\":1,\"height\":1,\"caption\":\"B-stedt of Sweden AB\"},\"image\":{\"@id\":\"https:\/\/beyondx.se\/no\/#\/schema\/logo\/image\/\"}}]}<\/script>\n<!-- \/ Yoast SEO plugin. -->","yoast_head_json":{"title":"Stubbie carrying case (can be carried as a backpack) - Beyond-X","robots":{"index":"index","follow":"follow","max-snippet":"max-snippet:-1","max-image-preview":"max-image-preview:large","max-video-preview":"max-video-preview:-1"},"canonical":"https:\/\/beyondx.se\/no\/produkt\/ryggsack-till-kortkapp\/","og_locale":"nb_NO","og_type":"article","og_title":"Stubbie carrying case (can be carried as a backpack) - Beyond-X","og_description":"Praktisk v\u00e4ska f\u00f6r kortk\u00e4pp med dubbla b\u00e4rremmar s\u00e5 den kan anv\u00e4ndas som ryggs\u00e4ck.  Justerbar \u00f6ppning s\u00e5 kortk\u00e4pparna h\u00e5ller sig p\u00e5 plats under transport. K\u00e4ppar p\u00e5 bild ing\u00e5r ej. Rymmer ca. 30 st. kortk\u00e4ppar.","og_url":"https:\/\/beyondx.se\/no\/produkt\/ryggsack-till-kortkapp\/","og_site_name":"Beyond-X","article_modified_time":"2026-05-05T08:31:23+00:00","og_image":[{"width":800,"height":800,"url":"https:\/\/beyondx.se\/wp-content\/uploads\/2023\/06\/LU61_1.jpg","type":"image\/jpeg"}],"twitter_card":"summary_large_image","schema":{"@context":"https:\/\/schema.org","@graph":[{"@type":"WebPage","@id":"https:\/\/beyondx.se\/no\/produkt\/ryggsack-till-kortkapp\/","url":"https:\/\/beyondx.se\/no\/produkt\/ryggsack-till-kortkapp\/","name":"Stubbie carrying case (can be carried as a backpack) - Beyond-X","isPartOf":{"@id":"https:\/\/beyondx.se\/no\/#website"},"datePublished":"2023-04-21T12:14:55+00:00","dateModified":"2026-05-05T08:31:23+00:00","breadcrumb":{"@id":"https:\/\/beyondx.se\/no\/produkt\/ryggsack-till-kortkapp\/#breadcrumb"},"inLanguage":"nb-NO","potentialAction":[{"@type":"ReadAction","target":["https:\/\/beyondx.se\/no\/produkt\/ryggsack-till-kortkapp\/"]}]},{"@type":"BreadcrumbList","@id":"https:\/\/beyondx.se\/no\/produkt\/ryggsack-till-kortkapp\/#breadcrumb","itemListElement":[{"@type":"ListItem","position":1,"name":"Hem","item":"https:\/\/beyondx.se\/no\/"},{"@type":"ListItem","position":2,"name":"Butik","item":"https:\/\/beyondx.se\/no\/butik\/"},{"@type":"ListItem","position":3,"name":"Stubbie carrying case (can be carried as a backpack)"}]},{"@type":"WebSite","@id":"https:\/\/beyondx.se\/no\/#website","url":"https:\/\/beyondx.se\/no\/","name":"Beyond-X","description":"No Bullshit Ski Wear","publisher":{"@id":"https:\/\/beyondx.se\/no\/#organization"},"potentialAction":[{"@type":"SearchAction","target":{"@type":"EntryPoint","urlTemplate":"https:\/\/beyondx.se\/no\/?s={search_term_string}"},"query-input":"required name=search_term_string"}],"inLanguage":"nb-NO"},{"@type":"Organization","@id":"https:\/\/beyondx.se\/no\/#organization","name":"B-stedt of Sweden AB","url":"https:\/\/beyondx.se\/no\/","logo":{"@type":"ImageObject","inLanguage":"nb-NO","@id":"https:\/\/beyondx.se\/no\/#\/schema\/logo\/image\/","url":"https:\/\/beyondx.se\/wp-content\/uploads\/2023\/08\/bx-logo.svg","contentUrl":"https:\/\/beyondx.se\/wp-content\/uploads\/2023\/08\/bx-logo.svg","width":1,"height":1,"caption":"B-stedt of Sweden AB"},"image":{"@id":"https:\/\/beyondx.se\/no\/#\/schema\/logo\/image\/"}}]}},"_links":{"self":[{"href":"https:\/\/beyondx.se\/no\/wp-json\/wp\/v2\/product\/18344","targetHints":{"allow":["GET"]}}],"collection":[{"href":"https:\/\/beyondx.se\/no\/wp-json\/wp\/v2\/product"}],"about":[{"href":"https:\/\/beyondx.se\/no\/wp-json\/wp\/v2\/types\/product"}],"wp:featuredmedia":[{"embeddable":true,"href":"https:\/\/beyondx.se\/no\/wp-json\/wp\/v2\/media\/19774"}],"wp:attachment":[{"href":"https:\/\/beyondx.se\/no\/wp-json\/wp\/v2\/media?parent=18344"}],"wp:term":[{"taxonomy":"product_cat","embeddable":true,"href":"https:\/\/beyondx.se\/no\/wp-json\/wp\/v2\/product_cat?post=18344"},{"taxonomy":"product_tag","embeddable":true,"href":"https:\/\/beyondx.se\/no\/wp-json\/wp\/v2\/product_tag?post=18344"}],"curies":[{"name":"wp","href":"https:\/\/api.w.org\/{rel}","templated":true}]}}