{"id":18386,"date":"2023-04-21T14:15:36","date_gmt":"2023-04-21T12:15:36","guid":{"rendered":"https:\/\/beta.karlskogawebbyra.se\/beyond\/product\/swix-hs6-liq-blue-4c-12c-125ml\/"},"modified":"2026-04-26T06:26:48","modified_gmt":"2026-04-26T04:26:48","slug":"swix-hs6-liq-blue-4c-12c-125ml","status":"publish","type":"product","link":"https:\/\/beyondx.se\/no\/produkt\/swix-hs6-liq-blue-4c-12c-125ml\/","title":{"rendered":"Swix HS6 liq. blue, -4\u00b0C\/-12\u00b0C, 125ml"},"content":{"rendered":"","protected":false},"excerpt":{"rendered":"Temperaturomr\u00e5de fr\u00e5n -4\u00b0C til -12\u00b0C. En flytande tr\u00e4ningsvalla som kan anv\u00e4ndas som den \u00e4r, eller som grund f\u00f6r t\u00e4vlingsvallor. HS6 Liq. \u00e4r extremt allsidig p\u00e5 b\u00e4gge sidor om fryspunkten. Den fungerar lika bra p\u00e5 gammal sn\u00f6 under nollan, som p\u00e5 nysn\u00f6 och plusgrader.  En bra produkt som kan spara tid inf\u00f6r tr\u00e4ningarna. Tidigare CH06XL som f\u00e5tt nytt namn och utseende.","protected":false},"featured_media":151575,"template":"","meta":[],"product_cat":[108,121],"product_tag":[],"class_list":["post-18386","product","type-product","status-publish","has-post-thumbnail","hentry","product_cat-skidvard-valla","product_cat-valla","brands-swix","fpd-variation-needed"],"yoast_head":"<!-- This site is optimized with the Yoast SEO plugin v21.0 - https:\/\/yoast.com\/wordpress\/plugins\/seo\/ -->\n<title>Swix HS6 liq. blue, -4\u00b0C\/-12\u00b0C, 125ml - Beyond-X<\/title>\n<meta name=\"robots\" content=\"index, follow, max-snippet:-1, max-image-preview:large, max-video-preview:-1\" \/>\n<link rel=\"canonical\" href=\"https:\/\/beyondx.se\/no\/produkt\/swix-hs6-liq-blue-4c-12c-125ml\/\" \/>\n<meta property=\"og:locale\" content=\"nb_NO\" \/>\n<meta property=\"og:type\" content=\"article\" \/>\n<meta property=\"og:title\" content=\"Swix HS6 liq. blue, -4\u00b0C\/-12\u00b0C, 125ml - Beyond-X\" \/>\n<meta property=\"og:description\" content=\"Temperaturomr\u00e5de fr\u00e5n -4\u00b0C til -12\u00b0C. En flytande tr\u00e4ningsvalla som kan anv\u00e4ndas som den \u00e4r, eller som grund f\u00f6r t\u00e4vlingsvallor. HS6 Liq. \u00e4r extremt allsidig p\u00e5 b\u00e4gge sidor om fryspunkten. Den fungerar lika bra p\u00e5 gammal sn\u00f6 under nollan, som p\u00e5 nysn\u00f6 och plusgrader. En bra produkt som kan spara tid inf\u00f6r tr\u00e4ningarna. Tidigare CH06XL som f\u00e5tt nytt namn och utseende.\" \/>\n<meta property=\"og:url\" content=\"https:\/\/beyondx.se\/no\/produkt\/swix-hs6-liq-blue-4c-12c-125ml\/\" \/>\n<meta property=\"og:site_name\" content=\"Beyond-X\" \/>\n<meta property=\"article:modified_time\" content=\"2026-04-26T04:26:48+00:00\" \/>\n<meta property=\"og:image\" content=\"https:\/\/beyondx.se\/wp-content\/uploads\/2023\/06\/HS06L-12_1.jpg\" \/>\n\t<meta property=\"og:image:width\" content=\"800\" \/>\n\t<meta property=\"og:image:height\" content=\"800\" \/>\n\t<meta property=\"og:image:type\" content=\"image\/jpeg\" \/>\n<meta name=\"twitter:card\" content=\"summary_large_image\" \/>\n<script type=\"application\/ld+json\" class=\"yoast-schema-graph\">{\"@context\":\"https:\/\/schema.org\",\"@graph\":[{\"@type\":\"WebPage\",\"@id\":\"https:\/\/beyondx.se\/no\/produkt\/swix-hs6-liq-blue-4c-12c-125ml\/\",\"url\":\"https:\/\/beyondx.se\/no\/produkt\/swix-hs6-liq-blue-4c-12c-125ml\/\",\"name\":\"Swix HS6 liq. blue, -4\u00b0C\/-12\u00b0C, 125ml - Beyond-X\",\"isPartOf\":{\"@id\":\"https:\/\/beyondx.se\/no\/#website\"},\"datePublished\":\"2023-04-21T12:15:36+00:00\",\"dateModified\":\"2026-04-26T04:26:48+00:00\",\"breadcrumb\":{\"@id\":\"https:\/\/beyondx.se\/no\/produkt\/swix-hs6-liq-blue-4c-12c-125ml\/#breadcrumb\"},\"inLanguage\":\"nb-NO\",\"potentialAction\":[{\"@type\":\"ReadAction\",\"target\":[\"https:\/\/beyondx.se\/no\/produkt\/swix-hs6-liq-blue-4c-12c-125ml\/\"]}]},{\"@type\":\"BreadcrumbList\",\"@id\":\"https:\/\/beyondx.se\/no\/produkt\/swix-hs6-liq-blue-4c-12c-125ml\/#breadcrumb\",\"itemListElement\":[{\"@type\":\"ListItem\",\"position\":1,\"name\":\"Hem\",\"item\":\"https:\/\/beyondx.se\/no\/\"},{\"@type\":\"ListItem\",\"position\":2,\"name\":\"Butik\",\"item\":\"https:\/\/beyondx.se\/no\/butik\/\"},{\"@type\":\"ListItem\",\"position\":3,\"name\":\"Swix HS6 liq. blue, -4\u00b0C\/-12\u00b0C, 125ml\"}]},{\"@type\":\"WebSite\",\"@id\":\"https:\/\/beyondx.se\/no\/#website\",\"url\":\"https:\/\/beyondx.se\/no\/\",\"name\":\"Beyond-X\",\"description\":\"No Bullshit Ski Wear\",\"publisher\":{\"@id\":\"https:\/\/beyondx.se\/no\/#organization\"},\"potentialAction\":[{\"@type\":\"SearchAction\",\"target\":{\"@type\":\"EntryPoint\",\"urlTemplate\":\"https:\/\/beyondx.se\/no\/?s={search_term_string}\"},\"query-input\":\"required name=search_term_string\"}],\"inLanguage\":\"nb-NO\"},{\"@type\":\"Organization\",\"@id\":\"https:\/\/beyondx.se\/no\/#organization\",\"name\":\"B-stedt of Sweden AB\",\"url\":\"https:\/\/beyondx.se\/no\/\",\"logo\":{\"@type\":\"ImageObject\",\"inLanguage\":\"nb-NO\",\"@id\":\"https:\/\/beyondx.se\/no\/#\/schema\/logo\/image\/\",\"url\":\"https:\/\/beyondx.se\/wp-content\/uploads\/2023\/08\/bx-logo.svg\",\"contentUrl\":\"https:\/\/beyondx.se\/wp-content\/uploads\/2023\/08\/bx-logo.svg\",\"width\":1,\"height\":1,\"caption\":\"B-stedt of Sweden AB\"},\"image\":{\"@id\":\"https:\/\/beyondx.se\/no\/#\/schema\/logo\/image\/\"}}]}<\/script>\n<!-- \/ Yoast SEO plugin. -->","yoast_head_json":{"title":"Swix HS6 liq. blue, -4\u00b0C\/-12\u00b0C, 125ml - Beyond-X","robots":{"index":"index","follow":"follow","max-snippet":"max-snippet:-1","max-image-preview":"max-image-preview:large","max-video-preview":"max-video-preview:-1"},"canonical":"https:\/\/beyondx.se\/no\/produkt\/swix-hs6-liq-blue-4c-12c-125ml\/","og_locale":"nb_NO","og_type":"article","og_title":"Swix HS6 liq. blue, -4\u00b0C\/-12\u00b0C, 125ml - Beyond-X","og_description":"Temperaturomr\u00e5de fr\u00e5n -4\u00b0C til -12\u00b0C. En flytande tr\u00e4ningsvalla som kan anv\u00e4ndas som den \u00e4r, eller som grund f\u00f6r t\u00e4vlingsvallor. HS6 Liq. \u00e4r extremt allsidig p\u00e5 b\u00e4gge sidor om fryspunkten. Den fungerar lika bra p\u00e5 gammal sn\u00f6 under nollan, som p\u00e5 nysn\u00f6 och plusgrader. En bra produkt som kan spara tid inf\u00f6r tr\u00e4ningarna. Tidigare CH06XL som f\u00e5tt nytt namn och utseende.","og_url":"https:\/\/beyondx.se\/no\/produkt\/swix-hs6-liq-blue-4c-12c-125ml\/","og_site_name":"Beyond-X","article_modified_time":"2026-04-26T04:26:48+00:00","og_image":[{"width":800,"height":800,"url":"https:\/\/beyondx.se\/wp-content\/uploads\/2023\/06\/HS06L-12_1.jpg","type":"image\/jpeg"}],"twitter_card":"summary_large_image","schema":{"@context":"https:\/\/schema.org","@graph":[{"@type":"WebPage","@id":"https:\/\/beyondx.se\/no\/produkt\/swix-hs6-liq-blue-4c-12c-125ml\/","url":"https:\/\/beyondx.se\/no\/produkt\/swix-hs6-liq-blue-4c-12c-125ml\/","name":"Swix HS6 liq. blue, -4\u00b0C\/-12\u00b0C, 125ml - Beyond-X","isPartOf":{"@id":"https:\/\/beyondx.se\/no\/#website"},"datePublished":"2023-04-21T12:15:36+00:00","dateModified":"2026-04-26T04:26:48+00:00","breadcrumb":{"@id":"https:\/\/beyondx.se\/no\/produkt\/swix-hs6-liq-blue-4c-12c-125ml\/#breadcrumb"},"inLanguage":"nb-NO","potentialAction":[{"@type":"ReadAction","target":["https:\/\/beyondx.se\/no\/produkt\/swix-hs6-liq-blue-4c-12c-125ml\/"]}]},{"@type":"BreadcrumbList","@id":"https:\/\/beyondx.se\/no\/produkt\/swix-hs6-liq-blue-4c-12c-125ml\/#breadcrumb","itemListElement":[{"@type":"ListItem","position":1,"name":"Hem","item":"https:\/\/beyondx.se\/no\/"},{"@type":"ListItem","position":2,"name":"Butik","item":"https:\/\/beyondx.se\/no\/butik\/"},{"@type":"ListItem","position":3,"name":"Swix HS6 liq. blue, -4\u00b0C\/-12\u00b0C, 125ml"}]},{"@type":"WebSite","@id":"https:\/\/beyondx.se\/no\/#website","url":"https:\/\/beyondx.se\/no\/","name":"Beyond-X","description":"No Bullshit Ski Wear","publisher":{"@id":"https:\/\/beyondx.se\/no\/#organization"},"potentialAction":[{"@type":"SearchAction","target":{"@type":"EntryPoint","urlTemplate":"https:\/\/beyondx.se\/no\/?s={search_term_string}"},"query-input":"required name=search_term_string"}],"inLanguage":"nb-NO"},{"@type":"Organization","@id":"https:\/\/beyondx.se\/no\/#organization","name":"B-stedt of Sweden AB","url":"https:\/\/beyondx.se\/no\/","logo":{"@type":"ImageObject","inLanguage":"nb-NO","@id":"https:\/\/beyondx.se\/no\/#\/schema\/logo\/image\/","url":"https:\/\/beyondx.se\/wp-content\/uploads\/2023\/08\/bx-logo.svg","contentUrl":"https:\/\/beyondx.se\/wp-content\/uploads\/2023\/08\/bx-logo.svg","width":1,"height":1,"caption":"B-stedt of Sweden AB"},"image":{"@id":"https:\/\/beyondx.se\/no\/#\/schema\/logo\/image\/"}}]}},"_links":{"self":[{"href":"https:\/\/beyondx.se\/no\/wp-json\/wp\/v2\/product\/18386","targetHints":{"allow":["GET"]}}],"collection":[{"href":"https:\/\/beyondx.se\/no\/wp-json\/wp\/v2\/product"}],"about":[{"href":"https:\/\/beyondx.se\/no\/wp-json\/wp\/v2\/types\/product"}],"wp:featuredmedia":[{"embeddable":true,"href":"https:\/\/beyondx.se\/no\/wp-json\/wp\/v2\/media\/151575"}],"wp:attachment":[{"href":"https:\/\/beyondx.se\/no\/wp-json\/wp\/v2\/media?parent=18386"}],"wp:term":[{"taxonomy":"product_cat","embeddable":true,"href":"https:\/\/beyondx.se\/no\/wp-json\/wp\/v2\/product_cat?post=18386"},{"taxonomy":"product_tag","embeddable":true,"href":"https:\/\/beyondx.se\/no\/wp-json\/wp\/v2\/product_tag?post=18386"}],"curies":[{"name":"wp","href":"https:\/\/api.w.org\/{rel}","templated":true}]}}