{"id":18584,"date":"2023-04-21T14:17:18","date_gmt":"2023-04-21T12:17:18","guid":{"rendered":"https:\/\/beta.karlskogawebbyra.se\/beyond\/product\/swix-ps10-yellow-0c-10c-180g\/"},"modified":"2026-04-26T10:21:36","modified_gmt":"2026-04-26T08:21:36","slug":"swix-ps10-yellow-0c-10c-180g","status":"publish","type":"product","link":"https:\/\/beyondx.se\/no\/produkt\/swix-ps10-yellow-0c-10c-180g\/","title":{"rendered":"SWIX PS10 Yellow, 0\u00b0C\/+10\u00b0C, 180g"},"content":{"rendered":"","protected":false},"excerpt":{"rendered":"Passar f\u00f6re fr\u00e5n 0\u00b0C till +10\u00b0C.  Rekommenderad temperatur p\u00e5 vallaj\u00e4rnet: 120\u00b0C. En ekonomisk tr\u00e4nings och racingvalla, och grundvalla f\u00f6r varma skidor. L\u00e4tt att sm\u00e4lta p\u00e5 och v\u00e4ldigt behaglig att jobba med. Hastigheten p\u00e5 vallaj\u00e4rnet b\u00f6r vara ca. 8-10 sekunder f\u00f6r en skating- eller alpinskida. Vallan kan v\u00e4rmas upp p\u00e5 nytt efter nedkylning till rumstemperatur (10 min) f\u00f6r b\u00e4ttre h\u00e5llbarhet. Viktigt att ha ett bra vallaj\u00e4rn f\u00f6r att f\u00e5 effektiv sm\u00e4ltning av vallan. Tidigare CH10 i ny f\u00f6rpackning.","protected":false},"featured_media":19903,"template":"","meta":[],"product_cat":[108,121],"product_tag":[],"class_list":["post-18584","product","type-product","status-publish","has-post-thumbnail","hentry","product_cat-skidvard-valla","product_cat-valla","brands-swix","fpd-variation-needed"],"yoast_head":"<!-- This site is optimized with the Yoast SEO plugin v21.0 - https:\/\/yoast.com\/wordpress\/plugins\/seo\/ -->\n<title>SWIX PS10 Yellow, 0\u00b0C\/+10\u00b0C, 180g - Beyond-X<\/title>\n<meta name=\"robots\" content=\"index, follow, max-snippet:-1, max-image-preview:large, max-video-preview:-1\" \/>\n<link rel=\"canonical\" href=\"https:\/\/beyondx.se\/no\/produkt\/swix-ps10-yellow-0c-10c-180g\/\" \/>\n<meta property=\"og:locale\" content=\"nb_NO\" \/>\n<meta property=\"og:type\" content=\"article\" \/>\n<meta property=\"og:title\" content=\"SWIX PS10 Yellow, 0\u00b0C\/+10\u00b0C, 180g - Beyond-X\" \/>\n<meta property=\"og:description\" content=\"Passar f\u00f6re fr\u00e5n 0\u00b0C till +10\u00b0C. Rekommenderad temperatur p\u00e5 vallaj\u00e4rnet: 120\u00b0C. En ekonomisk tr\u00e4nings och racingvalla, och grundvalla f\u00f6r varma skidor. L\u00e4tt att sm\u00e4lta p\u00e5 och v\u00e4ldigt behaglig att jobba med. Hastigheten p\u00e5 vallaj\u00e4rnet b\u00f6r vara ca. 8-10 sekunder f\u00f6r en skating- eller alpinskida. Vallan kan v\u00e4rmas upp p\u00e5 nytt efter nedkylning till rumstemperatur (10 min) f\u00f6r b\u00e4ttre h\u00e5llbarhet. Viktigt att ha ett bra vallaj\u00e4rn f\u00f6r att f\u00e5 effektiv sm\u00e4ltning av vallan. Tidigare CH10 i ny f\u00f6rpackning.\" \/>\n<meta property=\"og:url\" content=\"https:\/\/beyondx.se\/no\/produkt\/swix-ps10-yellow-0c-10c-180g\/\" \/>\n<meta property=\"og:site_name\" content=\"Beyond-X\" \/>\n<meta property=\"article:modified_time\" content=\"2026-04-26T08:21:36+00:00\" \/>\n<meta property=\"og:image\" content=\"https:\/\/beyondx.se\/wp-content\/uploads\/2023\/06\/PS10-18_1.jpg\" \/>\n\t<meta property=\"og:image:width\" content=\"800\" \/>\n\t<meta property=\"og:image:height\" content=\"800\" \/>\n\t<meta property=\"og:image:type\" content=\"image\/jpeg\" \/>\n<meta name=\"twitter:card\" content=\"summary_large_image\" \/>\n<script type=\"application\/ld+json\" class=\"yoast-schema-graph\">{\"@context\":\"https:\/\/schema.org\",\"@graph\":[{\"@type\":\"WebPage\",\"@id\":\"https:\/\/beyondx.se\/no\/produkt\/swix-ps10-yellow-0c-10c-180g\/\",\"url\":\"https:\/\/beyondx.se\/no\/produkt\/swix-ps10-yellow-0c-10c-180g\/\",\"name\":\"SWIX PS10 Yellow, 0\u00b0C\/+10\u00b0C, 180g - Beyond-X\",\"isPartOf\":{\"@id\":\"https:\/\/beyondx.se\/no\/#website\"},\"datePublished\":\"2023-04-21T12:17:18+00:00\",\"dateModified\":\"2026-04-26T08:21:36+00:00\",\"breadcrumb\":{\"@id\":\"https:\/\/beyondx.se\/no\/produkt\/swix-ps10-yellow-0c-10c-180g\/#breadcrumb\"},\"inLanguage\":\"nb-NO\",\"potentialAction\":[{\"@type\":\"ReadAction\",\"target\":[\"https:\/\/beyondx.se\/no\/produkt\/swix-ps10-yellow-0c-10c-180g\/\"]}]},{\"@type\":\"BreadcrumbList\",\"@id\":\"https:\/\/beyondx.se\/no\/produkt\/swix-ps10-yellow-0c-10c-180g\/#breadcrumb\",\"itemListElement\":[{\"@type\":\"ListItem\",\"position\":1,\"name\":\"Hem\",\"item\":\"https:\/\/beyondx.se\/no\/\"},{\"@type\":\"ListItem\",\"position\":2,\"name\":\"Butik\",\"item\":\"https:\/\/beyondx.se\/no\/butik\/\"},{\"@type\":\"ListItem\",\"position\":3,\"name\":\"SWIX PS10 Yellow, 0\u00b0C\/+10\u00b0C, 180g\"}]},{\"@type\":\"WebSite\",\"@id\":\"https:\/\/beyondx.se\/no\/#website\",\"url\":\"https:\/\/beyondx.se\/no\/\",\"name\":\"Beyond-X\",\"description\":\"No Bullshit Ski Wear\",\"publisher\":{\"@id\":\"https:\/\/beyondx.se\/no\/#organization\"},\"potentialAction\":[{\"@type\":\"SearchAction\",\"target\":{\"@type\":\"EntryPoint\",\"urlTemplate\":\"https:\/\/beyondx.se\/no\/?s={search_term_string}\"},\"query-input\":\"required name=search_term_string\"}],\"inLanguage\":\"nb-NO\"},{\"@type\":\"Organization\",\"@id\":\"https:\/\/beyondx.se\/no\/#organization\",\"name\":\"B-stedt of Sweden AB\",\"url\":\"https:\/\/beyondx.se\/no\/\",\"logo\":{\"@type\":\"ImageObject\",\"inLanguage\":\"nb-NO\",\"@id\":\"https:\/\/beyondx.se\/no\/#\/schema\/logo\/image\/\",\"url\":\"https:\/\/beyondx.se\/wp-content\/uploads\/2023\/08\/bx-logo.svg\",\"contentUrl\":\"https:\/\/beyondx.se\/wp-content\/uploads\/2023\/08\/bx-logo.svg\",\"width\":1,\"height\":1,\"caption\":\"B-stedt of Sweden AB\"},\"image\":{\"@id\":\"https:\/\/beyondx.se\/no\/#\/schema\/logo\/image\/\"}}]}<\/script>\n<!-- \/ Yoast SEO plugin. -->","yoast_head_json":{"title":"SWIX PS10 Yellow, 0\u00b0C\/+10\u00b0C, 180g - Beyond-X","robots":{"index":"index","follow":"follow","max-snippet":"max-snippet:-1","max-image-preview":"max-image-preview:large","max-video-preview":"max-video-preview:-1"},"canonical":"https:\/\/beyondx.se\/no\/produkt\/swix-ps10-yellow-0c-10c-180g\/","og_locale":"nb_NO","og_type":"article","og_title":"SWIX PS10 Yellow, 0\u00b0C\/+10\u00b0C, 180g - Beyond-X","og_description":"Passar f\u00f6re fr\u00e5n 0\u00b0C till +10\u00b0C. Rekommenderad temperatur p\u00e5 vallaj\u00e4rnet: 120\u00b0C. En ekonomisk tr\u00e4nings och racingvalla, och grundvalla f\u00f6r varma skidor. L\u00e4tt att sm\u00e4lta p\u00e5 och v\u00e4ldigt behaglig att jobba med. Hastigheten p\u00e5 vallaj\u00e4rnet b\u00f6r vara ca. 8-10 sekunder f\u00f6r en skating- eller alpinskida. Vallan kan v\u00e4rmas upp p\u00e5 nytt efter nedkylning till rumstemperatur (10 min) f\u00f6r b\u00e4ttre h\u00e5llbarhet. Viktigt att ha ett bra vallaj\u00e4rn f\u00f6r att f\u00e5 effektiv sm\u00e4ltning av vallan. Tidigare CH10 i ny f\u00f6rpackning.","og_url":"https:\/\/beyondx.se\/no\/produkt\/swix-ps10-yellow-0c-10c-180g\/","og_site_name":"Beyond-X","article_modified_time":"2026-04-26T08:21:36+00:00","og_image":[{"width":800,"height":800,"url":"https:\/\/beyondx.se\/wp-content\/uploads\/2023\/06\/PS10-18_1.jpg","type":"image\/jpeg"}],"twitter_card":"summary_large_image","schema":{"@context":"https:\/\/schema.org","@graph":[{"@type":"WebPage","@id":"https:\/\/beyondx.se\/no\/produkt\/swix-ps10-yellow-0c-10c-180g\/","url":"https:\/\/beyondx.se\/no\/produkt\/swix-ps10-yellow-0c-10c-180g\/","name":"SWIX PS10 Yellow, 0\u00b0C\/+10\u00b0C, 180g - Beyond-X","isPartOf":{"@id":"https:\/\/beyondx.se\/no\/#website"},"datePublished":"2023-04-21T12:17:18+00:00","dateModified":"2026-04-26T08:21:36+00:00","breadcrumb":{"@id":"https:\/\/beyondx.se\/no\/produkt\/swix-ps10-yellow-0c-10c-180g\/#breadcrumb"},"inLanguage":"nb-NO","potentialAction":[{"@type":"ReadAction","target":["https:\/\/beyondx.se\/no\/produkt\/swix-ps10-yellow-0c-10c-180g\/"]}]},{"@type":"BreadcrumbList","@id":"https:\/\/beyondx.se\/no\/produkt\/swix-ps10-yellow-0c-10c-180g\/#breadcrumb","itemListElement":[{"@type":"ListItem","position":1,"name":"Hem","item":"https:\/\/beyondx.se\/no\/"},{"@type":"ListItem","position":2,"name":"Butik","item":"https:\/\/beyondx.se\/no\/butik\/"},{"@type":"ListItem","position":3,"name":"SWIX PS10 Yellow, 0\u00b0C\/+10\u00b0C, 180g"}]},{"@type":"WebSite","@id":"https:\/\/beyondx.se\/no\/#website","url":"https:\/\/beyondx.se\/no\/","name":"Beyond-X","description":"No Bullshit Ski Wear","publisher":{"@id":"https:\/\/beyondx.se\/no\/#organization"},"potentialAction":[{"@type":"SearchAction","target":{"@type":"EntryPoint","urlTemplate":"https:\/\/beyondx.se\/no\/?s={search_term_string}"},"query-input":"required name=search_term_string"}],"inLanguage":"nb-NO"},{"@type":"Organization","@id":"https:\/\/beyondx.se\/no\/#organization","name":"B-stedt of Sweden AB","url":"https:\/\/beyondx.se\/no\/","logo":{"@type":"ImageObject","inLanguage":"nb-NO","@id":"https:\/\/beyondx.se\/no\/#\/schema\/logo\/image\/","url":"https:\/\/beyondx.se\/wp-content\/uploads\/2023\/08\/bx-logo.svg","contentUrl":"https:\/\/beyondx.se\/wp-content\/uploads\/2023\/08\/bx-logo.svg","width":1,"height":1,"caption":"B-stedt of Sweden AB"},"image":{"@id":"https:\/\/beyondx.se\/no\/#\/schema\/logo\/image\/"}}]}},"_links":{"self":[{"href":"https:\/\/beyondx.se\/no\/wp-json\/wp\/v2\/product\/18584","targetHints":{"allow":["GET"]}}],"collection":[{"href":"https:\/\/beyondx.se\/no\/wp-json\/wp\/v2\/product"}],"about":[{"href":"https:\/\/beyondx.se\/no\/wp-json\/wp\/v2\/types\/product"}],"wp:featuredmedia":[{"embeddable":true,"href":"https:\/\/beyondx.se\/no\/wp-json\/wp\/v2\/media\/19903"}],"wp:attachment":[{"href":"https:\/\/beyondx.se\/no\/wp-json\/wp\/v2\/media?parent=18584"}],"wp:term":[{"taxonomy":"product_cat","embeddable":true,"href":"https:\/\/beyondx.se\/no\/wp-json\/wp\/v2\/product_cat?post=18584"},{"taxonomy":"product_tag","embeddable":true,"href":"https:\/\/beyondx.se\/no\/wp-json\/wp\/v2\/product_tag?post=18584"}],"curies":[{"name":"wp","href":"https:\/\/api.w.org\/{rel}","templated":true}]}}