{"id":18603,"date":"2023-04-21T14:17:30","date_gmt":"2023-04-21T12:17:30","guid":{"rendered":"https:\/\/beta.karlskogawebbyra.se\/beyond\/product\/swix-ps6-blue-6c-12c-180g\/"},"modified":"2026-04-26T10:20:10","modified_gmt":"2026-04-26T08:20:10","slug":"swix-ps6-blue-6c-12c-180g","status":"publish","type":"product","link":"https:\/\/beyondx.se\/no\/produkt\/swix-ps6-blue-6c-12c-180g\/","title":{"rendered":"SWIX PS6 Blue, -6\u00b0C\/-12\u00b0C, 180g"},"content":{"rendered":"","protected":false},"excerpt":{"rendered":"PS6 \u00e4r mycket allsidig. Anv\u00e4ndningsomr\u00e5det str\u00e4cker sig fr\u00e5n underlagsvalla f\u00f6r pulver till racingwax och grundvalla f\u00f6r kallf\u00f6re. PS6 har god h\u00e5llbarhet och ger mycket bra glid p\u00e5 b\u00e5de natur- och konstsn\u00f6. Vallan kan v\u00e4rmas upp p\u00e5 nytt efter nedkylning till rumstemperatur (10 min) f\u00f6r b\u00e4ttre h\u00e5llbarhet. Viktigt att ha ett bra vallaj\u00e4rn f\u00f6r att f\u00e5 effektiv sm\u00e4ltning av vallan. Kan anv\u00e4ndas som racingvalla eller som grund f\u00f6r topping. Rekommenderas temperatur p\u00e5 vallaj\u00e4rn: 145\u00b0C. Ers\u00e4tter CH6X.","protected":false},"featured_media":19896,"template":"","meta":[],"product_cat":[108,121],"product_tag":[],"class_list":["post-18603","product","type-product","status-publish","has-post-thumbnail","hentry","product_cat-skidvard-valla","product_cat-valla","brands-swix","fpd-variation-needed"],"yoast_head":"<!-- This site is optimized with the Yoast SEO plugin v21.0 - https:\/\/yoast.com\/wordpress\/plugins\/seo\/ -->\n<title>SWIX PS6 Blue, -6\u00b0C\/-12\u00b0C, 180g - Beyond-X<\/title>\n<meta name=\"robots\" content=\"index, follow, max-snippet:-1, max-image-preview:large, max-video-preview:-1\" \/>\n<link rel=\"canonical\" href=\"https:\/\/beyondx.se\/no\/produkt\/swix-ps6-blue-6c-12c-180g\/\" \/>\n<meta property=\"og:locale\" content=\"nb_NO\" \/>\n<meta property=\"og:type\" content=\"article\" \/>\n<meta property=\"og:title\" content=\"SWIX PS6 Blue, -6\u00b0C\/-12\u00b0C, 180g - Beyond-X\" \/>\n<meta property=\"og:description\" content=\"PS6 \u00e4r mycket allsidig. Anv\u00e4ndningsomr\u00e5det str\u00e4cker sig fr\u00e5n underlagsvalla f\u00f6r pulver till racingwax och grundvalla f\u00f6r kallf\u00f6re. PS6 har god h\u00e5llbarhet och ger mycket bra glid p\u00e5 b\u00e5de natur- och konstsn\u00f6. Vallan kan v\u00e4rmas upp p\u00e5 nytt efter nedkylning till rumstemperatur (10 min) f\u00f6r b\u00e4ttre h\u00e5llbarhet. Viktigt att ha ett bra vallaj\u00e4rn f\u00f6r att f\u00e5 effektiv sm\u00e4ltning av vallan. Kan anv\u00e4ndas som racingvalla eller som grund f\u00f6r topping. Rekommenderas temperatur p\u00e5 vallaj\u00e4rn: 145\u00b0C. Ers\u00e4tter CH6X.\" \/>\n<meta property=\"og:url\" content=\"https:\/\/beyondx.se\/no\/produkt\/swix-ps6-blue-6c-12c-180g\/\" \/>\n<meta property=\"og:site_name\" content=\"Beyond-X\" \/>\n<meta property=\"article:modified_time\" content=\"2026-04-26T08:20:10+00:00\" \/>\n<meta property=\"og:image\" content=\"https:\/\/beyondx.se\/wp-content\/uploads\/2023\/06\/PS06-18_1.jpg\" \/>\n\t<meta property=\"og:image:width\" content=\"800\" \/>\n\t<meta property=\"og:image:height\" content=\"800\" \/>\n\t<meta property=\"og:image:type\" content=\"image\/jpeg\" \/>\n<meta name=\"twitter:card\" content=\"summary_large_image\" \/>\n<script type=\"application\/ld+json\" class=\"yoast-schema-graph\">{\"@context\":\"https:\/\/schema.org\",\"@graph\":[{\"@type\":\"WebPage\",\"@id\":\"https:\/\/beyondx.se\/no\/produkt\/swix-ps6-blue-6c-12c-180g\/\",\"url\":\"https:\/\/beyondx.se\/no\/produkt\/swix-ps6-blue-6c-12c-180g\/\",\"name\":\"SWIX PS6 Blue, -6\u00b0C\/-12\u00b0C, 180g - Beyond-X\",\"isPartOf\":{\"@id\":\"https:\/\/beyondx.se\/no\/#website\"},\"datePublished\":\"2023-04-21T12:17:30+00:00\",\"dateModified\":\"2026-04-26T08:20:10+00:00\",\"breadcrumb\":{\"@id\":\"https:\/\/beyondx.se\/no\/produkt\/swix-ps6-blue-6c-12c-180g\/#breadcrumb\"},\"inLanguage\":\"nb-NO\",\"potentialAction\":[{\"@type\":\"ReadAction\",\"target\":[\"https:\/\/beyondx.se\/no\/produkt\/swix-ps6-blue-6c-12c-180g\/\"]}]},{\"@type\":\"BreadcrumbList\",\"@id\":\"https:\/\/beyondx.se\/no\/produkt\/swix-ps6-blue-6c-12c-180g\/#breadcrumb\",\"itemListElement\":[{\"@type\":\"ListItem\",\"position\":1,\"name\":\"Hem\",\"item\":\"https:\/\/beyondx.se\/no\/\"},{\"@type\":\"ListItem\",\"position\":2,\"name\":\"Butik\",\"item\":\"https:\/\/beyondx.se\/no\/butik\/\"},{\"@type\":\"ListItem\",\"position\":3,\"name\":\"SWIX PS6 Blue, -6\u00b0C\/-12\u00b0C, 180g\"}]},{\"@type\":\"WebSite\",\"@id\":\"https:\/\/beyondx.se\/no\/#website\",\"url\":\"https:\/\/beyondx.se\/no\/\",\"name\":\"Beyond-X\",\"description\":\"No Bullshit Ski Wear\",\"publisher\":{\"@id\":\"https:\/\/beyondx.se\/no\/#organization\"},\"potentialAction\":[{\"@type\":\"SearchAction\",\"target\":{\"@type\":\"EntryPoint\",\"urlTemplate\":\"https:\/\/beyondx.se\/no\/?s={search_term_string}\"},\"query-input\":\"required name=search_term_string\"}],\"inLanguage\":\"nb-NO\"},{\"@type\":\"Organization\",\"@id\":\"https:\/\/beyondx.se\/no\/#organization\",\"name\":\"B-stedt of Sweden AB\",\"url\":\"https:\/\/beyondx.se\/no\/\",\"logo\":{\"@type\":\"ImageObject\",\"inLanguage\":\"nb-NO\",\"@id\":\"https:\/\/beyondx.se\/no\/#\/schema\/logo\/image\/\",\"url\":\"https:\/\/beyondx.se\/wp-content\/uploads\/2023\/08\/bx-logo.svg\",\"contentUrl\":\"https:\/\/beyondx.se\/wp-content\/uploads\/2023\/08\/bx-logo.svg\",\"width\":1,\"height\":1,\"caption\":\"B-stedt of Sweden AB\"},\"image\":{\"@id\":\"https:\/\/beyondx.se\/no\/#\/schema\/logo\/image\/\"}}]}<\/script>\n<!-- \/ Yoast SEO plugin. -->","yoast_head_json":{"title":"SWIX PS6 Blue, -6\u00b0C\/-12\u00b0C, 180g - Beyond-X","robots":{"index":"index","follow":"follow","max-snippet":"max-snippet:-1","max-image-preview":"max-image-preview:large","max-video-preview":"max-video-preview:-1"},"canonical":"https:\/\/beyondx.se\/no\/produkt\/swix-ps6-blue-6c-12c-180g\/","og_locale":"nb_NO","og_type":"article","og_title":"SWIX PS6 Blue, -6\u00b0C\/-12\u00b0C, 180g - Beyond-X","og_description":"PS6 \u00e4r mycket allsidig. Anv\u00e4ndningsomr\u00e5det str\u00e4cker sig fr\u00e5n underlagsvalla f\u00f6r pulver till racingwax och grundvalla f\u00f6r kallf\u00f6re. PS6 har god h\u00e5llbarhet och ger mycket bra glid p\u00e5 b\u00e5de natur- och konstsn\u00f6. Vallan kan v\u00e4rmas upp p\u00e5 nytt efter nedkylning till rumstemperatur (10 min) f\u00f6r b\u00e4ttre h\u00e5llbarhet. Viktigt att ha ett bra vallaj\u00e4rn f\u00f6r att f\u00e5 effektiv sm\u00e4ltning av vallan. Kan anv\u00e4ndas som racingvalla eller som grund f\u00f6r topping. Rekommenderas temperatur p\u00e5 vallaj\u00e4rn: 145\u00b0C. Ers\u00e4tter CH6X.","og_url":"https:\/\/beyondx.se\/no\/produkt\/swix-ps6-blue-6c-12c-180g\/","og_site_name":"Beyond-X","article_modified_time":"2026-04-26T08:20:10+00:00","og_image":[{"width":800,"height":800,"url":"https:\/\/beyondx.se\/wp-content\/uploads\/2023\/06\/PS06-18_1.jpg","type":"image\/jpeg"}],"twitter_card":"summary_large_image","schema":{"@context":"https:\/\/schema.org","@graph":[{"@type":"WebPage","@id":"https:\/\/beyondx.se\/no\/produkt\/swix-ps6-blue-6c-12c-180g\/","url":"https:\/\/beyondx.se\/no\/produkt\/swix-ps6-blue-6c-12c-180g\/","name":"SWIX PS6 Blue, -6\u00b0C\/-12\u00b0C, 180g - Beyond-X","isPartOf":{"@id":"https:\/\/beyondx.se\/no\/#website"},"datePublished":"2023-04-21T12:17:30+00:00","dateModified":"2026-04-26T08:20:10+00:00","breadcrumb":{"@id":"https:\/\/beyondx.se\/no\/produkt\/swix-ps6-blue-6c-12c-180g\/#breadcrumb"},"inLanguage":"nb-NO","potentialAction":[{"@type":"ReadAction","target":["https:\/\/beyondx.se\/no\/produkt\/swix-ps6-blue-6c-12c-180g\/"]}]},{"@type":"BreadcrumbList","@id":"https:\/\/beyondx.se\/no\/produkt\/swix-ps6-blue-6c-12c-180g\/#breadcrumb","itemListElement":[{"@type":"ListItem","position":1,"name":"Hem","item":"https:\/\/beyondx.se\/no\/"},{"@type":"ListItem","position":2,"name":"Butik","item":"https:\/\/beyondx.se\/no\/butik\/"},{"@type":"ListItem","position":3,"name":"SWIX PS6 Blue, -6\u00b0C\/-12\u00b0C, 180g"}]},{"@type":"WebSite","@id":"https:\/\/beyondx.se\/no\/#website","url":"https:\/\/beyondx.se\/no\/","name":"Beyond-X","description":"No Bullshit Ski Wear","publisher":{"@id":"https:\/\/beyondx.se\/no\/#organization"},"potentialAction":[{"@type":"SearchAction","target":{"@type":"EntryPoint","urlTemplate":"https:\/\/beyondx.se\/no\/?s={search_term_string}"},"query-input":"required name=search_term_string"}],"inLanguage":"nb-NO"},{"@type":"Organization","@id":"https:\/\/beyondx.se\/no\/#organization","name":"B-stedt of Sweden AB","url":"https:\/\/beyondx.se\/no\/","logo":{"@type":"ImageObject","inLanguage":"nb-NO","@id":"https:\/\/beyondx.se\/no\/#\/schema\/logo\/image\/","url":"https:\/\/beyondx.se\/wp-content\/uploads\/2023\/08\/bx-logo.svg","contentUrl":"https:\/\/beyondx.se\/wp-content\/uploads\/2023\/08\/bx-logo.svg","width":1,"height":1,"caption":"B-stedt of Sweden AB"},"image":{"@id":"https:\/\/beyondx.se\/no\/#\/schema\/logo\/image\/"}}]}},"_links":{"self":[{"href":"https:\/\/beyondx.se\/no\/wp-json\/wp\/v2\/product\/18603","targetHints":{"allow":["GET"]}}],"collection":[{"href":"https:\/\/beyondx.se\/no\/wp-json\/wp\/v2\/product"}],"about":[{"href":"https:\/\/beyondx.se\/no\/wp-json\/wp\/v2\/types\/product"}],"wp:featuredmedia":[{"embeddable":true,"href":"https:\/\/beyondx.se\/no\/wp-json\/wp\/v2\/media\/19896"}],"wp:attachment":[{"href":"https:\/\/beyondx.se\/no\/wp-json\/wp\/v2\/media?parent=18603"}],"wp:term":[{"taxonomy":"product_cat","embeddable":true,"href":"https:\/\/beyondx.se\/no\/wp-json\/wp\/v2\/product_cat?post=18603"},{"taxonomy":"product_tag","embeddable":true,"href":"https:\/\/beyondx.se\/no\/wp-json\/wp\/v2\/product_tag?post=18603"}],"curies":[{"name":"wp","href":"https:\/\/api.w.org\/{rel}","templated":true}]}}