{"id":19627,"date":"2023-06-30T11:40:46","date_gmt":"2023-06-30T09:40:46","guid":{"rendered":"https:\/\/beyondx.se\/product\/polyfence-hook-with-50mm-metal-ring-for-barrier-tape-fits-o\/"},"modified":"2026-04-20T06:03:35","modified_gmt":"2026-04-20T04:03:35","slug":"polyfence-hook-with-50mm-metal-ring-for-barrier-tape-fits-o","status":"publish","type":"product","link":"https:\/\/beyondx.se\/no\/produkt\/polyfence-hook-with-50mm-metal-ring-for-barrier-tape-fits-o\/","title":{"rendered":"Polyfence hook with 50mm metal ring for barrier tape (fits o"},"content":{"rendered":"","protected":false},"excerpt":{"rendered":"Polyfence hake med 50mm metallring f\u00f6r enkel montering och demontering av avsp\u00e4rrningsband. Passar p\u00e5 v\u00e5ra PC-k\u00e4ppar med 31mm diameter.","protected":false},"featured_media":19626,"template":"","meta":[],"product_cat":[168,1338,165,167],"product_tag":[],"class_list":["post-19627","product","type-product","status-publish","has-post-thumbnail","hentry","product_cat-avsparrning","product_cat-kappar","product_cat-nat","product_cat-avsparrningsnat","brands-beyond-x","fpd-variation-needed"],"yoast_head":"<!-- This site is optimized with the Yoast SEO plugin v21.0 - https:\/\/yoast.com\/wordpress\/plugins\/seo\/ -->\n<title>Polyfence hook with 50mm metal ring for barrier tape (fits o - Beyond-X<\/title>\n<meta name=\"robots\" content=\"index, follow, max-snippet:-1, max-image-preview:large, max-video-preview:-1\" \/>\n<link rel=\"canonical\" href=\"https:\/\/beyondx.se\/no\/produkt\/polyfence-hook-with-50mm-metal-ring-for-barrier-tape-fits-o\/\" \/>\n<meta property=\"og:locale\" content=\"nb_NO\" \/>\n<meta property=\"og:type\" content=\"article\" \/>\n<meta property=\"og:title\" content=\"Polyfence hook with 50mm metal ring for barrier tape (fits o - Beyond-X\" \/>\n<meta property=\"og:description\" content=\"Polyfence hake med 50mm metallring f\u00f6r enkel montering och demontering av avsp\u00e4rrningsband. Passar p\u00e5 v\u00e5ra PC-k\u00e4ppar med 31mm diameter.\" \/>\n<meta property=\"og:url\" content=\"https:\/\/beyondx.se\/no\/produkt\/polyfence-hook-with-50mm-metal-ring-for-barrier-tape-fits-o\/\" \/>\n<meta property=\"og:site_name\" content=\"Beyond-X\" \/>\n<meta property=\"article:modified_time\" content=\"2026-04-20T04:03:35+00:00\" \/>\n<meta property=\"og:image\" content=\"https:\/\/beyondx.se\/wp-content\/uploads\/2023\/06\/C-NET-R-HOOK_1.jpg\" \/>\n\t<meta property=\"og:image:width\" content=\"305\" \/>\n\t<meta property=\"og:image:height\" content=\"305\" \/>\n\t<meta property=\"og:image:type\" content=\"image\/jpeg\" \/>\n<meta name=\"twitter:card\" content=\"summary_large_image\" \/>\n<script type=\"application\/ld+json\" class=\"yoast-schema-graph\">{\"@context\":\"https:\/\/schema.org\",\"@graph\":[{\"@type\":\"WebPage\",\"@id\":\"https:\/\/beyondx.se\/no\/produkt\/polyfence-hook-with-50mm-metal-ring-for-barrier-tape-fits-o\/\",\"url\":\"https:\/\/beyondx.se\/no\/produkt\/polyfence-hook-with-50mm-metal-ring-for-barrier-tape-fits-o\/\",\"name\":\"Polyfence hook with 50mm metal ring for barrier tape (fits o - Beyond-X\",\"isPartOf\":{\"@id\":\"https:\/\/beyondx.se\/no\/#website\"},\"datePublished\":\"2023-06-30T09:40:46+00:00\",\"dateModified\":\"2026-04-20T04:03:35+00:00\",\"breadcrumb\":{\"@id\":\"https:\/\/beyondx.se\/no\/produkt\/polyfence-hook-with-50mm-metal-ring-for-barrier-tape-fits-o\/#breadcrumb\"},\"inLanguage\":\"nb-NO\",\"potentialAction\":[{\"@type\":\"ReadAction\",\"target\":[\"https:\/\/beyondx.se\/no\/produkt\/polyfence-hook-with-50mm-metal-ring-for-barrier-tape-fits-o\/\"]}]},{\"@type\":\"BreadcrumbList\",\"@id\":\"https:\/\/beyondx.se\/no\/produkt\/polyfence-hook-with-50mm-metal-ring-for-barrier-tape-fits-o\/#breadcrumb\",\"itemListElement\":[{\"@type\":\"ListItem\",\"position\":1,\"name\":\"Hem\",\"item\":\"https:\/\/beyondx.se\/no\/\"},{\"@type\":\"ListItem\",\"position\":2,\"name\":\"Butik\",\"item\":\"https:\/\/beyondx.se\/no\/butik\/\"},{\"@type\":\"ListItem\",\"position\":3,\"name\":\"Polyfence hook with 50mm metal ring for barrier tape (fits o\"}]},{\"@type\":\"WebSite\",\"@id\":\"https:\/\/beyondx.se\/no\/#website\",\"url\":\"https:\/\/beyondx.se\/no\/\",\"name\":\"Beyond-X\",\"description\":\"No Bullshit Ski Wear\",\"publisher\":{\"@id\":\"https:\/\/beyondx.se\/no\/#organization\"},\"potentialAction\":[{\"@type\":\"SearchAction\",\"target\":{\"@type\":\"EntryPoint\",\"urlTemplate\":\"https:\/\/beyondx.se\/no\/?s={search_term_string}\"},\"query-input\":\"required name=search_term_string\"}],\"inLanguage\":\"nb-NO\"},{\"@type\":\"Organization\",\"@id\":\"https:\/\/beyondx.se\/no\/#organization\",\"name\":\"B-stedt of Sweden AB\",\"url\":\"https:\/\/beyondx.se\/no\/\",\"logo\":{\"@type\":\"ImageObject\",\"inLanguage\":\"nb-NO\",\"@id\":\"https:\/\/beyondx.se\/no\/#\/schema\/logo\/image\/\",\"url\":\"https:\/\/beyondx.se\/wp-content\/uploads\/2023\/08\/bx-logo.svg\",\"contentUrl\":\"https:\/\/beyondx.se\/wp-content\/uploads\/2023\/08\/bx-logo.svg\",\"width\":1,\"height\":1,\"caption\":\"B-stedt of Sweden AB\"},\"image\":{\"@id\":\"https:\/\/beyondx.se\/no\/#\/schema\/logo\/image\/\"}}]}<\/script>\n<!-- \/ Yoast SEO plugin. -->","yoast_head_json":{"title":"Polyfence hook with 50mm metal ring for barrier tape (fits o - Beyond-X","robots":{"index":"index","follow":"follow","max-snippet":"max-snippet:-1","max-image-preview":"max-image-preview:large","max-video-preview":"max-video-preview:-1"},"canonical":"https:\/\/beyondx.se\/no\/produkt\/polyfence-hook-with-50mm-metal-ring-for-barrier-tape-fits-o\/","og_locale":"nb_NO","og_type":"article","og_title":"Polyfence hook with 50mm metal ring for barrier tape (fits o - Beyond-X","og_description":"Polyfence hake med 50mm metallring f\u00f6r enkel montering och demontering av avsp\u00e4rrningsband. Passar p\u00e5 v\u00e5ra PC-k\u00e4ppar med 31mm diameter.","og_url":"https:\/\/beyondx.se\/no\/produkt\/polyfence-hook-with-50mm-metal-ring-for-barrier-tape-fits-o\/","og_site_name":"Beyond-X","article_modified_time":"2026-04-20T04:03:35+00:00","og_image":[{"width":305,"height":305,"url":"https:\/\/beyondx.se\/wp-content\/uploads\/2023\/06\/C-NET-R-HOOK_1.jpg","type":"image\/jpeg"}],"twitter_card":"summary_large_image","schema":{"@context":"https:\/\/schema.org","@graph":[{"@type":"WebPage","@id":"https:\/\/beyondx.se\/no\/produkt\/polyfence-hook-with-50mm-metal-ring-for-barrier-tape-fits-o\/","url":"https:\/\/beyondx.se\/no\/produkt\/polyfence-hook-with-50mm-metal-ring-for-barrier-tape-fits-o\/","name":"Polyfence hook with 50mm metal ring for barrier tape (fits o - Beyond-X","isPartOf":{"@id":"https:\/\/beyondx.se\/no\/#website"},"datePublished":"2023-06-30T09:40:46+00:00","dateModified":"2026-04-20T04:03:35+00:00","breadcrumb":{"@id":"https:\/\/beyondx.se\/no\/produkt\/polyfence-hook-with-50mm-metal-ring-for-barrier-tape-fits-o\/#breadcrumb"},"inLanguage":"nb-NO","potentialAction":[{"@type":"ReadAction","target":["https:\/\/beyondx.se\/no\/produkt\/polyfence-hook-with-50mm-metal-ring-for-barrier-tape-fits-o\/"]}]},{"@type":"BreadcrumbList","@id":"https:\/\/beyondx.se\/no\/produkt\/polyfence-hook-with-50mm-metal-ring-for-barrier-tape-fits-o\/#breadcrumb","itemListElement":[{"@type":"ListItem","position":1,"name":"Hem","item":"https:\/\/beyondx.se\/no\/"},{"@type":"ListItem","position":2,"name":"Butik","item":"https:\/\/beyondx.se\/no\/butik\/"},{"@type":"ListItem","position":3,"name":"Polyfence hook with 50mm metal ring for barrier tape (fits o"}]},{"@type":"WebSite","@id":"https:\/\/beyondx.se\/no\/#website","url":"https:\/\/beyondx.se\/no\/","name":"Beyond-X","description":"No Bullshit Ski Wear","publisher":{"@id":"https:\/\/beyondx.se\/no\/#organization"},"potentialAction":[{"@type":"SearchAction","target":{"@type":"EntryPoint","urlTemplate":"https:\/\/beyondx.se\/no\/?s={search_term_string}"},"query-input":"required name=search_term_string"}],"inLanguage":"nb-NO"},{"@type":"Organization","@id":"https:\/\/beyondx.se\/no\/#organization","name":"B-stedt of Sweden AB","url":"https:\/\/beyondx.se\/no\/","logo":{"@type":"ImageObject","inLanguage":"nb-NO","@id":"https:\/\/beyondx.se\/no\/#\/schema\/logo\/image\/","url":"https:\/\/beyondx.se\/wp-content\/uploads\/2023\/08\/bx-logo.svg","contentUrl":"https:\/\/beyondx.se\/wp-content\/uploads\/2023\/08\/bx-logo.svg","width":1,"height":1,"caption":"B-stedt of Sweden AB"},"image":{"@id":"https:\/\/beyondx.se\/no\/#\/schema\/logo\/image\/"}}]}},"_links":{"self":[{"href":"https:\/\/beyondx.se\/no\/wp-json\/wp\/v2\/product\/19627","targetHints":{"allow":["GET"]}}],"collection":[{"href":"https:\/\/beyondx.se\/no\/wp-json\/wp\/v2\/product"}],"about":[{"href":"https:\/\/beyondx.se\/no\/wp-json\/wp\/v2\/types\/product"}],"wp:featuredmedia":[{"embeddable":true,"href":"https:\/\/beyondx.se\/no\/wp-json\/wp\/v2\/media\/19626"}],"wp:attachment":[{"href":"https:\/\/beyondx.se\/no\/wp-json\/wp\/v2\/media?parent=19627"}],"wp:term":[{"taxonomy":"product_cat","embeddable":true,"href":"https:\/\/beyondx.se\/no\/wp-json\/wp\/v2\/product_cat?post=19627"},{"taxonomy":"product_tag","embeddable":true,"href":"https:\/\/beyondx.se\/no\/wp-json\/wp\/v2\/product_tag?post=19627"}],"curies":[{"name":"wp","href":"https:\/\/api.w.org\/{rel}","templated":true}]}}