{"id":19675,"date":"2023-06-30T11:41:00","date_gmt":"2023-06-30T09:41:00","guid":{"rendered":"https:\/\/beyondx.se\/product\/fjords-uppdrag-i-bergen-pocket-caroline-e-elliot\/"},"modified":"2026-04-29T06:25:49","modified_gmt":"2026-04-29T04:25:49","slug":"fjords-uppdrag-i-bergen-pocket-caroline-e-elliot","status":"publish","type":"product","link":"https:\/\/beyondx.se\/no\/produkt\/fjords-uppdrag-i-bergen-pocket-caroline-e-elliot\/","title":{"rendered":"Fjords uppdrag i bergen, Pocket. Caroline E. Elliot"},"content":{"rendered":"<p>Denna bok handlar mest om hunden Fjord; en v\u00e4ldigt speciell hund som levde ett liv de flesta hundar endast kan dr\u00f6mma om.<br \/>\nFjord levde och arbetade i Pyren\u00e9erna tillsammans med sin matte Caroline. De levde sida vid sida, st\u00e4ndigt sammankopplade genom arbete och tillgivenhet, och litade p\u00e5 varandra genom den ibland ensamma och farliga v\u00e4rlden inom lavinkontroll och fj\u00e4lls\u00e4kerhet. Denna bok tar dig in i Fjords v\u00e4rld och ger dig viktig kunskap om hur du h\u00e5ller dig s\u00e4ker samtidigt som du njuter av sn\u00f6sporter. Du kommer l\u00e4ra dig om Fjords liv, fr\u00e5n stunden han vaknar till dess han g\u00e5r och l\u00e4gger sig. F\u00f6lj honom n\u00e4r han g\u00f6r backarna s\u00e4kra, f\u00f6rhindrar lavinolyckor, svarar p\u00e5 n\u00f6danrop, hoppar in i r\u00e4ddningshelikoptrar, utbildar barn och mycket mer. Till slut kanske du till och med n\u00e4stan k\u00e4nner Fjords bl\u00f6ta nos i ansiktet!<\/p>\n","protected":false},"excerpt":{"rendered":"<p>En pedagogisk, l&#228;ttl&#228;st bok d&#228;r barn l&#228;r sig fr&#229;n lavinhunden Fjord vad man ska t&#228;nka p&#229; och hur man beter sig i fj&#228;llen f&#246;r att undvika att skada sig eller andra. Ni f&#229;r &#228;ven f&#246;lja med bakom kulisserna p&#229; en skidanl&#228;ggning fr&#229;n &#246;ppning till st&#228;ngning. &#160;Stora illustrationer och l&#228;ttl&#228;st text.<\/p>","protected":false},"featured_media":19674,"template":"","meta":[],"product_cat":[248,219],"product_tag":[],"class_list":["post-19675","product","type-product","status-publish","has-post-thumbnail","hentry","product_cat-fjord","product_cat-sakerhet-tillbehor","brands-fjord","fpd-variation-needed"],"yoast_head":"<!-- This site is optimized with the Yoast SEO plugin v21.0 - https:\/\/yoast.com\/wordpress\/plugins\/seo\/ -->\n<title>Fjords uppdrag i bergen, Pocket. Caroline E. Elliot - Beyond-X<\/title>\n<meta name=\"robots\" content=\"index, follow, max-snippet:-1, max-image-preview:large, max-video-preview:-1\" \/>\n<link rel=\"canonical\" href=\"https:\/\/beyondx.se\/no\/produkt\/fjords-uppdrag-i-bergen-pocket-caroline-e-elliot\/\" \/>\n<meta property=\"og:locale\" content=\"nb_NO\" \/>\n<meta property=\"og:type\" content=\"article\" \/>\n<meta property=\"og:title\" content=\"Fjords uppdrag i bergen, Pocket. Caroline E. Elliot - Beyond-X\" \/>\n<meta property=\"og:description\" content=\"En pedagogisk, l&#228;ttl&#228;st bok d&#228;r barn l&#228;r sig fr&#229;n lavinhunden Fjord vad man ska t&#228;nka p&#229; och hur man beter sig i fj&#228;llen f&#246;r att undvika att skada sig eller andra. Ni f&#229;r &#228;ven f&#246;lja med bakom kulisserna p&#229; en skidanl&#228;ggning fr&#229;n &#246;ppning till st&#228;ngning. &#160;Stora illustrationer och l&#228;ttl&#228;st text.\" \/>\n<meta property=\"og:url\" content=\"https:\/\/beyondx.se\/no\/produkt\/fjords-uppdrag-i-bergen-pocket-caroline-e-elliot\/\" \/>\n<meta property=\"og:site_name\" content=\"Beyond-X\" \/>\n<meta property=\"article:modified_time\" content=\"2026-04-29T04:25:49+00:00\" \/>\n<meta property=\"og:image\" content=\"https:\/\/beyondx.se\/wp-content\/uploads\/2023\/06\/FJORD-BOOK_PB_1.jpg\" \/>\n\t<meta property=\"og:image:width\" content=\"573\" \/>\n\t<meta property=\"og:image:height\" content=\"796\" \/>\n\t<meta property=\"og:image:type\" content=\"image\/jpeg\" \/>\n<meta name=\"twitter:card\" content=\"summary_large_image\" \/>\n<meta name=\"twitter:label1\" content=\"Ansl. lesetid\" \/>\n\t<meta name=\"twitter:data1\" content=\"1 minutt\" \/>\n<script type=\"application\/ld+json\" class=\"yoast-schema-graph\">{\"@context\":\"https:\/\/schema.org\",\"@graph\":[{\"@type\":\"WebPage\",\"@id\":\"https:\/\/beyondx.se\/no\/produkt\/fjords-uppdrag-i-bergen-pocket-caroline-e-elliot\/\",\"url\":\"https:\/\/beyondx.se\/no\/produkt\/fjords-uppdrag-i-bergen-pocket-caroline-e-elliot\/\",\"name\":\"Fjords uppdrag i bergen, Pocket. Caroline E. Elliot - Beyond-X\",\"isPartOf\":{\"@id\":\"https:\/\/beyondx.se\/no\/#website\"},\"datePublished\":\"2023-06-30T09:41:00+00:00\",\"dateModified\":\"2026-04-29T04:25:49+00:00\",\"breadcrumb\":{\"@id\":\"https:\/\/beyondx.se\/no\/produkt\/fjords-uppdrag-i-bergen-pocket-caroline-e-elliot\/#breadcrumb\"},\"inLanguage\":\"nb-NO\",\"potentialAction\":[{\"@type\":\"ReadAction\",\"target\":[\"https:\/\/beyondx.se\/no\/produkt\/fjords-uppdrag-i-bergen-pocket-caroline-e-elliot\/\"]}]},{\"@type\":\"BreadcrumbList\",\"@id\":\"https:\/\/beyondx.se\/no\/produkt\/fjords-uppdrag-i-bergen-pocket-caroline-e-elliot\/#breadcrumb\",\"itemListElement\":[{\"@type\":\"ListItem\",\"position\":1,\"name\":\"Hem\",\"item\":\"https:\/\/beyondx.se\/no\/\"},{\"@type\":\"ListItem\",\"position\":2,\"name\":\"Butik\",\"item\":\"https:\/\/beyondx.se\/no\/butik\/\"},{\"@type\":\"ListItem\",\"position\":3,\"name\":\"Fjords uppdrag i bergen, Pocket. Caroline E. Elliot\"}]},{\"@type\":\"WebSite\",\"@id\":\"https:\/\/beyondx.se\/no\/#website\",\"url\":\"https:\/\/beyondx.se\/no\/\",\"name\":\"Beyond-X\",\"description\":\"No Bullshit Ski Wear\",\"publisher\":{\"@id\":\"https:\/\/beyondx.se\/no\/#organization\"},\"potentialAction\":[{\"@type\":\"SearchAction\",\"target\":{\"@type\":\"EntryPoint\",\"urlTemplate\":\"https:\/\/beyondx.se\/no\/?s={search_term_string}\"},\"query-input\":\"required name=search_term_string\"}],\"inLanguage\":\"nb-NO\"},{\"@type\":\"Organization\",\"@id\":\"https:\/\/beyondx.se\/no\/#organization\",\"name\":\"B-stedt of Sweden AB\",\"url\":\"https:\/\/beyondx.se\/no\/\",\"logo\":{\"@type\":\"ImageObject\",\"inLanguage\":\"nb-NO\",\"@id\":\"https:\/\/beyondx.se\/no\/#\/schema\/logo\/image\/\",\"url\":\"https:\/\/beyondx.se\/wp-content\/uploads\/2023\/08\/bx-logo.svg\",\"contentUrl\":\"https:\/\/beyondx.se\/wp-content\/uploads\/2023\/08\/bx-logo.svg\",\"width\":1,\"height\":1,\"caption\":\"B-stedt of Sweden AB\"},\"image\":{\"@id\":\"https:\/\/beyondx.se\/no\/#\/schema\/logo\/image\/\"}}]}<\/script>\n<!-- \/ Yoast SEO plugin. -->","yoast_head_json":{"title":"Fjords uppdrag i bergen, Pocket. Caroline E. Elliot - Beyond-X","robots":{"index":"index","follow":"follow","max-snippet":"max-snippet:-1","max-image-preview":"max-image-preview:large","max-video-preview":"max-video-preview:-1"},"canonical":"https:\/\/beyondx.se\/no\/produkt\/fjords-uppdrag-i-bergen-pocket-caroline-e-elliot\/","og_locale":"nb_NO","og_type":"article","og_title":"Fjords uppdrag i bergen, Pocket. Caroline E. Elliot - Beyond-X","og_description":"En pedagogisk, l&#228;ttl&#228;st bok d&#228;r barn l&#228;r sig fr&#229;n lavinhunden Fjord vad man ska t&#228;nka p&#229; och hur man beter sig i fj&#228;llen f&#246;r att undvika att skada sig eller andra. Ni f&#229;r &#228;ven f&#246;lja med bakom kulisserna p&#229; en skidanl&#228;ggning fr&#229;n &#246;ppning till st&#228;ngning. &#160;Stora illustrationer och l&#228;ttl&#228;st text.","og_url":"https:\/\/beyondx.se\/no\/produkt\/fjords-uppdrag-i-bergen-pocket-caroline-e-elliot\/","og_site_name":"Beyond-X","article_modified_time":"2026-04-29T04:25:49+00:00","og_image":[{"width":573,"height":796,"url":"https:\/\/beyondx.se\/wp-content\/uploads\/2023\/06\/FJORD-BOOK_PB_1.jpg","type":"image\/jpeg"}],"twitter_card":"summary_large_image","twitter_misc":{"Ansl. lesetid":"1 minutt"},"schema":{"@context":"https:\/\/schema.org","@graph":[{"@type":"WebPage","@id":"https:\/\/beyondx.se\/no\/produkt\/fjords-uppdrag-i-bergen-pocket-caroline-e-elliot\/","url":"https:\/\/beyondx.se\/no\/produkt\/fjords-uppdrag-i-bergen-pocket-caroline-e-elliot\/","name":"Fjords uppdrag i bergen, Pocket. Caroline E. Elliot - Beyond-X","isPartOf":{"@id":"https:\/\/beyondx.se\/no\/#website"},"datePublished":"2023-06-30T09:41:00+00:00","dateModified":"2026-04-29T04:25:49+00:00","breadcrumb":{"@id":"https:\/\/beyondx.se\/no\/produkt\/fjords-uppdrag-i-bergen-pocket-caroline-e-elliot\/#breadcrumb"},"inLanguage":"nb-NO","potentialAction":[{"@type":"ReadAction","target":["https:\/\/beyondx.se\/no\/produkt\/fjords-uppdrag-i-bergen-pocket-caroline-e-elliot\/"]}]},{"@type":"BreadcrumbList","@id":"https:\/\/beyondx.se\/no\/produkt\/fjords-uppdrag-i-bergen-pocket-caroline-e-elliot\/#breadcrumb","itemListElement":[{"@type":"ListItem","position":1,"name":"Hem","item":"https:\/\/beyondx.se\/no\/"},{"@type":"ListItem","position":2,"name":"Butik","item":"https:\/\/beyondx.se\/no\/butik\/"},{"@type":"ListItem","position":3,"name":"Fjords uppdrag i bergen, Pocket. Caroline E. Elliot"}]},{"@type":"WebSite","@id":"https:\/\/beyondx.se\/no\/#website","url":"https:\/\/beyondx.se\/no\/","name":"Beyond-X","description":"No Bullshit Ski Wear","publisher":{"@id":"https:\/\/beyondx.se\/no\/#organization"},"potentialAction":[{"@type":"SearchAction","target":{"@type":"EntryPoint","urlTemplate":"https:\/\/beyondx.se\/no\/?s={search_term_string}"},"query-input":"required name=search_term_string"}],"inLanguage":"nb-NO"},{"@type":"Organization","@id":"https:\/\/beyondx.se\/no\/#organization","name":"B-stedt of Sweden AB","url":"https:\/\/beyondx.se\/no\/","logo":{"@type":"ImageObject","inLanguage":"nb-NO","@id":"https:\/\/beyondx.se\/no\/#\/schema\/logo\/image\/","url":"https:\/\/beyondx.se\/wp-content\/uploads\/2023\/08\/bx-logo.svg","contentUrl":"https:\/\/beyondx.se\/wp-content\/uploads\/2023\/08\/bx-logo.svg","width":1,"height":1,"caption":"B-stedt of Sweden AB"},"image":{"@id":"https:\/\/beyondx.se\/no\/#\/schema\/logo\/image\/"}}]}},"_links":{"self":[{"href":"https:\/\/beyondx.se\/no\/wp-json\/wp\/v2\/product\/19675","targetHints":{"allow":["GET"]}}],"collection":[{"href":"https:\/\/beyondx.se\/no\/wp-json\/wp\/v2\/product"}],"about":[{"href":"https:\/\/beyondx.se\/no\/wp-json\/wp\/v2\/types\/product"}],"wp:featuredmedia":[{"embeddable":true,"href":"https:\/\/beyondx.se\/no\/wp-json\/wp\/v2\/media\/19674"}],"wp:attachment":[{"href":"https:\/\/beyondx.se\/no\/wp-json\/wp\/v2\/media?parent=19675"}],"wp:term":[{"taxonomy":"product_cat","embeddable":true,"href":"https:\/\/beyondx.se\/no\/wp-json\/wp\/v2\/product_cat?post=19675"},{"taxonomy":"product_tag","embeddable":true,"href":"https:\/\/beyondx.se\/no\/wp-json\/wp\/v2\/product_tag?post=19675"}],"curies":[{"name":"wp","href":"https:\/\/api.w.org\/{rel}","templated":true}]}}