{"id":19677,"date":"2023-06-30T11:41:02","date_gmt":"2023-06-30T09:41:02","guid":{"rendered":"https:\/\/beyondx.se\/product\/sakta-slow-langsam-panel-95x115cm\/"},"modified":"2026-05-05T06:05:26","modified_gmt":"2026-05-05T04:05:26","slug":"sakta-slow-langsam-panel-95x115cm","status":"publish","type":"product","link":"https:\/\/beyondx.se\/no\/produkt\/sakta-slow-langsam-panel-95x115cm\/","title":{"rendered":"Sakta \/ Slow \/ Langsam panel. 95x115cm"},"content":{"rendered":"","protected":false},"excerpt":{"rendered":"SLOW \/ LANGSAM \/ SAKTA panel, 95x115cm.  OBS: K\u00e4pp v\u00e4ljs till separat! Rekommenderade nedan. Varnings Panel 95 x 115cm med SLOW \/ LANGSAM \/ SAKTA tryck. Insydd glasfiberstav l\u00e4ngst upp g\u00f6r att flaggan ser snygg ut utan n\u00e5gon besv\u00e4rlig montering. <br \/><br \/>\u00d6nskas eget tryck s\u00e5 \u00e4r det m\u00f6jligt, kontakta oss s\u00e5 hj\u00e4lper vi till!<br \/><br \/><strong>OBS: K\u00e4pp v\u00e4ljs till separat! Rekommenderade nedan.<\/strong>","protected":false},"featured_media":19676,"template":"","meta":[],"product_cat":[148,174,1268],"product_tag":[],"class_list":["post-19677","product","type-product","status-publish","has-post-thumbnail","hentry","product_cat-skidanlaggning","product_cat-banderoller-beachflaggor","product_cat-banderoller-och-paneler","brands-beyond-x","fpd-variation-needed"],"yoast_head":"<!-- This site is optimized with the Yoast SEO plugin v21.0 - https:\/\/yoast.com\/wordpress\/plugins\/seo\/ -->\n<title>Sakta \/ Slow \/ Langsam panel. 95x115cm - Beyond-X<\/title>\n<meta name=\"robots\" content=\"index, follow, max-snippet:-1, max-image-preview:large, max-video-preview:-1\" \/>\n<link rel=\"canonical\" href=\"https:\/\/beyondx.se\/no\/produkt\/sakta-slow-langsam-panel-95x115cm\/\" \/>\n<meta property=\"og:locale\" content=\"nb_NO\" \/>\n<meta property=\"og:type\" content=\"article\" \/>\n<meta property=\"og:title\" content=\"Sakta \/ Slow \/ Langsam panel. 95x115cm - Beyond-X\" \/>\n<meta property=\"og:description\" content=\"SLOW \/ LANGSAM \/ SAKTA panel, 95x115cm. OBS: K\u00e4pp v\u00e4ljs till separat! Rekommenderade nedan. Varnings Panel 95 x 115cm med SLOW \/ LANGSAM \/ SAKTA tryck. Insydd glasfiberstav l\u00e4ngst upp g\u00f6r att flaggan ser snygg ut utan n\u00e5gon besv\u00e4rlig montering. \u00d6nskas eget tryck s\u00e5 \u00e4r det m\u00f6jligt, kontakta oss s\u00e5 hj\u00e4lper vi till!OBS: K\u00e4pp v\u00e4ljs till separat! Rekommenderade nedan.\" \/>\n<meta property=\"og:url\" content=\"https:\/\/beyondx.se\/no\/produkt\/sakta-slow-langsam-panel-95x115cm\/\" \/>\n<meta property=\"og:site_name\" content=\"Beyond-X\" \/>\n<meta property=\"article:modified_time\" content=\"2026-05-05T04:05:26+00:00\" \/>\n<meta property=\"og:image\" content=\"https:\/\/beyondx.se\/wp-content\/uploads\/2023\/06\/FLAG-SWE101_1.png\" \/>\n\t<meta property=\"og:image:width\" content=\"597\" \/>\n\t<meta property=\"og:image:height\" content=\"800\" \/>\n\t<meta property=\"og:image:type\" content=\"image\/png\" \/>\n<meta name=\"twitter:card\" content=\"summary_large_image\" \/>\n<script type=\"application\/ld+json\" class=\"yoast-schema-graph\">{\"@context\":\"https:\/\/schema.org\",\"@graph\":[{\"@type\":\"WebPage\",\"@id\":\"https:\/\/beyondx.se\/no\/produkt\/sakta-slow-langsam-panel-95x115cm\/\",\"url\":\"https:\/\/beyondx.se\/no\/produkt\/sakta-slow-langsam-panel-95x115cm\/\",\"name\":\"Sakta \/ Slow \/ Langsam panel. 95x115cm - Beyond-X\",\"isPartOf\":{\"@id\":\"https:\/\/beyondx.se\/no\/#website\"},\"datePublished\":\"2023-06-30T09:41:02+00:00\",\"dateModified\":\"2026-05-05T04:05:26+00:00\",\"breadcrumb\":{\"@id\":\"https:\/\/beyondx.se\/no\/produkt\/sakta-slow-langsam-panel-95x115cm\/#breadcrumb\"},\"inLanguage\":\"nb-NO\",\"potentialAction\":[{\"@type\":\"ReadAction\",\"target\":[\"https:\/\/beyondx.se\/no\/produkt\/sakta-slow-langsam-panel-95x115cm\/\"]}]},{\"@type\":\"BreadcrumbList\",\"@id\":\"https:\/\/beyondx.se\/no\/produkt\/sakta-slow-langsam-panel-95x115cm\/#breadcrumb\",\"itemListElement\":[{\"@type\":\"ListItem\",\"position\":1,\"name\":\"Hem\",\"item\":\"https:\/\/beyondx.se\/no\/\"},{\"@type\":\"ListItem\",\"position\":2,\"name\":\"Butik\",\"item\":\"https:\/\/beyondx.se\/no\/butik\/\"},{\"@type\":\"ListItem\",\"position\":3,\"name\":\"Sakta \/ Slow \/ Langsam panel. 95x115cm\"}]},{\"@type\":\"WebSite\",\"@id\":\"https:\/\/beyondx.se\/no\/#website\",\"url\":\"https:\/\/beyondx.se\/no\/\",\"name\":\"Beyond-X\",\"description\":\"No Bullshit Ski Wear\",\"publisher\":{\"@id\":\"https:\/\/beyondx.se\/no\/#organization\"},\"potentialAction\":[{\"@type\":\"SearchAction\",\"target\":{\"@type\":\"EntryPoint\",\"urlTemplate\":\"https:\/\/beyondx.se\/no\/?s={search_term_string}\"},\"query-input\":\"required name=search_term_string\"}],\"inLanguage\":\"nb-NO\"},{\"@type\":\"Organization\",\"@id\":\"https:\/\/beyondx.se\/no\/#organization\",\"name\":\"B-stedt of Sweden AB\",\"url\":\"https:\/\/beyondx.se\/no\/\",\"logo\":{\"@type\":\"ImageObject\",\"inLanguage\":\"nb-NO\",\"@id\":\"https:\/\/beyondx.se\/no\/#\/schema\/logo\/image\/\",\"url\":\"https:\/\/beyondx.se\/wp-content\/uploads\/2023\/08\/bx-logo.svg\",\"contentUrl\":\"https:\/\/beyondx.se\/wp-content\/uploads\/2023\/08\/bx-logo.svg\",\"width\":1,\"height\":1,\"caption\":\"B-stedt of Sweden AB\"},\"image\":{\"@id\":\"https:\/\/beyondx.se\/no\/#\/schema\/logo\/image\/\"}}]}<\/script>\n<!-- \/ Yoast SEO plugin. -->","yoast_head_json":{"title":"Sakta \/ Slow \/ Langsam panel. 95x115cm - Beyond-X","robots":{"index":"index","follow":"follow","max-snippet":"max-snippet:-1","max-image-preview":"max-image-preview:large","max-video-preview":"max-video-preview:-1"},"canonical":"https:\/\/beyondx.se\/no\/produkt\/sakta-slow-langsam-panel-95x115cm\/","og_locale":"nb_NO","og_type":"article","og_title":"Sakta \/ Slow \/ Langsam panel. 95x115cm - Beyond-X","og_description":"SLOW \/ LANGSAM \/ SAKTA panel, 95x115cm. OBS: K\u00e4pp v\u00e4ljs till separat! Rekommenderade nedan. Varnings Panel 95 x 115cm med SLOW \/ LANGSAM \/ SAKTA tryck. Insydd glasfiberstav l\u00e4ngst upp g\u00f6r att flaggan ser snygg ut utan n\u00e5gon besv\u00e4rlig montering. \u00d6nskas eget tryck s\u00e5 \u00e4r det m\u00f6jligt, kontakta oss s\u00e5 hj\u00e4lper vi till!OBS: K\u00e4pp v\u00e4ljs till separat! Rekommenderade nedan.","og_url":"https:\/\/beyondx.se\/no\/produkt\/sakta-slow-langsam-panel-95x115cm\/","og_site_name":"Beyond-X","article_modified_time":"2026-05-05T04:05:26+00:00","og_image":[{"width":597,"height":800,"url":"https:\/\/beyondx.se\/wp-content\/uploads\/2023\/06\/FLAG-SWE101_1.png","type":"image\/png"}],"twitter_card":"summary_large_image","schema":{"@context":"https:\/\/schema.org","@graph":[{"@type":"WebPage","@id":"https:\/\/beyondx.se\/no\/produkt\/sakta-slow-langsam-panel-95x115cm\/","url":"https:\/\/beyondx.se\/no\/produkt\/sakta-slow-langsam-panel-95x115cm\/","name":"Sakta \/ Slow \/ Langsam panel. 95x115cm - Beyond-X","isPartOf":{"@id":"https:\/\/beyondx.se\/no\/#website"},"datePublished":"2023-06-30T09:41:02+00:00","dateModified":"2026-05-05T04:05:26+00:00","breadcrumb":{"@id":"https:\/\/beyondx.se\/no\/produkt\/sakta-slow-langsam-panel-95x115cm\/#breadcrumb"},"inLanguage":"nb-NO","potentialAction":[{"@type":"ReadAction","target":["https:\/\/beyondx.se\/no\/produkt\/sakta-slow-langsam-panel-95x115cm\/"]}]},{"@type":"BreadcrumbList","@id":"https:\/\/beyondx.se\/no\/produkt\/sakta-slow-langsam-panel-95x115cm\/#breadcrumb","itemListElement":[{"@type":"ListItem","position":1,"name":"Hem","item":"https:\/\/beyondx.se\/no\/"},{"@type":"ListItem","position":2,"name":"Butik","item":"https:\/\/beyondx.se\/no\/butik\/"},{"@type":"ListItem","position":3,"name":"Sakta \/ Slow \/ Langsam panel. 95x115cm"}]},{"@type":"WebSite","@id":"https:\/\/beyondx.se\/no\/#website","url":"https:\/\/beyondx.se\/no\/","name":"Beyond-X","description":"No Bullshit Ski Wear","publisher":{"@id":"https:\/\/beyondx.se\/no\/#organization"},"potentialAction":[{"@type":"SearchAction","target":{"@type":"EntryPoint","urlTemplate":"https:\/\/beyondx.se\/no\/?s={search_term_string}"},"query-input":"required name=search_term_string"}],"inLanguage":"nb-NO"},{"@type":"Organization","@id":"https:\/\/beyondx.se\/no\/#organization","name":"B-stedt of Sweden AB","url":"https:\/\/beyondx.se\/no\/","logo":{"@type":"ImageObject","inLanguage":"nb-NO","@id":"https:\/\/beyondx.se\/no\/#\/schema\/logo\/image\/","url":"https:\/\/beyondx.se\/wp-content\/uploads\/2023\/08\/bx-logo.svg","contentUrl":"https:\/\/beyondx.se\/wp-content\/uploads\/2023\/08\/bx-logo.svg","width":1,"height":1,"caption":"B-stedt of Sweden AB"},"image":{"@id":"https:\/\/beyondx.se\/no\/#\/schema\/logo\/image\/"}}]}},"_links":{"self":[{"href":"https:\/\/beyondx.se\/no\/wp-json\/wp\/v2\/product\/19677","targetHints":{"allow":["GET"]}}],"collection":[{"href":"https:\/\/beyondx.se\/no\/wp-json\/wp\/v2\/product"}],"about":[{"href":"https:\/\/beyondx.se\/no\/wp-json\/wp\/v2\/types\/product"}],"wp:featuredmedia":[{"embeddable":true,"href":"https:\/\/beyondx.se\/no\/wp-json\/wp\/v2\/media\/19676"}],"wp:attachment":[{"href":"https:\/\/beyondx.se\/no\/wp-json\/wp\/v2\/media?parent=19677"}],"wp:term":[{"taxonomy":"product_cat","embeddable":true,"href":"https:\/\/beyondx.se\/no\/wp-json\/wp\/v2\/product_cat?post=19677"},{"taxonomy":"product_tag","embeddable":true,"href":"https:\/\/beyondx.se\/no\/wp-json\/wp\/v2\/product_tag?post=19677"}],"curies":[{"name":"wp","href":"https:\/\/api.w.org\/{rel}","templated":true}]}}