{"id":19720,"date":"2023-06-30T11:41:17","date_gmt":"2023-06-30T09:41:17","guid":{"rendered":"https:\/\/beyondx.se\/product\/kids-playground-tunnel-2-5m-long-3-7m-arch-with-pc-pipe-f-2\/"},"modified":"2026-04-26T06:17:03","modified_gmt":"2026-04-26T04:17:03","slug":"kids-playground-tunnel-2-5m-long-3-7m-arch-with-pc-pipe-f-2","status":"publish","type":"product","link":"https:\/\/beyondx.se\/no\/produkt\/kids-playground-tunnel-2-5m-long-3-7m-arch-with-pc-pipe-f-2\/","title":{"rendered":"Kids playground tunnel 2.5m long (3.7m arch), with PC-pipe f"},"content":{"rendered":"","protected":false},"excerpt":{"rendered":"Extra Frakt till kommer p\u00e5 alla fun figurer Stor barntunnel med polyfence n\u00e4tstuktur, 2.5m l\u00e5ng med 3.7m stor tunnelb\u00e5ge. St\u00e5h\u00f6jd ca. 120cm. Monterad p\u00e5 25mm PC-r\u00f6r med r\u00e4fflad slang i vardera \u00e4nda.<br \/>Extra Frakt till kommer p\u00e5 alla fun figurer","protected":false},"featured_media":19719,"template":"","meta":[],"product_cat":[196],"product_tag":[],"class_list":["post-19720","product","type-product","status-publish","has-post-thumbnail","hentry","product_cat-funski","product_shipping_class-paket-over-175cm","brands-beyond-x","fpd-variation-needed"],"yoast_head":"<!-- This site is optimized with the Yoast SEO plugin v21.0 - https:\/\/yoast.com\/wordpress\/plugins\/seo\/ -->\n<title>Kids playground tunnel 2.5m long (3.7m arch), with PC-pipe f - Beyond-X<\/title>\n<meta name=\"robots\" content=\"index, follow, max-snippet:-1, max-image-preview:large, max-video-preview:-1\" \/>\n<link rel=\"canonical\" href=\"https:\/\/beyondx.se\/no\/produkt\/kids-playground-tunnel-2-5m-long-3-7m-arch-with-pc-pipe-f-2\/\" \/>\n<meta property=\"og:locale\" content=\"nb_NO\" \/>\n<meta property=\"og:type\" content=\"article\" \/>\n<meta property=\"og:title\" content=\"Kids playground tunnel 2.5m long (3.7m arch), with PC-pipe f - Beyond-X\" \/>\n<meta property=\"og:description\" content=\"Extra Frakt till kommer p\u00e5 alla fun figurer Stor barntunnel med polyfence n\u00e4tstuktur, 2.5m l\u00e5ng med 3.7m stor tunnelb\u00e5ge. St\u00e5h\u00f6jd ca. 120cm. Monterad p\u00e5 25mm PC-r\u00f6r med r\u00e4fflad slang i vardera \u00e4nda.Extra Frakt till kommer p\u00e5 alla fun figurer\" \/>\n<meta property=\"og:url\" content=\"https:\/\/beyondx.se\/no\/produkt\/kids-playground-tunnel-2-5m-long-3-7m-arch-with-pc-pipe-f-2\/\" \/>\n<meta property=\"og:site_name\" content=\"Beyond-X\" \/>\n<meta property=\"article:modified_time\" content=\"2026-04-26T04:17:03+00:00\" \/>\n<meta property=\"og:image\" content=\"https:\/\/beyondx.se\/wp-content\/uploads\/2023\/06\/FUN66_BU_1.jpg\" \/>\n\t<meta property=\"og:image:width\" content=\"800\" \/>\n\t<meta property=\"og:image:height\" content=\"800\" \/>\n\t<meta property=\"og:image:type\" content=\"image\/jpeg\" \/>\n<meta name=\"twitter:card\" content=\"summary_large_image\" \/>\n<script type=\"application\/ld+json\" class=\"yoast-schema-graph\">{\"@context\":\"https:\/\/schema.org\",\"@graph\":[{\"@type\":\"WebPage\",\"@id\":\"https:\/\/beyondx.se\/no\/produkt\/kids-playground-tunnel-2-5m-long-3-7m-arch-with-pc-pipe-f-2\/\",\"url\":\"https:\/\/beyondx.se\/no\/produkt\/kids-playground-tunnel-2-5m-long-3-7m-arch-with-pc-pipe-f-2\/\",\"name\":\"Kids playground tunnel 2.5m long (3.7m arch), with PC-pipe f - Beyond-X\",\"isPartOf\":{\"@id\":\"https:\/\/beyondx.se\/no\/#website\"},\"datePublished\":\"2023-06-30T09:41:17+00:00\",\"dateModified\":\"2026-04-26T04:17:03+00:00\",\"breadcrumb\":{\"@id\":\"https:\/\/beyondx.se\/no\/produkt\/kids-playground-tunnel-2-5m-long-3-7m-arch-with-pc-pipe-f-2\/#breadcrumb\"},\"inLanguage\":\"nb-NO\",\"potentialAction\":[{\"@type\":\"ReadAction\",\"target\":[\"https:\/\/beyondx.se\/no\/produkt\/kids-playground-tunnel-2-5m-long-3-7m-arch-with-pc-pipe-f-2\/\"]}]},{\"@type\":\"BreadcrumbList\",\"@id\":\"https:\/\/beyondx.se\/no\/produkt\/kids-playground-tunnel-2-5m-long-3-7m-arch-with-pc-pipe-f-2\/#breadcrumb\",\"itemListElement\":[{\"@type\":\"ListItem\",\"position\":1,\"name\":\"Hem\",\"item\":\"https:\/\/beyondx.se\/no\/\"},{\"@type\":\"ListItem\",\"position\":2,\"name\":\"Butik\",\"item\":\"https:\/\/beyondx.se\/no\/butik\/\"},{\"@type\":\"ListItem\",\"position\":3,\"name\":\"Kids playground tunnel 2.5m long (3.7m arch), with PC-pipe f\"}]},{\"@type\":\"WebSite\",\"@id\":\"https:\/\/beyondx.se\/no\/#website\",\"url\":\"https:\/\/beyondx.se\/no\/\",\"name\":\"Beyond-X\",\"description\":\"No Bullshit Ski Wear\",\"publisher\":{\"@id\":\"https:\/\/beyondx.se\/no\/#organization\"},\"potentialAction\":[{\"@type\":\"SearchAction\",\"target\":{\"@type\":\"EntryPoint\",\"urlTemplate\":\"https:\/\/beyondx.se\/no\/?s={search_term_string}\"},\"query-input\":\"required name=search_term_string\"}],\"inLanguage\":\"nb-NO\"},{\"@type\":\"Organization\",\"@id\":\"https:\/\/beyondx.se\/no\/#organization\",\"name\":\"B-stedt of Sweden AB\",\"url\":\"https:\/\/beyondx.se\/no\/\",\"logo\":{\"@type\":\"ImageObject\",\"inLanguage\":\"nb-NO\",\"@id\":\"https:\/\/beyondx.se\/no\/#\/schema\/logo\/image\/\",\"url\":\"https:\/\/beyondx.se\/wp-content\/uploads\/2023\/08\/bx-logo.svg\",\"contentUrl\":\"https:\/\/beyondx.se\/wp-content\/uploads\/2023\/08\/bx-logo.svg\",\"width\":1,\"height\":1,\"caption\":\"B-stedt of Sweden AB\"},\"image\":{\"@id\":\"https:\/\/beyondx.se\/no\/#\/schema\/logo\/image\/\"}}]}<\/script>\n<!-- \/ Yoast SEO plugin. -->","yoast_head_json":{"title":"Kids playground tunnel 2.5m long (3.7m arch), with PC-pipe f - Beyond-X","robots":{"index":"index","follow":"follow","max-snippet":"max-snippet:-1","max-image-preview":"max-image-preview:large","max-video-preview":"max-video-preview:-1"},"canonical":"https:\/\/beyondx.se\/no\/produkt\/kids-playground-tunnel-2-5m-long-3-7m-arch-with-pc-pipe-f-2\/","og_locale":"nb_NO","og_type":"article","og_title":"Kids playground tunnel 2.5m long (3.7m arch), with PC-pipe f - Beyond-X","og_description":"Extra Frakt till kommer p\u00e5 alla fun figurer Stor barntunnel med polyfence n\u00e4tstuktur, 2.5m l\u00e5ng med 3.7m stor tunnelb\u00e5ge. St\u00e5h\u00f6jd ca. 120cm. Monterad p\u00e5 25mm PC-r\u00f6r med r\u00e4fflad slang i vardera \u00e4nda.Extra Frakt till kommer p\u00e5 alla fun figurer","og_url":"https:\/\/beyondx.se\/no\/produkt\/kids-playground-tunnel-2-5m-long-3-7m-arch-with-pc-pipe-f-2\/","og_site_name":"Beyond-X","article_modified_time":"2026-04-26T04:17:03+00:00","og_image":[{"width":800,"height":800,"url":"https:\/\/beyondx.se\/wp-content\/uploads\/2023\/06\/FUN66_BU_1.jpg","type":"image\/jpeg"}],"twitter_card":"summary_large_image","schema":{"@context":"https:\/\/schema.org","@graph":[{"@type":"WebPage","@id":"https:\/\/beyondx.se\/no\/produkt\/kids-playground-tunnel-2-5m-long-3-7m-arch-with-pc-pipe-f-2\/","url":"https:\/\/beyondx.se\/no\/produkt\/kids-playground-tunnel-2-5m-long-3-7m-arch-with-pc-pipe-f-2\/","name":"Kids playground tunnel 2.5m long (3.7m arch), with PC-pipe f - Beyond-X","isPartOf":{"@id":"https:\/\/beyondx.se\/no\/#website"},"datePublished":"2023-06-30T09:41:17+00:00","dateModified":"2026-04-26T04:17:03+00:00","breadcrumb":{"@id":"https:\/\/beyondx.se\/no\/produkt\/kids-playground-tunnel-2-5m-long-3-7m-arch-with-pc-pipe-f-2\/#breadcrumb"},"inLanguage":"nb-NO","potentialAction":[{"@type":"ReadAction","target":["https:\/\/beyondx.se\/no\/produkt\/kids-playground-tunnel-2-5m-long-3-7m-arch-with-pc-pipe-f-2\/"]}]},{"@type":"BreadcrumbList","@id":"https:\/\/beyondx.se\/no\/produkt\/kids-playground-tunnel-2-5m-long-3-7m-arch-with-pc-pipe-f-2\/#breadcrumb","itemListElement":[{"@type":"ListItem","position":1,"name":"Hem","item":"https:\/\/beyondx.se\/no\/"},{"@type":"ListItem","position":2,"name":"Butik","item":"https:\/\/beyondx.se\/no\/butik\/"},{"@type":"ListItem","position":3,"name":"Kids playground tunnel 2.5m long (3.7m arch), with PC-pipe f"}]},{"@type":"WebSite","@id":"https:\/\/beyondx.se\/no\/#website","url":"https:\/\/beyondx.se\/no\/","name":"Beyond-X","description":"No Bullshit Ski Wear","publisher":{"@id":"https:\/\/beyondx.se\/no\/#organization"},"potentialAction":[{"@type":"SearchAction","target":{"@type":"EntryPoint","urlTemplate":"https:\/\/beyondx.se\/no\/?s={search_term_string}"},"query-input":"required name=search_term_string"}],"inLanguage":"nb-NO"},{"@type":"Organization","@id":"https:\/\/beyondx.se\/no\/#organization","name":"B-stedt of Sweden AB","url":"https:\/\/beyondx.se\/no\/","logo":{"@type":"ImageObject","inLanguage":"nb-NO","@id":"https:\/\/beyondx.se\/no\/#\/schema\/logo\/image\/","url":"https:\/\/beyondx.se\/wp-content\/uploads\/2023\/08\/bx-logo.svg","contentUrl":"https:\/\/beyondx.se\/wp-content\/uploads\/2023\/08\/bx-logo.svg","width":1,"height":1,"caption":"B-stedt of Sweden AB"},"image":{"@id":"https:\/\/beyondx.se\/no\/#\/schema\/logo\/image\/"}}]}},"_links":{"self":[{"href":"https:\/\/beyondx.se\/no\/wp-json\/wp\/v2\/product\/19720","targetHints":{"allow":["GET"]}}],"collection":[{"href":"https:\/\/beyondx.se\/no\/wp-json\/wp\/v2\/product"}],"about":[{"href":"https:\/\/beyondx.se\/no\/wp-json\/wp\/v2\/types\/product"}],"wp:featuredmedia":[{"embeddable":true,"href":"https:\/\/beyondx.se\/no\/wp-json\/wp\/v2\/media\/19719"}],"wp:attachment":[{"href":"https:\/\/beyondx.se\/no\/wp-json\/wp\/v2\/media?parent=19720"}],"wp:term":[{"taxonomy":"product_cat","embeddable":true,"href":"https:\/\/beyondx.se\/no\/wp-json\/wp\/v2\/product_cat?post=19720"},{"taxonomy":"product_tag","embeddable":true,"href":"https:\/\/beyondx.se\/no\/wp-json\/wp\/v2\/product_tag?post=19720"}],"curies":[{"name":"wp","href":"https:\/\/api.w.org\/{rel}","templated":true}]}}