{"id":19733,"date":"2023-06-30T11:41:20","date_gmt":"2023-06-30T09:41:20","guid":{"rendered":"https:\/\/beyondx.se\/product\/freelap-head-2-head-kit\/"},"modified":"2026-05-06T09:51:50","modified_gmt":"2026-05-06T07:51:50","slug":"freelap-head-2-head-kit","status":"publish","type":"product","link":"https:\/\/beyondx.se\/no\/produkt\/freelap-head-2-head-kit\/","title":{"rendered":"Freelap Head 2 Head Kit"},"content":{"rendered":"","protected":false},"excerpt":{"rendered":"Enkel parallellslalom utan synkronisering eller montage vid start, uppsatt p\u00e5 n\u00e5gra minuter!   Perfekt som ett extra sj\u00e4lvg\u00e5ende event p\u00e5 skidanl\u00e4ggningen. S\u00e4tt upp en enkel parallellbana  och l\u00e5t g\u00e4sterna utmana varandra!  P\u00e5 displayen visas tydligt  om r\u00f6d eller bl\u00e5 bana vunnit och med vilken differens.  Se mer under beskrivning. Inneh\u00e5llande:<br \/><br \/><strong>HEAD 2 HEAD unit<br \/>2 st fotoceller med reflektor<br \/>1 st LED Display<br \/>2 st axelv\u00e4skor <\/strong>(1 f\u00f6r display 1 f\u00f6r timing)<br \/><br \/>Upps\u00e4ttning:<br \/>Borra ett h\u00e5l och s\u00e4tt fast Head 2 Head enheten i mitten av m\u00e5lg\u00e5ng.<br \/>Anslut kablarna fr\u00e5n H2H till vardera fotocell.<br \/>Borra h\u00e5l och s\u00e4tt ner fotocellerna samt reflektorerna f\u00f6r vardera m\u00e5lg\u00e5ng<br \/>S\u00e4tt p\u00e5 fotocellerna och st\u00e4ll dem i l\u00e4ge CX, st\u00e4ll in dem s\u00e5 laserne tr\u00e4ffar reflektorerna<br \/>Montera displayen i n\u00e4rheten och tryck p\u00e5 on-knappen. (tr\u00e4dl\u00f6s Blutooth kommunikation)<br \/><strong>Klart f\u00f6r anv\u00e4ndning!<br \/><br \/>Obesrvera att alltid st\u00e4lla eller montera displayen p\u00e5 s\u00e4kert s\u00e4tt s\u00e5 risken f\u00f6r kollision \u00e4r minimal.\u00a0<\/strong> <br \/><br \/>Har ni sedan tidigare ett Freelap system med display? D\u00e5 kan den anv\u00e4ndas \u00e4ven till detta, och endast delar beh\u00f6ver d\u00e5 kompletteras. Kontakta oss f\u00f6r mer inforamtion!\u00a0<br \/><br \/>","protected":false},"featured_media":133539,"template":"","meta":[],"product_cat":[212],"product_tag":[],"class_list":["post-19733","product","type-product","status-publish","has-post-thumbnail","hentry","product_cat-skiing","brands-freelap","fpd-variation-needed"],"yoast_head":"<!-- This site is optimized with the Yoast SEO plugin v21.0 - https:\/\/yoast.com\/wordpress\/plugins\/seo\/ -->\n<title>Freelap Head 2 Head Kit - Beyond-X<\/title>\n<meta name=\"robots\" content=\"index, follow, max-snippet:-1, max-image-preview:large, max-video-preview:-1\" \/>\n<link rel=\"canonical\" href=\"https:\/\/beyondx.se\/no\/produkt\/freelap-head-2-head-kit\/\" \/>\n<meta property=\"og:locale\" content=\"nb_NO\" \/>\n<meta property=\"og:type\" content=\"article\" \/>\n<meta property=\"og:title\" content=\"Freelap Head 2 Head Kit - Beyond-X\" \/>\n<meta property=\"og:description\" content=\"Enkel parallellslalom utan synkronisering eller montage vid start, uppsatt p\u00e5 n\u00e5gra minuter!  Perfekt som ett extra sj\u00e4lvg\u00e5ende event p\u00e5 skidanl\u00e4ggningen. S\u00e4tt upp en enkel parallellbana och l\u00e5t g\u00e4sterna utmana varandra! P\u00e5 displayen visas tydligt om r\u00f6d eller bl\u00e5 bana vunnit och med vilken differens. Se mer under beskrivning. Inneh\u00e5llande:HEAD 2 HEAD unit2 st fotoceller med reflektor1 st LED Display2 st axelv\u00e4skor (1 f\u00f6r display 1 f\u00f6r timing)Upps\u00e4ttning:Borra ett h\u00e5l och s\u00e4tt fast Head 2 Head enheten i mitten av m\u00e5lg\u00e5ng.Anslut kablarna fr\u00e5n H2H till vardera fotocell.Borra h\u00e5l och s\u00e4tt ner fotocellerna samt reflektorerna f\u00f6r vardera m\u00e5lg\u00e5ngS\u00e4tt p\u00e5 fotocellerna och st\u00e4ll dem i l\u00e4ge CX, st\u00e4ll in dem s\u00e5 laserne tr\u00e4ffar reflektorernaMontera displayen i n\u00e4rheten och tryck p\u00e5 on-knappen. (tr\u00e4dl\u00f6s Blutooth kommunikation)Klart f\u00f6r anv\u00e4ndning!Obesrvera att alltid st\u00e4lla eller montera displayen p\u00e5 s\u00e4kert s\u00e4tt s\u00e5 risken f\u00f6r kollision \u00e4r minimal.\u00a0 Har ni sedan tidigare ett Freelap system med display? D\u00e5 kan den anv\u00e4ndas \u00e4ven till detta, och endast delar beh\u00f6ver d\u00e5 kompletteras. Kontakta oss f\u00f6r mer inforamtion!\u00a0\" \/>\n<meta property=\"og:url\" content=\"https:\/\/beyondx.se\/no\/produkt\/freelap-head-2-head-kit\/\" \/>\n<meta property=\"og:site_name\" content=\"Beyond-X\" \/>\n<meta property=\"article:modified_time\" content=\"2026-05-06T07:51:50+00:00\" \/>\n<meta property=\"og:image\" content=\"https:\/\/beyondx.se\/wp-content\/uploads\/2023\/10\/H2H-KIT_1-17.jpg\" \/>\n\t<meta property=\"og:image:width\" content=\"480\" \/>\n\t<meta property=\"og:image:height\" content=\"480\" \/>\n\t<meta property=\"og:image:type\" content=\"image\/jpeg\" \/>\n<meta name=\"twitter:card\" content=\"summary_large_image\" \/>\n<script type=\"application\/ld+json\" class=\"yoast-schema-graph\">{\"@context\":\"https:\/\/schema.org\",\"@graph\":[{\"@type\":\"WebPage\",\"@id\":\"https:\/\/beyondx.se\/no\/produkt\/freelap-head-2-head-kit\/\",\"url\":\"https:\/\/beyondx.se\/no\/produkt\/freelap-head-2-head-kit\/\",\"name\":\"Freelap Head 2 Head Kit - Beyond-X\",\"isPartOf\":{\"@id\":\"https:\/\/beyondx.se\/no\/#website\"},\"datePublished\":\"2023-06-30T09:41:20+00:00\",\"dateModified\":\"2026-05-06T07:51:50+00:00\",\"breadcrumb\":{\"@id\":\"https:\/\/beyondx.se\/no\/produkt\/freelap-head-2-head-kit\/#breadcrumb\"},\"inLanguage\":\"nb-NO\",\"potentialAction\":[{\"@type\":\"ReadAction\",\"target\":[\"https:\/\/beyondx.se\/no\/produkt\/freelap-head-2-head-kit\/\"]}]},{\"@type\":\"BreadcrumbList\",\"@id\":\"https:\/\/beyondx.se\/no\/produkt\/freelap-head-2-head-kit\/#breadcrumb\",\"itemListElement\":[{\"@type\":\"ListItem\",\"position\":1,\"name\":\"Hem\",\"item\":\"https:\/\/beyondx.se\/no\/\"},{\"@type\":\"ListItem\",\"position\":2,\"name\":\"Butik\",\"item\":\"https:\/\/beyondx.se\/no\/butik\/\"},{\"@type\":\"ListItem\",\"position\":3,\"name\":\"Freelap Head 2 Head Kit\"}]},{\"@type\":\"WebSite\",\"@id\":\"https:\/\/beyondx.se\/no\/#website\",\"url\":\"https:\/\/beyondx.se\/no\/\",\"name\":\"Beyond-X\",\"description\":\"No Bullshit Ski Wear\",\"publisher\":{\"@id\":\"https:\/\/beyondx.se\/no\/#organization\"},\"potentialAction\":[{\"@type\":\"SearchAction\",\"target\":{\"@type\":\"EntryPoint\",\"urlTemplate\":\"https:\/\/beyondx.se\/no\/?s={search_term_string}\"},\"query-input\":\"required name=search_term_string\"}],\"inLanguage\":\"nb-NO\"},{\"@type\":\"Organization\",\"@id\":\"https:\/\/beyondx.se\/no\/#organization\",\"name\":\"B-stedt of Sweden AB\",\"url\":\"https:\/\/beyondx.se\/no\/\",\"logo\":{\"@type\":\"ImageObject\",\"inLanguage\":\"nb-NO\",\"@id\":\"https:\/\/beyondx.se\/no\/#\/schema\/logo\/image\/\",\"url\":\"https:\/\/beyondx.se\/wp-content\/uploads\/2023\/08\/bx-logo.svg\",\"contentUrl\":\"https:\/\/beyondx.se\/wp-content\/uploads\/2023\/08\/bx-logo.svg\",\"width\":1,\"height\":1,\"caption\":\"B-stedt of Sweden AB\"},\"image\":{\"@id\":\"https:\/\/beyondx.se\/no\/#\/schema\/logo\/image\/\"}}]}<\/script>\n<!-- \/ Yoast SEO plugin. -->","yoast_head_json":{"title":"Freelap Head 2 Head Kit - Beyond-X","robots":{"index":"index","follow":"follow","max-snippet":"max-snippet:-1","max-image-preview":"max-image-preview:large","max-video-preview":"max-video-preview:-1"},"canonical":"https:\/\/beyondx.se\/no\/produkt\/freelap-head-2-head-kit\/","og_locale":"nb_NO","og_type":"article","og_title":"Freelap Head 2 Head Kit - Beyond-X","og_description":"Enkel parallellslalom utan synkronisering eller montage vid start, uppsatt p\u00e5 n\u00e5gra minuter!  Perfekt som ett extra sj\u00e4lvg\u00e5ende event p\u00e5 skidanl\u00e4ggningen. S\u00e4tt upp en enkel parallellbana och l\u00e5t g\u00e4sterna utmana varandra! P\u00e5 displayen visas tydligt om r\u00f6d eller bl\u00e5 bana vunnit och med vilken differens. Se mer under beskrivning. Inneh\u00e5llande:HEAD 2 HEAD unit2 st fotoceller med reflektor1 st LED Display2 st axelv\u00e4skor (1 f\u00f6r display 1 f\u00f6r timing)Upps\u00e4ttning:Borra ett h\u00e5l och s\u00e4tt fast Head 2 Head enheten i mitten av m\u00e5lg\u00e5ng.Anslut kablarna fr\u00e5n H2H till vardera fotocell.Borra h\u00e5l och s\u00e4tt ner fotocellerna samt reflektorerna f\u00f6r vardera m\u00e5lg\u00e5ngS\u00e4tt p\u00e5 fotocellerna och st\u00e4ll dem i l\u00e4ge CX, st\u00e4ll in dem s\u00e5 laserne tr\u00e4ffar reflektorernaMontera displayen i n\u00e4rheten och tryck p\u00e5 on-knappen. (tr\u00e4dl\u00f6s Blutooth kommunikation)Klart f\u00f6r anv\u00e4ndning!Obesrvera att alltid st\u00e4lla eller montera displayen p\u00e5 s\u00e4kert s\u00e4tt s\u00e5 risken f\u00f6r kollision \u00e4r minimal.\u00a0 Har ni sedan tidigare ett Freelap system med display? D\u00e5 kan den anv\u00e4ndas \u00e4ven till detta, och endast delar beh\u00f6ver d\u00e5 kompletteras. Kontakta oss f\u00f6r mer inforamtion!\u00a0","og_url":"https:\/\/beyondx.se\/no\/produkt\/freelap-head-2-head-kit\/","og_site_name":"Beyond-X","article_modified_time":"2026-05-06T07:51:50+00:00","og_image":[{"width":480,"height":480,"url":"https:\/\/beyondx.se\/wp-content\/uploads\/2023\/10\/H2H-KIT_1-17.jpg","type":"image\/jpeg"}],"twitter_card":"summary_large_image","schema":{"@context":"https:\/\/schema.org","@graph":[{"@type":"WebPage","@id":"https:\/\/beyondx.se\/no\/produkt\/freelap-head-2-head-kit\/","url":"https:\/\/beyondx.se\/no\/produkt\/freelap-head-2-head-kit\/","name":"Freelap Head 2 Head Kit - Beyond-X","isPartOf":{"@id":"https:\/\/beyondx.se\/no\/#website"},"datePublished":"2023-06-30T09:41:20+00:00","dateModified":"2026-05-06T07:51:50+00:00","breadcrumb":{"@id":"https:\/\/beyondx.se\/no\/produkt\/freelap-head-2-head-kit\/#breadcrumb"},"inLanguage":"nb-NO","potentialAction":[{"@type":"ReadAction","target":["https:\/\/beyondx.se\/no\/produkt\/freelap-head-2-head-kit\/"]}]},{"@type":"BreadcrumbList","@id":"https:\/\/beyondx.se\/no\/produkt\/freelap-head-2-head-kit\/#breadcrumb","itemListElement":[{"@type":"ListItem","position":1,"name":"Hem","item":"https:\/\/beyondx.se\/no\/"},{"@type":"ListItem","position":2,"name":"Butik","item":"https:\/\/beyondx.se\/no\/butik\/"},{"@type":"ListItem","position":3,"name":"Freelap Head 2 Head Kit"}]},{"@type":"WebSite","@id":"https:\/\/beyondx.se\/no\/#website","url":"https:\/\/beyondx.se\/no\/","name":"Beyond-X","description":"No Bullshit Ski Wear","publisher":{"@id":"https:\/\/beyondx.se\/no\/#organization"},"potentialAction":[{"@type":"SearchAction","target":{"@type":"EntryPoint","urlTemplate":"https:\/\/beyondx.se\/no\/?s={search_term_string}"},"query-input":"required name=search_term_string"}],"inLanguage":"nb-NO"},{"@type":"Organization","@id":"https:\/\/beyondx.se\/no\/#organization","name":"B-stedt of Sweden AB","url":"https:\/\/beyondx.se\/no\/","logo":{"@type":"ImageObject","inLanguage":"nb-NO","@id":"https:\/\/beyondx.se\/no\/#\/schema\/logo\/image\/","url":"https:\/\/beyondx.se\/wp-content\/uploads\/2023\/08\/bx-logo.svg","contentUrl":"https:\/\/beyondx.se\/wp-content\/uploads\/2023\/08\/bx-logo.svg","width":1,"height":1,"caption":"B-stedt of Sweden AB"},"image":{"@id":"https:\/\/beyondx.se\/no\/#\/schema\/logo\/image\/"}}]}},"_links":{"self":[{"href":"https:\/\/beyondx.se\/no\/wp-json\/wp\/v2\/product\/19733","targetHints":{"allow":["GET"]}}],"collection":[{"href":"https:\/\/beyondx.se\/no\/wp-json\/wp\/v2\/product"}],"about":[{"href":"https:\/\/beyondx.se\/no\/wp-json\/wp\/v2\/types\/product"}],"wp:featuredmedia":[{"embeddable":true,"href":"https:\/\/beyondx.se\/no\/wp-json\/wp\/v2\/media\/133539"}],"wp:attachment":[{"href":"https:\/\/beyondx.se\/no\/wp-json\/wp\/v2\/media?parent=19733"}],"wp:term":[{"taxonomy":"product_cat","embeddable":true,"href":"https:\/\/beyondx.se\/no\/wp-json\/wp\/v2\/product_cat?post=19733"},{"taxonomy":"product_tag","embeddable":true,"href":"https:\/\/beyondx.se\/no\/wp-json\/wp\/v2\/product_tag?post=19733"}],"curies":[{"name":"wp","href":"https:\/\/api.w.org\/{rel}","templated":true}]}}