{"id":19810,"date":"2023-06-30T11:41:48","date_gmt":"2023-06-30T09:41:48","guid":{"rendered":"https:\/\/beyondx.se\/product\/polyfence-20m-long-0-6m-high-with-sewn-tunnels-with-pc-pol\/"},"modified":"2026-04-20T10:30:52","modified_gmt":"2026-04-20T08:30:52","slug":"polyfence-20m-long-0-6m-high-with-sewn-tunnels-with-pc-pol","status":"publish","type":"product","link":"https:\/\/beyondx.se\/no\/produkt\/polyfence-20m-long-0-6m-high-with-sewn-tunnels-with-pc-pol\/","title":{"rendered":"Polyfence 20m long, 0.6m high, with sewn tunnels with PC pol"},"content":{"rendered":"","protected":false},"excerpt":{"rendered":"<p><strong>Polyfence<\/strong> \u00e4r v\u00e5rat mest popul\u00e4ra C-n\u00e4t. De 10mm stora maskorna g\u00f6r det idealt f\u00f6r liftf\u00e5llor, d\u00e5 pj\u00e4xsp\u00e4nnen och stavar inte fastnar i det s\u00e5 l\u00e4tt.<\/p><br \/><p>Det 0,6m h\u00f6ga n\u00e4tet \u00e4r perfekt f\u00f6r att gr\u00e4nsa av barnomr\u00e5den, eller markera startomr\u00e5de f\u00f6r att f\u00e5 fri mark runt start.<\/p><p><strong>Polyfence <\/strong>finns p\u00e5 rulle i 0.3, 0.6 och 1.2m h\u00f6jd, eller med insydda tunnlar varje 2,5m i 5-20meters l\u00e4ngder.<\/p><p>\u00a0<\/p><p><strong>De insydda tunnlarna<\/strong> g\u00f6r det m\u00f6jligt att best\u00e4lla ett n\u00e4t och sedan monter egna k\u00e4ppar. Detta g\u00f6rs enkelt genom att tr\u00e4 k\u00e4ppen igenom den elastiska res\u00e5ren i botten och in i tunneln. K\u00e4ppar fr\u00e5n 27-35mm kan anv\u00e4ndas. S\u00e5 varf\u00f6r inte f\u00e5 nytta av den trasiga slalom- eller B-n\u00e4ts k\u00e4ppen som annars ligger och skr\u00e4par.<\/p><p>\u00a0<\/p><p>\u00a0<\/p><p><br \/><br \/><br \/><br \/><\/p>","protected":false},"featured_media":133777,"template":"","meta":[],"product_cat":[168,165,167],"product_tag":[],"class_list":["post-19810","product","type-product","status-publish","has-post-thumbnail","hentry","product_cat-avsparrning","product_cat-nat","product_cat-avsparrningsnat","brands-beyond-x","fpd-variation-needed"],"yoast_head":"<!-- This site is optimized with the Yoast SEO plugin v21.0 - https:\/\/yoast.com\/wordpress\/plugins\/seo\/ -->\n<title>Polyfence 20m long, 0.6m high, with sewn tunnels with PC pol - Beyond-X<\/title>\n<meta name=\"robots\" content=\"index, follow, max-snippet:-1, max-image-preview:large, max-video-preview:-1\" \/>\n<link rel=\"canonical\" href=\"https:\/\/beyondx.se\/no\/produkt\/polyfence-20m-long-0-6m-high-with-sewn-tunnels-with-pc-pol\/\" \/>\n<meta property=\"og:locale\" content=\"nb_NO\" \/>\n<meta property=\"og:type\" content=\"article\" \/>\n<meta property=\"og:title\" content=\"Polyfence 20m long, 0.6m high, with sewn tunnels with PC pol - Beyond-X\" \/>\n<meta property=\"og:description\" content=\"Polyfence \u00e4r v\u00e5rat mest popul\u00e4ra C-n\u00e4t. De 10mm stora maskorna g\u00f6r det idealt f\u00f6r liftf\u00e5llor, d\u00e5 pj\u00e4xsp\u00e4nnen och stavar inte fastnar i det s\u00e5 l\u00e4tt.Det 0,6m h\u00f6ga n\u00e4tet \u00e4r perfekt f\u00f6r att gr\u00e4nsa av barnomr\u00e5den, eller markera startomr\u00e5de f\u00f6r att f\u00e5 fri mark runt start.Polyfence finns p\u00e5 rulle i 0.3, 0.6 och 1.2m h\u00f6jd, eller med insydda tunnlar varje 2,5m i 5-20meters l\u00e4ngder.\u00a0De insydda tunnlarna g\u00f6r det m\u00f6jligt att best\u00e4lla ett n\u00e4t och sedan monter egna k\u00e4ppar. Detta g\u00f6rs enkelt genom att tr\u00e4 k\u00e4ppen igenom den elastiska res\u00e5ren i botten och in i tunneln. K\u00e4ppar fr\u00e5n 27-35mm kan anv\u00e4ndas. S\u00e5 varf\u00f6r inte f\u00e5 nytta av den trasiga slalom- eller B-n\u00e4ts k\u00e4ppen som annars ligger och skr\u00e4par.\u00a0\u00a0\" \/>\n<meta property=\"og:url\" content=\"https:\/\/beyondx.se\/no\/produkt\/polyfence-20m-long-0-6m-high-with-sewn-tunnels-with-pc-pol\/\" \/>\n<meta property=\"og:site_name\" content=\"Beyond-X\" \/>\n<meta property=\"article:modified_time\" content=\"2026-04-20T08:30:52+00:00\" \/>\n<meta property=\"og:image\" content=\"https:\/\/beyondx.se\/wp-content\/uploads\/2023\/10\/P0.6PC-L20-WP-BU_1-16.gif\" \/>\n\t<meta property=\"og:image:width\" content=\"800\" \/>\n\t<meta property=\"og:image:height\" content=\"632\" \/>\n\t<meta property=\"og:image:type\" content=\"image\/gif\" \/>\n<meta name=\"twitter:card\" content=\"summary_large_image\" \/>\n<script type=\"application\/ld+json\" class=\"yoast-schema-graph\">{\"@context\":\"https:\/\/schema.org\",\"@graph\":[{\"@type\":\"WebPage\",\"@id\":\"https:\/\/beyondx.se\/no\/produkt\/polyfence-20m-long-0-6m-high-with-sewn-tunnels-with-pc-pol\/\",\"url\":\"https:\/\/beyondx.se\/no\/produkt\/polyfence-20m-long-0-6m-high-with-sewn-tunnels-with-pc-pol\/\",\"name\":\"Polyfence 20m long, 0.6m high, with sewn tunnels with PC pol - Beyond-X\",\"isPartOf\":{\"@id\":\"https:\/\/beyondx.se\/no\/#website\"},\"datePublished\":\"2023-06-30T09:41:48+00:00\",\"dateModified\":\"2026-04-20T08:30:52+00:00\",\"breadcrumb\":{\"@id\":\"https:\/\/beyondx.se\/no\/produkt\/polyfence-20m-long-0-6m-high-with-sewn-tunnels-with-pc-pol\/#breadcrumb\"},\"inLanguage\":\"nb-NO\",\"potentialAction\":[{\"@type\":\"ReadAction\",\"target\":[\"https:\/\/beyondx.se\/no\/produkt\/polyfence-20m-long-0-6m-high-with-sewn-tunnels-with-pc-pol\/\"]}]},{\"@type\":\"BreadcrumbList\",\"@id\":\"https:\/\/beyondx.se\/no\/produkt\/polyfence-20m-long-0-6m-high-with-sewn-tunnels-with-pc-pol\/#breadcrumb\",\"itemListElement\":[{\"@type\":\"ListItem\",\"position\":1,\"name\":\"Hem\",\"item\":\"https:\/\/beyondx.se\/no\/\"},{\"@type\":\"ListItem\",\"position\":2,\"name\":\"Butik\",\"item\":\"https:\/\/beyondx.se\/no\/butik\/\"},{\"@type\":\"ListItem\",\"position\":3,\"name\":\"Polyfence 20m long, 0.6m high, with sewn tunnels with PC pol\"}]},{\"@type\":\"WebSite\",\"@id\":\"https:\/\/beyondx.se\/no\/#website\",\"url\":\"https:\/\/beyondx.se\/no\/\",\"name\":\"Beyond-X\",\"description\":\"No Bullshit Ski Wear\",\"publisher\":{\"@id\":\"https:\/\/beyondx.se\/no\/#organization\"},\"potentialAction\":[{\"@type\":\"SearchAction\",\"target\":{\"@type\":\"EntryPoint\",\"urlTemplate\":\"https:\/\/beyondx.se\/no\/?s={search_term_string}\"},\"query-input\":\"required name=search_term_string\"}],\"inLanguage\":\"nb-NO\"},{\"@type\":\"Organization\",\"@id\":\"https:\/\/beyondx.se\/no\/#organization\",\"name\":\"B-stedt of Sweden AB\",\"url\":\"https:\/\/beyondx.se\/no\/\",\"logo\":{\"@type\":\"ImageObject\",\"inLanguage\":\"nb-NO\",\"@id\":\"https:\/\/beyondx.se\/no\/#\/schema\/logo\/image\/\",\"url\":\"https:\/\/beyondx.se\/wp-content\/uploads\/2023\/08\/bx-logo.svg\",\"contentUrl\":\"https:\/\/beyondx.se\/wp-content\/uploads\/2023\/08\/bx-logo.svg\",\"width\":1,\"height\":1,\"caption\":\"B-stedt of Sweden AB\"},\"image\":{\"@id\":\"https:\/\/beyondx.se\/no\/#\/schema\/logo\/image\/\"}}]}<\/script>\n<!-- \/ Yoast SEO plugin. -->","yoast_head_json":{"title":"Polyfence 20m long, 0.6m high, with sewn tunnels with PC pol - Beyond-X","robots":{"index":"index","follow":"follow","max-snippet":"max-snippet:-1","max-image-preview":"max-image-preview:large","max-video-preview":"max-video-preview:-1"},"canonical":"https:\/\/beyondx.se\/no\/produkt\/polyfence-20m-long-0-6m-high-with-sewn-tunnels-with-pc-pol\/","og_locale":"nb_NO","og_type":"article","og_title":"Polyfence 20m long, 0.6m high, with sewn tunnels with PC pol - Beyond-X","og_description":"Polyfence \u00e4r v\u00e5rat mest popul\u00e4ra C-n\u00e4t. De 10mm stora maskorna g\u00f6r det idealt f\u00f6r liftf\u00e5llor, d\u00e5 pj\u00e4xsp\u00e4nnen och stavar inte fastnar i det s\u00e5 l\u00e4tt.Det 0,6m h\u00f6ga n\u00e4tet \u00e4r perfekt f\u00f6r att gr\u00e4nsa av barnomr\u00e5den, eller markera startomr\u00e5de f\u00f6r att f\u00e5 fri mark runt start.Polyfence finns p\u00e5 rulle i 0.3, 0.6 och 1.2m h\u00f6jd, eller med insydda tunnlar varje 2,5m i 5-20meters l\u00e4ngder.\u00a0De insydda tunnlarna g\u00f6r det m\u00f6jligt att best\u00e4lla ett n\u00e4t och sedan monter egna k\u00e4ppar. Detta g\u00f6rs enkelt genom att tr\u00e4 k\u00e4ppen igenom den elastiska res\u00e5ren i botten och in i tunneln. K\u00e4ppar fr\u00e5n 27-35mm kan anv\u00e4ndas. S\u00e5 varf\u00f6r inte f\u00e5 nytta av den trasiga slalom- eller B-n\u00e4ts k\u00e4ppen som annars ligger och skr\u00e4par.\u00a0\u00a0","og_url":"https:\/\/beyondx.se\/no\/produkt\/polyfence-20m-long-0-6m-high-with-sewn-tunnels-with-pc-pol\/","og_site_name":"Beyond-X","article_modified_time":"2026-04-20T08:30:52+00:00","og_image":[{"width":800,"height":632,"url":"https:\/\/beyondx.se\/wp-content\/uploads\/2023\/10\/P0.6PC-L20-WP-BU_1-16.gif","type":"image\/gif"}],"twitter_card":"summary_large_image","schema":{"@context":"https:\/\/schema.org","@graph":[{"@type":"WebPage","@id":"https:\/\/beyondx.se\/no\/produkt\/polyfence-20m-long-0-6m-high-with-sewn-tunnels-with-pc-pol\/","url":"https:\/\/beyondx.se\/no\/produkt\/polyfence-20m-long-0-6m-high-with-sewn-tunnels-with-pc-pol\/","name":"Polyfence 20m long, 0.6m high, with sewn tunnels with PC pol - Beyond-X","isPartOf":{"@id":"https:\/\/beyondx.se\/no\/#website"},"datePublished":"2023-06-30T09:41:48+00:00","dateModified":"2026-04-20T08:30:52+00:00","breadcrumb":{"@id":"https:\/\/beyondx.se\/no\/produkt\/polyfence-20m-long-0-6m-high-with-sewn-tunnels-with-pc-pol\/#breadcrumb"},"inLanguage":"nb-NO","potentialAction":[{"@type":"ReadAction","target":["https:\/\/beyondx.se\/no\/produkt\/polyfence-20m-long-0-6m-high-with-sewn-tunnels-with-pc-pol\/"]}]},{"@type":"BreadcrumbList","@id":"https:\/\/beyondx.se\/no\/produkt\/polyfence-20m-long-0-6m-high-with-sewn-tunnels-with-pc-pol\/#breadcrumb","itemListElement":[{"@type":"ListItem","position":1,"name":"Hem","item":"https:\/\/beyondx.se\/no\/"},{"@type":"ListItem","position":2,"name":"Butik","item":"https:\/\/beyondx.se\/no\/butik\/"},{"@type":"ListItem","position":3,"name":"Polyfence 20m long, 0.6m high, with sewn tunnels with PC pol"}]},{"@type":"WebSite","@id":"https:\/\/beyondx.se\/no\/#website","url":"https:\/\/beyondx.se\/no\/","name":"Beyond-X","description":"No Bullshit Ski Wear","publisher":{"@id":"https:\/\/beyondx.se\/no\/#organization"},"potentialAction":[{"@type":"SearchAction","target":{"@type":"EntryPoint","urlTemplate":"https:\/\/beyondx.se\/no\/?s={search_term_string}"},"query-input":"required name=search_term_string"}],"inLanguage":"nb-NO"},{"@type":"Organization","@id":"https:\/\/beyondx.se\/no\/#organization","name":"B-stedt of Sweden AB","url":"https:\/\/beyondx.se\/no\/","logo":{"@type":"ImageObject","inLanguage":"nb-NO","@id":"https:\/\/beyondx.se\/no\/#\/schema\/logo\/image\/","url":"https:\/\/beyondx.se\/wp-content\/uploads\/2023\/08\/bx-logo.svg","contentUrl":"https:\/\/beyondx.se\/wp-content\/uploads\/2023\/08\/bx-logo.svg","width":1,"height":1,"caption":"B-stedt of Sweden AB"},"image":{"@id":"https:\/\/beyondx.se\/no\/#\/schema\/logo\/image\/"}}]}},"_links":{"self":[{"href":"https:\/\/beyondx.se\/no\/wp-json\/wp\/v2\/product\/19810","targetHints":{"allow":["GET"]}}],"collection":[{"href":"https:\/\/beyondx.se\/no\/wp-json\/wp\/v2\/product"}],"about":[{"href":"https:\/\/beyondx.se\/no\/wp-json\/wp\/v2\/types\/product"}],"wp:featuredmedia":[{"embeddable":true,"href":"https:\/\/beyondx.se\/no\/wp-json\/wp\/v2\/media\/133777"}],"wp:attachment":[{"href":"https:\/\/beyondx.se\/no\/wp-json\/wp\/v2\/media?parent=19810"}],"wp:term":[{"taxonomy":"product_cat","embeddable":true,"href":"https:\/\/beyondx.se\/no\/wp-json\/wp\/v2\/product_cat?post=19810"},{"taxonomy":"product_tag","embeddable":true,"href":"https:\/\/beyondx.se\/no\/wp-json\/wp\/v2\/product_tag?post=19810"}],"curies":[{"name":"wp","href":"https:\/\/api.w.org\/{rel}","templated":true}]}}