{"id":19860,"date":"2023-06-30T11:42:02","date_gmt":"2023-06-30T09:42:02","guid":{"rendered":"https:\/\/beyondx.se\/product\/b-net-pole-35mm-o-x-180cm-printed-blue-for-1-3m-high-b\/"},"modified":"2026-05-01T10:21:33","modified_gmt":"2026-05-01T08:21:33","slug":"b-net-pole-35mm-o-x-180cm-printed-blue-for-1-3m-high-b","status":"publish","type":"product","link":"https:\/\/beyondx.se\/no\/produkt\/b-net-pole-35mm-o-x-180cm-printed-blue-for-1-3m-high-b\/","title":{"rendered":"B-net pole (35mm \u00f8 x 180cm) (printed)  Blue (for 1.3m high B"},"content":{"rendered":"","protected":false},"excerpt":{"rendered":"B-n\u00e4tk\u00e4pp f\u00f6r &#8220;B-n\u00e4t mini&#8221;    M\u00e5tt: 35mm x 180cm    F\u00e4rg: Bl\u00e5","protected":false},"featured_media":19859,"template":"","meta":[],"product_cat":[166],"product_tag":[],"class_list":["post-19860","product","type-product","status-publish","has-post-thumbnail","hentry","product_cat-sakerhetsnat","product_shipping_class-paket-over-175cm","brands-beyond-x","fpd-variation-needed"],"yoast_head":"<!-- This site is optimized with the Yoast SEO plugin v21.0 - https:\/\/yoast.com\/wordpress\/plugins\/seo\/ -->\n<title>B-net pole (35mm \u00f8 x 180cm) (printed) Blue (for 1.3m high B - Beyond-X<\/title>\n<meta name=\"robots\" content=\"index, follow, max-snippet:-1, max-image-preview:large, max-video-preview:-1\" \/>\n<link rel=\"canonical\" href=\"https:\/\/beyondx.se\/no\/produkt\/b-net-pole-35mm-o-x-180cm-printed-blue-for-1-3m-high-b\/\" \/>\n<meta property=\"og:locale\" content=\"nb_NO\" \/>\n<meta property=\"og:type\" content=\"article\" \/>\n<meta property=\"og:title\" content=\"B-net pole (35mm \u00f8 x 180cm) (printed) Blue (for 1.3m high B - Beyond-X\" \/>\n<meta property=\"og:description\" content=\"B-n\u00e4tk\u00e4pp f\u00f6r &quot;B-n\u00e4t mini&quot;  M\u00e5tt: 35mm x 180cm  F\u00e4rg: Bl\u00e5\" \/>\n<meta property=\"og:url\" content=\"https:\/\/beyondx.se\/no\/produkt\/b-net-pole-35mm-o-x-180cm-printed-blue-for-1-3m-high-b\/\" \/>\n<meta property=\"og:site_name\" content=\"Beyond-X\" \/>\n<meta property=\"article:modified_time\" content=\"2026-05-01T08:21:33+00:00\" \/>\n<meta property=\"og:image\" content=\"https:\/\/beyondx.se\/wp-content\/uploads\/2023\/06\/PC180-35-BU_1.jpg\" \/>\n\t<meta property=\"og:image:width\" content=\"800\" \/>\n\t<meta property=\"og:image:height\" content=\"800\" \/>\n\t<meta property=\"og:image:type\" content=\"image\/jpeg\" \/>\n<meta name=\"twitter:card\" content=\"summary_large_image\" \/>\n<script type=\"application\/ld+json\" class=\"yoast-schema-graph\">{\"@context\":\"https:\/\/schema.org\",\"@graph\":[{\"@type\":\"WebPage\",\"@id\":\"https:\/\/beyondx.se\/no\/produkt\/b-net-pole-35mm-o-x-180cm-printed-blue-for-1-3m-high-b\/\",\"url\":\"https:\/\/beyondx.se\/no\/produkt\/b-net-pole-35mm-o-x-180cm-printed-blue-for-1-3m-high-b\/\",\"name\":\"B-net pole (35mm \u00f8 x 180cm) (printed) Blue (for 1.3m high B - Beyond-X\",\"isPartOf\":{\"@id\":\"https:\/\/beyondx.se\/no\/#website\"},\"datePublished\":\"2023-06-30T09:42:02+00:00\",\"dateModified\":\"2026-05-01T08:21:33+00:00\",\"breadcrumb\":{\"@id\":\"https:\/\/beyondx.se\/no\/produkt\/b-net-pole-35mm-o-x-180cm-printed-blue-for-1-3m-high-b\/#breadcrumb\"},\"inLanguage\":\"nb-NO\",\"potentialAction\":[{\"@type\":\"ReadAction\",\"target\":[\"https:\/\/beyondx.se\/no\/produkt\/b-net-pole-35mm-o-x-180cm-printed-blue-for-1-3m-high-b\/\"]}]},{\"@type\":\"BreadcrumbList\",\"@id\":\"https:\/\/beyondx.se\/no\/produkt\/b-net-pole-35mm-o-x-180cm-printed-blue-for-1-3m-high-b\/#breadcrumb\",\"itemListElement\":[{\"@type\":\"ListItem\",\"position\":1,\"name\":\"Hem\",\"item\":\"https:\/\/beyondx.se\/no\/\"},{\"@type\":\"ListItem\",\"position\":2,\"name\":\"Butik\",\"item\":\"https:\/\/beyondx.se\/no\/butik\/\"},{\"@type\":\"ListItem\",\"position\":3,\"name\":\"B-net pole (35mm \u00f8 x 180cm) (printed) Blue (for 1.3m high B\"}]},{\"@type\":\"WebSite\",\"@id\":\"https:\/\/beyondx.se\/no\/#website\",\"url\":\"https:\/\/beyondx.se\/no\/\",\"name\":\"Beyond-X\",\"description\":\"No Bullshit Ski Wear\",\"publisher\":{\"@id\":\"https:\/\/beyondx.se\/no\/#organization\"},\"potentialAction\":[{\"@type\":\"SearchAction\",\"target\":{\"@type\":\"EntryPoint\",\"urlTemplate\":\"https:\/\/beyondx.se\/no\/?s={search_term_string}\"},\"query-input\":\"required name=search_term_string\"}],\"inLanguage\":\"nb-NO\"},{\"@type\":\"Organization\",\"@id\":\"https:\/\/beyondx.se\/no\/#organization\",\"name\":\"B-stedt of Sweden AB\",\"url\":\"https:\/\/beyondx.se\/no\/\",\"logo\":{\"@type\":\"ImageObject\",\"inLanguage\":\"nb-NO\",\"@id\":\"https:\/\/beyondx.se\/no\/#\/schema\/logo\/image\/\",\"url\":\"https:\/\/beyondx.se\/wp-content\/uploads\/2023\/08\/bx-logo.svg\",\"contentUrl\":\"https:\/\/beyondx.se\/wp-content\/uploads\/2023\/08\/bx-logo.svg\",\"width\":1,\"height\":1,\"caption\":\"B-stedt of Sweden AB\"},\"image\":{\"@id\":\"https:\/\/beyondx.se\/no\/#\/schema\/logo\/image\/\"}}]}<\/script>\n<!-- \/ Yoast SEO plugin. -->","yoast_head_json":{"title":"B-net pole (35mm \u00f8 x 180cm) (printed) Blue (for 1.3m high B - Beyond-X","robots":{"index":"index","follow":"follow","max-snippet":"max-snippet:-1","max-image-preview":"max-image-preview:large","max-video-preview":"max-video-preview:-1"},"canonical":"https:\/\/beyondx.se\/no\/produkt\/b-net-pole-35mm-o-x-180cm-printed-blue-for-1-3m-high-b\/","og_locale":"nb_NO","og_type":"article","og_title":"B-net pole (35mm \u00f8 x 180cm) (printed) Blue (for 1.3m high B - Beyond-X","og_description":"B-n\u00e4tk\u00e4pp f\u00f6r \"B-n\u00e4t mini\"  M\u00e5tt: 35mm x 180cm  F\u00e4rg: Bl\u00e5","og_url":"https:\/\/beyondx.se\/no\/produkt\/b-net-pole-35mm-o-x-180cm-printed-blue-for-1-3m-high-b\/","og_site_name":"Beyond-X","article_modified_time":"2026-05-01T08:21:33+00:00","og_image":[{"width":800,"height":800,"url":"https:\/\/beyondx.se\/wp-content\/uploads\/2023\/06\/PC180-35-BU_1.jpg","type":"image\/jpeg"}],"twitter_card":"summary_large_image","schema":{"@context":"https:\/\/schema.org","@graph":[{"@type":"WebPage","@id":"https:\/\/beyondx.se\/no\/produkt\/b-net-pole-35mm-o-x-180cm-printed-blue-for-1-3m-high-b\/","url":"https:\/\/beyondx.se\/no\/produkt\/b-net-pole-35mm-o-x-180cm-printed-blue-for-1-3m-high-b\/","name":"B-net pole (35mm \u00f8 x 180cm) (printed) Blue (for 1.3m high B - Beyond-X","isPartOf":{"@id":"https:\/\/beyondx.se\/no\/#website"},"datePublished":"2023-06-30T09:42:02+00:00","dateModified":"2026-05-01T08:21:33+00:00","breadcrumb":{"@id":"https:\/\/beyondx.se\/no\/produkt\/b-net-pole-35mm-o-x-180cm-printed-blue-for-1-3m-high-b\/#breadcrumb"},"inLanguage":"nb-NO","potentialAction":[{"@type":"ReadAction","target":["https:\/\/beyondx.se\/no\/produkt\/b-net-pole-35mm-o-x-180cm-printed-blue-for-1-3m-high-b\/"]}]},{"@type":"BreadcrumbList","@id":"https:\/\/beyondx.se\/no\/produkt\/b-net-pole-35mm-o-x-180cm-printed-blue-for-1-3m-high-b\/#breadcrumb","itemListElement":[{"@type":"ListItem","position":1,"name":"Hem","item":"https:\/\/beyondx.se\/no\/"},{"@type":"ListItem","position":2,"name":"Butik","item":"https:\/\/beyondx.se\/no\/butik\/"},{"@type":"ListItem","position":3,"name":"B-net pole (35mm \u00f8 x 180cm) (printed) Blue (for 1.3m high B"}]},{"@type":"WebSite","@id":"https:\/\/beyondx.se\/no\/#website","url":"https:\/\/beyondx.se\/no\/","name":"Beyond-X","description":"No Bullshit Ski Wear","publisher":{"@id":"https:\/\/beyondx.se\/no\/#organization"},"potentialAction":[{"@type":"SearchAction","target":{"@type":"EntryPoint","urlTemplate":"https:\/\/beyondx.se\/no\/?s={search_term_string}"},"query-input":"required name=search_term_string"}],"inLanguage":"nb-NO"},{"@type":"Organization","@id":"https:\/\/beyondx.se\/no\/#organization","name":"B-stedt of Sweden AB","url":"https:\/\/beyondx.se\/no\/","logo":{"@type":"ImageObject","inLanguage":"nb-NO","@id":"https:\/\/beyondx.se\/no\/#\/schema\/logo\/image\/","url":"https:\/\/beyondx.se\/wp-content\/uploads\/2023\/08\/bx-logo.svg","contentUrl":"https:\/\/beyondx.se\/wp-content\/uploads\/2023\/08\/bx-logo.svg","width":1,"height":1,"caption":"B-stedt of Sweden AB"},"image":{"@id":"https:\/\/beyondx.se\/no\/#\/schema\/logo\/image\/"}}]}},"_links":{"self":[{"href":"https:\/\/beyondx.se\/no\/wp-json\/wp\/v2\/product\/19860","targetHints":{"allow":["GET"]}}],"collection":[{"href":"https:\/\/beyondx.se\/no\/wp-json\/wp\/v2\/product"}],"about":[{"href":"https:\/\/beyondx.se\/no\/wp-json\/wp\/v2\/types\/product"}],"wp:featuredmedia":[{"embeddable":true,"href":"https:\/\/beyondx.se\/no\/wp-json\/wp\/v2\/media\/19859"}],"wp:attachment":[{"href":"https:\/\/beyondx.se\/no\/wp-json\/wp\/v2\/media?parent=19860"}],"wp:term":[{"taxonomy":"product_cat","embeddable":true,"href":"https:\/\/beyondx.se\/no\/wp-json\/wp\/v2\/product_cat?post=19860"},{"taxonomy":"product_tag","embeddable":true,"href":"https:\/\/beyondx.se\/no\/wp-json\/wp\/v2\/product_tag?post=19860"}],"curies":[{"name":"wp","href":"https:\/\/api.w.org\/{rel}","templated":true}]}}