{"id":19906,"date":"2023-06-30T11:42:19","date_gmt":"2023-06-30T09:42:19","guid":{"rendered":"https:\/\/beyondx.se\/product\/complete-80cm-long-elastic-strap-with-quickclip-2\/"},"modified":"2026-05-02T10:27:50","modified_gmt":"2026-05-02T08:27:50","slug":"complete-80cm-long-elastic-strap-with-quickclip-2","status":"publish","type":"product","link":"https:\/\/beyondx.se\/no\/produkt\/complete-80cm-long-elastic-strap-with-quickclip-2\/","title":{"rendered":"Complete 80cm long elastic strap with QuickClip"},"content":{"rendered":"","protected":false},"excerpt":{"rendered":"Heavy Duty 8mm elastiskt buntband med h\u00f6g UV-resistans.  R\u00f6d f\u00e4rg p\u00e5 buntbandet s\u00e5 det syns v\u00e4l i sn\u00f6n.  Med quickclip l\u00e5sning. 80cm l\u00e5ngt buntband.","protected":false},"featured_media":19905,"template":"","meta":[],"product_cat":[164],"product_tag":[],"class_list":["post-19906","product","type-product","status-publish","has-post-thumbnail","hentry","product_cat-reservdelar-tillbehor","brands-beyond-x","fpd-variation-needed"],"yoast_head":"<!-- This site is optimized with the Yoast SEO plugin v21.0 - https:\/\/yoast.com\/wordpress\/plugins\/seo\/ -->\n<title>Complete 80cm long elastic strap with QuickClip - Beyond-X<\/title>\n<meta name=\"robots\" content=\"index, follow, max-snippet:-1, max-image-preview:large, max-video-preview:-1\" \/>\n<link rel=\"canonical\" href=\"https:\/\/beyondx.se\/no\/produkt\/complete-80cm-long-elastic-strap-with-quickclip-2\/\" \/>\n<meta property=\"og:locale\" content=\"nb_NO\" \/>\n<meta property=\"og:type\" content=\"article\" \/>\n<meta property=\"og:title\" content=\"Complete 80cm long elastic strap with QuickClip - Beyond-X\" \/>\n<meta property=\"og:description\" content=\"Heavy Duty 8mm elastiskt buntband med h\u00f6g UV-resistans. R\u00f6d f\u00e4rg p\u00e5 buntbandet s\u00e5 det syns v\u00e4l i sn\u00f6n. Med quickclip l\u00e5sning. 80cm l\u00e5ngt buntband.\" \/>\n<meta property=\"og:url\" content=\"https:\/\/beyondx.se\/no\/produkt\/complete-80cm-long-elastic-strap-with-quickclip-2\/\" \/>\n<meta property=\"og:site_name\" content=\"Beyond-X\" \/>\n<meta property=\"article:modified_time\" content=\"2026-05-02T08:27:50+00:00\" \/>\n<meta property=\"og:image\" content=\"https:\/\/beyondx.se\/wp-content\/uploads\/2023\/06\/QCLIP80_1.png\" \/>\n\t<meta property=\"og:image:width\" content=\"564\" \/>\n\t<meta property=\"og:image:height\" content=\"800\" \/>\n\t<meta property=\"og:image:type\" content=\"image\/png\" \/>\n<meta name=\"twitter:card\" content=\"summary_large_image\" \/>\n<script type=\"application\/ld+json\" class=\"yoast-schema-graph\">{\"@context\":\"https:\/\/schema.org\",\"@graph\":[{\"@type\":\"WebPage\",\"@id\":\"https:\/\/beyondx.se\/no\/produkt\/complete-80cm-long-elastic-strap-with-quickclip-2\/\",\"url\":\"https:\/\/beyondx.se\/no\/produkt\/complete-80cm-long-elastic-strap-with-quickclip-2\/\",\"name\":\"Complete 80cm long elastic strap with QuickClip - Beyond-X\",\"isPartOf\":{\"@id\":\"https:\/\/beyondx.se\/no\/#website\"},\"datePublished\":\"2023-06-30T09:42:19+00:00\",\"dateModified\":\"2026-05-02T08:27:50+00:00\",\"breadcrumb\":{\"@id\":\"https:\/\/beyondx.se\/no\/produkt\/complete-80cm-long-elastic-strap-with-quickclip-2\/#breadcrumb\"},\"inLanguage\":\"nb-NO\",\"potentialAction\":[{\"@type\":\"ReadAction\",\"target\":[\"https:\/\/beyondx.se\/no\/produkt\/complete-80cm-long-elastic-strap-with-quickclip-2\/\"]}]},{\"@type\":\"BreadcrumbList\",\"@id\":\"https:\/\/beyondx.se\/no\/produkt\/complete-80cm-long-elastic-strap-with-quickclip-2\/#breadcrumb\",\"itemListElement\":[{\"@type\":\"ListItem\",\"position\":1,\"name\":\"Hem\",\"item\":\"https:\/\/beyondx.se\/no\/\"},{\"@type\":\"ListItem\",\"position\":2,\"name\":\"Butik\",\"item\":\"https:\/\/beyondx.se\/no\/butik\/\"},{\"@type\":\"ListItem\",\"position\":3,\"name\":\"Complete 80cm long elastic strap with QuickClip\"}]},{\"@type\":\"WebSite\",\"@id\":\"https:\/\/beyondx.se\/no\/#website\",\"url\":\"https:\/\/beyondx.se\/no\/\",\"name\":\"Beyond-X\",\"description\":\"No Bullshit Ski Wear\",\"publisher\":{\"@id\":\"https:\/\/beyondx.se\/no\/#organization\"},\"potentialAction\":[{\"@type\":\"SearchAction\",\"target\":{\"@type\":\"EntryPoint\",\"urlTemplate\":\"https:\/\/beyondx.se\/no\/?s={search_term_string}\"},\"query-input\":\"required name=search_term_string\"}],\"inLanguage\":\"nb-NO\"},{\"@type\":\"Organization\",\"@id\":\"https:\/\/beyondx.se\/no\/#organization\",\"name\":\"B-stedt of Sweden AB\",\"url\":\"https:\/\/beyondx.se\/no\/\",\"logo\":{\"@type\":\"ImageObject\",\"inLanguage\":\"nb-NO\",\"@id\":\"https:\/\/beyondx.se\/no\/#\/schema\/logo\/image\/\",\"url\":\"https:\/\/beyondx.se\/wp-content\/uploads\/2023\/08\/bx-logo.svg\",\"contentUrl\":\"https:\/\/beyondx.se\/wp-content\/uploads\/2023\/08\/bx-logo.svg\",\"width\":1,\"height\":1,\"caption\":\"B-stedt of Sweden AB\"},\"image\":{\"@id\":\"https:\/\/beyondx.se\/no\/#\/schema\/logo\/image\/\"}}]}<\/script>\n<!-- \/ Yoast SEO plugin. -->","yoast_head_json":{"title":"Complete 80cm long elastic strap with QuickClip - Beyond-X","robots":{"index":"index","follow":"follow","max-snippet":"max-snippet:-1","max-image-preview":"max-image-preview:large","max-video-preview":"max-video-preview:-1"},"canonical":"https:\/\/beyondx.se\/no\/produkt\/complete-80cm-long-elastic-strap-with-quickclip-2\/","og_locale":"nb_NO","og_type":"article","og_title":"Complete 80cm long elastic strap with QuickClip - Beyond-X","og_description":"Heavy Duty 8mm elastiskt buntband med h\u00f6g UV-resistans. R\u00f6d f\u00e4rg p\u00e5 buntbandet s\u00e5 det syns v\u00e4l i sn\u00f6n. Med quickclip l\u00e5sning. 80cm l\u00e5ngt buntband.","og_url":"https:\/\/beyondx.se\/no\/produkt\/complete-80cm-long-elastic-strap-with-quickclip-2\/","og_site_name":"Beyond-X","article_modified_time":"2026-05-02T08:27:50+00:00","og_image":[{"width":564,"height":800,"url":"https:\/\/beyondx.se\/wp-content\/uploads\/2023\/06\/QCLIP80_1.png","type":"image\/png"}],"twitter_card":"summary_large_image","schema":{"@context":"https:\/\/schema.org","@graph":[{"@type":"WebPage","@id":"https:\/\/beyondx.se\/no\/produkt\/complete-80cm-long-elastic-strap-with-quickclip-2\/","url":"https:\/\/beyondx.se\/no\/produkt\/complete-80cm-long-elastic-strap-with-quickclip-2\/","name":"Complete 80cm long elastic strap with QuickClip - Beyond-X","isPartOf":{"@id":"https:\/\/beyondx.se\/no\/#website"},"datePublished":"2023-06-30T09:42:19+00:00","dateModified":"2026-05-02T08:27:50+00:00","breadcrumb":{"@id":"https:\/\/beyondx.se\/no\/produkt\/complete-80cm-long-elastic-strap-with-quickclip-2\/#breadcrumb"},"inLanguage":"nb-NO","potentialAction":[{"@type":"ReadAction","target":["https:\/\/beyondx.se\/no\/produkt\/complete-80cm-long-elastic-strap-with-quickclip-2\/"]}]},{"@type":"BreadcrumbList","@id":"https:\/\/beyondx.se\/no\/produkt\/complete-80cm-long-elastic-strap-with-quickclip-2\/#breadcrumb","itemListElement":[{"@type":"ListItem","position":1,"name":"Hem","item":"https:\/\/beyondx.se\/no\/"},{"@type":"ListItem","position":2,"name":"Butik","item":"https:\/\/beyondx.se\/no\/butik\/"},{"@type":"ListItem","position":3,"name":"Complete 80cm long elastic strap with QuickClip"}]},{"@type":"WebSite","@id":"https:\/\/beyondx.se\/no\/#website","url":"https:\/\/beyondx.se\/no\/","name":"Beyond-X","description":"No Bullshit Ski Wear","publisher":{"@id":"https:\/\/beyondx.se\/no\/#organization"},"potentialAction":[{"@type":"SearchAction","target":{"@type":"EntryPoint","urlTemplate":"https:\/\/beyondx.se\/no\/?s={search_term_string}"},"query-input":"required name=search_term_string"}],"inLanguage":"nb-NO"},{"@type":"Organization","@id":"https:\/\/beyondx.se\/no\/#organization","name":"B-stedt of Sweden AB","url":"https:\/\/beyondx.se\/no\/","logo":{"@type":"ImageObject","inLanguage":"nb-NO","@id":"https:\/\/beyondx.se\/no\/#\/schema\/logo\/image\/","url":"https:\/\/beyondx.se\/wp-content\/uploads\/2023\/08\/bx-logo.svg","contentUrl":"https:\/\/beyondx.se\/wp-content\/uploads\/2023\/08\/bx-logo.svg","width":1,"height":1,"caption":"B-stedt of Sweden AB"},"image":{"@id":"https:\/\/beyondx.se\/no\/#\/schema\/logo\/image\/"}}]}},"_links":{"self":[{"href":"https:\/\/beyondx.se\/no\/wp-json\/wp\/v2\/product\/19906","targetHints":{"allow":["GET"]}}],"collection":[{"href":"https:\/\/beyondx.se\/no\/wp-json\/wp\/v2\/product"}],"about":[{"href":"https:\/\/beyondx.se\/no\/wp-json\/wp\/v2\/types\/product"}],"wp:featuredmedia":[{"embeddable":true,"href":"https:\/\/beyondx.se\/no\/wp-json\/wp\/v2\/media\/19905"}],"wp:attachment":[{"href":"https:\/\/beyondx.se\/no\/wp-json\/wp\/v2\/media?parent=19906"}],"wp:term":[{"taxonomy":"product_cat","embeddable":true,"href":"https:\/\/beyondx.se\/no\/wp-json\/wp\/v2\/product_cat?post=19906"},{"taxonomy":"product_tag","embeddable":true,"href":"https:\/\/beyondx.se\/no\/wp-json\/wp\/v2\/product_tag?post=19906"}],"curies":[{"name":"wp","href":"https:\/\/api.w.org\/{rel}","templated":true}]}}