{"id":20035,"date":"2023-06-30T11:43:01","date_gmt":"2023-06-30T09:43:01","guid":{"rendered":"https:\/\/beyondx.se\/product\/8cm-thick-red-matress-1x2m\/"},"modified":"2026-05-02T02:58:10","modified_gmt":"2026-05-02T00:58:10","slug":"8cm-thick-red-matress-1x2m","status":"publish","type":"product","link":"https:\/\/beyondx.se\/no\/produkt\/8cm-thick-red-matress-1x2m\/","title":{"rendered":"8cm thick Red matress 1x2m"},"content":{"rendered":"<p>Skyddsmadrass med 8cm stoppning tillverkad i strukturerad antiglid pvc belagt tyg, utan \u00f6ljetter. Ist\u00e4llet med tre kraftiga v\u00e4vda band som sammankopplas med ett kraftigt plastsp\u00e4nnen. N\u00e5got indragna h\u00f6rn, f\u00f6r enklare montering. Svetsade s\u00f6mmar och skumgummi r\u00f6rmattor med slutna celler som inte absorberar vatten, l\u00e5g vikt, \u00e4r l\u00e4tta att forma runt stolpar, och har h\u00f6g d\u00e4mpningsf\u00f6rm\u00e5ga. Observera att extra frakt tillkommer p\u00e5 denna produkt.<\/p>\n","protected":false},"excerpt":{"rendered":"Skyddsmadrass med 8cm stoppning tillverkad i strukturerad antiglid pvc belagt tyg, utan \u00f6ljetter. Ist\u00e4llet med tre kraftiga v\u00e4vda band som sammankopplas med ett kraftigt plastsp\u00e4nnen. N\u00e5got indragna h\u00f6rn, f\u00f6r enklare montering. Svetsade s\u00f6mmar och skumgummi r\u00f6rmattor med slutna celler som inte absorberar vatten, l\u00e5g vikt, \u00e4r l\u00e4tta att forma runt stolpar, och har h\u00f6g d\u00e4mpningsf\u00f6rm\u00e5ga&#8230;. <a class=\"view-article\" href=\"https:\/\/beyondx.se\/no\/produkt\/8cm-thick-red-matress-1x2m\/\">View Article<\/a>","protected":false},"featured_media":133909,"template":"","meta":[],"product_cat":[148,219,224],"product_tag":[],"class_list":["post-20035","product","type-product","status-publish","has-post-thumbnail","hentry","product_cat-skidanlaggning","product_cat-sakerhet-tillbehor","product_cat-skyddsmadrasser","product_shipping_class-paket-over-200cm","brands-beyond-x","fpd-variation-needed"],"yoast_head":"<!-- This site is optimized with the Yoast SEO plugin v21.0 - https:\/\/yoast.com\/wordpress\/plugins\/seo\/ -->\n<title>8cm thick Red matress 1x2m - Beyond-X<\/title>\n<meta name=\"robots\" content=\"index, follow, max-snippet:-1, max-image-preview:large, max-video-preview:-1\" \/>\n<link rel=\"canonical\" href=\"https:\/\/beyondx.se\/no\/produkt\/8cm-thick-red-matress-1x2m\/\" \/>\n<meta property=\"og:locale\" content=\"nb_NO\" \/>\n<meta property=\"og:type\" content=\"article\" \/>\n<meta property=\"og:title\" content=\"8cm thick Red matress 1x2m - Beyond-X\" \/>\n<meta property=\"og:description\" content=\"Skyddsmadrass med 8cm stoppning tillverkad i strukturerad antiglid pvc belagt tyg, utan \u00f6ljetter. Ist\u00e4llet med tre kraftiga v\u00e4vda band som sammankopplas med ett kraftigt plastsp\u00e4nnen. N\u00e5got indragna h\u00f6rn, f\u00f6r enklare montering. Svetsade s\u00f6mmar och skumgummi r\u00f6rmattor med slutna celler som inte absorberar vatten, l\u00e5g vikt, \u00e4r l\u00e4tta att forma runt stolpar, och har h\u00f6g d\u00e4mpningsf\u00f6rm\u00e5ga.... View Article\" \/>\n<meta property=\"og:url\" content=\"https:\/\/beyondx.se\/no\/produkt\/8cm-thick-red-matress-1x2m\/\" \/>\n<meta property=\"og:site_name\" content=\"Beyond-X\" \/>\n<meta property=\"article:modified_time\" content=\"2026-05-02T00:58:10+00:00\" \/>\n<meta property=\"og:image\" content=\"https:\/\/beyondx.se\/wp-content\/uploads\/2023\/10\/SM1X2-08-RD_1-15.jpg\" \/>\n\t<meta property=\"og:image:width\" content=\"618\" \/>\n\t<meta property=\"og:image:height\" content=\"618\" \/>\n\t<meta property=\"og:image:type\" content=\"image\/jpeg\" \/>\n<meta name=\"twitter:card\" content=\"summary_large_image\" \/>\n<script type=\"application\/ld+json\" class=\"yoast-schema-graph\">{\"@context\":\"https:\/\/schema.org\",\"@graph\":[{\"@type\":\"WebPage\",\"@id\":\"https:\/\/beyondx.se\/no\/produkt\/8cm-thick-red-matress-1x2m\/\",\"url\":\"https:\/\/beyondx.se\/no\/produkt\/8cm-thick-red-matress-1x2m\/\",\"name\":\"8cm thick Red matress 1x2m - Beyond-X\",\"isPartOf\":{\"@id\":\"https:\/\/beyondx.se\/no\/#website\"},\"datePublished\":\"2023-06-30T09:43:01+00:00\",\"dateModified\":\"2026-05-02T00:58:10+00:00\",\"breadcrumb\":{\"@id\":\"https:\/\/beyondx.se\/no\/produkt\/8cm-thick-red-matress-1x2m\/#breadcrumb\"},\"inLanguage\":\"nb-NO\",\"potentialAction\":[{\"@type\":\"ReadAction\",\"target\":[\"https:\/\/beyondx.se\/no\/produkt\/8cm-thick-red-matress-1x2m\/\"]}]},{\"@type\":\"BreadcrumbList\",\"@id\":\"https:\/\/beyondx.se\/no\/produkt\/8cm-thick-red-matress-1x2m\/#breadcrumb\",\"itemListElement\":[{\"@type\":\"ListItem\",\"position\":1,\"name\":\"Hem\",\"item\":\"https:\/\/beyondx.se\/no\/\"},{\"@type\":\"ListItem\",\"position\":2,\"name\":\"Butik\",\"item\":\"https:\/\/beyondx.se\/no\/butik\/\"},{\"@type\":\"ListItem\",\"position\":3,\"name\":\"8cm thick Red matress 1x2m\"}]},{\"@type\":\"WebSite\",\"@id\":\"https:\/\/beyondx.se\/no\/#website\",\"url\":\"https:\/\/beyondx.se\/no\/\",\"name\":\"Beyond-X\",\"description\":\"No Bullshit Ski Wear\",\"publisher\":{\"@id\":\"https:\/\/beyondx.se\/no\/#organization\"},\"potentialAction\":[{\"@type\":\"SearchAction\",\"target\":{\"@type\":\"EntryPoint\",\"urlTemplate\":\"https:\/\/beyondx.se\/no\/?s={search_term_string}\"},\"query-input\":\"required name=search_term_string\"}],\"inLanguage\":\"nb-NO\"},{\"@type\":\"Organization\",\"@id\":\"https:\/\/beyondx.se\/no\/#organization\",\"name\":\"B-stedt of Sweden AB\",\"url\":\"https:\/\/beyondx.se\/no\/\",\"logo\":{\"@type\":\"ImageObject\",\"inLanguage\":\"nb-NO\",\"@id\":\"https:\/\/beyondx.se\/no\/#\/schema\/logo\/image\/\",\"url\":\"https:\/\/beyondx.se\/wp-content\/uploads\/2023\/08\/bx-logo.svg\",\"contentUrl\":\"https:\/\/beyondx.se\/wp-content\/uploads\/2023\/08\/bx-logo.svg\",\"width\":1,\"height\":1,\"caption\":\"B-stedt of Sweden AB\"},\"image\":{\"@id\":\"https:\/\/beyondx.se\/no\/#\/schema\/logo\/image\/\"}}]}<\/script>\n<!-- \/ Yoast SEO plugin. -->","yoast_head_json":{"title":"8cm thick Red matress 1x2m - Beyond-X","robots":{"index":"index","follow":"follow","max-snippet":"max-snippet:-1","max-image-preview":"max-image-preview:large","max-video-preview":"max-video-preview:-1"},"canonical":"https:\/\/beyondx.se\/no\/produkt\/8cm-thick-red-matress-1x2m\/","og_locale":"nb_NO","og_type":"article","og_title":"8cm thick Red matress 1x2m - Beyond-X","og_description":"Skyddsmadrass med 8cm stoppning tillverkad i strukturerad antiglid pvc belagt tyg, utan \u00f6ljetter. Ist\u00e4llet med tre kraftiga v\u00e4vda band som sammankopplas med ett kraftigt plastsp\u00e4nnen. N\u00e5got indragna h\u00f6rn, f\u00f6r enklare montering. Svetsade s\u00f6mmar och skumgummi r\u00f6rmattor med slutna celler som inte absorberar vatten, l\u00e5g vikt, \u00e4r l\u00e4tta att forma runt stolpar, och har h\u00f6g d\u00e4mpningsf\u00f6rm\u00e5ga.... View Article","og_url":"https:\/\/beyondx.se\/no\/produkt\/8cm-thick-red-matress-1x2m\/","og_site_name":"Beyond-X","article_modified_time":"2026-05-02T00:58:10+00:00","og_image":[{"width":618,"height":618,"url":"https:\/\/beyondx.se\/wp-content\/uploads\/2023\/10\/SM1X2-08-RD_1-15.jpg","type":"image\/jpeg"}],"twitter_card":"summary_large_image","schema":{"@context":"https:\/\/schema.org","@graph":[{"@type":"WebPage","@id":"https:\/\/beyondx.se\/no\/produkt\/8cm-thick-red-matress-1x2m\/","url":"https:\/\/beyondx.se\/no\/produkt\/8cm-thick-red-matress-1x2m\/","name":"8cm thick Red matress 1x2m - Beyond-X","isPartOf":{"@id":"https:\/\/beyondx.se\/no\/#website"},"datePublished":"2023-06-30T09:43:01+00:00","dateModified":"2026-05-02T00:58:10+00:00","breadcrumb":{"@id":"https:\/\/beyondx.se\/no\/produkt\/8cm-thick-red-matress-1x2m\/#breadcrumb"},"inLanguage":"nb-NO","potentialAction":[{"@type":"ReadAction","target":["https:\/\/beyondx.se\/no\/produkt\/8cm-thick-red-matress-1x2m\/"]}]},{"@type":"BreadcrumbList","@id":"https:\/\/beyondx.se\/no\/produkt\/8cm-thick-red-matress-1x2m\/#breadcrumb","itemListElement":[{"@type":"ListItem","position":1,"name":"Hem","item":"https:\/\/beyondx.se\/no\/"},{"@type":"ListItem","position":2,"name":"Butik","item":"https:\/\/beyondx.se\/no\/butik\/"},{"@type":"ListItem","position":3,"name":"8cm thick Red matress 1x2m"}]},{"@type":"WebSite","@id":"https:\/\/beyondx.se\/no\/#website","url":"https:\/\/beyondx.se\/no\/","name":"Beyond-X","description":"No Bullshit Ski Wear","publisher":{"@id":"https:\/\/beyondx.se\/no\/#organization"},"potentialAction":[{"@type":"SearchAction","target":{"@type":"EntryPoint","urlTemplate":"https:\/\/beyondx.se\/no\/?s={search_term_string}"},"query-input":"required name=search_term_string"}],"inLanguage":"nb-NO"},{"@type":"Organization","@id":"https:\/\/beyondx.se\/no\/#organization","name":"B-stedt of Sweden AB","url":"https:\/\/beyondx.se\/no\/","logo":{"@type":"ImageObject","inLanguage":"nb-NO","@id":"https:\/\/beyondx.se\/no\/#\/schema\/logo\/image\/","url":"https:\/\/beyondx.se\/wp-content\/uploads\/2023\/08\/bx-logo.svg","contentUrl":"https:\/\/beyondx.se\/wp-content\/uploads\/2023\/08\/bx-logo.svg","width":1,"height":1,"caption":"B-stedt of Sweden AB"},"image":{"@id":"https:\/\/beyondx.se\/no\/#\/schema\/logo\/image\/"}}]}},"_links":{"self":[{"href":"https:\/\/beyondx.se\/no\/wp-json\/wp\/v2\/product\/20035","targetHints":{"allow":["GET"]}}],"collection":[{"href":"https:\/\/beyondx.se\/no\/wp-json\/wp\/v2\/product"}],"about":[{"href":"https:\/\/beyondx.se\/no\/wp-json\/wp\/v2\/types\/product"}],"wp:featuredmedia":[{"embeddable":true,"href":"https:\/\/beyondx.se\/no\/wp-json\/wp\/v2\/media\/133909"}],"wp:attachment":[{"href":"https:\/\/beyondx.se\/no\/wp-json\/wp\/v2\/media?parent=20035"}],"wp:term":[{"taxonomy":"product_cat","embeddable":true,"href":"https:\/\/beyondx.se\/no\/wp-json\/wp\/v2\/product_cat?post=20035"},{"taxonomy":"product_tag","embeddable":true,"href":"https:\/\/beyondx.se\/no\/wp-json\/wp\/v2\/product_tag?post=20035"}],"curies":[{"name":"wp","href":"https:\/\/api.w.org\/{rel}","templated":true}]}}