{"id":20367,"date":"2023-07-20T18:39:09","date_gmt":"2023-07-20T16:39:09","guid":{"rendered":"https:\/\/beyondx.se\/product\/4kg-metal-4-leg-x-base\/"},"modified":"2026-05-05T10:07:58","modified_gmt":"2026-05-05T08:07:58","slug":"4kg-metal-4-leg-x-base","status":"publish","type":"product","link":"https:\/\/beyondx.se\/no\/produkt\/4kg-metal-4-leg-x-base\/","title":{"rendered":"Kryssfot i metall 4 kg"},"content":{"rendered":"<p>Kryssfot i metall. Vikt 4 kg. Kan kombineras med vattentank f\u00f6r att f\u00e5 extra tyngd vid bl\u00e5siga dagar. F\u00e4rg: Gr\u00e5\/Silver<br \/>\nMaterial: Metall<br \/>\nVikt: 3,9kg<br \/>\nStorlek: 83x73x17cm<br \/>\nDiameter p\u00e5 f\u00e4ste: 14,5mm<\/p>\n","protected":false},"excerpt":{"rendered":"<p>Kryssfot i metall. Vikt 4 kg. Kan kombineras med vattentank f&#246;r att f&#229; extra tyngd vid bl&#229;siga dagar. <br \/>F&#228;rg: Gr&#229;\/Silver<br \/>Material: Metall<br \/>Vikt: 3,9kg<br \/>Storlek: 83x73x17cm<br \/>Diameter p&#229; f&#228;ste: 14,5mm<\/p>","protected":false},"featured_media":20366,"template":"","meta":[],"product_cat":[148,174,232],"product_tag":[],"class_list":["post-20367","product","type-product","status-publish","has-post-thumbnail","hentry","product_cat-skidanlaggning","product_cat-banderoller-beachflaggor","product_cat-beachflaggor","brands-beyond-x","fpd-variation-needed"],"yoast_head":"<!-- This site is optimized with the Yoast SEO plugin v21.0 - https:\/\/yoast.com\/wordpress\/plugins\/seo\/ -->\n<title>Kryssfot i metall 4 kg - Beyond-X<\/title>\n<meta name=\"robots\" content=\"index, follow, max-snippet:-1, max-image-preview:large, max-video-preview:-1\" \/>\n<link rel=\"canonical\" href=\"https:\/\/beyondx.se\/no\/produkt\/4kg-metal-4-leg-x-base\/\" \/>\n<meta property=\"og:locale\" content=\"nb_NO\" \/>\n<meta property=\"og:type\" content=\"article\" \/>\n<meta property=\"og:title\" content=\"Kryssfot i metall 4 kg - Beyond-X\" \/>\n<meta property=\"og:description\" content=\"Kryssfot i metall. Vikt 4 kg. Kan kombineras med vattentank f&#246;r att f&#229; extra tyngd vid bl&#229;siga dagar. F&#228;rg: Gr&#229;\/SilverMaterial: MetallVikt: 3,9kgStorlek: 83x73x17cmDiameter p&#229; f&#228;ste: 14,5mm\" \/>\n<meta property=\"og:url\" content=\"https:\/\/beyondx.se\/no\/produkt\/4kg-metal-4-leg-x-base\/\" \/>\n<meta property=\"og:site_name\" content=\"Beyond-X\" \/>\n<meta property=\"article:modified_time\" content=\"2026-05-05T08:07:58+00:00\" \/>\n<meta property=\"og:image\" content=\"https:\/\/beyondx.se\/wp-content\/uploads\/2023\/07\/40111004_1.jpg\" \/>\n\t<meta property=\"og:image:width\" content=\"400\" \/>\n\t<meta property=\"og:image:height\" content=\"400\" \/>\n\t<meta property=\"og:image:type\" content=\"image\/jpeg\" \/>\n<meta name=\"twitter:card\" content=\"summary_large_image\" \/>\n<script type=\"application\/ld+json\" class=\"yoast-schema-graph\">{\"@context\":\"https:\/\/schema.org\",\"@graph\":[{\"@type\":\"WebPage\",\"@id\":\"https:\/\/beyondx.se\/no\/produkt\/4kg-metal-4-leg-x-base\/\",\"url\":\"https:\/\/beyondx.se\/no\/produkt\/4kg-metal-4-leg-x-base\/\",\"name\":\"Kryssfot i metall 4 kg - Beyond-X\",\"isPartOf\":{\"@id\":\"https:\/\/beyondx.se\/no\/#website\"},\"datePublished\":\"2023-07-20T16:39:09+00:00\",\"dateModified\":\"2026-05-05T08:07:58+00:00\",\"breadcrumb\":{\"@id\":\"https:\/\/beyondx.se\/no\/produkt\/4kg-metal-4-leg-x-base\/#breadcrumb\"},\"inLanguage\":\"nb-NO\",\"potentialAction\":[{\"@type\":\"ReadAction\",\"target\":[\"https:\/\/beyondx.se\/no\/produkt\/4kg-metal-4-leg-x-base\/\"]}]},{\"@type\":\"BreadcrumbList\",\"@id\":\"https:\/\/beyondx.se\/no\/produkt\/4kg-metal-4-leg-x-base\/#breadcrumb\",\"itemListElement\":[{\"@type\":\"ListItem\",\"position\":1,\"name\":\"Hem\",\"item\":\"https:\/\/beyondx.se\/no\/\"},{\"@type\":\"ListItem\",\"position\":2,\"name\":\"Butik\",\"item\":\"https:\/\/beyondx.se\/no\/butik\/\"},{\"@type\":\"ListItem\",\"position\":3,\"name\":\"Kryssfot i metall 4 kg\"}]},{\"@type\":\"WebSite\",\"@id\":\"https:\/\/beyondx.se\/no\/#website\",\"url\":\"https:\/\/beyondx.se\/no\/\",\"name\":\"Beyond-X\",\"description\":\"No Bullshit Ski Wear\",\"publisher\":{\"@id\":\"https:\/\/beyondx.se\/no\/#organization\"},\"potentialAction\":[{\"@type\":\"SearchAction\",\"target\":{\"@type\":\"EntryPoint\",\"urlTemplate\":\"https:\/\/beyondx.se\/no\/?s={search_term_string}\"},\"query-input\":\"required name=search_term_string\"}],\"inLanguage\":\"nb-NO\"},{\"@type\":\"Organization\",\"@id\":\"https:\/\/beyondx.se\/no\/#organization\",\"name\":\"B-stedt of Sweden AB\",\"url\":\"https:\/\/beyondx.se\/no\/\",\"logo\":{\"@type\":\"ImageObject\",\"inLanguage\":\"nb-NO\",\"@id\":\"https:\/\/beyondx.se\/no\/#\/schema\/logo\/image\/\",\"url\":\"https:\/\/beyondx.se\/wp-content\/uploads\/2023\/08\/bx-logo.svg\",\"contentUrl\":\"https:\/\/beyondx.se\/wp-content\/uploads\/2023\/08\/bx-logo.svg\",\"width\":1,\"height\":1,\"caption\":\"B-stedt of Sweden AB\"},\"image\":{\"@id\":\"https:\/\/beyondx.se\/no\/#\/schema\/logo\/image\/\"}}]}<\/script>\n<!-- \/ Yoast SEO plugin. -->","yoast_head_json":{"title":"Kryssfot i metall 4 kg - Beyond-X","robots":{"index":"index","follow":"follow","max-snippet":"max-snippet:-1","max-image-preview":"max-image-preview:large","max-video-preview":"max-video-preview:-1"},"canonical":"https:\/\/beyondx.se\/no\/produkt\/4kg-metal-4-leg-x-base\/","og_locale":"nb_NO","og_type":"article","og_title":"Kryssfot i metall 4 kg - Beyond-X","og_description":"Kryssfot i metall. Vikt 4 kg. Kan kombineras med vattentank f&#246;r att f&#229; extra tyngd vid bl&#229;siga dagar. F&#228;rg: Gr&#229;\/SilverMaterial: MetallVikt: 3,9kgStorlek: 83x73x17cmDiameter p&#229; f&#228;ste: 14,5mm","og_url":"https:\/\/beyondx.se\/no\/produkt\/4kg-metal-4-leg-x-base\/","og_site_name":"Beyond-X","article_modified_time":"2026-05-05T08:07:58+00:00","og_image":[{"width":400,"height":400,"url":"https:\/\/beyondx.se\/wp-content\/uploads\/2023\/07\/40111004_1.jpg","type":"image\/jpeg"}],"twitter_card":"summary_large_image","schema":{"@context":"https:\/\/schema.org","@graph":[{"@type":"WebPage","@id":"https:\/\/beyondx.se\/no\/produkt\/4kg-metal-4-leg-x-base\/","url":"https:\/\/beyondx.se\/no\/produkt\/4kg-metal-4-leg-x-base\/","name":"Kryssfot i metall 4 kg - Beyond-X","isPartOf":{"@id":"https:\/\/beyondx.se\/no\/#website"},"datePublished":"2023-07-20T16:39:09+00:00","dateModified":"2026-05-05T08:07:58+00:00","breadcrumb":{"@id":"https:\/\/beyondx.se\/no\/produkt\/4kg-metal-4-leg-x-base\/#breadcrumb"},"inLanguage":"nb-NO","potentialAction":[{"@type":"ReadAction","target":["https:\/\/beyondx.se\/no\/produkt\/4kg-metal-4-leg-x-base\/"]}]},{"@type":"BreadcrumbList","@id":"https:\/\/beyondx.se\/no\/produkt\/4kg-metal-4-leg-x-base\/#breadcrumb","itemListElement":[{"@type":"ListItem","position":1,"name":"Hem","item":"https:\/\/beyondx.se\/no\/"},{"@type":"ListItem","position":2,"name":"Butik","item":"https:\/\/beyondx.se\/no\/butik\/"},{"@type":"ListItem","position":3,"name":"Kryssfot i metall 4 kg"}]},{"@type":"WebSite","@id":"https:\/\/beyondx.se\/no\/#website","url":"https:\/\/beyondx.se\/no\/","name":"Beyond-X","description":"No Bullshit Ski Wear","publisher":{"@id":"https:\/\/beyondx.se\/no\/#organization"},"potentialAction":[{"@type":"SearchAction","target":{"@type":"EntryPoint","urlTemplate":"https:\/\/beyondx.se\/no\/?s={search_term_string}"},"query-input":"required name=search_term_string"}],"inLanguage":"nb-NO"},{"@type":"Organization","@id":"https:\/\/beyondx.se\/no\/#organization","name":"B-stedt of Sweden AB","url":"https:\/\/beyondx.se\/no\/","logo":{"@type":"ImageObject","inLanguage":"nb-NO","@id":"https:\/\/beyondx.se\/no\/#\/schema\/logo\/image\/","url":"https:\/\/beyondx.se\/wp-content\/uploads\/2023\/08\/bx-logo.svg","contentUrl":"https:\/\/beyondx.se\/wp-content\/uploads\/2023\/08\/bx-logo.svg","width":1,"height":1,"caption":"B-stedt of Sweden AB"},"image":{"@id":"https:\/\/beyondx.se\/no\/#\/schema\/logo\/image\/"}}]}},"_links":{"self":[{"href":"https:\/\/beyondx.se\/no\/wp-json\/wp\/v2\/product\/20367","targetHints":{"allow":["GET"]}}],"collection":[{"href":"https:\/\/beyondx.se\/no\/wp-json\/wp\/v2\/product"}],"about":[{"href":"https:\/\/beyondx.se\/no\/wp-json\/wp\/v2\/types\/product"}],"wp:featuredmedia":[{"embeddable":true,"href":"https:\/\/beyondx.se\/no\/wp-json\/wp\/v2\/media\/20366"}],"wp:attachment":[{"href":"https:\/\/beyondx.se\/no\/wp-json\/wp\/v2\/media?parent=20367"}],"wp:term":[{"taxonomy":"product_cat","embeddable":true,"href":"https:\/\/beyondx.se\/no\/wp-json\/wp\/v2\/product_cat?post=20367"},{"taxonomy":"product_tag","embeddable":true,"href":"https:\/\/beyondx.se\/no\/wp-json\/wp\/v2\/product_tag?post=20367"}],"curies":[{"name":"wp","href":"https:\/\/api.w.org\/{rel}","templated":true}]}}