{"id":20736,"date":"2023-08-01T15:22:35","date_gmt":"2023-08-01T13:22:35","guid":{"rendered":"https:\/\/beyondx.se\/product\/sports-club-ocr-bib-swe537\/"},"modified":"2026-05-13T04:09:29","modified_gmt":"2026-05-13T02:09:29","slug":"sports-club-ocr-bib-swe537","status":"publish","type":"product","link":"https:\/\/beyondx.se\/no\/produkt\/sports-club-ocr-bib-swe537\/","title":{"rendered":"Sports Club OCR , BIB SWE537"},"content":{"rendered":"<p>Storleksguide<\/p>\n<table style=\"height: 546px;width: 436px\">\n<tbody>\n<tr style=\"height: 51.7812px\">\n<td style=\"height: 51.7812px;width: 84px\"><strong>Artikelnr<\/strong><\/td>\n<td style=\"height: 51.7812px;width: 379.172px\"><strong>Storlek<\/strong><\/td>\n<td style=\"height: 51.7812px;width: 10px\"><strong>L\u00e4ngd<\/strong><\/td>\n<td style=\"height: 51.7812px;width: 137px\"><strong>Bredd<\/strong><\/td>\n<\/tr>\n<tr style=\"height: 104px\">\n<td style=\"height: 104px;width: 84px\"><strong>A312<\/strong><\/td>\n<td style=\"height: 104px;width: 379.172px\">Barn S (stl 110-120)<\/td>\n<td style=\"height: 104px;width: 10px\">46<\/td>\n<td style=\"height: 104px;width: 137px\">37<\/td>\n<\/tr>\n<tr style=\"height: 104px\">\n<td style=\"height: 104px;width: 84px\"><strong>A311<\/strong><\/td>\n<td style=\"height: 104px;width: 379.172px\">Barn M (stl 130-140)<\/td>\n<td style=\"height: 104px;width: 10px\">50<\/td>\n<td style=\"height: 104px;width: 137px\">39<\/td>\n<\/tr>\n<tr style=\"height: 104px\">\n<td style=\"height: 104px;width: 84px\"><strong>A310<\/strong><\/td>\n<td style=\"height: 104px;width: 379.172px\">Barn L (stl 150-160)<\/td>\n<td style=\"height: 104px;width: 10px\">52<\/td>\n<td style=\"height: 104px;width: 137px\">42<\/td>\n<\/tr>\n<tr style=\"height: 72px\">\n<td style=\"height: 72px;width: 84px\"><strong>A510<\/strong><\/td>\n<td style=\"height: 72px;width: 379.172px\">Vuxen S<\/td>\n<td style=\"height: 72px;width: 10px\">65<\/td>\n<td style=\"height: 72px;width: 137px\">42<\/td>\n<\/tr>\n<tr style=\"height: 72px\">\n<td style=\"height: 72px;width: 84px\"><strong>A515<\/strong><\/td>\n<td style=\"height: 72px;width: 379.172px\">Vuxen M<\/td>\n<td style=\"height: 72px;width: 10px\">72<\/td>\n<td style=\"height: 72px;width: 137px\">46<\/td>\n<\/tr>\n<tr style=\"height: 72px\">\n<td style=\"height: 72px;width: 84px\"><strong>A516<\/strong><\/td>\n<td style=\"height: 72px;width: 379.172px\">Vuxen L<\/td>\n<td style=\"height: 72px;width: 10px\">74<\/td>\n<td style=\"height: 72px;width: 137px\">50<\/td>\n<\/tr>\n<tr style=\"height: 8px\">\n<td style=\"height: 8px;width: 84px\"><strong>A521<\/strong><\/td>\n<td style=\"height: 8px;width: 379.172px\">Vuxen XL<\/td>\n<td style=\"height: 8px;width: 10px\">77<\/td>\n<td style=\"height: 8px;width: 137px\">55<\/td>\n<\/tr>\n<\/tbody>\n<\/table>\n<p>&nbsp;<\/p>\n<p>Officiellt t\u00e4vlingslinne f\u00f6r Sports Club OCR.<\/p>\n<p>Skriv in f\u00f6rnamn och\/eller efternamn i rutorna \u00f6ver &#8220;k\u00f6p&#8221; f\u00f6r att f\u00e5 ditt namn tryckt p\u00e5 linnets rygg.<\/p>\n<p>Gjord i h\u00f6gkvalitativ Lycra med 4-v\u00e4gs stretch. Leveranstid \u00e4r ca. 3-4 veckor.<\/p>\n","protected":false},"excerpt":{"rendered":"<p>&#160;<\/p><table style=\"width: 52.38%;height: 156px;border-collapse: collapse\" border=\"1\"><tbody><tr style=\"height: 19px\"><td style=\"width: 11.23%;height: 19px;text-align: center\"><strong>Artikelnr<\/strong><\/td><td style=\"width: 24.61%;height: 19px;text-align: center\"><strong>Storlek<\/strong><\/td><td style=\"width: 8.2%;height: 19px;text-align: center\"><strong>L&#228;ngd<\/strong><\/td><td style=\"width: 8.32%;height: 19px;text-align: center\"><strong>Bredd<\/strong><\/td><\/tr><tr style=\"height: 19px;text-align: center\"><td style=\"width: 11.23%;height: 19px\">A312<\/td><td style=\"width: 24.61%;height: 19px\">Barn S (stl 110-120)<\/td><td style=\"width: 8.2%;height: 19px\">46<\/td><td style=\"width: 8.32%;height: 19px\">37<\/td><\/tr><tr style=\"height: 23px;text-align: center\"><td style=\"width: 11.23%;height: 23px\">A311<\/td><td style=\"width: 24.61%;height: 23px\">Barn M (stl 130-140)<\/td><td style=\"width: 8.2%;height: 23px\"><p>50<\/p><\/td><td style=\"width: 8.32%;height: 23px\">39<\/td><\/tr><tr style=\"height: 19px;text-align: center\"><td style=\"width: 11.23%;height: 19px\">A310<\/td><td style=\"width: 24.61%;height: 19px\">Barn L (stl 150-160)<\/td><td style=\"width: 8.2%;height: 19px\">52<\/td><td style=\"width: 8.32%;height: 19px\">42<\/td><\/tr><tr style=\"height: 19px;text-align: center\"><td style=\"width: 11.23%;height: 19px\">A510<\/td><td style=\"width: 24.61%;height: 19px\">Vuxen S<\/td><td style=\"width: 8.2%;height: 19px\">65<\/td><td style=\"width: 8.32%;height: 19px\">42<\/td><\/tr><tr style=\"height: 19px;text-align: center\"><td style=\"width: 11.23%;height: 19px\">A515<\/td><td style=\"width: 24.61%;height: 19px\">Vuxen M<\/td><td style=\"width: 8.2%;height: 19px\">72<\/td><td style=\"width: 8.32%;height: 19px\">46<\/td><\/tr><tr style=\"height: 19px;text-align: center\"><td style=\"width: 11.23%;height: 19px\">A516<\/td><td style=\"width: 24.61%;height: 19px\">Vuxen L<\/td><td style=\"width: 8.2%;height: 19px\">74<\/td><td style=\"width: 8.32%;height: 19px\">50<\/td><\/tr><tr style=\"height: 19px\"><td style=\"width: 11.23%;height: 19px;text-align: center\">A521<\/td><td style=\"width: 24.61%;height: 19px;text-align: center\">Vuxen XL<\/td><td style=\"width: 8.2%;height: 19px;text-align: center\">77<\/td><td style=\"width: 8.32%;height: 19px;text-align: center\">55<\/td><\/tr><\/tbody><\/table><p>&#160;<\/p><p>Officiellt t&#228;vlingslinne f&#246;r Sports Club OCR.&#160;<\/p><p>Skriv in f&#246;rnamn och\/eller efternamn i rutorna &#246;ver &#8220;k&#246;p&#8221; f&#246;r att f&#229; ditt namn tryckt p&#229; linnets rygg.&#160;<\/p><p>Gjord i h&#246;gkvalitativ Lycra med 4-v&#228;gs stretch. Leveranstid &#228;r ca. 3-4 veckor.<\/p>","protected":false},"featured_media":139779,"template":"","meta":[],"product_cat":[175,994],"product_tag":[],"class_list":["post-20736","product","type-product","status-publish","has-post-thumbnail","hentry","product_cat-nummervastar","product_cat-ocr-vastar","brands-beyond-x","clubs-sports-club-ocr","fpd-variation-needed"],"yoast_head":"<!-- This site is optimized with the Yoast SEO plugin v21.0 - https:\/\/yoast.com\/wordpress\/plugins\/seo\/ -->\n<title>Sports Club OCR , BIB SWE537 - Beyond-X<\/title>\n<meta name=\"robots\" content=\"index, follow, max-snippet:-1, max-image-preview:large, max-video-preview:-1\" \/>\n<link rel=\"canonical\" href=\"https:\/\/beyondx.se\/no\/produkt\/sports-club-ocr-bib-swe537\/\" \/>\n<meta property=\"og:locale\" content=\"nb_NO\" \/>\n<meta property=\"og:type\" content=\"article\" \/>\n<meta property=\"og:title\" content=\"Sports Club OCR , BIB SWE537 - Beyond-X\" \/>\n<meta property=\"og:description\" content=\"&#160;ArtikelnrStorlekL&#228;ngdBreddA312Barn S (stl 110-120)4637A311Barn M (stl 130-140)5039A310Barn L (stl 150-160)5242A510Vuxen S6542A515Vuxen M7246A516Vuxen L7450A521Vuxen XL7755&#160;Officiellt t&#228;vlingslinne f&#246;r Sports Club OCR.&#160;Skriv in f&#246;rnamn och\/eller efternamn i rutorna &#246;ver &quot;k&#246;p&quot; f&#246;r att f&#229; ditt namn tryckt p&#229; linnets rygg.&#160;Gjord i h&#246;gkvalitativ Lycra med 4-v&#228;gs stretch. Leveranstid &#228;r ca. 3-4 veckor.\" \/>\n<meta property=\"og:url\" content=\"https:\/\/beyondx.se\/no\/produkt\/sports-club-ocr-bib-swe537\/\" \/>\n<meta property=\"og:site_name\" content=\"Beyond-X\" \/>\n<meta property=\"article:modified_time\" content=\"2026-05-13T02:09:29+00:00\" \/>\n<meta property=\"og:image\" content=\"https:\/\/beyondx.se\/wp-content\/uploads\/2024\/04\/BIB1016A311_1.jpg\" \/>\n\t<meta property=\"og:image:width\" content=\"800\" \/>\n\t<meta property=\"og:image:height\" content=\"593\" \/>\n\t<meta property=\"og:image:type\" content=\"image\/jpeg\" \/>\n<meta name=\"twitter:card\" content=\"summary_large_image\" \/>\n<meta name=\"twitter:label1\" content=\"Ansl. lesetid\" \/>\n\t<meta name=\"twitter:data1\" content=\"1 minutt\" \/>\n<script type=\"application\/ld+json\" class=\"yoast-schema-graph\">{\"@context\":\"https:\/\/schema.org\",\"@graph\":[{\"@type\":\"WebPage\",\"@id\":\"https:\/\/beyondx.se\/no\/produkt\/sports-club-ocr-bib-swe537\/\",\"url\":\"https:\/\/beyondx.se\/no\/produkt\/sports-club-ocr-bib-swe537\/\",\"name\":\"Sports Club OCR , BIB SWE537 - Beyond-X\",\"isPartOf\":{\"@id\":\"https:\/\/beyondx.se\/no\/#website\"},\"datePublished\":\"2023-08-01T13:22:35+00:00\",\"dateModified\":\"2026-05-13T02:09:29+00:00\",\"breadcrumb\":{\"@id\":\"https:\/\/beyondx.se\/no\/produkt\/sports-club-ocr-bib-swe537\/#breadcrumb\"},\"inLanguage\":\"nb-NO\",\"potentialAction\":[{\"@type\":\"ReadAction\",\"target\":[\"https:\/\/beyondx.se\/no\/produkt\/sports-club-ocr-bib-swe537\/\"]}]},{\"@type\":\"BreadcrumbList\",\"@id\":\"https:\/\/beyondx.se\/no\/produkt\/sports-club-ocr-bib-swe537\/#breadcrumb\",\"itemListElement\":[{\"@type\":\"ListItem\",\"position\":1,\"name\":\"Hem\",\"item\":\"https:\/\/beyondx.se\/no\/\"},{\"@type\":\"ListItem\",\"position\":2,\"name\":\"Butik\",\"item\":\"https:\/\/beyondx.se\/no\/butik\/\"},{\"@type\":\"ListItem\",\"position\":3,\"name\":\"Sports Club OCR , BIB SWE537\"}]},{\"@type\":\"WebSite\",\"@id\":\"https:\/\/beyondx.se\/no\/#website\",\"url\":\"https:\/\/beyondx.se\/no\/\",\"name\":\"Beyond-X\",\"description\":\"No Bullshit Ski Wear\",\"publisher\":{\"@id\":\"https:\/\/beyondx.se\/no\/#organization\"},\"potentialAction\":[{\"@type\":\"SearchAction\",\"target\":{\"@type\":\"EntryPoint\",\"urlTemplate\":\"https:\/\/beyondx.se\/no\/?s={search_term_string}\"},\"query-input\":\"required name=search_term_string\"}],\"inLanguage\":\"nb-NO\"},{\"@type\":\"Organization\",\"@id\":\"https:\/\/beyondx.se\/no\/#organization\",\"name\":\"B-stedt of Sweden AB\",\"url\":\"https:\/\/beyondx.se\/no\/\",\"logo\":{\"@type\":\"ImageObject\",\"inLanguage\":\"nb-NO\",\"@id\":\"https:\/\/beyondx.se\/no\/#\/schema\/logo\/image\/\",\"url\":\"https:\/\/beyondx.se\/wp-content\/uploads\/2023\/08\/bx-logo.svg\",\"contentUrl\":\"https:\/\/beyondx.se\/wp-content\/uploads\/2023\/08\/bx-logo.svg\",\"width\":1,\"height\":1,\"caption\":\"B-stedt of Sweden AB\"},\"image\":{\"@id\":\"https:\/\/beyondx.se\/no\/#\/schema\/logo\/image\/\"}}]}<\/script>\n<!-- \/ Yoast SEO plugin. -->","yoast_head_json":{"title":"Sports Club OCR , BIB SWE537 - Beyond-X","robots":{"index":"index","follow":"follow","max-snippet":"max-snippet:-1","max-image-preview":"max-image-preview:large","max-video-preview":"max-video-preview:-1"},"canonical":"https:\/\/beyondx.se\/no\/produkt\/sports-club-ocr-bib-swe537\/","og_locale":"nb_NO","og_type":"article","og_title":"Sports Club OCR , BIB SWE537 - Beyond-X","og_description":"&#160;ArtikelnrStorlekL&#228;ngdBreddA312Barn S (stl 110-120)4637A311Barn M (stl 130-140)5039A310Barn L (stl 150-160)5242A510Vuxen S6542A515Vuxen M7246A516Vuxen L7450A521Vuxen XL7755&#160;Officiellt t&#228;vlingslinne f&#246;r Sports Club OCR.&#160;Skriv in f&#246;rnamn och\/eller efternamn i rutorna &#246;ver \"k&#246;p\" f&#246;r att f&#229; ditt namn tryckt p&#229; linnets rygg.&#160;Gjord i h&#246;gkvalitativ Lycra med 4-v&#228;gs stretch. Leveranstid &#228;r ca. 3-4 veckor.","og_url":"https:\/\/beyondx.se\/no\/produkt\/sports-club-ocr-bib-swe537\/","og_site_name":"Beyond-X","article_modified_time":"2026-05-13T02:09:29+00:00","og_image":[{"width":800,"height":593,"url":"https:\/\/beyondx.se\/wp-content\/uploads\/2024\/04\/BIB1016A311_1.jpg","type":"image\/jpeg"}],"twitter_card":"summary_large_image","twitter_misc":{"Ansl. lesetid":"1 minutt"},"schema":{"@context":"https:\/\/schema.org","@graph":[{"@type":"WebPage","@id":"https:\/\/beyondx.se\/no\/produkt\/sports-club-ocr-bib-swe537\/","url":"https:\/\/beyondx.se\/no\/produkt\/sports-club-ocr-bib-swe537\/","name":"Sports Club OCR , BIB SWE537 - Beyond-X","isPartOf":{"@id":"https:\/\/beyondx.se\/no\/#website"},"datePublished":"2023-08-01T13:22:35+00:00","dateModified":"2026-05-13T02:09:29+00:00","breadcrumb":{"@id":"https:\/\/beyondx.se\/no\/produkt\/sports-club-ocr-bib-swe537\/#breadcrumb"},"inLanguage":"nb-NO","potentialAction":[{"@type":"ReadAction","target":["https:\/\/beyondx.se\/no\/produkt\/sports-club-ocr-bib-swe537\/"]}]},{"@type":"BreadcrumbList","@id":"https:\/\/beyondx.se\/no\/produkt\/sports-club-ocr-bib-swe537\/#breadcrumb","itemListElement":[{"@type":"ListItem","position":1,"name":"Hem","item":"https:\/\/beyondx.se\/no\/"},{"@type":"ListItem","position":2,"name":"Butik","item":"https:\/\/beyondx.se\/no\/butik\/"},{"@type":"ListItem","position":3,"name":"Sports Club OCR , BIB SWE537"}]},{"@type":"WebSite","@id":"https:\/\/beyondx.se\/no\/#website","url":"https:\/\/beyondx.se\/no\/","name":"Beyond-X","description":"No Bullshit Ski Wear","publisher":{"@id":"https:\/\/beyondx.se\/no\/#organization"},"potentialAction":[{"@type":"SearchAction","target":{"@type":"EntryPoint","urlTemplate":"https:\/\/beyondx.se\/no\/?s={search_term_string}"},"query-input":"required name=search_term_string"}],"inLanguage":"nb-NO"},{"@type":"Organization","@id":"https:\/\/beyondx.se\/no\/#organization","name":"B-stedt of Sweden AB","url":"https:\/\/beyondx.se\/no\/","logo":{"@type":"ImageObject","inLanguage":"nb-NO","@id":"https:\/\/beyondx.se\/no\/#\/schema\/logo\/image\/","url":"https:\/\/beyondx.se\/wp-content\/uploads\/2023\/08\/bx-logo.svg","contentUrl":"https:\/\/beyondx.se\/wp-content\/uploads\/2023\/08\/bx-logo.svg","width":1,"height":1,"caption":"B-stedt of Sweden AB"},"image":{"@id":"https:\/\/beyondx.se\/no\/#\/schema\/logo\/image\/"}}]}},"_links":{"self":[{"href":"https:\/\/beyondx.se\/no\/wp-json\/wp\/v2\/product\/20736","targetHints":{"allow":["GET"]}}],"collection":[{"href":"https:\/\/beyondx.se\/no\/wp-json\/wp\/v2\/product"}],"about":[{"href":"https:\/\/beyondx.se\/no\/wp-json\/wp\/v2\/types\/product"}],"wp:featuredmedia":[{"embeddable":true,"href":"https:\/\/beyondx.se\/no\/wp-json\/wp\/v2\/media\/139779"}],"wp:attachment":[{"href":"https:\/\/beyondx.se\/no\/wp-json\/wp\/v2\/media?parent=20736"}],"wp:term":[{"taxonomy":"product_cat","embeddable":true,"href":"https:\/\/beyondx.se\/no\/wp-json\/wp\/v2\/product_cat?post=20736"},{"taxonomy":"product_tag","embeddable":true,"href":"https:\/\/beyondx.se\/no\/wp-json\/wp\/v2\/product_tag?post=20736"}],"curies":[{"name":"wp","href":"https:\/\/api.w.org\/{rel}","templated":true}]}}