{"id":23080,"date":"2023-08-01T15:32:27","date_gmt":"2023-08-01T13:32:27","guid":{"rendered":"https:\/\/beyondx.se\/product\/br37-pitea-race-suit-gs-fis-rod\/"},"modified":"2026-04-20T09:26:09","modified_gmt":"2026-04-20T07:26:09","slug":"br37-pitea-race-suit-gs-fis-rod","status":"publish","type":"product","link":"https:\/\/beyondx.se\/no\/produkt\/br37-pitea-race-suit-gs-fis-rod\/","title":{"rendered":"BR37 Pite\u00e5 Race Suit GS Fis R\u00f6d"},"content":{"rendered":"","protected":false},"excerpt":{"rendered":"<p>Priset \u00e4r subventionerat med 2869 :- av Pite\u00e5 Alpina.<\/p><br><p>F-I-S godk&#228;nd fartdr&#228;kt med strategiskt placerade skydd.<\/p><p>F&#246;r &#229;kare som deltar i FIS-t&#228;vlingar, rek. 16 &#229;r +.<br \/>Alla skydd &#228;r uttagbara s&#229; dr&#228;kten p&#229; s&#229; vis kan anpassas efter &#246;nskem&#229;l.<\/p><p>Finns &#228;ven som Slim-fit, se modell BR237.<\/p>","protected":false},"featured_media":147602,"template":"","meta":[],"product_cat":[945,942,483,173,98],"product_tag":[],"class_list":["post-23080","product","type-product","status-publish","has-post-thumbnail","hentry","product_cat-garments","product_cat-rtg","product_cat-fartdrakter","product_cat-fis-godkanda","product_cat-skidklader","brands-beyond-x","clubs-pitea-alpina","fpd-variation-needed"],"yoast_head":"<!-- This site is optimized with the Yoast SEO plugin v21.0 - https:\/\/yoast.com\/wordpress\/plugins\/seo\/ -->\n<title>BR37 Pite\u00e5 Race Suit GS Fis R\u00f6d - Beyond-X<\/title>\n<meta name=\"robots\" content=\"index, follow, max-snippet:-1, max-image-preview:large, max-video-preview:-1\" \/>\n<link rel=\"canonical\" href=\"https:\/\/beyondx.se\/no\/produkt\/br37-pitea-race-suit-gs-fis-rod\/\" \/>\n<meta property=\"og:locale\" content=\"nb_NO\" \/>\n<meta property=\"og:type\" content=\"article\" \/>\n<meta property=\"og:title\" content=\"BR37 Pite\u00e5 Race Suit GS Fis R\u00f6d - Beyond-X\" \/>\n<meta property=\"og:description\" content=\"Priset \u00e4r subventionerat med 2869 :- av Pite\u00e5 Alpina.F-I-S godk&#228;nd fartdr&#228;kt med strategiskt placerade skydd.F&#246;r &#229;kare som deltar i FIS-t&#228;vlingar, rek. 16 &#229;r +.Alla skydd &#228;r uttagbara s&#229; dr&#228;kten p&#229; s&#229; vis kan anpassas efter &#246;nskem&#229;l.Finns &#228;ven som Slim-fit, se modell BR237.\" \/>\n<meta property=\"og:url\" content=\"https:\/\/beyondx.se\/no\/produkt\/br37-pitea-race-suit-gs-fis-rod\/\" \/>\n<meta property=\"og:site_name\" content=\"Beyond-X\" \/>\n<meta property=\"article:modified_time\" content=\"2026-04-20T07:26:09+00:00\" \/>\n<meta property=\"og:image\" content=\"https:\/\/beyondx.se\/wp-content\/uploads\/2025\/07\/BXR1769-55_1.png\" \/>\n\t<meta property=\"og:image:width\" content=\"800\" \/>\n\t<meta property=\"og:image:height\" content=\"768\" \/>\n\t<meta property=\"og:image:type\" content=\"image\/png\" \/>\n<meta name=\"twitter:card\" content=\"summary_large_image\" \/>\n<script type=\"application\/ld+json\" class=\"yoast-schema-graph\">{\"@context\":\"https:\/\/schema.org\",\"@graph\":[{\"@type\":\"WebPage\",\"@id\":\"https:\/\/beyondx.se\/no\/produkt\/br37-pitea-race-suit-gs-fis-rod\/\",\"url\":\"https:\/\/beyondx.se\/no\/produkt\/br37-pitea-race-suit-gs-fis-rod\/\",\"name\":\"BR37 Pite\u00e5 Race Suit GS Fis R\u00f6d - Beyond-X\",\"isPartOf\":{\"@id\":\"https:\/\/beyondx.se\/no\/#website\"},\"datePublished\":\"2023-08-01T13:32:27+00:00\",\"dateModified\":\"2026-04-20T07:26:09+00:00\",\"breadcrumb\":{\"@id\":\"https:\/\/beyondx.se\/no\/produkt\/br37-pitea-race-suit-gs-fis-rod\/#breadcrumb\"},\"inLanguage\":\"nb-NO\",\"potentialAction\":[{\"@type\":\"ReadAction\",\"target\":[\"https:\/\/beyondx.se\/no\/produkt\/br37-pitea-race-suit-gs-fis-rod\/\"]}]},{\"@type\":\"BreadcrumbList\",\"@id\":\"https:\/\/beyondx.se\/no\/produkt\/br37-pitea-race-suit-gs-fis-rod\/#breadcrumb\",\"itemListElement\":[{\"@type\":\"ListItem\",\"position\":1,\"name\":\"Hem\",\"item\":\"https:\/\/beyondx.se\/no\/\"},{\"@type\":\"ListItem\",\"position\":2,\"name\":\"Butik\",\"item\":\"https:\/\/beyondx.se\/no\/butik\/\"},{\"@type\":\"ListItem\",\"position\":3,\"name\":\"BR37 Pite\u00e5 Race Suit GS Fis R\u00f6d\"}]},{\"@type\":\"WebSite\",\"@id\":\"https:\/\/beyondx.se\/no\/#website\",\"url\":\"https:\/\/beyondx.se\/no\/\",\"name\":\"Beyond-X\",\"description\":\"No Bullshit Ski Wear\",\"publisher\":{\"@id\":\"https:\/\/beyondx.se\/no\/#organization\"},\"potentialAction\":[{\"@type\":\"SearchAction\",\"target\":{\"@type\":\"EntryPoint\",\"urlTemplate\":\"https:\/\/beyondx.se\/no\/?s={search_term_string}\"},\"query-input\":\"required name=search_term_string\"}],\"inLanguage\":\"nb-NO\"},{\"@type\":\"Organization\",\"@id\":\"https:\/\/beyondx.se\/no\/#organization\",\"name\":\"B-stedt of Sweden AB\",\"url\":\"https:\/\/beyondx.se\/no\/\",\"logo\":{\"@type\":\"ImageObject\",\"inLanguage\":\"nb-NO\",\"@id\":\"https:\/\/beyondx.se\/no\/#\/schema\/logo\/image\/\",\"url\":\"https:\/\/beyondx.se\/wp-content\/uploads\/2023\/08\/bx-logo.svg\",\"contentUrl\":\"https:\/\/beyondx.se\/wp-content\/uploads\/2023\/08\/bx-logo.svg\",\"width\":1,\"height\":1,\"caption\":\"B-stedt of Sweden AB\"},\"image\":{\"@id\":\"https:\/\/beyondx.se\/no\/#\/schema\/logo\/image\/\"}}]}<\/script>\n<!-- \/ Yoast SEO plugin. -->","yoast_head_json":{"title":"BR37 Pite\u00e5 Race Suit GS Fis R\u00f6d - Beyond-X","robots":{"index":"index","follow":"follow","max-snippet":"max-snippet:-1","max-image-preview":"max-image-preview:large","max-video-preview":"max-video-preview:-1"},"canonical":"https:\/\/beyondx.se\/no\/produkt\/br37-pitea-race-suit-gs-fis-rod\/","og_locale":"nb_NO","og_type":"article","og_title":"BR37 Pite\u00e5 Race Suit GS Fis R\u00f6d - Beyond-X","og_description":"Priset \u00e4r subventionerat med 2869 :- av Pite\u00e5 Alpina.F-I-S godk&#228;nd fartdr&#228;kt med strategiskt placerade skydd.F&#246;r &#229;kare som deltar i FIS-t&#228;vlingar, rek. 16 &#229;r +.Alla skydd &#228;r uttagbara s&#229; dr&#228;kten p&#229; s&#229; vis kan anpassas efter &#246;nskem&#229;l.Finns &#228;ven som Slim-fit, se modell BR237.","og_url":"https:\/\/beyondx.se\/no\/produkt\/br37-pitea-race-suit-gs-fis-rod\/","og_site_name":"Beyond-X","article_modified_time":"2026-04-20T07:26:09+00:00","og_image":[{"width":800,"height":768,"url":"https:\/\/beyondx.se\/wp-content\/uploads\/2025\/07\/BXR1769-55_1.png","type":"image\/png"}],"twitter_card":"summary_large_image","schema":{"@context":"https:\/\/schema.org","@graph":[{"@type":"WebPage","@id":"https:\/\/beyondx.se\/no\/produkt\/br37-pitea-race-suit-gs-fis-rod\/","url":"https:\/\/beyondx.se\/no\/produkt\/br37-pitea-race-suit-gs-fis-rod\/","name":"BR37 Pite\u00e5 Race Suit GS Fis R\u00f6d - Beyond-X","isPartOf":{"@id":"https:\/\/beyondx.se\/no\/#website"},"datePublished":"2023-08-01T13:32:27+00:00","dateModified":"2026-04-20T07:26:09+00:00","breadcrumb":{"@id":"https:\/\/beyondx.se\/no\/produkt\/br37-pitea-race-suit-gs-fis-rod\/#breadcrumb"},"inLanguage":"nb-NO","potentialAction":[{"@type":"ReadAction","target":["https:\/\/beyondx.se\/no\/produkt\/br37-pitea-race-suit-gs-fis-rod\/"]}]},{"@type":"BreadcrumbList","@id":"https:\/\/beyondx.se\/no\/produkt\/br37-pitea-race-suit-gs-fis-rod\/#breadcrumb","itemListElement":[{"@type":"ListItem","position":1,"name":"Hem","item":"https:\/\/beyondx.se\/no\/"},{"@type":"ListItem","position":2,"name":"Butik","item":"https:\/\/beyondx.se\/no\/butik\/"},{"@type":"ListItem","position":3,"name":"BR37 Pite\u00e5 Race Suit GS Fis R\u00f6d"}]},{"@type":"WebSite","@id":"https:\/\/beyondx.se\/no\/#website","url":"https:\/\/beyondx.se\/no\/","name":"Beyond-X","description":"No Bullshit Ski Wear","publisher":{"@id":"https:\/\/beyondx.se\/no\/#organization"},"potentialAction":[{"@type":"SearchAction","target":{"@type":"EntryPoint","urlTemplate":"https:\/\/beyondx.se\/no\/?s={search_term_string}"},"query-input":"required name=search_term_string"}],"inLanguage":"nb-NO"},{"@type":"Organization","@id":"https:\/\/beyondx.se\/no\/#organization","name":"B-stedt of Sweden AB","url":"https:\/\/beyondx.se\/no\/","logo":{"@type":"ImageObject","inLanguage":"nb-NO","@id":"https:\/\/beyondx.se\/no\/#\/schema\/logo\/image\/","url":"https:\/\/beyondx.se\/wp-content\/uploads\/2023\/08\/bx-logo.svg","contentUrl":"https:\/\/beyondx.se\/wp-content\/uploads\/2023\/08\/bx-logo.svg","width":1,"height":1,"caption":"B-stedt of Sweden AB"},"image":{"@id":"https:\/\/beyondx.se\/no\/#\/schema\/logo\/image\/"}}]}},"_links":{"self":[{"href":"https:\/\/beyondx.se\/no\/wp-json\/wp\/v2\/product\/23080","targetHints":{"allow":["GET"]}}],"collection":[{"href":"https:\/\/beyondx.se\/no\/wp-json\/wp\/v2\/product"}],"about":[{"href":"https:\/\/beyondx.se\/no\/wp-json\/wp\/v2\/types\/product"}],"wp:featuredmedia":[{"embeddable":true,"href":"https:\/\/beyondx.se\/no\/wp-json\/wp\/v2\/media\/147602"}],"wp:attachment":[{"href":"https:\/\/beyondx.se\/no\/wp-json\/wp\/v2\/media?parent=23080"}],"wp:term":[{"taxonomy":"product_cat","embeddable":true,"href":"https:\/\/beyondx.se\/no\/wp-json\/wp\/v2\/product_cat?post=23080"},{"taxonomy":"product_tag","embeddable":true,"href":"https:\/\/beyondx.se\/no\/wp-json\/wp\/v2\/product_tag?post=23080"}],"curies":[{"name":"wp","href":"https:\/\/api.w.org\/{rel}","templated":true}]}}