{"id":23702,"date":"2023-08-01T15:48:13","date_gmt":"2023-08-01T13:48:13","guid":{"rendered":"https:\/\/beyondx.se\/product\/swix-roto-cover-w-suction-140mm\/"},"modified":"2026-04-27T02:58:44","modified_gmt":"2026-04-27T00:58:44","slug":"swix-roto-cover-w-suction-140mm","status":"publish","type":"product","link":"https:\/\/beyondx.se\/no\/produkt\/swix-roto-cover-w-suction-140mm\/","title":{"rendered":"SWIX Roto Cover w\/Suction, 140mm"},"content":{"rendered":"<ul>\n<li>Skapar ett vakuum runt borsten som f\u00e5ngar upp praktiskt taget alla partiklar<\/li>\n<li>Enkel att ansluta med den L-formade snabbkopplingen (T15-L)<\/li>\n<li>Ergonomisk design<\/li>\n<li>Minskar m\u00e4ngden damm i vallaboden<\/li>\n<li>Passar borstar p\u00e5 140 mm eller 2x 70 mm<\/li>\n<\/ul>\n","protected":false},"excerpt":{"rendered":"<p>Ett ergonomiskt Roto-handtag med drivaxel f&#246;r 140 mm Roto-borstar och skyddsk&#229;pa som kan anslutas till utsug. Utsugningsalternativet ger ett betydande merv&#228;rde f&#246;r arbetsmilj&#246;n i vallaboden: n&#228;r utsugningen &#228;r ansluten avl&#228;gsnas n&#228;stan 100 % av de sm&#229; dammpartiklar som Roto-borstningen ger upphov till. Rekommenderas starkt f&#246;r seri&#246;sa skidvallare. <br \/><strong>OBS! L-formad snabbkoppling f&#246;r anslutning till utsug s&#228;ljs separat.<\/strong><\/p>","protected":false},"featured_media":24511,"template":"","meta":[],"product_cat":[108,110,123],"product_tag":[],"class_list":["post-23702","product","type-product","status-publish","has-post-thumbnail","hentry","product_cat-skidvard-valla","product_cat-verktyg","product_cat-borstar","brands-swix","fpd-variation-needed"],"yoast_head":"<!-- This site is optimized with the Yoast SEO plugin v21.0 - https:\/\/yoast.com\/wordpress\/plugins\/seo\/ -->\n<title>SWIX Roto Cover w\/Suction, 140mm - Beyond-X<\/title>\n<meta name=\"description\" content=\"Ett ergonomiskt Roto-handtag med drivaxel f\u00f6r 140 mm Roto-borstar och skyddsk\u00e5pa som kan anslutas till utsug vilket ger ett betydande merv\u00e4rde i vallaboden.\" \/>\n<meta name=\"robots\" content=\"index, follow, max-snippet:-1, max-image-preview:large, max-video-preview:-1\" \/>\n<link rel=\"canonical\" href=\"https:\/\/beyondx.se\/no\/produkt\/swix-roto-cover-w-suction-140mm\/\" \/>\n<meta property=\"og:locale\" content=\"nb_NO\" \/>\n<meta property=\"og:type\" content=\"article\" \/>\n<meta property=\"og:title\" content=\"SWIX Roto Cover w\/Suction, 140mm - Beyond-X\" \/>\n<meta property=\"og:description\" content=\"Ett ergonomiskt Roto-handtag med drivaxel f\u00f6r 140 mm Roto-borstar och skyddsk\u00e5pa som kan anslutas till utsug vilket ger ett betydande merv\u00e4rde i vallaboden.\" \/>\n<meta property=\"og:url\" content=\"https:\/\/beyondx.se\/no\/produkt\/swix-roto-cover-w-suction-140mm\/\" \/>\n<meta property=\"og:site_name\" content=\"Beyond-X\" \/>\n<meta property=\"article:modified_time\" content=\"2026-04-27T00:58:44+00:00\" \/>\n<meta property=\"og:image\" content=\"https:\/\/beyondx.se\/wp-content\/uploads\/2023\/08\/T15-140_1.jpg\" \/>\n\t<meta property=\"og:image:width\" content=\"800\" \/>\n\t<meta property=\"og:image:height\" content=\"800\" \/>\n\t<meta property=\"og:image:type\" content=\"image\/jpeg\" \/>\n<meta name=\"twitter:card\" content=\"summary_large_image\" \/>\n<meta name=\"twitter:label1\" content=\"Ansl. lesetid\" \/>\n\t<meta name=\"twitter:data1\" content=\"1 minutt\" \/>\n<script type=\"application\/ld+json\" class=\"yoast-schema-graph\">{\"@context\":\"https:\/\/schema.org\",\"@graph\":[{\"@type\":\"WebPage\",\"@id\":\"https:\/\/beyondx.se\/no\/produkt\/swix-roto-cover-w-suction-140mm\/\",\"url\":\"https:\/\/beyondx.se\/no\/produkt\/swix-roto-cover-w-suction-140mm\/\",\"name\":\"SWIX Roto Cover w\/Suction, 140mm - Beyond-X\",\"isPartOf\":{\"@id\":\"https:\/\/beyondx.se\/no\/#website\"},\"datePublished\":\"2023-08-01T13:48:13+00:00\",\"dateModified\":\"2026-04-27T00:58:44+00:00\",\"description\":\"Ett ergonomiskt Roto-handtag med drivaxel f\u00f6r 140 mm Roto-borstar och skyddsk\u00e5pa som kan anslutas till utsug vilket ger ett betydande merv\u00e4rde i vallaboden.\",\"breadcrumb\":{\"@id\":\"https:\/\/beyondx.se\/no\/produkt\/swix-roto-cover-w-suction-140mm\/#breadcrumb\"},\"inLanguage\":\"nb-NO\",\"potentialAction\":[{\"@type\":\"ReadAction\",\"target\":[\"https:\/\/beyondx.se\/no\/produkt\/swix-roto-cover-w-suction-140mm\/\"]}]},{\"@type\":\"BreadcrumbList\",\"@id\":\"https:\/\/beyondx.se\/no\/produkt\/swix-roto-cover-w-suction-140mm\/#breadcrumb\",\"itemListElement\":[{\"@type\":\"ListItem\",\"position\":1,\"name\":\"Hem\",\"item\":\"https:\/\/beyondx.se\/no\/\"},{\"@type\":\"ListItem\",\"position\":2,\"name\":\"Butik\",\"item\":\"https:\/\/beyondx.se\/no\/butik\/\"},{\"@type\":\"ListItem\",\"position\":3,\"name\":\"SWIX Roto Cover w\/Suction, 140mm\"}]},{\"@type\":\"WebSite\",\"@id\":\"https:\/\/beyondx.se\/no\/#website\",\"url\":\"https:\/\/beyondx.se\/no\/\",\"name\":\"Beyond-X\",\"description\":\"No Bullshit Ski Wear\",\"publisher\":{\"@id\":\"https:\/\/beyondx.se\/no\/#organization\"},\"potentialAction\":[{\"@type\":\"SearchAction\",\"target\":{\"@type\":\"EntryPoint\",\"urlTemplate\":\"https:\/\/beyondx.se\/no\/?s={search_term_string}\"},\"query-input\":\"required name=search_term_string\"}],\"inLanguage\":\"nb-NO\"},{\"@type\":\"Organization\",\"@id\":\"https:\/\/beyondx.se\/no\/#organization\",\"name\":\"B-stedt of Sweden AB\",\"url\":\"https:\/\/beyondx.se\/no\/\",\"logo\":{\"@type\":\"ImageObject\",\"inLanguage\":\"nb-NO\",\"@id\":\"https:\/\/beyondx.se\/no\/#\/schema\/logo\/image\/\",\"url\":\"https:\/\/beyondx.se\/wp-content\/uploads\/2023\/08\/bx-logo.svg\",\"contentUrl\":\"https:\/\/beyondx.se\/wp-content\/uploads\/2023\/08\/bx-logo.svg\",\"width\":1,\"height\":1,\"caption\":\"B-stedt of Sweden AB\"},\"image\":{\"@id\":\"https:\/\/beyondx.se\/no\/#\/schema\/logo\/image\/\"}}]}<\/script>\n<!-- \/ Yoast SEO plugin. -->","yoast_head_json":{"title":"SWIX Roto Cover w\/Suction, 140mm - Beyond-X","description":"Ett ergonomiskt Roto-handtag med drivaxel f\u00f6r 140 mm Roto-borstar och skyddsk\u00e5pa som kan anslutas till utsug vilket ger ett betydande merv\u00e4rde i vallaboden.","robots":{"index":"index","follow":"follow","max-snippet":"max-snippet:-1","max-image-preview":"max-image-preview:large","max-video-preview":"max-video-preview:-1"},"canonical":"https:\/\/beyondx.se\/no\/produkt\/swix-roto-cover-w-suction-140mm\/","og_locale":"nb_NO","og_type":"article","og_title":"SWIX Roto Cover w\/Suction, 140mm - Beyond-X","og_description":"Ett ergonomiskt Roto-handtag med drivaxel f\u00f6r 140 mm Roto-borstar och skyddsk\u00e5pa som kan anslutas till utsug vilket ger ett betydande merv\u00e4rde i vallaboden.","og_url":"https:\/\/beyondx.se\/no\/produkt\/swix-roto-cover-w-suction-140mm\/","og_site_name":"Beyond-X","article_modified_time":"2026-04-27T00:58:44+00:00","og_image":[{"width":800,"height":800,"url":"https:\/\/beyondx.se\/wp-content\/uploads\/2023\/08\/T15-140_1.jpg","type":"image\/jpeg"}],"twitter_card":"summary_large_image","twitter_misc":{"Ansl. lesetid":"1 minutt"},"schema":{"@context":"https:\/\/schema.org","@graph":[{"@type":"WebPage","@id":"https:\/\/beyondx.se\/no\/produkt\/swix-roto-cover-w-suction-140mm\/","url":"https:\/\/beyondx.se\/no\/produkt\/swix-roto-cover-w-suction-140mm\/","name":"SWIX Roto Cover w\/Suction, 140mm - Beyond-X","isPartOf":{"@id":"https:\/\/beyondx.se\/no\/#website"},"datePublished":"2023-08-01T13:48:13+00:00","dateModified":"2026-04-27T00:58:44+00:00","description":"Ett ergonomiskt Roto-handtag med drivaxel f\u00f6r 140 mm Roto-borstar och skyddsk\u00e5pa som kan anslutas till utsug vilket ger ett betydande merv\u00e4rde i vallaboden.","breadcrumb":{"@id":"https:\/\/beyondx.se\/no\/produkt\/swix-roto-cover-w-suction-140mm\/#breadcrumb"},"inLanguage":"nb-NO","potentialAction":[{"@type":"ReadAction","target":["https:\/\/beyondx.se\/no\/produkt\/swix-roto-cover-w-suction-140mm\/"]}]},{"@type":"BreadcrumbList","@id":"https:\/\/beyondx.se\/no\/produkt\/swix-roto-cover-w-suction-140mm\/#breadcrumb","itemListElement":[{"@type":"ListItem","position":1,"name":"Hem","item":"https:\/\/beyondx.se\/no\/"},{"@type":"ListItem","position":2,"name":"Butik","item":"https:\/\/beyondx.se\/no\/butik\/"},{"@type":"ListItem","position":3,"name":"SWIX Roto Cover w\/Suction, 140mm"}]},{"@type":"WebSite","@id":"https:\/\/beyondx.se\/no\/#website","url":"https:\/\/beyondx.se\/no\/","name":"Beyond-X","description":"No Bullshit Ski Wear","publisher":{"@id":"https:\/\/beyondx.se\/no\/#organization"},"potentialAction":[{"@type":"SearchAction","target":{"@type":"EntryPoint","urlTemplate":"https:\/\/beyondx.se\/no\/?s={search_term_string}"},"query-input":"required name=search_term_string"}],"inLanguage":"nb-NO"},{"@type":"Organization","@id":"https:\/\/beyondx.se\/no\/#organization","name":"B-stedt of Sweden AB","url":"https:\/\/beyondx.se\/no\/","logo":{"@type":"ImageObject","inLanguage":"nb-NO","@id":"https:\/\/beyondx.se\/no\/#\/schema\/logo\/image\/","url":"https:\/\/beyondx.se\/wp-content\/uploads\/2023\/08\/bx-logo.svg","contentUrl":"https:\/\/beyondx.se\/wp-content\/uploads\/2023\/08\/bx-logo.svg","width":1,"height":1,"caption":"B-stedt of Sweden AB"},"image":{"@id":"https:\/\/beyondx.se\/no\/#\/schema\/logo\/image\/"}}]}},"_links":{"self":[{"href":"https:\/\/beyondx.se\/no\/wp-json\/wp\/v2\/product\/23702","targetHints":{"allow":["GET"]}}],"collection":[{"href":"https:\/\/beyondx.se\/no\/wp-json\/wp\/v2\/product"}],"about":[{"href":"https:\/\/beyondx.se\/no\/wp-json\/wp\/v2\/types\/product"}],"wp:featuredmedia":[{"embeddable":true,"href":"https:\/\/beyondx.se\/no\/wp-json\/wp\/v2\/media\/24511"}],"wp:attachment":[{"href":"https:\/\/beyondx.se\/no\/wp-json\/wp\/v2\/media?parent=23702"}],"wp:term":[{"taxonomy":"product_cat","embeddable":true,"href":"https:\/\/beyondx.se\/no\/wp-json\/wp\/v2\/product_cat?post=23702"},{"taxonomy":"product_tag","embeddable":true,"href":"https:\/\/beyondx.se\/no\/wp-json\/wp\/v2\/product_tag?post=23702"}],"curies":[{"name":"wp","href":"https:\/\/api.w.org\/{rel}","templated":true}]}}