{"id":27461,"date":"2023-09-02T12:49:08","date_gmt":"2023-09-02T10:49:08","guid":{"rendered":"https:\/\/beyondx.se\/product\/head-rdx-lifter-set-4-6mm-heel-toe-1-set\/"},"modified":"2026-04-26T02:28:40","modified_gmt":"2026-04-26T00:28:40","slug":"head-rdx-lifter-set-4-6mm-heel-toe-1-set","status":"publish","type":"product","link":"https:\/\/beyondx.se\/no\/produkt\/head-rdx-lifter-set-4-6mm-heel-toe-1-set\/","title":{"rendered":"HEAD RDX LIFTER SET 4\/6MM (HEEL\/TOE) (1 SET)"},"content":{"rendered":"","protected":false},"excerpt":{"rendered":"Lifters som placeras under bindingarna f\u00f6r att f\u00e5 mer distans mellan pj\u00e4xan och sn\u00f6n.   Inneh\u00e5ller delar f\u00f6r ett par bindningar:  Bak 4mm  (best\u00e5ende av 2st 2mm platta)  Fram 6mm (best\u00e5ende av 3st 2mm platta)    Inklusive tillh\u00f6rande skruvar. Observera att skruvar m\u00e5ste bytas ut till medf\u00f6ljande l\u00e4ngre skruvar vid montering.     Bra att k\u00e4nna till: Max till\u00e5ten h\u00f6jd fr\u00e5n belag till pj\u00e4xa \u00e4r 50 mm.   Passar Tyrolia bindningar FF11, FF14, FF16, FF18, FF20 (HEAD, Fisher, Elan)","protected":false},"featured_media":27460,"template":"","meta":[],"product_cat":[100,190,108,241,109],"product_tag":[],"class_list":["post-27461","product","type-product","status-publish","has-post-thumbnail","hentry","product_cat-utrustning","product_cat-bindningar","product_cat-skidvard-valla","product_cat-skidverkstad","product_cat-tillbehor-skidvard","product_shipping_class-varubrev","brands-head","brands-tyrolia","fpd-variation-needed"],"yoast_head":"<!-- This site is optimized with the Yoast SEO plugin v21.0 - https:\/\/yoast.com\/wordpress\/plugins\/seo\/ -->\n<title>HEAD RDX LIFTER SET 4\/6MM (HEEL\/TOE) (1 SET) - Beyond-X<\/title>\n<meta name=\"robots\" content=\"index, follow, max-snippet:-1, max-image-preview:large, max-video-preview:-1\" \/>\n<link rel=\"canonical\" href=\"https:\/\/beyondx.se\/no\/produkt\/head-rdx-lifter-set-4-6mm-heel-toe-1-set\/\" \/>\n<meta property=\"og:locale\" content=\"nb_NO\" \/>\n<meta property=\"og:type\" content=\"article\" \/>\n<meta property=\"og:title\" content=\"HEAD RDX LIFTER SET 4\/6MM (HEEL\/TOE) (1 SET) - Beyond-X\" \/>\n<meta property=\"og:description\" content=\"Lifters som placeras under bindingarna f\u00f6r att f\u00e5 mer distans mellan pj\u00e4xan och sn\u00f6n.  Inneh\u00e5ller delar f\u00f6r ett par bindningar: Bak 4mm (best\u00e5ende av 2st 2mm platta) Fram 6mm (best\u00e5ende av 3st 2mm platta)  Inklusive tillh\u00f6rande skruvar. Observera att skruvar m\u00e5ste bytas ut till medf\u00f6ljande l\u00e4ngre skruvar vid montering.   Bra att k\u00e4nna till: Max till\u00e5ten h\u00f6jd fr\u00e5n belag till pj\u00e4xa \u00e4r 50 mm.  Passar Tyrolia bindningar FF11, FF14, FF16, FF18, FF20 (HEAD, Fisher, Elan)\" \/>\n<meta property=\"og:url\" content=\"https:\/\/beyondx.se\/no\/produkt\/head-rdx-lifter-set-4-6mm-heel-toe-1-set\/\" \/>\n<meta property=\"og:site_name\" content=\"Beyond-X\" \/>\n<meta property=\"article:modified_time\" content=\"2026-04-26T00:28:40+00:00\" \/>\n<meta property=\"og:image\" content=\"https:\/\/beyondx.se\/wp-content\/uploads\/2023\/09\/162934_1.jpg\" \/>\n\t<meta property=\"og:image:width\" content=\"788\" \/>\n\t<meta property=\"og:image:height\" content=\"800\" \/>\n\t<meta property=\"og:image:type\" content=\"image\/jpeg\" \/>\n<meta name=\"twitter:card\" content=\"summary_large_image\" \/>\n<script type=\"application\/ld+json\" class=\"yoast-schema-graph\">{\"@context\":\"https:\/\/schema.org\",\"@graph\":[{\"@type\":\"WebPage\",\"@id\":\"https:\/\/beyondx.se\/no\/produkt\/head-rdx-lifter-set-4-6mm-heel-toe-1-set\/\",\"url\":\"https:\/\/beyondx.se\/no\/produkt\/head-rdx-lifter-set-4-6mm-heel-toe-1-set\/\",\"name\":\"HEAD RDX LIFTER SET 4\/6MM (HEEL\/TOE) (1 SET) - Beyond-X\",\"isPartOf\":{\"@id\":\"https:\/\/beyondx.se\/no\/#website\"},\"datePublished\":\"2023-09-02T10:49:08+00:00\",\"dateModified\":\"2026-04-26T00:28:40+00:00\",\"breadcrumb\":{\"@id\":\"https:\/\/beyondx.se\/no\/produkt\/head-rdx-lifter-set-4-6mm-heel-toe-1-set\/#breadcrumb\"},\"inLanguage\":\"nb-NO\",\"potentialAction\":[{\"@type\":\"ReadAction\",\"target\":[\"https:\/\/beyondx.se\/no\/produkt\/head-rdx-lifter-set-4-6mm-heel-toe-1-set\/\"]}]},{\"@type\":\"BreadcrumbList\",\"@id\":\"https:\/\/beyondx.se\/no\/produkt\/head-rdx-lifter-set-4-6mm-heel-toe-1-set\/#breadcrumb\",\"itemListElement\":[{\"@type\":\"ListItem\",\"position\":1,\"name\":\"Hem\",\"item\":\"https:\/\/beyondx.se\/no\/\"},{\"@type\":\"ListItem\",\"position\":2,\"name\":\"Butik\",\"item\":\"https:\/\/beyondx.se\/no\/butik\/\"},{\"@type\":\"ListItem\",\"position\":3,\"name\":\"HEAD RDX LIFTER SET 4\/6MM (HEEL\/TOE) (1 SET)\"}]},{\"@type\":\"WebSite\",\"@id\":\"https:\/\/beyondx.se\/no\/#website\",\"url\":\"https:\/\/beyondx.se\/no\/\",\"name\":\"Beyond-X\",\"description\":\"No Bullshit Ski Wear\",\"publisher\":{\"@id\":\"https:\/\/beyondx.se\/no\/#organization\"},\"potentialAction\":[{\"@type\":\"SearchAction\",\"target\":{\"@type\":\"EntryPoint\",\"urlTemplate\":\"https:\/\/beyondx.se\/no\/?s={search_term_string}\"},\"query-input\":\"required name=search_term_string\"}],\"inLanguage\":\"nb-NO\"},{\"@type\":\"Organization\",\"@id\":\"https:\/\/beyondx.se\/no\/#organization\",\"name\":\"B-stedt of Sweden AB\",\"url\":\"https:\/\/beyondx.se\/no\/\",\"logo\":{\"@type\":\"ImageObject\",\"inLanguage\":\"nb-NO\",\"@id\":\"https:\/\/beyondx.se\/no\/#\/schema\/logo\/image\/\",\"url\":\"https:\/\/beyondx.se\/wp-content\/uploads\/2023\/08\/bx-logo.svg\",\"contentUrl\":\"https:\/\/beyondx.se\/wp-content\/uploads\/2023\/08\/bx-logo.svg\",\"width\":1,\"height\":1,\"caption\":\"B-stedt of Sweden AB\"},\"image\":{\"@id\":\"https:\/\/beyondx.se\/no\/#\/schema\/logo\/image\/\"}}]}<\/script>\n<!-- \/ Yoast SEO plugin. -->","yoast_head_json":{"title":"HEAD RDX LIFTER SET 4\/6MM (HEEL\/TOE) (1 SET) - Beyond-X","robots":{"index":"index","follow":"follow","max-snippet":"max-snippet:-1","max-image-preview":"max-image-preview:large","max-video-preview":"max-video-preview:-1"},"canonical":"https:\/\/beyondx.se\/no\/produkt\/head-rdx-lifter-set-4-6mm-heel-toe-1-set\/","og_locale":"nb_NO","og_type":"article","og_title":"HEAD RDX LIFTER SET 4\/6MM (HEEL\/TOE) (1 SET) - Beyond-X","og_description":"Lifters som placeras under bindingarna f\u00f6r att f\u00e5 mer distans mellan pj\u00e4xan och sn\u00f6n.  Inneh\u00e5ller delar f\u00f6r ett par bindningar: Bak 4mm (best\u00e5ende av 2st 2mm platta) Fram 6mm (best\u00e5ende av 3st 2mm platta)  Inklusive tillh\u00f6rande skruvar. Observera att skruvar m\u00e5ste bytas ut till medf\u00f6ljande l\u00e4ngre skruvar vid montering.   Bra att k\u00e4nna till: Max till\u00e5ten h\u00f6jd fr\u00e5n belag till pj\u00e4xa \u00e4r 50 mm.  Passar Tyrolia bindningar FF11, FF14, FF16, FF18, FF20 (HEAD, Fisher, Elan)","og_url":"https:\/\/beyondx.se\/no\/produkt\/head-rdx-lifter-set-4-6mm-heel-toe-1-set\/","og_site_name":"Beyond-X","article_modified_time":"2026-04-26T00:28:40+00:00","og_image":[{"width":788,"height":800,"url":"https:\/\/beyondx.se\/wp-content\/uploads\/2023\/09\/162934_1.jpg","type":"image\/jpeg"}],"twitter_card":"summary_large_image","schema":{"@context":"https:\/\/schema.org","@graph":[{"@type":"WebPage","@id":"https:\/\/beyondx.se\/no\/produkt\/head-rdx-lifter-set-4-6mm-heel-toe-1-set\/","url":"https:\/\/beyondx.se\/no\/produkt\/head-rdx-lifter-set-4-6mm-heel-toe-1-set\/","name":"HEAD RDX LIFTER SET 4\/6MM (HEEL\/TOE) (1 SET) - Beyond-X","isPartOf":{"@id":"https:\/\/beyondx.se\/no\/#website"},"datePublished":"2023-09-02T10:49:08+00:00","dateModified":"2026-04-26T00:28:40+00:00","breadcrumb":{"@id":"https:\/\/beyondx.se\/no\/produkt\/head-rdx-lifter-set-4-6mm-heel-toe-1-set\/#breadcrumb"},"inLanguage":"nb-NO","potentialAction":[{"@type":"ReadAction","target":["https:\/\/beyondx.se\/no\/produkt\/head-rdx-lifter-set-4-6mm-heel-toe-1-set\/"]}]},{"@type":"BreadcrumbList","@id":"https:\/\/beyondx.se\/no\/produkt\/head-rdx-lifter-set-4-6mm-heel-toe-1-set\/#breadcrumb","itemListElement":[{"@type":"ListItem","position":1,"name":"Hem","item":"https:\/\/beyondx.se\/no\/"},{"@type":"ListItem","position":2,"name":"Butik","item":"https:\/\/beyondx.se\/no\/butik\/"},{"@type":"ListItem","position":3,"name":"HEAD RDX LIFTER SET 4\/6MM (HEEL\/TOE) (1 SET)"}]},{"@type":"WebSite","@id":"https:\/\/beyondx.se\/no\/#website","url":"https:\/\/beyondx.se\/no\/","name":"Beyond-X","description":"No Bullshit Ski Wear","publisher":{"@id":"https:\/\/beyondx.se\/no\/#organization"},"potentialAction":[{"@type":"SearchAction","target":{"@type":"EntryPoint","urlTemplate":"https:\/\/beyondx.se\/no\/?s={search_term_string}"},"query-input":"required name=search_term_string"}],"inLanguage":"nb-NO"},{"@type":"Organization","@id":"https:\/\/beyondx.se\/no\/#organization","name":"B-stedt of Sweden AB","url":"https:\/\/beyondx.se\/no\/","logo":{"@type":"ImageObject","inLanguage":"nb-NO","@id":"https:\/\/beyondx.se\/no\/#\/schema\/logo\/image\/","url":"https:\/\/beyondx.se\/wp-content\/uploads\/2023\/08\/bx-logo.svg","contentUrl":"https:\/\/beyondx.se\/wp-content\/uploads\/2023\/08\/bx-logo.svg","width":1,"height":1,"caption":"B-stedt of Sweden AB"},"image":{"@id":"https:\/\/beyondx.se\/no\/#\/schema\/logo\/image\/"}}]}},"_links":{"self":[{"href":"https:\/\/beyondx.se\/no\/wp-json\/wp\/v2\/product\/27461","targetHints":{"allow":["GET"]}}],"collection":[{"href":"https:\/\/beyondx.se\/no\/wp-json\/wp\/v2\/product"}],"about":[{"href":"https:\/\/beyondx.se\/no\/wp-json\/wp\/v2\/types\/product"}],"wp:featuredmedia":[{"embeddable":true,"href":"https:\/\/beyondx.se\/no\/wp-json\/wp\/v2\/media\/27460"}],"wp:attachment":[{"href":"https:\/\/beyondx.se\/no\/wp-json\/wp\/v2\/media?parent=27461"}],"wp:term":[{"taxonomy":"product_cat","embeddable":true,"href":"https:\/\/beyondx.se\/no\/wp-json\/wp\/v2\/product_cat?post=27461"},{"taxonomy":"product_tag","embeddable":true,"href":"https:\/\/beyondx.se\/no\/wp-json\/wp\/v2\/product_tag?post=27461"}],"curies":[{"name":"wp","href":"https:\/\/api.w.org\/{rel}","templated":true}]}}